{"id":2998,"date":"2019-09-03T17:10:59","date_gmt":"2019-09-03T20:10:59","guid":{"rendered":"https:\/\/www.ufsm.br\/pro-reitorias\/pre\/?page_id=2998"},"modified":"2019-09-03T17:11:02","modified_gmt":"2019-09-03T20:11:02","slug":"designterritorio-educacao-para-o-desenvolvimento-de-produtos-no-contexto-dos-geoparques-cacapava-e-quarta-colonia","status":"publish","type":"page","link":"https:\/\/www.ufsm.br\/pro-reitorias\/pre\/designterritorio-educacao-para-o-desenvolvimento-de-produtos-no-contexto-dos-geoparques-cacapava-e-quarta-colonia","title":{"rendered":"Design&amp;Territ\u00f3rio: educa\u00e7\u00e3o para o desenvolvimento de produtos no contexto dos geoparques Ca\u00e7apava e Quarta Col\u00f4nia"},"content":{"rendered":"\n<p align=\"justify\"><strong>Coordenadora:<\/strong> Marilaine Pozzatti Amadori<\/p>\n<p align=\"justify\"><strong>Resumo:<\/strong> Em suas estrat\u00e9gias de a\u00e7\u00f5es est\u00e1 prevista a integra\u00e7\u00e3o de professores do Curso de Desenho Industrial e outros, os quais participar\u00e3o com suas especialidades ministradas em suas disciplinas ou fora delas. O programa \u00e9 uma oportunidade dos acad\u00eamicos atuarem junto \u00e0 comunidade esterna envolvendo seus conhecimentos disciplinares e a busca de conhecimentos transversais para poderem atingir os objetivos que o programa se prop\u00f5e. A pesquisa esta intrinsecamente ligada as atividades do programa pela necessidade da busca de referencias para embasar as necessidades para a realiza\u00e7\u00e3o das atividades. Alguns acad\u00eamicos ja est\u00e3o envolvidos com esta tem\u00e1tica pois participam do grupo de estudos e pesquisa registrado no CNPq G-DEC &#8211; Design, Educa\u00e7\u00e3o e Cultura, que estuda e pesquisa temas inerentes ao programa proposto. Estes est\u00e3o integrados em projetos e atividades de ensino relacionadas ao tema, outros j\u00e1 est\u00e3o envolvidos em atividades de coleta de dados e de devolvimento de projetos para os geoparques. Ensino, pesquisa e extens\u00e3o permear\u00e3o o processo de desenvolvimento das atividades e haver\u00e1 reuni\u00f5es entre os membros da equipe para forma\u00e7\u00e3o continuada da equipe, avalia\u00e7\u00e3o e planejamento, bem como produ\u00e7\u00e3o e apresenta\u00e7\u00e3o dos resultados em eventos cient\u00edficos.<\/p>\n<p align=\"justify\">A\u00e7\u00f5es previstas:<\/p>\n<ul>\n<li>Credenciamento dos Interessados<\/li>\n<li>Investiga\u00e7\u00e3o do universo tem\u00e1tico da comunidade e redu\u00e7\u00e3o tem\u00e1tica na forma de temas geradores.<\/li>\n<li>Oficinas que abranger\u00e3o a parte predominantemente pr\u00e1tica e Semin\u00e1rios envolvendo a reflex\u00e3o te\u00f3rica e demais atividades necess\u00e1rias.<\/li>\n<li>Processo de cria\u00e7\u00e3o de projetos e desenvolvimento de produtos usando as palavras e temas geradores sistematizados pelos participantes.<\/li>\n<li>Desenvolvimento e produ\u00e7\u00e3o dos projetos e dos produtos<\/li>\n<li>Exposi\u00e7\u00f5es dos produtos, e elabora\u00e7\u00e3o dos relat\u00f3rios para apresenta\u00e7\u00e3o dos resultados.<\/li>\n<\/ul>\n<p align=\"justify\">Para acessar o projeto no Portal de Projetos, clique <a href=\"https:\/\/portal.ufsm.br\/projetos\/publico\/projetos\/view.html?idProjeto=63449\">aqui<\/a>.<\/p>\n<p align=\"justify\"><br \/><br \/><\/p>\n","protected":false},"excerpt":{"rendered":"<p>Coordenadora: Marilaine Pozzatti Amadori Resumo: Em suas estrat\u00e9gias de a\u00e7\u00f5es est\u00e1 prevista a integra\u00e7\u00e3o de professores do Curso de Desenho Industrial e outros, os quais participar\u00e3o com suas especialidades ministradas em suas disciplinas ou fora delas. O programa \u00e9 uma oportunidade dos acad\u00eamicos atuarem junto \u00e0 comunidade esterna envolvendo seus conhecimentos disciplinares e a busca [&hellip;]<\/p>\n","protected":false},"author":1265,"featured_media":0,"parent":0,"menu_order":0,"comment_status":"closed","ping_status":"closed","template":"","meta":{"footnotes":""},"categories":[],"tags":[],"class_list":["post-2998","page","type-page","status-publish","hentry"],"acf":[],"_links":{"self":[{"href":"https:\/\/www.ufsm.br\/pro-reitorias\/pre\/wp-json\/wp\/v2\/pages\/2998","targetHints":{"allow":["GET"]}}],"collection":[{"href":"https:\/\/www.ufsm.br\/pro-reitorias\/pre\/wp-json\/wp\/v2\/pages"}],"about":[{"href":"https:\/\/www.ufsm.br\/pro-reitorias\/pre\/wp-json\/wp\/v2\/types\/page"}],"author":[{"embeddable":true,"href":"https:\/\/www.ufsm.br\/pro-reitorias\/pre\/wp-json\/wp\/v2\/users\/1265"}],"replies":[{"embeddable":true,"href":"https:\/\/www.ufsm.br\/pro-reitorias\/pre\/wp-json\/wp\/v2\/comments?post=2998"}],"version-history":[{"count":0,"href":"https:\/\/www.ufsm.br\/pro-reitorias\/pre\/wp-json\/wp\/v2\/pages\/2998\/revisions"}],"wp:attachment":[{"href":"https:\/\/www.ufsm.br\/pro-reitorias\/pre\/wp-json\/wp\/v2\/media?parent=2998"}],"wp:term":[{"taxonomy":"category","embeddable":true,"href":"https:\/\/www.ufsm.br\/pro-reitorias\/pre\/wp-json\/wp\/v2\/categories?post=2998"},{"taxonomy":"post_tag","embeddable":true,"href":"https:\/\/www.ufsm.br\/pro-reitorias\/pre\/wp-json\/wp\/v2\/tags?post=2998"}],"curies":[{"name":"wp","href":"https:\/\/api.w.org\/{rel}","templated":true}]}}