{"id":3000,"date":"2019-09-03T17:16:06","date_gmt":"2019-09-03T20:16:06","guid":{"rendered":"https:\/\/www.ufsm.br\/pro-reitorias\/pre\/?page_id=3000"},"modified":"2019-09-03T17:16:09","modified_gmt":"2019-09-03T20:16:09","slug":"acoes-artisticas-quarta-colonia-e-cacapava-do-sul","status":"publish","type":"page","link":"https:\/\/www.ufsm.br\/pro-reitorias\/pre\/acoes-artisticas-quarta-colonia-e-cacapava-do-sul","title":{"rendered":"A\u00e7\u00f5es art\u00edsticas &#8211; Quarta Col\u00f4nia e Ca\u00e7apava do Sul"},"content":{"rendered":"\n<p align=\"justify\"><strong>Coordenadora:<\/strong> Rebeca Lenize Stumm<\/p>\n<p align=\"justify\"><strong>Resumo:<\/strong> Desde os anos 60, artistas est\u00e3o sendo solicitados a atuar junto a ambientes afastados dos grandes centros com o intuito de agenciar novos sentidos para o lugar, potencializando a\u00e7\u00f5es de produ\u00e7\u00e3o de conhecimento que intensifiquem o diferencial de regi\u00f5es muito singulares. Com este intuito, este projeto busca se inserir a proposta de geoparque, realizando a\u00e7\u00f5es que poder\u00e3o se dar em separado ou associadas a outros projetos participantes do grande projeto Geoparque.<\/p>\n<p align=\"justify\">Nossas a\u00e7\u00f5es necessitam situar-se atrav\u00e9s da pesquisa sobre o local, para respeitar o diferencial e a cultura local e assim possibilitar a\u00e7\u00f5es art\u00edsticas que justamente proponham ampliar e valorizar a cultura local atrav\u00e9s da produ\u00e7\u00e3o de sentidos po\u00e9ticos materializados em diferentes procedimentos ou produtos art\u00edsticos.<\/p>\n<p align=\"justify\">Objetivos:<\/p>\n<ul>\n<li>Fomentar a\u00e7\u00f5es de extens\u00e3o integradas a realidade e a comunidade da Regi\u00e3o da Quarta Col\u00f4nia e Regi\u00e3o de Ca\u00e7apava do Sul &#8211; RS.<\/li>\n<li>Produzir referenciais po\u00e9ticos &#8211; art\u00edsticos em diferentes materialidades, evidenciando o diferencial local, geogr\u00e1fico, humano, hist\u00f3rico e cultural.<\/li>\n<\/ul>\n<p align=\"justify\">O projeto pretende promover a intera\u00e7\u00e3o com a comunidade local e com outros projetos de extens\u00e3o por meio da realiza\u00e7\u00e3o de atividades no formato de oficinas. As oficinas ser\u00e3o realizadas com grupos da comunidade, como por exemplo os grupos formados por artes\u00e3s locais. As din\u00e2micas iniciam com a instaura\u00e7\u00e3o de di\u00e1logos na modalidade de c\u00edrculos de conversa, levantando, na aproxima\u00e7\u00e3o pelo relato e troca de experi\u00eancias, informa\u00e7\u00f5es e tem\u00e1ticas visuais referentes \u00e0 comunidade &#8211; contexto s\u00f3cio hist\u00f3rico e cultural -, bem como em rela\u00e7\u00e3o a t\u00e9cnicas e processos manuais realizadas por aquela localidade. No momento posterior, ser\u00e1 realizada a produ\u00e7\u00e3o de uma pintura mural coletiva considerando as t\u00e9cnicas manuais e artesanais j\u00e1 realizadas por aquele grupo cultural, explorando visualmente os temas que caracterizam aquele contexto. A produ\u00e7\u00e3o da pintura poder\u00e1 envolver diferentes processos, como os recursos tecnol\u00f3gicos, art\u00edsticos e artesanais, a fim de constituir uma visualidade que reflita a identidade daquele grupo, promovendo a constitui\u00e7\u00e3o de uma subjetividade coletiva. Na realiza\u00e7\u00e3o do mural coletivo ser\u00e3o retomados os saberes tradicionais locais, t\u00e9cnicas e processos manuais que valorize a identidade do grupo, proporcionando uma experi\u00eancia da arte no \u00e2mbito das rela\u00e7\u00f5es sociais.<\/p>\n<p align=\"justify\">A proposta \u00e9 uma a\u00e7\u00e3o do projeto arte#ocupaSM &#8211; Resid\u00eancias art\u00edsticas. Para acess\u00e1-lo no Portal de Projetos, clique <a href=\"https:\/\/portal.ufsm.br\/projetos\/publico\/projetos\/view.html?idProjeto=56347\">aqui<\/a>.<\/p>\n<p align=\"justify\"><br \/><br \/><\/p>\n","protected":false},"excerpt":{"rendered":"<p>Coordenadora: Rebeca Lenize Stumm Resumo: Desde os anos 60, artistas est\u00e3o sendo solicitados a atuar junto a ambientes afastados dos grandes centros com o intuito de agenciar novos sentidos para o lugar, potencializando a\u00e7\u00f5es de produ\u00e7\u00e3o de conhecimento que intensifiquem o diferencial de regi\u00f5es muito singulares. Com este intuito, este projeto busca se inserir a [&hellip;]<\/p>\n","protected":false},"author":1265,"featured_media":0,"parent":0,"menu_order":0,"comment_status":"closed","ping_status":"closed","template":"","meta":{"footnotes":""},"categories":[],"tags":[],"class_list":["post-3000","page","type-page","status-publish","hentry"],"acf":[],"_links":{"self":[{"href":"https:\/\/www.ufsm.br\/pro-reitorias\/pre\/wp-json\/wp\/v2\/pages\/3000","targetHints":{"allow":["GET"]}}],"collection":[{"href":"https:\/\/www.ufsm.br\/pro-reitorias\/pre\/wp-json\/wp\/v2\/pages"}],"about":[{"href":"https:\/\/www.ufsm.br\/pro-reitorias\/pre\/wp-json\/wp\/v2\/types\/page"}],"author":[{"embeddable":true,"href":"https:\/\/www.ufsm.br\/pro-reitorias\/pre\/wp-json\/wp\/v2\/users\/1265"}],"replies":[{"embeddable":true,"href":"https:\/\/www.ufsm.br\/pro-reitorias\/pre\/wp-json\/wp\/v2\/comments?post=3000"}],"version-history":[{"count":0,"href":"https:\/\/www.ufsm.br\/pro-reitorias\/pre\/wp-json\/wp\/v2\/pages\/3000\/revisions"}],"wp:attachment":[{"href":"https:\/\/www.ufsm.br\/pro-reitorias\/pre\/wp-json\/wp\/v2\/media?parent=3000"}],"wp:term":[{"taxonomy":"category","embeddable":true,"href":"https:\/\/www.ufsm.br\/pro-reitorias\/pre\/wp-json\/wp\/v2\/categories?post=3000"},{"taxonomy":"post_tag","embeddable":true,"href":"https:\/\/www.ufsm.br\/pro-reitorias\/pre\/wp-json\/wp\/v2\/tags?post=3000"}],"curies":[{"name":"wp","href":"https:\/\/api.w.org\/{rel}","templated":true}]}}