{"id":3813,"date":"2020-05-28T11:22:47","date_gmt":"2020-05-28T14:22:47","guid":{"rendered":"https:\/\/www.ufsm.br\/pro-reitorias\/pre\/?page_id=3813"},"modified":"2020-07-12T18:42:00","modified_gmt":"2020-07-12T21:42:00","slug":"revista-extensao","status":"publish","type":"page","link":"https:\/\/www.ufsm.br\/pro-reitorias\/pre\/revista-extensao","title":{"rendered":"Universidade e Sociedade: protagonismo da Extens\u00e3o UFSM"},"content":{"rendered":"\t\t<div data-elementor-type=\"wp-page\" data-elementor-id=\"3813\" class=\"elementor elementor-3813\">\n\t\t\t\t\t\t<section class=\"elementor-section elementor-top-section elementor-element elementor-element-4995612 elementor-section-boxed elementor-section-height-default elementor-section-height-default\" data-id=\"4995612\" data-element_type=\"section\">\n\t\t\t\t\t\t<div class=\"elementor-container elementor-column-gap-default\">\n\t\t\t\t\t<div class=\"elementor-column elementor-col-100 elementor-top-column elementor-element elementor-element-4b1d27d\" data-id=\"4b1d27d\" data-element_type=\"column\">\n\t\t\t<div class=\"elementor-widget-wrap elementor-element-populated\">\n\t\t\t\t\t\t<div class=\"elementor-element elementor-element-97f1e79 elementor-widget elementor-widget-image\" data-id=\"97f1e79\" data-element_type=\"widget\" data-widget_type=\"image.default\">\n\t\t\t\t<div class=\"elementor-widget-container\">\n\t\t\t\t\t\t\t\t\t\t\t\t\t<img fetchpriority=\"high\" decoding=\"async\" width=\"1024\" height=\"275\" src=\"https:\/\/www.ufsm.br\/app\/uploads\/sites\/346\/2020\/06\/Banner_para_site_semacesseaqui-1024x275.jpg\" class=\"attachment-large size-large wp-image-3838\" alt=\"\" srcset=\"https:\/\/www.ufsm.br\/app\/uploads\/sites\/346\/2020\/06\/Banner_para_site_semacesseaqui-1024x275.jpg 1024w, https:\/\/www.ufsm.br\/app\/uploads\/sites\/346\/2020\/06\/Banner_para_site_semacesseaqui-300x80.jpg 300w, https:\/\/www.ufsm.br\/app\/uploads\/sites\/346\/2020\/06\/Banner_para_site_semacesseaqui-768x206.jpg 768w, https:\/\/www.ufsm.br\/app\/uploads\/sites\/346\/2020\/06\/Banner_para_site_semacesseaqui-1536x412.jpg 1536w, https:\/\/www.ufsm.br\/app\/uploads\/sites\/346\/2020\/06\/Banner_para_site_semacesseaqui.jpg 1920w\" sizes=\"(max-width: 1024px) 100vw, 1024px\" \/>\t\t\t\t\t\t\t\t\t\t\t\t\t<\/div>\n\t\t\t\t<\/div>\n\t\t\t\t\t<\/div>\n\t\t<\/div>\n\t\t\t\t\t<\/div>\n\t\t<\/section>\n\t\t\t\t<section class=\"elementor-section elementor-top-section elementor-element elementor-element-02faa82 elementor-section-boxed elementor-section-height-default elementor-section-height-default\" data-id=\"02faa82\" data-element_type=\"section\">\n\t\t\t\t\t\t<div class=\"elementor-container elementor-column-gap-default\">\n\t\t\t\t\t<div class=\"elementor-column elementor-col-100 elementor-top-column elementor-element elementor-element-be61256\" data-id=\"be61256\" data-element_type=\"column\">\n\t\t\t<div class=\"elementor-widget-wrap elementor-element-populated\">\n\t\t\t\t\t\t<div class=\"elementor-element elementor-element-a911b76 elementor-widget elementor-widget-text-editor\" data-id=\"a911b76\" data-element_type=\"widget\" data-widget_type=\"text-editor.default\">\n\t\t\t\t<div class=\"elementor-widget-container\">\n\t\t\t\t\t\t\t<p align=\"justify\"><span style=\"color: #000000\"><span style=\"font-family: Arial, sans-serif\"><span style=\"font-size: medium\">O pilar de sustenta\u00e7\u00e3o de uma universidade p\u00fablica \u00e9 formado pelo trip\u00e9 ensino, pesquisa e extens\u00e3o. Por meio da uni\u00e3o dos tr\u00eas, garante-se uma forma\u00e7\u00e3o de qualidade e gratuita a toda sociedade, al\u00e9m de um mundo melhor de se viver, onde a justi\u00e7a social prevale\u00e7a.<\/span><\/span><\/span><\/p><p align=\"justify\"><span style=\"font-family: Arial, sans-serif\"><span style=\"font-size: medium\">\u00c9 atrav\u00e9s de programas e projetos que os estudantes da Universidade colocam \u201ca m\u00e3o na massa e, muitas vezes, o p\u00e9 no barro\u201d, literalmente, atuando na vida econ\u00f4mica e social de toda a comunidade regional, estadual e nacional. S\u00e3o mais de 122 mil envolvidos nos diferentes <em>campi<\/em>, beneficiando mais de dois milh\u00f5es de pessoas por meio dessas a\u00e7\u00f5es, que permitem que a Institui\u00e7\u00e3o conhe\u00e7a o local em que est\u00e1 inserida e, assim, transforme realidades .<\/span><\/span><\/p><p align=\"justify\"><span style=\"font-family: Arial, sans-serif\"><span style=\"font-size: medium\">Visando a esse interc\u00e2mbio entre acad\u00eamicos e sociedade, a Universidade Federal de Santa Maria, atrav\u00e9s da P<strong>r\u00f3-Reitoria de Extens\u00e3o \u2013 PRE<\/strong>, trabalha, atualmente, com 1.486 a\u00e7\u00f5es de extens\u00e3o, distribu\u00eddas em oito \u00e1reas tem\u00e1ticas: Comunica\u00e7\u00e3o; Cultura e Arte; Direitos Humanos e Justi\u00e7a; Educa\u00e7\u00e3o; Meio Ambiente; Sa\u00fade; Tecnologia e Produ\u00e7\u00e3o; e Trabalho. Assim, Universidade e comunidade trabalham conjuntamente.<\/span><\/span><\/p><p align=\"justify\"><span style=\"font-family: Arial, sans-serif\"><span style=\"font-size: medium\">A extens\u00e3o, via de regra, \u00e9 o elo entre universidade e sociedade. Locus em que o conhecimento tanto acad\u00eamico quanto cient\u00edfico entra em di\u00e1logo com a comunidade e com o conhecimento popular, buscando minimizar os impactos sociais daqueles que n\u00e3o t\u00eam acesso aos direitos mais b\u00e1sicos, como sa\u00fade, alimenta\u00e7\u00e3o e educa\u00e7\u00e3o; e fortalecendo as iniciativas da cadeia produtiva, das artes e dos movimentos sociais.<\/span><\/span><\/p>\t\t\t\t\t\t<\/div>\n\t\t\t\t<\/div>\n\t\t\t\t\t<\/div>\n\t\t<\/div>\n\t\t\t\t\t<\/div>\n\t\t<\/section>\n\t\t\t\t<section class=\"elementor-section elementor-top-section elementor-element elementor-element-4c94d78 elementor-section-boxed elementor-section-height-default elementor-section-height-default\" data-id=\"4c94d78\" data-element_type=\"section\">\n\t\t\t\t\t\t<div class=\"elementor-container elementor-column-gap-default\">\n\t\t\t\t\t<div class=\"elementor-column elementor-col-100 elementor-top-column elementor-element elementor-element-3b06b32\" data-id=\"3b06b32\" data-element_type=\"column\">\n\t\t\t<div class=\"elementor-widget-wrap elementor-element-populated\">\n\t\t\t\t\t\t<div class=\"elementor-element elementor-element-a61619a elementor-widget-divider--view-line elementor-widget elementor-widget-divider\" data-id=\"a61619a\" data-element_type=\"widget\" data-widget_type=\"divider.default\">\n\t\t\t\t<div class=\"elementor-widget-container\">\n\t\t\t\t\t<div class=\"elementor-divider\">\n\t\t\t<span class=\"elementor-divider-separator\">\n\t\t\t\t\t\t<\/span>\n\t\t<\/div>\n\t\t\t\t<\/div>\n\t\t\t\t<\/div>\n\t\t\t\t\t<\/div>\n\t\t<\/div>\n\t\t\t\t\t<\/div>\n\t\t<\/section>\n\t\t\t\t<section class=\"elementor-section elementor-top-section elementor-element elementor-element-a2b95c5 elementor-section-boxed elementor-section-height-default elementor-section-height-default\" data-id=\"a2b95c5\" data-element_type=\"section\">\n\t\t\t\t\t\t<div class=\"elementor-container elementor-column-gap-default\">\n\t\t\t\t\t<div class=\"elementor-column elementor-col-50 elementor-top-column elementor-element elementor-element-dfa857a\" data-id=\"dfa857a\" data-element_type=\"column\">\n\t\t\t<div class=\"elementor-widget-wrap elementor-element-populated\">\n\t\t\t\t\t\t<div class=\"elementor-element elementor-element-e9d85a0 elementor-view-default elementor-widget elementor-widget-icon\" data-id=\"e9d85a0\" data-element_type=\"widget\" data-widget_type=\"icon.default\">\n\t\t\t\t<div class=\"elementor-widget-container\">\n\t\t\t\t\t<div class=\"elementor-icon-wrapper\">\n\t\t\t<a class=\"elementor-icon\" href=\"https:\/\/issuu.com\/extensao.ufsm\/docs\/revista_pre_-_menor_tamanho_do_arquivo\">\n\t\t\t<i aria-hidden=\"true\" class=\"fas fa-book-reader\"><\/i>\t\t\t<\/a>\n\t\t<\/div>\n\t\t\t\t<\/div>\n\t\t\t\t<\/div>\n\t\t\t\t<div class=\"elementor-element elementor-element-039eab6 elementor-widget elementor-widget-heading\" data-id=\"039eab6\" data-element_type=\"widget\" data-widget_type=\"heading.default\">\n\t\t\t\t<div class=\"elementor-widget-container\">\n\t\t\t<h6 class=\"elementor-heading-title elementor-size-default\"><a href=\"https:\/\/issuu.com\/extensao.ufsm\/docs\/revista_pre_-_menor_tamanho_do_arquivo\">Leia a revista online<\/a><\/h6>\t\t<\/div>\n\t\t\t\t<\/div>\n\t\t\t\t\t<\/div>\n\t\t<\/div>\n\t\t\t\t<div class=\"elementor-column elementor-col-50 elementor-top-column elementor-element elementor-element-4e4b546\" data-id=\"4e4b546\" data-element_type=\"column\">\n\t\t\t<div class=\"elementor-widget-wrap elementor-element-populated\">\n\t\t\t\t\t\t<div class=\"elementor-element elementor-element-e1dff3e elementor-view-default elementor-widget elementor-widget-icon\" data-id=\"e1dff3e\" data-element_type=\"widget\" data-widget_type=\"icon.default\">\n\t\t\t\t<div class=\"elementor-widget-container\">\n\t\t\t\t\t<div class=\"elementor-icon-wrapper\">\n\t\t\t<a class=\"elementor-icon\" href=\"https:\/\/www.ufsm.br\/pro-reitorias\/pre\/wp-content\/uploads\/sites\/346\/2020\/06\/Revista-PRE-Menor-tamanho-do-arquivo.pdf\">\n\t\t\t<i aria-hidden=\"true\" class=\"fas fa-book-open\"><\/i>\t\t\t<\/a>\n\t\t<\/div>\n\t\t\t\t<\/div>\n\t\t\t\t<\/div>\n\t\t\t\t<div class=\"elementor-element elementor-element-e526757 elementor-widget elementor-widget-heading\" data-id=\"e526757\" data-element_type=\"widget\" data-widget_type=\"heading.default\">\n\t\t\t\t<div class=\"elementor-widget-container\">\n\t\t\t<h6 class=\"elementor-heading-title elementor-size-default\"><a href=\"https:\/\/www.ufsm.br\/pro-reitorias\/pre\/wp-content\/uploads\/sites\/346\/2020\/06\/Revista-PRE-Menor-tamanho-do-arquivo.pdf\">Acesse a revista em PDF<\/a><\/h6>\t\t<\/div>\n\t\t\t\t<\/div>\n\t\t\t\t\t<\/div>\n\t\t<\/div>\n\t\t\t\t\t<\/div>\n\t\t<\/section>\n\t\t\t\t<section class=\"elementor-section elementor-top-section elementor-element elementor-element-56d6d71 elementor-section-boxed elementor-section-height-default elementor-section-height-default\" data-id=\"56d6d71\" data-element_type=\"section\">\n\t\t\t\t\t\t<div class=\"elementor-container elementor-column-gap-default\">\n\t\t\t\t\t<div class=\"elementor-column elementor-col-100 elementor-top-column elementor-element elementor-element-2e8c5d6\" data-id=\"2e8c5d6\" data-element_type=\"column\">\n\t\t\t<div class=\"elementor-widget-wrap elementor-element-populated\">\n\t\t\t\t\t\t<div class=\"elementor-element elementor-element-648d720 elementor-widget-divider--view-line elementor-widget elementor-widget-divider\" data-id=\"648d720\" data-element_type=\"widget\" data-widget_type=\"divider.default\">\n\t\t\t\t<div class=\"elementor-widget-container\">\n\t\t\t\t\t<div class=\"elementor-divider\">\n\t\t\t<span class=\"elementor-divider-separator\">\n\t\t\t\t\t\t<\/span>\n\t\t<\/div>\n\t\t\t\t<\/div>\n\t\t\t\t<\/div>\n\t\t\t\t<div class=\"elementor-element elementor-element-0ae75c7 elementor-widget elementor-widget-heading\" data-id=\"0ae75c7\" data-element_type=\"widget\" data-widget_type=\"heading.default\">\n\t\t\t\t<div class=\"elementor-widget-container\">\n\t\t\t<h5 class=\"elementor-heading-title elementor-size-default\">Expediente - Edi\u00e7\u00e3o 2018-2019<\/h5>\t\t<\/div>\n\t\t\t\t<\/div>\n\t\t\t\t\t<\/div>\n\t\t<\/div>\n\t\t\t\t\t<\/div>\n\t\t<\/section>\n\t\t\t\t<section class=\"elementor-section elementor-top-section elementor-element elementor-element-7a2d26a elementor-section-boxed elementor-section-height-default elementor-section-height-default\" data-id=\"7a2d26a\" data-element_type=\"section\">\n\t\t\t\t\t\t<div class=\"elementor-container elementor-column-gap-default\">\n\t\t\t\t\t<div class=\"elementor-column elementor-col-100 elementor-top-column elementor-element elementor-element-7a47703\" data-id=\"7a47703\" data-element_type=\"column\">\n\t\t\t<div class=\"elementor-widget-wrap elementor-element-populated\">\n\t\t\t\t\t\t<div class=\"elementor-element elementor-element-8f1f83d elementor-widget elementor-widget-text-editor\" data-id=\"8f1f83d\" data-element_type=\"widget\" data-widget_type=\"text-editor.default\">\n\t\t\t\t<div class=\"elementor-widget-container\">\n\t\t\t\t\t\t\t<p style=\"text-align: center\"><strong>Reitor<\/strong> | Paulo Afonso Burmann<\/p><p style=\"text-align: center\"><strong>Vice-Reitor<\/strong> | Luciano Schuch<\/p><p style=\"text-align: center\"><strong>Pr\u00f3-Reitor de Extens\u00e3o<\/strong> | Flavi Ferreira Lisboa Filho<\/p><p style=\"text-align: center\"><strong>Pr\u00f3-Reitor de Extens\u00e3o Substituto <\/strong>| Rudiney Soares Pereira<\/p><p style=\"text-align: center\"><strong>Cultura e Arte |<\/strong> Vera Lucia Portinho Vianna<\/p><p style=\"text-align: center\"><strong>Desenvolvimento Regional e Cidadania<\/strong> | Jaciele Carine Sell<\/p><p style=\"text-align: center\"><strong>N\u00facleo de Divulga\u00e7\u00e3o Institucional<\/strong> | Camilla Lopes<\/p><p style=\"text-align: center\"><strong>Projeto Gr\u00e1fico\/Diagrama\u00e7\u00e3o<\/strong> | Luciomar de Carvalho<\/p><p style=\"text-align: center\"><strong>Jornalista Respons\u00e1vel<\/strong> | Andr\u00e9a Corneli Ortis \u2013 MTB 17.642<\/p><p style=\"text-align: center\"><strong>Revis\u00e3o Textual<\/strong> | \u00c9rica Duarte Medeiros<\/p>\t\t\t\t\t\t<\/div>\n\t\t\t\t<\/div>\n\t\t\t\t\t<\/div>\n\t\t<\/div>\n\t\t\t\t\t<\/div>\n\t\t<\/section>\n\t\t\t\t<section class=\"elementor-section elementor-top-section elementor-element elementor-element-d799171 elementor-section-boxed elementor-section-height-default elementor-section-height-default\" data-id=\"d799171\" data-element_type=\"section\">\n\t\t\t\t\t\t<div class=\"elementor-container elementor-column-gap-default\">\n\t\t\t\t\t<div class=\"elementor-column elementor-col-100 elementor-top-column elementor-element elementor-element-013182e\" data-id=\"013182e\" data-element_type=\"column\">\n\t\t\t<div class=\"elementor-widget-wrap elementor-element-populated\">\n\t\t\t\t\t\t<div class=\"elementor-element elementor-element-9da36d9 elementor-widget elementor-widget-spacer\" data-id=\"9da36d9\" data-element_type=\"widget\" data-widget_type=\"spacer.default\">\n\t\t\t\t<div class=\"elementor-widget-container\">\n\t\t\t\t\t<div class=\"elementor-spacer\">\n\t\t\t<div class=\"elementor-spacer-inner\"><\/div>\n\t\t<\/div>\n\t\t\t\t<\/div>\n\t\t\t\t<\/div>\n\t\t\t\t\t<\/div>\n\t\t<\/div>\n\t\t\t\t\t<\/div>\n\t\t<\/section>\n\t\t\t\t<section class=\"elementor-section elementor-top-section elementor-element elementor-element-f4bad6e elementor-section-boxed elementor-section-height-default elementor-section-height-default\" data-id=\"f4bad6e\" data-element_type=\"section\">\n\t\t\t\t\t\t<div class=\"elementor-container elementor-column-gap-default\">\n\t\t\t\t\t<div class=\"elementor-column elementor-col-100 elementor-top-column elementor-element elementor-element-92612dd\" data-id=\"92612dd\" data-element_type=\"column\">\n\t\t\t<div class=\"elementor-widget-wrap elementor-element-populated\">\n\t\t\t\t\t\t<div class=\"elementor-element elementor-element-0dfc355 elementor-widget elementor-widget-heading\" data-id=\"0dfc355\" data-element_type=\"widget\" data-widget_type=\"heading.default\">\n\t\t\t\t<div class=\"elementor-widget-container\">\n\t\t\t<h5 class=\"elementor-heading-title elementor-size-default\">Links \u00dateis<\/h5>\t\t<\/div>\n\t\t\t\t<\/div>\n\t\t\t\t\t<\/div>\n\t\t<\/div>\n\t\t\t\t\t<\/div>\n\t\t<\/section>\n\t\t\t\t<section class=\"elementor-section elementor-top-section elementor-element elementor-element-739c9c8 elementor-section-boxed elementor-section-height-default elementor-section-height-default\" data-id=\"739c9c8\" data-element_type=\"section\">\n\t\t\t\t\t\t<div class=\"elementor-container elementor-column-gap-default\">\n\t\t\t\t\t<div class=\"elementor-column elementor-col-33 elementor-top-column elementor-element elementor-element-8e7a550\" data-id=\"8e7a550\" data-element_type=\"column\">\n\t\t\t<div class=\"elementor-widget-wrap elementor-element-populated\">\n\t\t\t\t\t\t<div class=\"elementor-element elementor-element-67bafbb elementor-view-default elementor-widget elementor-widget-icon\" data-id=\"67bafbb\" data-element_type=\"widget\" data-widget_type=\"icon.default\">\n\t\t\t\t<div class=\"elementor-widget-container\">\n\t\t\t\t\t<div class=\"elementor-icon-wrapper\">\n\t\t\t<a class=\"elementor-icon\" href=\"https:\/\/www.ufsm.br\/pro-reitorias\/pre\/divulgacao-eventos\/\">\n\t\t\t<i aria-hidden=\"true\" class=\"fas fa-desktop\"><\/i>\t\t\t<\/a>\n\t\t<\/div>\n\t\t\t\t<\/div>\n\t\t\t\t<\/div>\n\t\t\t\t<div class=\"elementor-element elementor-element-17f3250 elementor-widget elementor-widget-heading\" data-id=\"17f3250\" data-element_type=\"widget\" data-widget_type=\"heading.default\">\n\t\t\t\t<div class=\"elementor-widget-container\">\n\t\t\t<h6 class=\"elementor-heading-title elementor-size-default\">Divulga\u00e7\u00e3o e Eventos<\/h6>\t\t<\/div>\n\t\t\t\t<\/div>\n\t\t\t\t\t<\/div>\n\t\t<\/div>\n\t\t\t\t<div class=\"elementor-column elementor-col-33 elementor-top-column elementor-element elementor-element-6c12371\" data-id=\"6c12371\" data-element_type=\"column\">\n\t\t\t<div class=\"elementor-widget-wrap elementor-element-populated\">\n\t\t\t\t\t\t<div class=\"elementor-element elementor-element-5ef0f41 elementor-view-default elementor-widget elementor-widget-icon\" data-id=\"5ef0f41\" data-element_type=\"widget\" data-widget_type=\"icon.default\">\n\t\t\t\t<div class=\"elementor-widget-container\">\n\t\t\t\t\t<div class=\"elementor-icon-wrapper\">\n\t\t\t<a class=\"elementor-icon\" href=\"https:\/\/www.google.com\/maps\/d\/viewer?mid=1L5tLMKHQyspcvmV8h7wgtY3rdOWLC2SF&#038;ll=-28.219986882915286%2C-55.827484132627035&#038;z=6\">\n\t\t\t<i aria-hidden=\"true\" class=\"fas fa-map-marked-alt\"><\/i>\t\t\t<\/a>\n\t\t<\/div>\n\t\t\t\t<\/div>\n\t\t\t\t<\/div>\n\t\t\t\t<div class=\"elementor-element elementor-element-912c53c elementor-widget elementor-widget-heading\" data-id=\"912c53c\" data-element_type=\"widget\" data-widget_type=\"heading.default\">\n\t\t\t\t<div class=\"elementor-widget-container\">\n\t\t\t<h6 class=\"elementor-heading-title elementor-size-default\">Mapa da Extens\u00e3o<\/h6>\t\t<\/div>\n\t\t\t\t<\/div>\n\t\t\t\t\t<\/div>\n\t\t<\/div>\n\t\t\t\t<div class=\"elementor-column elementor-col-33 elementor-top-column elementor-element elementor-element-602715b\" data-id=\"602715b\" data-element_type=\"column\">\n\t\t\t<div class=\"elementor-widget-wrap elementor-element-populated\">\n\t\t\t\t\t\t<div class=\"elementor-element elementor-element-b6a70c1 elementor-view-default elementor-widget elementor-widget-icon\" data-id=\"b6a70c1\" data-element_type=\"widget\" data-widget_type=\"icon.default\">\n\t\t\t\t<div class=\"elementor-widget-container\">\n\t\t\t\t\t<div class=\"elementor-icon-wrapper\">\n\t\t\t<a class=\"elementor-icon\" href=\"https:\/\/www.ufsm.br\/pro-reitorias\/pre\/sobre\/\">\n\t\t\t<i aria-hidden=\"true\" class=\"fas fa-users\"><\/i>\t\t\t<\/a>\n\t\t<\/div>\n\t\t\t\t<\/div>\n\t\t\t\t<\/div>\n\t\t\t\t<div class=\"elementor-element elementor-element-10616ff elementor-widget elementor-widget-heading\" data-id=\"10616ff\" data-element_type=\"widget\" data-widget_type=\"heading.default\">\n\t\t\t\t<div class=\"elementor-widget-container\">\n\t\t\t<h6 class=\"elementor-heading-title elementor-size-default\">Sobre a PRE<\/h6>\t\t<\/div>\n\t\t\t\t<\/div>\n\t\t\t\t\t<\/div>\n\t\t<\/div>\n\t\t\t\t\t<\/div>\n\t\t<\/section>\n\t\t\t\t<\/div>\n\t\t","protected":false},"excerpt":{"rendered":"<p>O pilar de sustenta\u00e7\u00e3o de uma universidade p\u00fablica \u00e9 formado pelo trip\u00e9 ensino, pesquisa e extens\u00e3o. Por meio da uni\u00e3o dos tr\u00eas, garante-se uma forma\u00e7\u00e3o de qualidade e gratuita a toda sociedade, al\u00e9m de um mundo melhor de se viver, onde a justi\u00e7a social prevale\u00e7a. \u00c9 atrav\u00e9s de programas e projetos que os estudantes da [&hellip;]<\/p>\n","protected":false},"author":1452,"featured_media":3827,"parent":0,"menu_order":0,"comment_status":"closed","ping_status":"closed","template":"","meta":{"footnotes":""},"categories":[],"tags":[],"class_list":["post-3813","page","type-page","status-publish","has-post-thumbnail","hentry"],"acf":[],"_links":{"self":[{"href":"https:\/\/www.ufsm.br\/pro-reitorias\/pre\/wp-json\/wp\/v2\/pages\/3813","targetHints":{"allow":["GET"]}}],"collection":[{"href":"https:\/\/www.ufsm.br\/pro-reitorias\/pre\/wp-json\/wp\/v2\/pages"}],"about":[{"href":"https:\/\/www.ufsm.br\/pro-reitorias\/pre\/wp-json\/wp\/v2\/types\/page"}],"author":[{"embeddable":true,"href":"https:\/\/www.ufsm.br\/pro-reitorias\/pre\/wp-json\/wp\/v2\/users\/1452"}],"replies":[{"embeddable":true,"href":"https:\/\/www.ufsm.br\/pro-reitorias\/pre\/wp-json\/wp\/v2\/comments?post=3813"}],"version-history":[{"count":0,"href":"https:\/\/www.ufsm.br\/pro-reitorias\/pre\/wp-json\/wp\/v2\/pages\/3813\/revisions"}],"wp:featuredmedia":[{"embeddable":true,"href":"https:\/\/www.ufsm.br\/pro-reitorias\/pre\/wp-json\/wp\/v2\/media\/3827"}],"wp:attachment":[{"href":"https:\/\/www.ufsm.br\/pro-reitorias\/pre\/wp-json\/wp\/v2\/media?parent=3813"}],"wp:term":[{"taxonomy":"category","embeddable":true,"href":"https:\/\/www.ufsm.br\/pro-reitorias\/pre\/wp-json\/wp\/v2\/categories?post=3813"},{"taxonomy":"post_tag","embeddable":true,"href":"https:\/\/www.ufsm.br\/pro-reitorias\/pre\/wp-json\/wp\/v2\/tags?post=3813"}],"curies":[{"name":"wp","href":"https:\/\/api.w.org\/{rel}","templated":true}]}}