{"id":3971,"date":"2020-07-06T14:25:52","date_gmt":"2020-07-06T17:25:52","guid":{"rendered":"https:\/\/www.ufsm.br\/pro-reitorias\/pre\/?page_id=3971"},"modified":"2025-12-18T09:56:43","modified_gmt":"2025-12-18T12:56:43","slug":"sde","status":"publish","type":"page","link":"https:\/\/www.ufsm.br\/pro-reitorias\/pre\/cafe\/sde","title":{"rendered":"Subdivis\u00e3o de Divulga\u00e7\u00e3o e Editora\u00e7\u00e3o"},"content":{"rendered":"\t\t<div data-elementor-type=\"wp-page\" data-elementor-id=\"3971\" class=\"elementor elementor-3971\">\n\t\t\t\t\t\t<section class=\"elementor-section elementor-top-section elementor-element elementor-element-566e8cd elementor-section-boxed elementor-section-height-default elementor-section-height-default\" data-id=\"566e8cd\" data-element_type=\"section\">\n\t\t\t\t\t\t<div class=\"elementor-container elementor-column-gap-default\">\n\t\t\t\t\t<div class=\"elementor-column elementor-col-100 elementor-top-column elementor-element elementor-element-7915dda\" data-id=\"7915dda\" data-element_type=\"column\">\n\t\t\t<div class=\"elementor-widget-wrap elementor-element-populated\">\n\t\t\t\t\t\t<div class=\"elementor-element elementor-element-90a893a elementor-widget-divider--view-line elementor-widget elementor-widget-divider\" data-id=\"90a893a\" data-element_type=\"widget\" data-widget_type=\"divider.default\">\n\t\t\t\t<div class=\"elementor-widget-container\">\n\t\t\t\t\t<div class=\"elementor-divider\">\n\t\t\t<span class=\"elementor-divider-separator\">\n\t\t\t\t\t\t<\/span>\n\t\t<\/div>\n\t\t\t\t<\/div>\n\t\t\t\t<\/div>\n\t\t\t\t\t<\/div>\n\t\t<\/div>\n\t\t\t\t\t<\/div>\n\t\t<\/section>\n\t\t\t\t<section class=\"elementor-section elementor-top-section elementor-element elementor-element-c371ca6 elementor-section-boxed elementor-section-height-default elementor-section-height-default\" data-id=\"c371ca6\" data-element_type=\"section\">\n\t\t\t\t\t\t<div class=\"elementor-container elementor-column-gap-default\">\n\t\t\t\t\t<div class=\"elementor-column elementor-col-100 elementor-top-column elementor-element elementor-element-a0be3bb\" data-id=\"a0be3bb\" data-element_type=\"column\">\n\t\t\t<div class=\"elementor-widget-wrap elementor-element-populated\">\n\t\t\t\t\t\t<div class=\"elementor-element elementor-element-2c4d3e7 elementor-widget elementor-widget-text-editor\" data-id=\"2c4d3e7\" data-element_type=\"widget\" data-widget_type=\"text-editor.default\">\n\t\t\t\t<div class=\"elementor-widget-container\">\n\t\t\t\t\t\t\t<p align=\"justify\">A <b>Subdivis\u00e3o de Divulga\u00e7\u00e3o e Editora\u00e7\u00e3o<\/b>\u00a0(SDE-PRE), criada pela <a href=\"https:\/\/www.ufsm.br\/pro-reitorias\/pre\/wp-content\/uploads\/sites\/346\/2020\/07\/RES_GR_2020_016.pdf\">Resolu\u00e7\u00e3o N. 016\/2020<\/a>, \u00e9 respons\u00e1vel por gerir a comunica\u00e7\u00e3o da Pr\u00f3-Reitoria de Extens\u00e3o e divulgar suas a\u00e7\u00f5es junto ao p\u00fablico externo, incentivando a participa\u00e7\u00e3o da sociedade e estreitando, dessa forma, a rela\u00e7\u00e3o entre a universidade e a comunidade.<\/p><p align=\"justify\"><i>S<\/i><i>\u00e3o<\/i><i> suas compet\u00eancias:<\/i><\/p><p align=\"justify\">I &#8211; gerir, atualizar, ampliar, consolidar e disponibilizar ao p\u00fablico os canais permanentes de comunica\u00e7\u00e3o com a PRE, como o site e as redes sociais;<\/p><p align=\"justify\">II &#8211; desenvolver materiais de divulga\u00e7\u00e3o (f\u00edsicos e digitais) da Extens\u00e3o que visem disseminar suas a\u00e7\u00f5es e estabelecer a comunica\u00e7\u00e3o com o p\u00fablico externo;<\/p><p align=\"justify\">III &#8211; mediar o relacionamento da PRE com a comunidade acad\u00eamica e externa, identificando pontos onde h\u00e1 car\u00eancia de a\u00e7\u00f5es de extens\u00e3o;<\/p><p align=\"justify\">IV &#8211; prestar assessoria a eventos organizados pela PRE, bem como realizar sua cobertura jornal\u00edstica; e<\/p><p align=\"justify\">V &#8211; gerenciar a comunica\u00e7\u00e3o interna da PRE, facilitando processos e rotinas de trabalho.<\/p>\t\t\t\t\t\t<\/div>\n\t\t\t\t<\/div>\n\t\t\t\t\t<\/div>\n\t\t<\/div>\n\t\t\t\t\t<\/div>\n\t\t<\/section>\n\t\t\t\t<section class=\"elementor-section elementor-top-section elementor-element elementor-element-754bf20 elementor-section-boxed elementor-section-height-default elementor-section-height-default\" data-id=\"754bf20\" data-element_type=\"section\">\n\t\t\t\t\t\t<div class=\"elementor-container elementor-column-gap-default\">\n\t\t\t\t\t<div class=\"elementor-column elementor-col-100 elementor-top-column elementor-element elementor-element-d7bec0d\" data-id=\"d7bec0d\" data-element_type=\"column\">\n\t\t\t<div class=\"elementor-widget-wrap elementor-element-populated\">\n\t\t\t\t\t\t<div class=\"elementor-element elementor-element-9a17bfe elementor-widget-divider--view-line elementor-widget elementor-widget-divider\" data-id=\"9a17bfe\" data-element_type=\"widget\" data-widget_type=\"divider.default\">\n\t\t\t\t<div class=\"elementor-widget-container\">\n\t\t\t\t\t<div class=\"elementor-divider\">\n\t\t\t<span class=\"elementor-divider-separator\">\n\t\t\t\t\t\t<\/span>\n\t\t<\/div>\n\t\t\t\t<\/div>\n\t\t\t\t<\/div>\n\t\t\t\t\t<\/div>\n\t\t<\/div>\n\t\t\t\t\t<\/div>\n\t\t<\/section>\n\t\t\t\t<section class=\"elementor-section elementor-top-section elementor-element elementor-element-12e25a1 elementor-section-boxed elementor-section-height-default elementor-section-height-default\" data-id=\"12e25a1\" data-element_type=\"section\">\n\t\t\t\t\t\t<div class=\"elementor-container elementor-column-gap-default\">\n\t\t\t\t\t<div class=\"elementor-column elementor-col-100 elementor-top-column elementor-element elementor-element-fb9da9f\" data-id=\"fb9da9f\" data-element_type=\"column\">\n\t\t\t<div class=\"elementor-widget-wrap elementor-element-populated\">\n\t\t\t\t\t\t<section class=\"elementor-section elementor-inner-section elementor-element elementor-element-748b8c4 elementor-section-boxed elementor-section-height-default elementor-section-height-default\" data-id=\"748b8c4\" data-element_type=\"section\">\n\t\t\t\t\t\t<div class=\"elementor-container elementor-column-gap-default\">\n\t\t\t\t\t<div class=\"elementor-column elementor-col-33 elementor-inner-column elementor-element elementor-element-291f6fe\" data-id=\"291f6fe\" data-element_type=\"column\">\n\t\t\t<div class=\"elementor-widget-wrap\">\n\t\t\t\t\t\t\t<\/div>\n\t\t<\/div>\n\t\t\t\t<div class=\"elementor-column elementor-col-33 elementor-inner-column elementor-element elementor-element-97ac562\" data-id=\"97ac562\" data-element_type=\"column\">\n\t\t\t<div class=\"elementor-widget-wrap elementor-element-populated\">\n\t\t\t\t\t\t<div class=\"elementor-element elementor-element-1fcabcd elementor-view-default elementor-widget elementor-widget-icon\" data-id=\"1fcabcd\" data-element_type=\"widget\" data-widget_type=\"icon.default\">\n\t\t\t\t<div class=\"elementor-widget-container\">\n\t\t\t\t\t<div class=\"elementor-icon-wrapper\">\n\t\t\t<a class=\"elementor-icon\" href=\"https:\/\/www.ufsm.br\/pro-reitorias\/pre\/cafe\/sde\/editora-pre\">\n\t\t\t<i aria-hidden=\"true\" class=\"fas fa-book-reader\"><\/i>\t\t\t<\/a>\n\t\t<\/div>\n\t\t\t\t<\/div>\n\t\t\t\t<\/div>\n\t\t\t\t<div class=\"elementor-element elementor-element-f5f4f4f elementor-widget elementor-widget-heading\" data-id=\"f5f4f4f\" data-element_type=\"widget\" data-widget_type=\"heading.default\">\n\t\t\t\t<div class=\"elementor-widget-container\">\n\t\t\t<h6 class=\"elementor-heading-title elementor-size-default\">Editora PRE<\/h6>\t\t<\/div>\n\t\t\t\t<\/div>\n\t\t\t\t\t<\/div>\n\t\t<\/div>\n\t\t\t\t<div class=\"elementor-column elementor-col-33 elementor-inner-column elementor-element elementor-element-25ca6f9\" data-id=\"25ca6f9\" data-element_type=\"column\">\n\t\t\t<div class=\"elementor-widget-wrap\">\n\t\t\t\t\t\t\t<\/div>\n\t\t<\/div>\n\t\t\t\t\t<\/div>\n\t\t<\/section>\n\t\t\t\t\t<\/div>\n\t\t<\/div>\n\t\t\t\t\t<\/div>\n\t\t<\/section>\n\t\t\t\t<section class=\"elementor-section elementor-top-section elementor-element elementor-element-4c000d4 elementor-section-boxed elementor-section-height-default elementor-section-height-default\" data-id=\"4c000d4\" data-element_type=\"section\">\n\t\t\t\t\t\t<div class=\"elementor-container elementor-column-gap-default\">\n\t\t\t\t\t<div class=\"elementor-column elementor-col-100 elementor-top-column elementor-element elementor-element-2b3c496\" data-id=\"2b3c496\" data-element_type=\"column\">\n\t\t\t<div class=\"elementor-widget-wrap elementor-element-populated\">\n\t\t\t\t\t\t<div class=\"elementor-element elementor-element-055c45b elementor-widget elementor-widget-heading\" data-id=\"055c45b\" data-element_type=\"widget\" data-widget_type=\"heading.default\">\n\t\t\t\t<div class=\"elementor-widget-container\">\n\t\t\t<h5 class=\"elementor-heading-title elementor-size-default\">Equipe SDE<\/h5>\t\t<\/div>\n\t\t\t\t<\/div>\n\t\t\t\t<div class=\"elementor-element elementor-element-fe74db0 elementor-widget elementor-widget-text-editor\" data-id=\"fe74db0\" data-element_type=\"widget\" data-widget_type=\"text-editor.default\">\n\t\t\t\t<div class=\"elementor-widget-container\">\n\t\t\t\t\t\t\t<table style=\"height: 44px;width: 0%;border-collapse: collapse\"><tbody><tr style=\"height: 24px\"><td style=\"width: 24.8276%;height: 24px;text-align: center\"><strong>\u00a0Nome<\/strong><\/td><td style=\"width: 43.8856%;height: 24px;text-align: center\"><strong>Ocupa\u00e7\u00e3o<\/strong><\/td><td style=\"width: 30.5972%;height: 24px;text-align: center\"><strong>Cargo<\/strong><\/td><\/tr><tr style=\"height: 40px\" valign=\"top\"><td style=\"width: 24.8276%;text-align: center;height: 10px\"><p align=\"center\">Giana Tondolo Bonilla<\/p><\/td><td style=\"width: 43.8856%;text-align: center;height: 10px\"><p align=\"center\">Chefe da\u00a0<span style=\"color: #000000;font-size: 16px;text-align: justify\">Subdivis\u00e3o de\u00a0<\/span><span style=\"color: #000000;font-size: 16px;text-align: justify;font-weight: var( --e-global-typography-text-font-weight )\">Divulga\u00e7\u00e3o e Editora\u00e7\u00e3o<\/span><\/p><\/td><td style=\"width: 30.5972%;text-align: center;height: 10px\"><p align=\"center\">T\u00e9cnica-administrativa em Educa\u00e7\u00e3o<\/p><\/td><\/tr><tr style=\"height: 10px\"><td style=\"width: 24.8276%;text-align: center;height: 10px\">Rone Maria Rachele<\/td><td style=\"width: 43.8856%;text-align: center;height: 10px\"><span style=\"color: #000000;font-size: 16px;text-align: justify\">Subdivis\u00e3o de\u00a0<\/span><span style=\"color: #000000;font-size: 16px;text-align: justify;font-weight: var( --e-global-typography-text-font-weight )\">Divulga\u00e7\u00e3o e Editora\u00e7\u00e3o<\/span><\/td><td style=\"width: 30.5972%;text-align: center;height: 10px\">T\u00e9cnica em Assuntos Educacionais<\/td><\/tr><\/tbody><\/table>\t\t\t\t\t\t<\/div>\n\t\t\t\t<\/div>\n\t\t\t\t\t<\/div>\n\t\t<\/div>\n\t\t\t\t\t<\/div>\n\t\t<\/section>\n\t\t\t\t<section class=\"elementor-section elementor-top-section elementor-element elementor-element-6019548 elementor-section-boxed elementor-section-height-default elementor-section-height-default\" data-id=\"6019548\" data-element_type=\"section\">\n\t\t\t\t\t\t<div class=\"elementor-container elementor-column-gap-default\">\n\t\t\t\t\t<div class=\"elementor-column elementor-col-100 elementor-top-column elementor-element elementor-element-e4b41ea\" data-id=\"e4b41ea\" data-element_type=\"column\">\n\t\t\t<div class=\"elementor-widget-wrap elementor-element-populated\">\n\t\t\t\t\t\t<div class=\"elementor-element elementor-element-b741ff8 elementor-widget elementor-widget-heading\" data-id=\"b741ff8\" data-element_type=\"widget\" data-widget_type=\"heading.default\">\n\t\t\t\t<div class=\"elementor-widget-container\">\n\t\t\t<h5 class=\"elementor-heading-title elementor-size-default\">Contato<\/h5>\t\t<\/div>\n\t\t\t\t<\/div>\n\t\t\t\t\t<\/div>\n\t\t<\/div>\n\t\t\t\t\t<\/div>\n\t\t<\/section>\n\t\t\t\t<section class=\"elementor-section elementor-top-section elementor-element elementor-element-0175a13 elementor-section-boxed elementor-section-height-default elementor-section-height-default\" data-id=\"0175a13\" data-element_type=\"section\">\n\t\t\t\t\t\t<div class=\"elementor-container elementor-column-gap-default\">\n\t\t\t\t\t<div class=\"elementor-column elementor-col-100 elementor-top-column elementor-element elementor-element-11f3b62\" data-id=\"11f3b62\" data-element_type=\"column\">\n\t\t\t<div class=\"elementor-widget-wrap elementor-element-populated\">\n\t\t\t\t\t\t<div class=\"elementor-element elementor-element-afc43e1 elementor-widget elementor-widget-text-editor\" data-id=\"afc43e1\" data-element_type=\"widget\" data-widget_type=\"text-editor.default\">\n\t\t\t\t<div class=\"elementor-widget-container\">\n\t\t\t\t\t\t\t<p style=\"text-align: center\"><strong>Localiza\u00e7\u00e3o: <\/strong>Pr\u00e9dio 47 (Reitoria),\u00a09\u00ba andar, sala 936<\/p><p style=\"text-align: center\"><strong>Celular:<\/strong> 55 9 9113 2356<\/p><p style=\"text-align: center\"><strong>E-mail:<\/strong> <a href=\"mailto:comunicacao.pre@ufsm.br\">comunicacao.pre@ufsm.br<\/a><\/p><p style=\"text-align: center\"><strong>Atendimento:<\/strong> segunda \u00e0 sexta, das 8h \u00e0s 12h e das 13h \u00e0s 17h.<\/p><p style=\"text-align: center\"><strong><span style=\"color: #ff6600\">*Durante o per\u00edodo de f\u00e9rias letivas, de 12\/12\/2025 a 27\/02\/2026, o hor\u00e1rio de atendimento \u00e9 das 8h \u00e0s 14h.<\/span><\/strong><\/p><p style=\"text-align: center\">\u00a0<\/p>\t\t\t\t\t\t<\/div>\n\t\t\t\t<\/div>\n\t\t\t\t\t<\/div>\n\t\t<\/div>\n\t\t\t\t\t<\/div>\n\t\t<\/section>\n\t\t\t\t<section class=\"elementor-section elementor-top-section elementor-element elementor-element-aadf763 elementor-section-boxed elementor-section-height-default elementor-section-height-default\" data-id=\"aadf763\" data-element_type=\"section\">\n\t\t\t\t\t\t<div class=\"elementor-container elementor-column-gap-default\">\n\t\t\t\t\t<div class=\"elementor-column elementor-col-100 elementor-top-column elementor-element elementor-element-1f93c93\" data-id=\"1f93c93\" data-element_type=\"column\">\n\t\t\t<div class=\"elementor-widget-wrap elementor-element-populated\">\n\t\t\t\t\t\t<div class=\"elementor-element elementor-element-a3611cb elementor-widget elementor-widget-heading\" data-id=\"a3611cb\" data-element_type=\"widget\" data-widget_type=\"heading.default\">\n\t\t\t\t<div class=\"elementor-widget-container\">\n\t\t\t<h5 class=\"elementor-heading-title elementor-size-default\">Redes Sociais<\/h5>\t\t<\/div>\n\t\t\t\t<\/div>\n\t\t\t\t\t<\/div>\n\t\t<\/div>\n\t\t\t\t\t<\/div>\n\t\t<\/section>\n\t\t\t\t<section class=\"elementor-section elementor-top-section elementor-element elementor-element-60e7430 elementor-section-boxed elementor-section-height-default elementor-section-height-default\" data-id=\"60e7430\" data-element_type=\"section\">\n\t\t\t\t\t\t<div class=\"elementor-container elementor-column-gap-default\">\n\t\t\t\t\t<div class=\"elementor-column elementor-col-33 elementor-top-column elementor-element elementor-element-fbacaf6\" data-id=\"fbacaf6\" data-element_type=\"column\">\n\t\t\t<div class=\"elementor-widget-wrap elementor-element-populated\">\n\t\t\t\t\t\t<div class=\"elementor-element elementor-element-a360271 elementor-view-default elementor-widget elementor-widget-icon\" data-id=\"a360271\" data-element_type=\"widget\" data-widget_type=\"icon.default\">\n\t\t\t\t<div class=\"elementor-widget-container\">\n\t\t\t\t\t<div class=\"elementor-icon-wrapper\">\n\t\t\t<a class=\"elementor-icon\" href=\"https:\/\/www.instagram.com\/extensaoufsm\/\">\n\t\t\t<i aria-hidden=\"true\" class=\"fab fa-instagram\"><\/i>\t\t\t<\/a>\n\t\t<\/div>\n\t\t\t\t<\/div>\n\t\t\t\t<\/div>\n\t\t\t\t\t<\/div>\n\t\t<\/div>\n\t\t\t\t<div class=\"elementor-column elementor-col-33 elementor-top-column elementor-element elementor-element-6db1227\" data-id=\"6db1227\" data-element_type=\"column\">\n\t\t\t<div class=\"elementor-widget-wrap elementor-element-populated\">\n\t\t\t\t\t\t<div class=\"elementor-element elementor-element-a3ec515 elementor-view-default elementor-widget elementor-widget-icon\" data-id=\"a3ec515\" data-element_type=\"widget\" data-widget_type=\"icon.default\">\n\t\t\t\t<div class=\"elementor-widget-container\">\n\t\t\t\t\t<div class=\"elementor-icon-wrapper\">\n\t\t\t<a class=\"elementor-icon\" href=\"https:\/\/www.facebook.com\/preufsm\/\">\n\t\t\t<i aria-hidden=\"true\" class=\"fab fa-facebook\"><\/i>\t\t\t<\/a>\n\t\t<\/div>\n\t\t\t\t<\/div>\n\t\t\t\t<\/div>\n\t\t\t\t\t<\/div>\n\t\t<\/div>\n\t\t\t\t<div class=\"elementor-column elementor-col-33 elementor-top-column elementor-element elementor-element-45d26fd\" data-id=\"45d26fd\" data-element_type=\"column\">\n\t\t\t<div class=\"elementor-widget-wrap elementor-element-populated\">\n\t\t\t\t\t\t<div class=\"elementor-element elementor-element-39df4ae elementor-view-default elementor-widget elementor-widget-icon\" data-id=\"39df4ae\" data-element_type=\"widget\" data-widget_type=\"icon.default\">\n\t\t\t\t<div class=\"elementor-widget-container\">\n\t\t\t\t\t<div class=\"elementor-icon-wrapper\">\n\t\t\t<a class=\"elementor-icon\" href=\"https:\/\/www.youtube.com\/channel\/UCZo0Npm8Cw0mvIq8CtZnMzw\">\n\t\t\t<i aria-hidden=\"true\" class=\"fab fa-youtube\"><\/i>\t\t\t<\/a>\n\t\t<\/div>\n\t\t\t\t<\/div>\n\t\t\t\t<\/div>\n\t\t\t\t\t<\/div>\n\t\t<\/div>\n\t\t\t\t\t<\/div>\n\t\t<\/section>\n\t\t\t\t<section class=\"elementor-section elementor-top-section elementor-element elementor-element-a60572d elementor-section-boxed elementor-section-height-default elementor-section-height-default\" data-id=\"a60572d\" data-element_type=\"section\">\n\t\t\t\t\t\t<div class=\"elementor-container elementor-column-gap-default\">\n\t\t\t\t\t<div class=\"elementor-column elementor-col-100 elementor-top-column elementor-element elementor-element-d1e58d5\" data-id=\"d1e58d5\" data-element_type=\"column\">\n\t\t\t<div class=\"elementor-widget-wrap elementor-element-populated\">\n\t\t\t\t\t\t<div class=\"elementor-element elementor-element-f3f3149 elementor-widget elementor-widget-heading\" data-id=\"f3f3149\" data-element_type=\"widget\" data-widget_type=\"heading.default\">\n\t\t\t\t<div class=\"elementor-widget-container\">\n\t\t\t<h5 class=\"elementor-heading-title elementor-size-default\">Links \u00dateis <\/h5>\t\t<\/div>\n\t\t\t\t<\/div>\n\t\t\t\t\t<\/div>\n\t\t<\/div>\n\t\t\t\t\t<\/div>\n\t\t<\/section>\n\t\t\t\t<section class=\"elementor-section elementor-top-section elementor-element elementor-element-2bede47 elementor-section-boxed elementor-section-height-default elementor-section-height-default\" data-id=\"2bede47\" data-element_type=\"section\">\n\t\t\t\t\t\t<div class=\"elementor-container elementor-column-gap-default\">\n\t\t\t\t\t<div class=\"elementor-column elementor-col-33 elementor-top-column elementor-element elementor-element-e60b458\" data-id=\"e60b458\" data-element_type=\"column\">\n\t\t\t<div class=\"elementor-widget-wrap elementor-element-populated\">\n\t\t\t\t\t\t<div class=\"elementor-element elementor-element-12d636c elementor-view-default elementor-widget elementor-widget-icon\" data-id=\"12d636c\" data-element_type=\"widget\" data-widget_type=\"icon.default\">\n\t\t\t\t<div class=\"elementor-widget-container\">\n\t\t\t\t\t<div class=\"elementor-icon-wrapper\">\n\t\t\t<a class=\"elementor-icon\" href=\"https:\/\/www.ufsm.br\/app\/uploads\/sites\/346\/2025\/05\/50-anos-PRE-identidade-visual.zip\">\n\t\t\t<i aria-hidden=\"true\" class=\"fas fa-book\"><\/i>\t\t\t<\/a>\n\t\t<\/div>\n\t\t\t\t<\/div>\n\t\t\t\t<\/div>\n\t\t\t\t<div class=\"elementor-element elementor-element-db00985 elementor-widget elementor-widget-heading\" data-id=\"db00985\" data-element_type=\"widget\" data-widget_type=\"heading.default\">\n\t\t\t\t<div class=\"elementor-widget-container\">\n\t\t\t<h6 class=\"elementor-heading-title elementor-size-default\">50 anos PRE - Manual da Marca<\/h6>\t\t<\/div>\n\t\t\t\t<\/div>\n\t\t\t\t\t<\/div>\n\t\t<\/div>\n\t\t\t\t<div class=\"elementor-column elementor-col-33 elementor-top-column elementor-element elementor-element-f584b2b\" data-id=\"f584b2b\" data-element_type=\"column\">\n\t\t\t<div class=\"elementor-widget-wrap elementor-element-populated\">\n\t\t\t\t\t\t<div class=\"elementor-element elementor-element-0c7d53d elementor-view-default elementor-widget elementor-widget-icon\" data-id=\"0c7d53d\" data-element_type=\"widget\" data-widget_type=\"icon.default\">\n\t\t\t\t<div class=\"elementor-widget-container\">\n\t\t\t\t\t<div class=\"elementor-icon-wrapper\">\n\t\t\t<a class=\"elementor-icon\" href=\"https:\/\/www.ufsm.br\/identidade-institucional\/\">\n\t\t\t<i aria-hidden=\"true\" class=\"fas fa-book-open\"><\/i>\t\t\t<\/a>\n\t\t<\/div>\n\t\t\t\t<\/div>\n\t\t\t\t<\/div>\n\t\t\t\t<div class=\"elementor-element elementor-element-4b2c841 elementor-widget elementor-widget-heading\" data-id=\"4b2c841\" data-element_type=\"widget\" data-widget_type=\"heading.default\">\n\t\t\t\t<div class=\"elementor-widget-container\">\n\t\t\t<h6 class=\"elementor-heading-title elementor-size-default\">Identidade Visual PRE<\/h6>\t\t<\/div>\n\t\t\t\t<\/div>\n\t\t\t\t\t<\/div>\n\t\t<\/div>\n\t\t\t\t<div class=\"elementor-column elementor-col-33 elementor-top-column elementor-element elementor-element-e96c3a5\" data-id=\"e96c3a5\" data-element_type=\"column\">\n\t\t\t<div class=\"elementor-widget-wrap elementor-element-populated\">\n\t\t\t\t\t\t<div class=\"elementor-element elementor-element-818d7a1 elementor-view-default elementor-widget elementor-widget-icon\" data-id=\"818d7a1\" data-element_type=\"widget\" data-widget_type=\"icon.default\">\n\t\t\t\t<div class=\"elementor-widget-container\">\n\t\t\t\t\t<div class=\"elementor-icon-wrapper\">\n\t\t\t<a class=\"elementor-icon\" href=\"https:\/\/www.google.com\/maps\/d\/viewer?mid=1L5tLMKHQyspcvmV8h7wgtY3rdOWLC2SF&#038;ll=-28.219986882915286%2C-55.827484132627035&#038;z=6\">\n\t\t\t<i aria-hidden=\"true\" class=\"fas fa-map-marked-alt\"><\/i>\t\t\t<\/a>\n\t\t<\/div>\n\t\t\t\t<\/div>\n\t\t\t\t<\/div>\n\t\t\t\t<div class=\"elementor-element elementor-element-b1b34a6 elementor-widget elementor-widget-heading\" data-id=\"b1b34a6\" data-element_type=\"widget\" data-widget_type=\"heading.default\">\n\t\t\t\t<div class=\"elementor-widget-container\">\n\t\t\t<h6 class=\"elementor-heading-title elementor-size-default\">Mapa da Extens\u00e3o<\/h6>\t\t<\/div>\n\t\t\t\t<\/div>\n\t\t\t\t\t<\/div>\n\t\t<\/div>\n\t\t\t\t\t<\/div>\n\t\t<\/section>\n\t\t\t\t<\/div>\n\t\t","protected":false},"excerpt":{"rendered":"<p>A Subdivis\u00e3o de Divulga\u00e7\u00e3o e Editora\u00e7\u00e3o\u00a0(SDE-PRE), criada pela Resolu\u00e7\u00e3o N. 016\/2020, \u00e9 respons\u00e1vel por gerir a comunica\u00e7\u00e3o da Pr\u00f3-Reitoria de Extens\u00e3o e divulgar suas a\u00e7\u00f5es junto ao p\u00fablico externo, incentivando a participa\u00e7\u00e3o da sociedade e estreitando, dessa forma, a rela\u00e7\u00e3o entre a universidade e a comunidade. S\u00e3o suas compet\u00eancias: I &#8211; gerir, atualizar, ampliar, consolidar [&hellip;]<\/p>\n","protected":false},"author":1452,"featured_media":0,"parent":906,"menu_order":0,"comment_status":"closed","ping_status":"closed","template":"","meta":{"footnotes":""},"categories":[],"tags":[],"class_list":["post-3971","page","type-page","status-publish","hentry"],"acf":[],"_links":{"self":[{"href":"https:\/\/www.ufsm.br\/pro-reitorias\/pre\/wp-json\/wp\/v2\/pages\/3971","targetHints":{"allow":["GET"]}}],"collection":[{"href":"https:\/\/www.ufsm.br\/pro-reitorias\/pre\/wp-json\/wp\/v2\/pages"}],"about":[{"href":"https:\/\/www.ufsm.br\/pro-reitorias\/pre\/wp-json\/wp\/v2\/types\/page"}],"author":[{"embeddable":true,"href":"https:\/\/www.ufsm.br\/pro-reitorias\/pre\/wp-json\/wp\/v2\/users\/1452"}],"replies":[{"embeddable":true,"href":"https:\/\/www.ufsm.br\/pro-reitorias\/pre\/wp-json\/wp\/v2\/comments?post=3971"}],"version-history":[{"count":0,"href":"https:\/\/www.ufsm.br\/pro-reitorias\/pre\/wp-json\/wp\/v2\/pages\/3971\/revisions"}],"up":[{"embeddable":true,"href":"https:\/\/www.ufsm.br\/pro-reitorias\/pre\/wp-json\/wp\/v2\/pages\/906"}],"wp:attachment":[{"href":"https:\/\/www.ufsm.br\/pro-reitorias\/pre\/wp-json\/wp\/v2\/media?parent=3971"}],"wp:term":[{"taxonomy":"category","embeddable":true,"href":"https:\/\/www.ufsm.br\/pro-reitorias\/pre\/wp-json\/wp\/v2\/categories?post=3971"},{"taxonomy":"post_tag","embeddable":true,"href":"https:\/\/www.ufsm.br\/pro-reitorias\/pre\/wp-json\/wp\/v2\/tags?post=3971"}],"curies":[{"name":"wp","href":"https:\/\/api.w.org\/{rel}","templated":true}]}}