{"id":4419,"date":"2020-09-25T10:05:45","date_gmt":"2020-09-25T13:05:45","guid":{"rendered":"https:\/\/www.ufsm.br\/pro-reitorias\/pre\/?page_id=4419"},"modified":"2020-09-25T10:19:33","modified_gmt":"2020-09-25T13:19:33","slug":"assessoria-a-imigrantes-e-refugiados","status":"publish","type":"page","link":"https:\/\/www.ufsm.br\/pro-reitorias\/pre\/assessoria-a-imigrantes-e-refugiados","title":{"rendered":"Assessoria a Imigrantes e Refugiados"},"content":{"rendered":"\t\t<div data-elementor-type=\"wp-page\" data-elementor-id=\"4419\" class=\"elementor elementor-4419\">\n\t\t\t\t\t\t<section class=\"elementor-section elementor-top-section elementor-element elementor-element-04ea183 elementor-section-boxed elementor-section-height-default elementor-section-height-default\" data-id=\"04ea183\" data-element_type=\"section\">\n\t\t\t\t\t\t<div class=\"elementor-container elementor-column-gap-default\">\n\t\t\t\t\t<div class=\"elementor-column elementor-col-100 elementor-top-column elementor-element elementor-element-e875663\" data-id=\"e875663\" data-element_type=\"column\">\n\t\t\t<div class=\"elementor-widget-wrap elementor-element-populated\">\n\t\t\t\t\t\t<div class=\"elementor-element elementor-element-bc3ee6a elementor-widget-divider--view-line elementor-widget elementor-widget-divider\" data-id=\"bc3ee6a\" data-element_type=\"widget\" data-widget_type=\"divider.default\">\n\t\t\t\t<div class=\"elementor-widget-container\">\n\t\t\t\t\t<div class=\"elementor-divider\">\n\t\t\t<span class=\"elementor-divider-separator\">\n\t\t\t\t\t\t<\/span>\n\t\t<\/div>\n\t\t\t\t<\/div>\n\t\t\t\t<\/div>\n\t\t\t\t\t<\/div>\n\t\t<\/div>\n\t\t\t\t\t<\/div>\n\t\t<\/section>\n\t\t\t\t<section class=\"elementor-section elementor-top-section elementor-element elementor-element-ea04337 elementor-section-boxed elementor-section-height-default elementor-section-height-default\" data-id=\"ea04337\" data-element_type=\"section\">\n\t\t\t\t\t\t<div class=\"elementor-container elementor-column-gap-default\">\n\t\t\t\t\t<div class=\"elementor-column elementor-col-100 elementor-top-column elementor-element elementor-element-c1bc312\" data-id=\"c1bc312\" data-element_type=\"column\">\n\t\t\t<div class=\"elementor-widget-wrap elementor-element-populated\">\n\t\t\t\t\t\t<div class=\"elementor-element elementor-element-019b285 elementor-widget elementor-widget-text-editor\" data-id=\"019b285\" data-element_type=\"widget\" data-widget_type=\"text-editor.default\">\n\t\t\t\t<div class=\"elementor-widget-container\">\n\t\t\t\t\t\t\t<p align=\"justify\"><span style=\"font-family: Times New Roman, serif\"><span style=\"font-size: medium\">O <strong>Programa de Extens\u00e3o &#8211; Assessoria a Imigrantes e Refugiados<\/strong>, vinculado ao Grupo de Pesquisa, Ensino e Extens\u00e3o em Direitos Humanos e Mobilidade Humana Internacional da UFSM, C\u00e1tedra S\u00e9rgio Vieira de Mello (MIGRAIDH\/CSVM), tem como objetivo a promo\u00e7\u00e3o de a\u00e7\u00f5es para o acesso a direitos da popula\u00e7\u00e3o migrante e refugiada, reconhecimento de direitos e desenvolvimento de processos legislativos e pol\u00edticas p\u00fablicas, apoio psicossocial e a\u00e7\u00f5es de integra\u00e7\u00e3o local desta popula\u00e7\u00e3o, por meio de assessoria t\u00e9cnico-jur\u00eddica, a\u00e7\u00f5es de acolhimento, acessibilidade lingu\u00edstica, atendimento psicol\u00f3gico, fortalecimento de redes e atua\u00e7\u00e3o pol\u00edtica. Atua nos seguintes eixos, com equipe multidisciplinar e por meio de conv\u00eanios internos:<\/span><\/span><\/p><ul><li><p align=\"justify\"><span style=\"color: #1c1e21\"><span style=\"font-family: Times New Roman, serif\"><span style=\"font-size: medium\">Assessoria jur\u00eddica e documental; <\/span><\/span><\/span><\/p><\/li><li><p align=\"justify\"><span style=\"color: #1c1e21\"><span style=\"font-family: Times New Roman, serif\"><span style=\"font-size: medium\">Atendimento psicossocial;<\/span><\/span><\/span><\/p><\/li><li><p align=\"justify\"><span style=\"color: #1c1e21\"><span style=\"font-family: Times New Roman, serif\"><span style=\"font-size: medium\">Acessibilidade lingu\u00edstica (rodas de conversa);<\/span><\/span><\/span><\/p><\/li><li><p align=\"justify\"><span style=\"color: #1c1e21\"><span style=\"font-family: Times New Roman, serif\"><span style=\"font-size: medium\">A\u00e7\u00f5es de apoio, acolhimento e integra\u00e7\u00e3o local;<\/span><\/span><\/span><\/p><\/li><li><p align=\"justify\"><span style=\"color: #1c1e21\"><span style=\"font-family: Times New Roman, serif\"><span style=\"font-size: medium\">Atua\u00e7\u00e3o na formula\u00e7\u00e3o de pol\u00edticas p\u00fablicas e em processos legislativos<\/span><\/span><\/span><span style=\"color: #1c1e21\"><span style=\"font-family: Times New Roman, serif\"><span style=\"font-size: medium\"><i> (advocacy<\/i><\/span><\/span><\/span><span style=\"color: #1c1e21\"><span style=\"font-family: Times New Roman, serif\"><span style=\"font-size: medium\">)<\/span><\/span><\/span><\/p><\/li><li><p align=\"justify\"><span style=\"color: #1c1e21\"><span style=\"font-family: Times New Roman, serif\"><span style=\"font-size: medium\">A\u00e7\u00f5es de defesa a direitos e combate \u00e0 xenofobia;<\/span><\/span><\/span><\/p><\/li><li><p align=\"justify\"><span style=\"color: #1c1e21\"><span style=\"font-family: Times New Roman, serif\"><span style=\"font-size: medium\">Forma\u00e7\u00e3o e capacita\u00e7\u00e3o de atores em direitos humanos e migra\u00e7\u00f5es internacionais.<\/span><\/span><\/span><\/p><\/li><\/ul><p align=\"justify\"><em><span style=\"color: #1c1e21\"><span style=\"font-family: Times New Roman, serif\"><span style=\"font-size: medium\">O atendimento ao p\u00fablico externo:<\/span><\/span><\/span><\/em><\/p><ul><li><p align=\"justify\"><span style=\"color: #1c1e21\"><span style=\"font-family: Times New Roman, serif\"><span style=\"font-size: medium\">Atendimento jur\u00eddico e documental: regulariza\u00e7\u00e3o migrat\u00f3ria; resid\u00eancia; naturaliza\u00e7\u00e3o; obten\u00e7\u00e3o de documentos em geral, acesso a servi\u00e7os p\u00fablicos;<\/span><\/span><\/span><\/p><\/li><li><p align=\"justify\"><span style=\"color: #1c1e21\"><span style=\"font-family: Times New Roman, serif\"><span style=\"font-size: medium\">Atendimento voltado ao acolhimento: encaminhamento \u00e0s redes municipais e demais atores da sociedade civil; <\/span><\/span><\/span><\/p><\/li><li><p align=\"justify\"><span style=\"color: #1c1e21\"><span style=\"font-family: Times New Roman, serif\"><span style=\"font-size: medium\">Apoio a a\u00e7\u00f5es de organiza\u00e7\u00e3o de associa\u00e7\u00f5es e grupos de migrantes e refugiados;<\/span><\/span><\/span><\/p><\/li><li><p align=\"justify\"><span style=\"color: #1c1e21\"><span style=\"font-family: Times New Roman, serif\"><span style=\"font-size: medium\">Atendimento psicol\u00f3gico, por meio do conv\u00eanio com a Cl\u00ednica de Psicologia da UFSM;<\/span><\/span><\/span><\/p><\/li><li><p align=\"justify\"><span style=\"color: #1c1e21\"><span style=\"font-family: Times New Roman, serif\"><span style=\"font-size: medium\">Rodas de Conversa para acessibilidade lingu\u00edstica para aprendizagem da l\u00edngua portuguesa.<\/span><\/span><\/span><\/p><\/li><\/ul>\t\t\t\t\t\t<\/div>\n\t\t\t\t<\/div>\n\t\t\t\t\t<\/div>\n\t\t<\/div>\n\t\t\t\t\t<\/div>\n\t\t<\/section>\n\t\t\t\t<section class=\"elementor-section elementor-top-section elementor-element elementor-element-fc57b67 elementor-section-boxed elementor-section-height-default elementor-section-height-default\" data-id=\"fc57b67\" data-element_type=\"section\">\n\t\t\t\t\t\t<div class=\"elementor-container elementor-column-gap-default\">\n\t\t\t\t\t<div class=\"elementor-column elementor-col-100 elementor-top-column elementor-element elementor-element-250d1bb\" data-id=\"250d1bb\" data-element_type=\"column\">\n\t\t\t<div class=\"elementor-widget-wrap elementor-element-populated\">\n\t\t\t\t\t\t<div class=\"elementor-element elementor-element-56c9cd1 elementor-widget-divider--view-line elementor-widget elementor-widget-divider\" data-id=\"56c9cd1\" data-element_type=\"widget\" data-widget_type=\"divider.default\">\n\t\t\t\t<div class=\"elementor-widget-container\">\n\t\t\t\t\t<div class=\"elementor-divider\">\n\t\t\t<span class=\"elementor-divider-separator\">\n\t\t\t\t\t\t<\/span>\n\t\t<\/div>\n\t\t\t\t<\/div>\n\t\t\t\t<\/div>\n\t\t\t\t\t<\/div>\n\t\t<\/div>\n\t\t\t\t\t<\/div>\n\t\t<\/section>\n\t\t\t\t<section class=\"elementor-section elementor-top-section elementor-element elementor-element-b993b79 elementor-section-boxed elementor-section-height-default elementor-section-height-default\" data-id=\"b993b79\" data-element_type=\"section\">\n\t\t\t\t\t\t<div class=\"elementor-container elementor-column-gap-default\">\n\t\t\t\t\t<div class=\"elementor-column elementor-col-100 elementor-top-column elementor-element elementor-element-50e92d7\" data-id=\"50e92d7\" data-element_type=\"column\">\n\t\t\t<div class=\"elementor-widget-wrap elementor-element-populated\">\n\t\t\t\t\t\t<div class=\"elementor-element elementor-element-125c23f elementor-widget elementor-widget-heading\" data-id=\"125c23f\" data-element_type=\"widget\" data-widget_type=\"heading.default\">\n\t\t\t\t<div class=\"elementor-widget-container\">\n\t\t\t<h5 class=\"elementor-heading-title elementor-size-default\">Informa\u00e7\u00f5es Gerais<\/h5>\t\t<\/div>\n\t\t\t\t<\/div>\n\t\t\t\t<div class=\"elementor-element elementor-element-928133a elementor-widget elementor-widget-text-editor\" data-id=\"928133a\" data-element_type=\"widget\" data-widget_type=\"text-editor.default\">\n\t\t\t\t<div class=\"elementor-widget-container\">\n\t\t\t\t\t\t\t<p style=\"text-align: justify\" align=\"left\"><span style=\"font-family: Times New Roman, serif\"><span style=\"font-size: medium\"><b>P\u00fablico: <\/b><\/span><\/span><span style=\"font-family: Times New Roman, serif\"><span style=\"font-size: medium\">Imigrantes e refugiados residentes em Santa Maria e no \u00e2mbito regional e nacional; atores p\u00fablicos e da sociedade civil ligados \u00e0 agenda. <\/span><\/span><\/p><p style=\"text-align: justify\" align=\"left\"><span style=\"font-family: Times New Roman, serif\"><span style=\"font-size: medium\"><b>\u00d3rg\u00e3o\/institui\u00e7\u00e3o\/entidade envolvida<\/b><\/span><\/span><span style=\"font-family: Times New Roman, serif\"><span style=\"font-size: medium\"> ACNUR (Ag\u00eancia da ONU para Refugiados).<\/span><\/span><\/p><p align=\"left\"><span style=\"font-family: Times New Roman, serif\"><span style=\"font-size: medium\"><b>Coordena\u00e7\u00e3o: <\/b><\/span><\/span><span style=\"font-family: Times New Roman, serif\"><span style=\"font-size: medium\">Prof.\u00aa Dr.\u00aa Giuliana Redin.<\/span><\/span><b><\/b><\/p>\t\t\t\t\t\t<\/div>\n\t\t\t\t<\/div>\n\t\t\t\t\t<\/div>\n\t\t<\/div>\n\t\t\t\t\t<\/div>\n\t\t<\/section>\n\t\t\t\t<section class=\"elementor-section elementor-top-section elementor-element elementor-element-d0b4a0a elementor-section-boxed elementor-section-height-default elementor-section-height-default\" data-id=\"d0b4a0a\" data-element_type=\"section\">\n\t\t\t\t\t\t<div class=\"elementor-container elementor-column-gap-default\">\n\t\t\t\t\t<div class=\"elementor-column elementor-col-100 elementor-top-column elementor-element elementor-element-f33d016\" data-id=\"f33d016\" data-element_type=\"column\">\n\t\t\t<div class=\"elementor-widget-wrap elementor-element-populated\">\n\t\t\t\t\t\t<div class=\"elementor-element elementor-element-8a295d5 elementor-widget elementor-widget-heading\" data-id=\"8a295d5\" data-element_type=\"widget\" data-widget_type=\"heading.default\">\n\t\t\t\t<div class=\"elementor-widget-container\">\n\t\t\t<h5 class=\"elementor-heading-title elementor-size-default\">Contatos<\/h5>\t\t<\/div>\n\t\t\t\t<\/div>\n\t\t\t\t\t<\/div>\n\t\t<\/div>\n\t\t\t\t\t<\/div>\n\t\t<\/section>\n\t\t\t\t<section class=\"elementor-section elementor-top-section elementor-element elementor-element-3b634ef elementor-section-boxed elementor-section-height-default elementor-section-height-default\" data-id=\"3b634ef\" data-element_type=\"section\">\n\t\t\t\t\t\t<div class=\"elementor-container elementor-column-gap-default\">\n\t\t\t\t\t<div class=\"elementor-column elementor-col-50 elementor-top-column elementor-element elementor-element-b002d88\" data-id=\"b002d88\" data-element_type=\"column\">\n\t\t\t<div class=\"elementor-widget-wrap elementor-element-populated\">\n\t\t\t\t\t\t<div class=\"elementor-element elementor-element-adf480b elementor-view-default elementor-widget elementor-widget-icon\" data-id=\"adf480b\" data-element_type=\"widget\" data-widget_type=\"icon.default\">\n\t\t\t\t<div class=\"elementor-widget-container\">\n\t\t\t\t\t<div class=\"elementor-icon-wrapper\">\n\t\t\t<div class=\"elementor-icon\">\n\t\t\t<i aria-hidden=\"true\" class=\"far fa-comments\"><\/i>\t\t\t<\/div>\n\t\t<\/div>\n\t\t\t\t<\/div>\n\t\t\t\t<\/div>\n\t\t\t\t<div class=\"elementor-element elementor-element-e896ec0 elementor-widget elementor-widget-heading\" data-id=\"e896ec0\" data-element_type=\"widget\" data-widget_type=\"heading.default\">\n\t\t\t\t<div class=\"elementor-widget-container\">\n\t\t\t<h6 class=\"elementor-heading-title elementor-size-default\">E-mail<\/h6>\t\t<\/div>\n\t\t\t\t<\/div>\n\t\t\t\t<div class=\"elementor-element elementor-element-8bd97c4 elementor-widget elementor-widget-text-editor\" data-id=\"8bd97c4\" data-element_type=\"widget\" data-widget_type=\"text-editor.default\">\n\t\t\t\t<div class=\"elementor-widget-container\">\n\t\t\t\t\t\t\t<p style=\"text-align: center\"><a href=\"mailto:migraidh@gmail.com\"><u>migraidh@gmail.com<\/u><\/a><\/p>\t\t\t\t\t\t<\/div>\n\t\t\t\t<\/div>\n\t\t\t\t\t<\/div>\n\t\t<\/div>\n\t\t\t\t<div class=\"elementor-column elementor-col-50 elementor-top-column elementor-element elementor-element-41d6af9\" data-id=\"41d6af9\" data-element_type=\"column\">\n\t\t\t<div class=\"elementor-widget-wrap elementor-element-populated\">\n\t\t\t\t\t\t<div class=\"elementor-element elementor-element-16a9b8e elementor-view-default elementor-widget elementor-widget-icon\" data-id=\"16a9b8e\" data-element_type=\"widget\" data-widget_type=\"icon.default\">\n\t\t\t\t<div class=\"elementor-widget-container\">\n\t\t\t\t\t<div class=\"elementor-icon-wrapper\">\n\t\t\t<div class=\"elementor-icon\">\n\t\t\t<i aria-hidden=\"true\" class=\"fas fa-building\"><\/i>\t\t\t<\/div>\n\t\t<\/div>\n\t\t\t\t<\/div>\n\t\t\t\t<\/div>\n\t\t\t\t<div class=\"elementor-element elementor-element-8bdc43c elementor-widget elementor-widget-heading\" data-id=\"8bdc43c\" data-element_type=\"widget\" data-widget_type=\"heading.default\">\n\t\t\t\t<div class=\"elementor-widget-container\">\n\t\t\t<h6 class=\"elementor-heading-title elementor-size-default\">Local de atendimento<\/h6>\t\t<\/div>\n\t\t\t\t<\/div>\n\t\t\t\t<div class=\"elementor-element elementor-element-a58beaa elementor-widget elementor-widget-text-editor\" data-id=\"a58beaa\" data-element_type=\"widget\" data-widget_type=\"text-editor.default\">\n\t\t\t\t<div class=\"elementor-widget-container\">\n\t\t\t\t\t\t\t<p style=\"text-align: center\"><span style=\"font-family: Times New Roman, serif\"><span style=\"font-size: medium\">Antiga Reitoria, Sala 505. <\/span><\/span><span style=\"font-family: Times New Roman, serif\"><span style=\"font-size: medium\">Rua Floriano Peixoto, 1184, Santa Maria, RS.<\/span><\/span><\/p>\t\t\t\t\t\t<\/div>\n\t\t\t\t<\/div>\n\t\t\t\t\t<\/div>\n\t\t<\/div>\n\t\t\t\t\t<\/div>\n\t\t<\/section>\n\t\t\t\t<section class=\"elementor-section elementor-top-section elementor-element elementor-element-7bdea0b elementor-section-boxed elementor-section-height-default elementor-section-height-default\" data-id=\"7bdea0b\" data-element_type=\"section\">\n\t\t\t\t\t\t<div class=\"elementor-container elementor-column-gap-default\">\n\t\t\t\t\t<div class=\"elementor-column elementor-col-100 elementor-top-column elementor-element elementor-element-00c4aa2\" data-id=\"00c4aa2\" data-element_type=\"column\">\n\t\t\t<div class=\"elementor-widget-wrap elementor-element-populated\">\n\t\t\t\t\t\t<div class=\"elementor-element elementor-element-4267907 elementor-widget elementor-widget-spacer\" data-id=\"4267907\" data-element_type=\"widget\" data-widget_type=\"spacer.default\">\n\t\t\t\t<div class=\"elementor-widget-container\">\n\t\t\t\t\t<div class=\"elementor-spacer\">\n\t\t\t<div class=\"elementor-spacer-inner\"><\/div>\n\t\t<\/div>\n\t\t\t\t<\/div>\n\t\t\t\t<\/div>\n\t\t\t\t\t<\/div>\n\t\t<\/div>\n\t\t\t\t\t<\/div>\n\t\t<\/section>\n\t\t\t\t<section class=\"elementor-section elementor-top-section elementor-element elementor-element-f75d156 elementor-section-boxed elementor-section-height-default elementor-section-height-default\" data-id=\"f75d156\" data-element_type=\"section\">\n\t\t\t\t\t\t<div class=\"elementor-container elementor-column-gap-default\">\n\t\t\t\t\t<div class=\"elementor-column elementor-col-100 elementor-top-column elementor-element elementor-element-80d93a6\" data-id=\"80d93a6\" data-element_type=\"column\">\n\t\t\t<div class=\"elementor-widget-wrap elementor-element-populated\">\n\t\t\t\t\t\t<div class=\"elementor-element elementor-element-3746608 elementor-widget elementor-widget-heading\" data-id=\"3746608\" data-element_type=\"widget\" data-widget_type=\"heading.default\">\n\t\t\t\t<div class=\"elementor-widget-container\">\n\t\t\t<h5 class=\"elementor-heading-title elementor-size-default\">Links \u00dateis<\/h5>\t\t<\/div>\n\t\t\t\t<\/div>\n\t\t\t\t\t<\/div>\n\t\t<\/div>\n\t\t\t\t\t<\/div>\n\t\t<\/section>\n\t\t\t\t<section class=\"elementor-section elementor-top-section elementor-element elementor-element-f136168 elementor-section-boxed elementor-section-height-default elementor-section-height-default\" data-id=\"f136168\" data-element_type=\"section\">\n\t\t\t\t\t\t<div class=\"elementor-container elementor-column-gap-default\">\n\t\t\t\t\t<div class=\"elementor-column elementor-col-33 elementor-top-column elementor-element elementor-element-dbb4b63\" data-id=\"dbb4b63\" data-element_type=\"column\">\n\t\t\t<div class=\"elementor-widget-wrap elementor-element-populated\">\n\t\t\t\t\t\t<div class=\"elementor-element elementor-element-90e088e elementor-view-default elementor-widget elementor-widget-icon\" data-id=\"90e088e\" data-element_type=\"widget\" data-widget_type=\"icon.default\">\n\t\t\t\t<div class=\"elementor-widget-container\">\n\t\t\t\t\t<div class=\"elementor-icon-wrapper\">\n\t\t\t<a class=\"elementor-icon\" href=\"https:\/\/www.ufsm.br\/pro-reitorias\/pre\/observatorio-de-direitos-humanos\/\">\n\t\t\t<i aria-hidden=\"true\" class=\"fas fa-balance-scale\"><\/i>\t\t\t<\/a>\n\t\t<\/div>\n\t\t\t\t<\/div>\n\t\t\t\t<\/div>\n\t\t\t\t<div class=\"elementor-element elementor-element-b9c6532 elementor-widget elementor-widget-heading\" data-id=\"b9c6532\" data-element_type=\"widget\" data-widget_type=\"heading.default\">\n\t\t\t\t<div class=\"elementor-widget-container\">\n\t\t\t<h6 class=\"elementor-heading-title elementor-size-default\">Observat\u00f3rio de Direitos Humanos UFSM<\/h6>\t\t<\/div>\n\t\t\t\t<\/div>\n\t\t\t\t\t<\/div>\n\t\t<\/div>\n\t\t\t\t<div class=\"elementor-column elementor-col-33 elementor-top-column elementor-element elementor-element-cf34a7c\" data-id=\"cf34a7c\" data-element_type=\"column\">\n\t\t\t<div class=\"elementor-widget-wrap elementor-element-populated\">\n\t\t\t\t\t\t<div class=\"elementor-element elementor-element-edbbeb2 elementor-view-default elementor-widget elementor-widget-icon\" data-id=\"edbbeb2\" data-element_type=\"widget\" data-widget_type=\"icon.default\">\n\t\t\t\t<div class=\"elementor-widget-container\">\n\t\t\t\t\t<div class=\"elementor-icon-wrapper\">\n\t\t\t<a class=\"elementor-icon\" href=\"https:\/\/www.acnur.org\/portugues\/\">\n\t\t\t<i aria-hidden=\"true\" class=\"fas fa-external-link-alt\"><\/i>\t\t\t<\/a>\n\t\t<\/div>\n\t\t\t\t<\/div>\n\t\t\t\t<\/div>\n\t\t\t\t<div class=\"elementor-element elementor-element-692a1df elementor-widget elementor-widget-heading\" data-id=\"692a1df\" data-element_type=\"widget\" data-widget_type=\"heading.default\">\n\t\t\t\t<div class=\"elementor-widget-container\">\n\t\t\t<h6 class=\"elementor-heading-title elementor-size-default\">ACNUR<\/h6>\t\t<\/div>\n\t\t\t\t<\/div>\n\t\t\t\t\t<\/div>\n\t\t<\/div>\n\t\t\t\t<div class=\"elementor-column elementor-col-33 elementor-top-column elementor-element elementor-element-83aea58\" data-id=\"83aea58\" data-element_type=\"column\">\n\t\t\t<div class=\"elementor-widget-wrap elementor-element-populated\">\n\t\t\t\t\t\t<div class=\"elementor-element elementor-element-9f004c5 elementor-view-default elementor-widget elementor-widget-icon\" data-id=\"9f004c5\" data-element_type=\"widget\" data-widget_type=\"icon.default\">\n\t\t\t\t<div class=\"elementor-widget-container\">\n\t\t\t\t\t<div class=\"elementor-icon-wrapper\">\n\t\t\t<a class=\"elementor-icon\" href=\"https:\/\/www.ufsm.br\/orgaos-de-apoio\/sai\/\">\n\t\t\t<i aria-hidden=\"true\" class=\"fas fa-globe-americas\"><\/i>\t\t\t<\/a>\n\t\t<\/div>\n\t\t\t\t<\/div>\n\t\t\t\t<\/div>\n\t\t\t\t<div class=\"elementor-element elementor-element-e5769c4 elementor-widget elementor-widget-heading\" data-id=\"e5769c4\" data-element_type=\"widget\" data-widget_type=\"heading.default\">\n\t\t\t\t<div class=\"elementor-widget-container\">\n\t\t\t<h6 class=\"elementor-heading-title elementor-size-default\">Secretaria de Apoio Internacional - SAI UFSM<\/h6>\t\t<\/div>\n\t\t\t\t<\/div>\n\t\t\t\t\t<\/div>\n\t\t<\/div>\n\t\t\t\t\t<\/div>\n\t\t<\/section>\n\t\t\t\t<\/div>\n\t\t","protected":false},"excerpt":{"rendered":"<p>O Programa de Extens\u00e3o &#8211; Assessoria a Imigrantes e Refugiados, vinculado ao Grupo de Pesquisa, Ensino e Extens\u00e3o em Direitos Humanos e Mobilidade Humana Internacional da UFSM, C\u00e1tedra S\u00e9rgio Vieira de Mello (MIGRAIDH\/CSVM), tem como objetivo a promo\u00e7\u00e3o de a\u00e7\u00f5es para o acesso a direitos da popula\u00e7\u00e3o migrante e refugiada, reconhecimento de direitos e desenvolvimento [&hellip;]<\/p>\n","protected":false},"author":1452,"featured_media":0,"parent":0,"menu_order":0,"comment_status":"closed","ping_status":"closed","template":"","meta":{"footnotes":""},"categories":[],"tags":[],"class_list":["post-4419","page","type-page","status-publish","hentry"],"acf":[],"_links":{"self":[{"href":"https:\/\/www.ufsm.br\/pro-reitorias\/pre\/wp-json\/wp\/v2\/pages\/4419","targetHints":{"allow":["GET"]}}],"collection":[{"href":"https:\/\/www.ufsm.br\/pro-reitorias\/pre\/wp-json\/wp\/v2\/pages"}],"about":[{"href":"https:\/\/www.ufsm.br\/pro-reitorias\/pre\/wp-json\/wp\/v2\/types\/page"}],"author":[{"embeddable":true,"href":"https:\/\/www.ufsm.br\/pro-reitorias\/pre\/wp-json\/wp\/v2\/users\/1452"}],"replies":[{"embeddable":true,"href":"https:\/\/www.ufsm.br\/pro-reitorias\/pre\/wp-json\/wp\/v2\/comments?post=4419"}],"version-history":[{"count":0,"href":"https:\/\/www.ufsm.br\/pro-reitorias\/pre\/wp-json\/wp\/v2\/pages\/4419\/revisions"}],"wp:attachment":[{"href":"https:\/\/www.ufsm.br\/pro-reitorias\/pre\/wp-json\/wp\/v2\/media?parent=4419"}],"wp:term":[{"taxonomy":"category","embeddable":true,"href":"https:\/\/www.ufsm.br\/pro-reitorias\/pre\/wp-json\/wp\/v2\/categories?post=4419"},{"taxonomy":"post_tag","embeddable":true,"href":"https:\/\/www.ufsm.br\/pro-reitorias\/pre\/wp-json\/wp\/v2\/tags?post=4419"}],"curies":[{"name":"wp","href":"https:\/\/api.w.org\/{rel}","templated":true}]}}