{"id":5474,"date":"2021-04-27T22:14:23","date_gmt":"2021-04-28T01:14:23","guid":{"rendered":"https:\/\/www.ufsm.br\/pro-reitorias\/pre\/?page_id=5474"},"modified":"2021-07-30T16:15:18","modified_gmt":"2021-07-30T19:15:18","slug":"datas","status":"publish","type":"page","link":"https:\/\/www.ufsm.br\/pro-reitorias\/pre\/augm\/datas","title":{"rendered":"Datas-Chave"},"content":{"rendered":"\t\t<div data-elementor-type=\"wp-page\" data-elementor-id=\"5474\" class=\"elementor elementor-5474\">\n\t\t\t\t\t\t<section class=\"elementor-section elementor-top-section elementor-element elementor-element-9bb9302 elementor-section-boxed elementor-section-height-default elementor-section-height-default\" data-id=\"9bb9302\" data-element_type=\"section\">\n\t\t\t\t\t\t<div class=\"elementor-container elementor-column-gap-default\">\n\t\t\t\t\t<div class=\"elementor-column elementor-col-100 elementor-top-column elementor-element elementor-element-a316dc9\" data-id=\"a316dc9\" data-element_type=\"column\">\n\t\t\t<div class=\"elementor-widget-wrap elementor-element-populated\">\n\t\t\t\t\t\t<div class=\"elementor-element elementor-element-a81440c elementor-widget elementor-widget-text-editor\" data-id=\"a81440c\" data-element_type=\"widget\" data-widget_type=\"text-editor.default\">\n\t\t\t\t<div class=\"elementor-widget-container\">\n\t\t\t\t\t\t\t<p><\/p>\n<table style=\"width: 100%;height: 1105px\">\n<tbody>\n<tr style=\"height: 233px\">\n<td style=\"height: 233px\">\n<p><span style=\"font-weight: 400\">Apresenta\u00e7\u00e3o das Publica\u00e7\u00f5es do IV Congresso de Extens\u00e3o da AUGM e<\/span> <span style=\"font-weight: 400\">Lan\u00e7amento do V Congresso de Extens\u00e3o<\/span><\/p>\n<\/td>\n<td style=\"height: 233px\">\n<p><span style=\"font-weight: 400\">26 de mar\u00e7o de 2021<\/span><\/p>\n<\/td>\n<\/tr>\n<tr style=\"height: 104px\">\n<td style=\"height: 104px\">\n<p><span style=\"font-weight: 400\">Divulga\u00e7\u00e3o da Primeira Circular&nbsp;<\/span><\/p>\n<\/td>\n<td style=\"height: 104px\">\n<p><span style=\"font-weight: 400\">26 de mar\u00e7o de 2021<\/span><\/p>\n<\/td>\n<\/tr>\n<tr style=\"height: 104px\">\n<td style=\"height: 104px\">\n<p><span style=\"font-weight: 400\">Divulga\u00e7\u00e3o da Segunda Circular&nbsp;<\/span><\/p>\n<\/td>\n<td style=\"height: 104px\">\n<p><span style=\"font-weight: 400\">28 de abril de 2021<\/span><\/p>\n<\/td>\n<\/tr>\n<tr style=\"height: 104px\">\n<td style=\"height: 104px\">\n<p><span style=\"font-weight: 400\">Submiss\u00e3o de propostas de Atividades<\/span><\/p>\n<\/td>\n<td style=\"height: 104px\">\n<p><span style=\"font-weight: 400\">At\u00e9 08 de agosto de 2021<\/span><\/p>\n<\/td>\n<\/tr>\n<tr style=\"height: 104px\">\n<td style=\"height: 104px\">\n<p><span style=\"font-weight: 400\">Submiss\u00e3o de trabalhos<\/span><\/p>\n<\/td>\n<td style=\"height: 104px\">\n<p><span style=\"font-weight: 400\">At\u00e9 08 de agosto de 2021<\/span><\/p>\n<\/td>\n<\/tr>\n<tr style=\"height: 144px\">\n<td style=\"height: 144px\">\n<p><span style=\"font-weight: 400\">Submiss\u00e3o para apresenta\u00e7\u00e3o de livros<\/span><\/p>\n<p><\/p>\n<\/td>\n<td style=\"height: 144px\">\n<p><span style=\"font-weight: 400\">At\u00e9 08 de agosto de 2021<\/span><\/p>\n<\/td>\n<\/tr>\n<tr>\n<td>\n<p><span style=\"font-weight: 400\">&nbsp;P<\/span><span>ropostas para apresenta\u00e7\u00f5es art\u00edsticas<\/span><\/p>\n<\/td>\n<td>\n<p><span style=\"font-weight: 400\">&nbsp;<\/span><span>At\u00e9 08 de agosto de 2021<\/span><\/p>\n<\/td>\n<\/tr>\n<tr style=\"height: 104px\">\n<td style=\"height: 104px\">\n<p><span style=\"font-weight: 400\">Divulga\u00e7\u00e3o dos aceites<\/span><\/p>\n<\/td>\n<td style=\"height: 104px\">\n<p><span style=\"font-weight: 400\">31 de agosto de 2021<\/span><\/p>\n<\/td>\n<\/tr>\n<tr style=\"height: 104px\">\n<td style=\"height: 104px\">\n<p><span style=\"font-weight: 400\">Inscri\u00e7\u00e3o de ouvintes<\/span><\/p>\n<\/td>\n<td style=\"height: 104px\">\n<p><span style=\"font-weight: 400\">At\u00e9 20 de agosto de 2021<\/span><\/p>\n<\/td>\n<\/tr>\n<tr style=\"height: 104px\">\n<td style=\"height: 104px\">\n<p><span style=\"font-weight: 400\">Realiza\u00e7\u00e3o do evento<\/span><\/p>\n<\/td>\n<td style=\"height: 104px\">\n<p><span style=\"font-weight: 400\">13 a 15 de setembro de 2021<\/span><\/p>\n<\/td>\n<\/tr>\n<\/tbody>\n<\/table>\t\t\t\t\t\t<\/div>\n\t\t\t\t<\/div>\n\t\t\t\t\t<\/div>\n\t\t<\/div>\n\t\t\t\t\t<\/div>\n\t\t<\/section>\n\t\t\t\t<section class=\"elementor-section elementor-top-section elementor-element elementor-element-7cb06b4f elementor-section-boxed elementor-section-height-default elementor-section-height-default\" data-id=\"7cb06b4f\" data-element_type=\"section\">\n\t\t\t\t\t\t<div class=\"elementor-container elementor-column-gap-default\">\n\t\t\t\t\t<div class=\"elementor-column elementor-col-100 elementor-top-column elementor-element elementor-element-f1c349b\" data-id=\"f1c349b\" data-element_type=\"column\">\n\t\t\t<div class=\"elementor-widget-wrap elementor-element-populated\">\n\t\t\t\t\t\t<div class=\"elementor-element elementor-element-6fab96f7 elementor-widget elementor-widget-text-editor\" data-id=\"6fab96f7\" data-element_type=\"widget\" data-widget_type=\"text-editor.default\">\n\t\t\t\t<div class=\"elementor-widget-container\">\n\t\t\t\t\t\t\t<!-- wp:tadv\/classic-paragraph \/-->\t\t\t\t\t\t<\/div>\n\t\t\t\t<\/div>\n\t\t\t\t\t<\/div>\n\t\t<\/div>\n\t\t\t\t\t<\/div>\n\t\t<\/section>\n\t\t\t\t<section class=\"elementor-section elementor-top-section elementor-element elementor-element-b18f91e elementor-section-boxed elementor-section-height-default elementor-section-height-default\" data-id=\"b18f91e\" data-element_type=\"section\">\n\t\t\t\t\t\t<div class=\"elementor-container elementor-column-gap-default\">\n\t\t\t\t\t<div class=\"elementor-column elementor-col-100 elementor-top-column elementor-element elementor-element-77ec61c\" data-id=\"77ec61c\" data-element_type=\"column\">\n\t\t\t<div class=\"elementor-widget-wrap elementor-element-populated\">\n\t\t\t\t\t\t<div class=\"elementor-element elementor-element-2d4b3dd elementor-align-center elementor-widget elementor-widget-button\" data-id=\"2d4b3dd\" data-element_type=\"widget\" data-widget_type=\"button.default\">\n\t\t\t\t<div class=\"elementor-widget-container\">\n\t\t\t\t\t\t\t<div class=\"elementor-button-wrapper\">\n\t\t\t\t\t<a class=\"elementor-button elementor-button-link elementor-size-sm\" href=\"https:\/\/www.ufsm.br\/pro-reitorias\/pre\/augm\">\n\t\t\t\t\t\t<span class=\"elementor-button-content-wrapper\">\n\t\t\t\t\t\t\t\t\t<span class=\"elementor-button-text\">Voltar \u00e0 Tela Inicial<\/span>\n\t\t\t\t\t<\/span>\n\t\t\t\t\t<\/a>\n\t\t\t\t<\/div>\n\t\t\t\t\t\t<\/div>\n\t\t\t\t<\/div>\n\t\t\t\t\t<\/div>\n\t\t<\/div>\n\t\t\t\t\t<\/div>\n\t\t<\/section>\n\t\t\t\t<\/div>\n\t\t","protected":false},"excerpt":{"rendered":"<p>Apresenta\u00e7\u00e3o das Publica\u00e7\u00f5es do IV Congresso de Extens\u00e3o da AUGM e Lan\u00e7amento do V Congresso de Extens\u00e3o 26 de mar\u00e7o de 2021 Divulga\u00e7\u00e3o da Primeira Circular&nbsp; 26 de mar\u00e7o de 2021 Divulga\u00e7\u00e3o da Segunda Circular&nbsp; 28 de abril de 2021 Submiss\u00e3o de propostas de Atividades At\u00e9 08 de agosto de 2021 Submiss\u00e3o de trabalhos At\u00e9 [&hellip;]<\/p>\n","protected":false},"author":2649,"featured_media":0,"parent":5443,"menu_order":0,"comment_status":"closed","ping_status":"closed","template":"","meta":{"footnotes":""},"categories":[],"tags":[],"class_list":["post-5474","page","type-page","status-publish","hentry"],"acf":[],"_links":{"self":[{"href":"https:\/\/www.ufsm.br\/pro-reitorias\/pre\/wp-json\/wp\/v2\/pages\/5474","targetHints":{"allow":["GET"]}}],"collection":[{"href":"https:\/\/www.ufsm.br\/pro-reitorias\/pre\/wp-json\/wp\/v2\/pages"}],"about":[{"href":"https:\/\/www.ufsm.br\/pro-reitorias\/pre\/wp-json\/wp\/v2\/types\/page"}],"author":[{"embeddable":true,"href":"https:\/\/www.ufsm.br\/pro-reitorias\/pre\/wp-json\/wp\/v2\/users\/2649"}],"replies":[{"embeddable":true,"href":"https:\/\/www.ufsm.br\/pro-reitorias\/pre\/wp-json\/wp\/v2\/comments?post=5474"}],"version-history":[{"count":0,"href":"https:\/\/www.ufsm.br\/pro-reitorias\/pre\/wp-json\/wp\/v2\/pages\/5474\/revisions"}],"up":[{"embeddable":true,"href":"https:\/\/www.ufsm.br\/pro-reitorias\/pre\/wp-json\/wp\/v2\/pages\/5443"}],"wp:attachment":[{"href":"https:\/\/www.ufsm.br\/pro-reitorias\/pre\/wp-json\/wp\/v2\/media?parent=5474"}],"wp:term":[{"taxonomy":"category","embeddable":true,"href":"https:\/\/www.ufsm.br\/pro-reitorias\/pre\/wp-json\/wp\/v2\/categories?post=5474"},{"taxonomy":"post_tag","embeddable":true,"href":"https:\/\/www.ufsm.br\/pro-reitorias\/pre\/wp-json\/wp\/v2\/tags?post=5474"}],"curies":[{"name":"wp","href":"https:\/\/api.w.org\/{rel}","templated":true}]}}