{"id":6285,"date":"2022-02-01T21:14:09","date_gmt":"2022-02-02T00:14:09","guid":{"rendered":"https:\/\/www.ufsm.br\/pro-reitorias\/pre\/?page_id=6285"},"modified":"2025-01-24T09:00:44","modified_gmt":"2025-01-24T12:00:44","slug":"conheca-a-pre","status":"publish","type":"page","link":"https:\/\/www.ufsm.br\/pro-reitorias\/pre\/conheca-a-pre","title":{"rendered":"Conhe\u00e7a a PRE"},"content":{"rendered":"\t\t<div data-elementor-type=\"wp-page\" data-elementor-id=\"6285\" class=\"elementor elementor-6285\">\n\t\t\t\t\t\t<section class=\"elementor-section elementor-top-section elementor-element elementor-element-26570a9 elementor-section-boxed elementor-section-height-default elementor-section-height-default\" data-id=\"26570a9\" data-element_type=\"section\">\n\t\t\t\t\t\t<div class=\"elementor-container elementor-column-gap-default\">\n\t\t\t\t\t<div class=\"elementor-column elementor-col-100 elementor-top-column elementor-element elementor-element-b5b187a\" data-id=\"b5b187a\" data-element_type=\"column\">\n\t\t\t<div class=\"elementor-widget-wrap elementor-element-populated\">\n\t\t\t\t\t\t<div class=\"elementor-element elementor-element-dd33989 elementor-widget-divider--view-line elementor-widget elementor-widget-divider\" data-id=\"dd33989\" data-element_type=\"widget\" data-widget_type=\"divider.default\">\n\t\t\t\t<div class=\"elementor-widget-container\">\n\t\t\t\t\t<div class=\"elementor-divider\">\n\t\t\t<span class=\"elementor-divider-separator\">\n\t\t\t\t\t\t<\/span>\n\t\t<\/div>\n\t\t\t\t<\/div>\n\t\t\t\t<\/div>\n\t\t\t\t\t<\/div>\n\t\t<\/div>\n\t\t\t\t\t<\/div>\n\t\t<\/section>\n\t\t\t\t<section class=\"elementor-section elementor-top-section elementor-element elementor-element-43d4c85 elementor-section-boxed elementor-section-height-default elementor-section-height-default\" data-id=\"43d4c85\" data-element_type=\"section\">\n\t\t\t\t\t\t<div class=\"elementor-container elementor-column-gap-default\">\n\t\t\t\t\t<div class=\"elementor-column elementor-col-100 elementor-top-column elementor-element elementor-element-741cd3d\" data-id=\"741cd3d\" data-element_type=\"column\">\n\t\t\t<div class=\"elementor-widget-wrap elementor-element-populated\">\n\t\t\t\t\t\t<div class=\"elementor-element elementor-element-cdf4abf elementor-widget elementor-widget-text-editor\" data-id=\"cdf4abf\" data-element_type=\"widget\" data-widget_type=\"text-editor.default\">\n\t\t\t\t<div class=\"elementor-widget-container\">\n\t\t\t\t\t\t\t<p align=\"justify\">A\u00a0<b>Pr\u00f3-Reitoria de Extens\u00e3o<\/b>\u00a0(PRE) tem como compet\u00eancias:<\/p><p align=\"justify\">I \u2013 coordenar, supervisionar, dirigir, promover e divulgar a\u00e7\u00f5es de extens\u00e3o da UFSM;<\/p><p align=\"justify\">II \u2013 dar conhecimento no \u00e2mbito acad\u00eamico sobre conceitos, caracter\u00edsticas e campo de atua\u00e7\u00e3o da extens\u00e3o universit\u00e1ria;<\/p><p align=\"justify\">III \u2013 articular e participar da constru\u00e7\u00e3o da pol\u00edtica de extens\u00e3o da Universidade, em conjunto com a C\u00e2mara de Extens\u00e3o, constitu\u00edda pelos representantes das Unidades de Ensino;<\/p><p align=\"justify\">IV \u2013 supervisionar a pol\u00edtica de extens\u00e3o da Universidade, previamente aprovada pelo Conselho de Ensino, Pesquisa e Extens\u00e3o;<\/p><p align=\"justify\">V \u2013 apoiar as a\u00e7\u00f5es extensionistas de interc\u00e2mbio cient\u00edfico e cultural com institui\u00e7\u00f5es cong\u00eaneres, nacionais e internacionais;<\/p><p align=\"justify\">VI \u2013 propor a regulamenta\u00e7\u00e3o institucional das a\u00e7\u00f5es de extens\u00e3o;<\/p><p align=\"justify\">VIII \u2013 elaborar seu plano anual de atividades e a parte que lhe competir no Plano de Desenvolvimento Institucional (PDI) da Universidade;<\/p><p align=\"justify\">IX \u2013 articular a execu\u00e7\u00e3o de projetos concebidos a partir de demandas locais\/regionais;<\/p><p align=\"justify\">X \u2013 desenvolver projetos estruturados de forma a proporcionar o desenvolvimento econ\u00f4mico, tecnol\u00f3gico, social, art\u00edstico, cultural, lingu\u00edstico e tur\u00edstico da regi\u00e3o da quarta col\u00f4nia; e<\/p><p align=\"justify\">XI \u2013 promover a realiza\u00e7\u00e3o de eventos que difundam os conhecimentos e as tecnologias geradas nas \u00e1reas institucional, educacional, tecnol\u00f3gica, art\u00edstica, cultural, social, industrial e comercial.<\/p>\t\t\t\t\t\t<\/div>\n\t\t\t\t<\/div>\n\t\t\t\t\t<\/div>\n\t\t<\/div>\n\t\t\t\t\t<\/div>\n\t\t<\/section>\n\t\t\t\t<section class=\"elementor-section elementor-top-section elementor-element elementor-element-503aafd elementor-section-boxed elementor-section-height-default elementor-section-height-default\" data-id=\"503aafd\" data-element_type=\"section\">\n\t\t\t\t\t\t<div class=\"elementor-container elementor-column-gap-default\">\n\t\t\t\t\t<div class=\"elementor-column elementor-col-100 elementor-top-column elementor-element elementor-element-c9cf8aa\" data-id=\"c9cf8aa\" data-element_type=\"column\">\n\t\t\t<div class=\"elementor-widget-wrap elementor-element-populated\">\n\t\t\t\t\t\t<div class=\"elementor-element elementor-element-22287f7 elementor-widget-divider--view-line elementor-widget elementor-widget-divider\" data-id=\"22287f7\" data-element_type=\"widget\" data-widget_type=\"divider.default\">\n\t\t\t\t<div class=\"elementor-widget-container\">\n\t\t\t\t\t<div class=\"elementor-divider\">\n\t\t\t<span class=\"elementor-divider-separator\">\n\t\t\t\t\t\t<\/span>\n\t\t<\/div>\n\t\t\t\t<\/div>\n\t\t\t\t<\/div>\n\t\t\t\t\t<\/div>\n\t\t<\/div>\n\t\t\t\t\t<\/div>\n\t\t<\/section>\n\t\t\t\t<section class=\"elementor-section elementor-top-section elementor-element elementor-element-9c66b0f elementor-section-boxed elementor-section-height-default elementor-section-height-default\" data-id=\"9c66b0f\" data-element_type=\"section\">\n\t\t\t\t\t\t<div class=\"elementor-container elementor-column-gap-default\">\n\t\t\t\t\t<div class=\"elementor-column elementor-col-100 elementor-top-column elementor-element elementor-element-edf569e\" data-id=\"edf569e\" data-element_type=\"column\">\n\t\t\t<div class=\"elementor-widget-wrap elementor-element-populated\">\n\t\t\t\t\t\t<div class=\"elementor-element elementor-element-8d72dff elementor-widget elementor-widget-text-editor\" data-id=\"8d72dff\" data-element_type=\"widget\" data-widget_type=\"text-editor.default\">\n\t\t\t\t<div class=\"elementor-widget-container\">\n\t\t\t\t\t\t\t<p style=\"text-align: center\" align=\"justify\"><strong>Pr\u00e9dio da Reitoria UFSM, 9\u00ba andar, sala 945. Cidade Universit\u00e1ria UFSM. Santa Maria (RS).<\/strong><\/p><p style=\"text-align: center\">Telefone: 55 3220 8219 | 55 3220 8366<\/p><p style=\"text-align: center\">E-mail:\u00a0<a class=\"notranslate\" href=\"mailto:extensao@ufsm.br\">extensao@ufsm.br<\/a><\/p><p style=\"text-align: center\">Atendimento: das 08h \u00e0s 12h e das 13h \u00e0s 17h<\/p>\t\t\t\t\t\t<\/div>\n\t\t\t\t<\/div>\n\t\t\t\t\t<\/div>\n\t\t<\/div>\n\t\t\t\t\t<\/div>\n\t\t<\/section>\n\t\t\t\t<section class=\"elementor-section elementor-top-section elementor-element elementor-element-0cc8126 elementor-section-boxed elementor-section-height-default elementor-section-height-default\" data-id=\"0cc8126\" data-element_type=\"section\">\n\t\t\t\t\t\t<div class=\"elementor-container elementor-column-gap-default\">\n\t\t\t\t\t<div class=\"elementor-column elementor-col-100 elementor-top-column elementor-element elementor-element-a2d6bbd\" data-id=\"a2d6bbd\" data-element_type=\"column\">\n\t\t\t<div class=\"elementor-widget-wrap elementor-element-populated\">\n\t\t\t\t\t\t<div class=\"elementor-element elementor-element-9a9e9a6 elementor-widget elementor-widget-heading\" data-id=\"9a9e9a6\" data-element_type=\"widget\" data-widget_type=\"heading.default\">\n\t\t\t\t<div class=\"elementor-widget-container\">\n\t\t\t<h5 class=\"elementor-heading-title elementor-size-default\">Equipe PRE<\/h5>\t\t<\/div>\n\t\t\t\t<\/div>\n\t\t\t\t\t<\/div>\n\t\t<\/div>\n\t\t\t\t\t<\/div>\n\t\t<\/section>\n\t\t\t\t<section class=\"elementor-section elementor-top-section elementor-element elementor-element-f490938 elementor-section-boxed elementor-section-height-default elementor-section-height-default\" data-id=\"f490938\" data-element_type=\"section\">\n\t\t\t\t\t\t<div class=\"elementor-container elementor-column-gap-default\">\n\t\t\t\t\t<div class=\"elementor-column elementor-col-100 elementor-top-column elementor-element elementor-element-e0477e4\" data-id=\"e0477e4\" data-element_type=\"column\">\n\t\t\t<div class=\"elementor-widget-wrap elementor-element-populated\">\n\t\t\t\t\t\t<div class=\"elementor-element elementor-element-67a612e elementor-view-default elementor-widget elementor-widget-icon\" data-id=\"67a612e\" data-element_type=\"widget\" data-widget_type=\"icon.default\">\n\t\t\t\t<div class=\"elementor-widget-container\">\n\t\t\t\t\t<div class=\"elementor-icon-wrapper\">\n\t\t\t<a class=\"elementor-icon\" href=\"https:\/\/www.ufsm.br\/pro-reitorias\/pre\/equipe\/\">\n\t\t\t<i aria-hidden=\"true\" class=\"fas fa-users\"><\/i>\t\t\t<\/a>\n\t\t<\/div>\n\t\t\t\t<\/div>\n\t\t\t\t<\/div>\n\t\t\t\t\t<\/div>\n\t\t<\/div>\n\t\t\t\t\t<\/div>\n\t\t<\/section>\n\t\t\t\t<\/div>\n\t\t","protected":false},"excerpt":{"rendered":"<p>A\u00a0Pr\u00f3-Reitoria de Extens\u00e3o\u00a0(PRE) tem como compet\u00eancias: I \u2013 coordenar, supervisionar, dirigir, promover e divulgar a\u00e7\u00f5es de extens\u00e3o da UFSM; II \u2013 dar conhecimento no \u00e2mbito acad\u00eamico sobre conceitos, caracter\u00edsticas e campo de atua\u00e7\u00e3o da extens\u00e3o universit\u00e1ria; III \u2013 articular e participar da constru\u00e7\u00e3o da pol\u00edtica de extens\u00e3o da Universidade, em conjunto com a C\u00e2mara de [&hellip;]<\/p>\n","protected":false},"author":1452,"featured_media":0,"parent":0,"menu_order":0,"comment_status":"closed","ping_status":"closed","template":"","meta":{"footnotes":""},"categories":[],"tags":[],"class_list":["post-6285","page","type-page","status-publish","hentry"],"acf":[],"_links":{"self":[{"href":"https:\/\/www.ufsm.br\/pro-reitorias\/pre\/wp-json\/wp\/v2\/pages\/6285","targetHints":{"allow":["GET"]}}],"collection":[{"href":"https:\/\/www.ufsm.br\/pro-reitorias\/pre\/wp-json\/wp\/v2\/pages"}],"about":[{"href":"https:\/\/www.ufsm.br\/pro-reitorias\/pre\/wp-json\/wp\/v2\/types\/page"}],"author":[{"embeddable":true,"href":"https:\/\/www.ufsm.br\/pro-reitorias\/pre\/wp-json\/wp\/v2\/users\/1452"}],"replies":[{"embeddable":true,"href":"https:\/\/www.ufsm.br\/pro-reitorias\/pre\/wp-json\/wp\/v2\/comments?post=6285"}],"version-history":[{"count":0,"href":"https:\/\/www.ufsm.br\/pro-reitorias\/pre\/wp-json\/wp\/v2\/pages\/6285\/revisions"}],"wp:attachment":[{"href":"https:\/\/www.ufsm.br\/pro-reitorias\/pre\/wp-json\/wp\/v2\/media?parent=6285"}],"wp:term":[{"taxonomy":"category","embeddable":true,"href":"https:\/\/www.ufsm.br\/pro-reitorias\/pre\/wp-json\/wp\/v2\/categories?post=6285"},{"taxonomy":"post_tag","embeddable":true,"href":"https:\/\/www.ufsm.br\/pro-reitorias\/pre\/wp-json\/wp\/v2\/tags?post=6285"}],"curies":[{"name":"wp","href":"https:\/\/api.w.org\/{rel}","templated":true}]}}