{"id":6341,"date":"2022-03-07T20:08:20","date_gmt":"2022-03-07T23:08:20","guid":{"rendered":"https:\/\/www.ufsm.br\/pro-reitorias\/pre\/?page_id=6341"},"modified":"2022-03-07T20:11:19","modified_gmt":"2022-03-07T23:11:19","slug":"exposicao-ufsm-no-projeto-rondon","status":"publish","type":"page","link":"https:\/\/www.ufsm.br\/pro-reitorias\/pre\/rastros-de-extensao\/exposicao-ufsm-no-projeto-rondon","title":{"rendered":"Exposi\u00e7\u00e3o UFSM no Projeto Rondon"},"content":{"rendered":"\t\t<div data-elementor-type=\"wp-page\" data-elementor-id=\"6341\" class=\"elementor elementor-6341\">\n\t\t\t\t\t\t<section class=\"elementor-section elementor-top-section elementor-element elementor-element-8114f90 elementor-section-boxed elementor-section-height-default elementor-section-height-default\" data-id=\"8114f90\" data-element_type=\"section\">\n\t\t\t\t\t\t<div class=\"elementor-container elementor-column-gap-default\">\n\t\t\t\t\t<div class=\"elementor-column elementor-col-100 elementor-top-column elementor-element elementor-element-d5e830f\" data-id=\"d5e830f\" data-element_type=\"column\">\n\t\t\t<div class=\"elementor-widget-wrap elementor-element-populated\">\n\t\t\t\t\t\t<div class=\"elementor-element elementor-element-8c64afb elementor-widget-divider--view-line elementor-widget elementor-widget-divider\" data-id=\"8c64afb\" data-element_type=\"widget\" data-widget_type=\"divider.default\">\n\t\t\t\t<div class=\"elementor-widget-container\">\n\t\t\t\t\t<div class=\"elementor-divider\">\n\t\t\t<span class=\"elementor-divider-separator\">\n\t\t\t\t\t\t<\/span>\n\t\t<\/div>\n\t\t\t\t<\/div>\n\t\t\t\t<\/div>\n\t\t\t\t\t<\/div>\n\t\t<\/div>\n\t\t\t\t\t<\/div>\n\t\t<\/section>\n\t\t\t\t<section class=\"elementor-section elementor-top-section elementor-element elementor-element-1eb9ccc elementor-section-boxed elementor-section-height-default elementor-section-height-default\" data-id=\"1eb9ccc\" data-element_type=\"section\">\n\t\t\t\t\t\t<div class=\"elementor-container elementor-column-gap-default\">\n\t\t\t\t\t<div class=\"elementor-column elementor-col-66 elementor-top-column elementor-element elementor-element-8ff07bc\" data-id=\"8ff07bc\" data-element_type=\"column\">\n\t\t\t<div class=\"elementor-widget-wrap elementor-element-populated\">\n\t\t\t\t\t\t<div class=\"elementor-element elementor-element-e5ec6b1 elementor-widget elementor-widget-text-editor\" data-id=\"e5ec6b1\" data-element_type=\"widget\" data-widget_type=\"text-editor.default\">\n\t\t\t\t<div class=\"elementor-widget-container\">\n\t\t\t\t\t\t\t<p><span style=\"color: #000000\"><span style=\"font-family: verdana, geneva, sans-serif\"><span style=\"font-size: medium\">A quarta exposi\u00e7\u00e3o, a <\/span><\/span><\/span><strong><span style=\"color: #000000\"><span style=\"font-family: verdana, geneva, sans-serif\"><span style=\"font-size: medium\">Exposi\u00e7\u00e3o UFSM no Projeto Rondon<\/span><\/span><\/span><\/strong><span style=\"color: #000000\"><span style=\"font-family: verdana, geneva, sans-serif\"><span style=\"font-size: medium\">, resgata a participa\u00e7\u00e3o da Universidade Federal de Santa Maria no projeto de 1969 a 1985 e de 2005 a 2015. A UFSM foi pioneira em participar das opera\u00e7\u00f5es, em 1968, e em implantar o Campus Avan\u00e7ado no Territ\u00f3rio Federal de Roraima.<\/span><\/span><\/span><\/p>\t\t\t\t\t\t<\/div>\n\t\t\t\t<\/div>\n\t\t\t\t\t<\/div>\n\t\t<\/div>\n\t\t\t\t<div class=\"elementor-column elementor-col-33 elementor-top-column elementor-element elementor-element-8736662\" data-id=\"8736662\" data-element_type=\"column\">\n\t\t\t<div class=\"elementor-widget-wrap elementor-element-populated\">\n\t\t\t\t\t\t<div class=\"elementor-element elementor-element-e118c15 elementor-view-default elementor-widget elementor-widget-icon\" data-id=\"e118c15\" data-element_type=\"widget\" data-widget_type=\"icon.default\">\n\t\t\t\t<div class=\"elementor-widget-container\">\n\t\t\t\t\t<div class=\"elementor-icon-wrapper\">\n\t\t\t<a class=\"elementor-icon\" href=\"http:\/\/w3.ufsm.br\/pre\/images\/pdfs\/UFSM%20no%20Projeto%20Rondon%20participantes%201969%20a%202015.pdf\">\n\t\t\t<i aria-hidden=\"true\" class=\"fas fa-info-circle\"><\/i>\t\t\t<\/a>\n\t\t<\/div>\n\t\t\t\t<\/div>\n\t\t\t\t<\/div>\n\t\t\t\t<div class=\"elementor-element elementor-element-a9b11d8 elementor-widget elementor-widget-heading\" data-id=\"a9b11d8\" data-element_type=\"widget\" data-widget_type=\"heading.default\">\n\t\t\t\t<div class=\"elementor-widget-container\">\n\t\t\t<h6 class=\"elementor-heading-title elementor-size-default\">Aperte no \u00edcone e conhe\u00e7a os participantes de cada Opera\u00e7\u00e3o.<\/h6>\t\t<\/div>\n\t\t\t\t<\/div>\n\t\t\t\t\t<\/div>\n\t\t<\/div>\n\t\t\t\t\t<\/div>\n\t\t<\/section>\n\t\t\t\t<section class=\"elementor-section elementor-top-section elementor-element elementor-element-5c02ce7 elementor-section-boxed elementor-section-height-default elementor-section-height-default\" data-id=\"5c02ce7\" data-element_type=\"section\">\n\t\t\t\t\t\t<div class=\"elementor-container elementor-column-gap-default\">\n\t\t\t\t\t<div class=\"elementor-column elementor-col-100 elementor-top-column elementor-element elementor-element-5b6299f\" data-id=\"5b6299f\" data-element_type=\"column\">\n\t\t\t<div class=\"elementor-widget-wrap elementor-element-populated\">\n\t\t\t\t\t\t<div class=\"elementor-element elementor-element-ac07315 elementor-widget-divider--view-line elementor-widget elementor-widget-divider\" data-id=\"ac07315\" data-element_type=\"widget\" data-widget_type=\"divider.default\">\n\t\t\t\t<div class=\"elementor-widget-container\">\n\t\t\t\t\t<div class=\"elementor-divider\">\n\t\t\t<span class=\"elementor-divider-separator\">\n\t\t\t\t\t\t<\/span>\n\t\t<\/div>\n\t\t\t\t<\/div>\n\t\t\t\t<\/div>\n\t\t\t\t\t<\/div>\n\t\t<\/div>\n\t\t\t\t\t<\/div>\n\t\t<\/section>\n\t\t\t\t<section class=\"elementor-section elementor-top-section elementor-element elementor-element-4865b4c elementor-section-boxed elementor-section-height-default elementor-section-height-default\" data-id=\"4865b4c\" data-element_type=\"section\">\n\t\t\t\t\t\t<div class=\"elementor-container elementor-column-gap-default\">\n\t\t\t\t\t<div class=\"elementor-column elementor-col-100 elementor-top-column elementor-element elementor-element-0a58491\" data-id=\"0a58491\" data-element_type=\"column\">\n\t\t\t<div class=\"elementor-widget-wrap elementor-element-populated\">\n\t\t\t\t\t\t<div class=\"elementor-element elementor-element-9415fa2 elementor-arrows-position-inside elementor-pagination-position-outside elementor-widget elementor-widget-image-carousel\" data-id=\"9415fa2\" data-element_type=\"widget\" data-settings=\"{&quot;slides_to_show&quot;:&quot;1&quot;,&quot;autoplay&quot;:&quot;no&quot;,&quot;effect&quot;:&quot;fade&quot;,&quot;navigation&quot;:&quot;both&quot;,&quot;infinite&quot;:&quot;yes&quot;,&quot;speed&quot;:500}\" data-widget_type=\"image-carousel.default\">\n\t\t\t\t<div class=\"elementor-widget-container\">\n\t\t\t\t\t<div class=\"elementor-image-carousel-wrapper swiper\" dir=\"ltr\">\n\t\t\t<div class=\"elementor-image-carousel swiper-wrapper\" aria-live=\"polite\">\n\t\t\t\t\t\t\t\t<div class=\"swiper-slide\" role=\"group\" aria-roledescription=\"slide\" aria-label=\"1 of 40\"><figure class=\"swiper-slide-inner\"><img decoding=\"async\" class=\"swiper-slide-image\" src=\"https:\/\/www.ufsm.br\/app\/uploads\/sites\/346\/2018\/08\/UFSM.ProjRastrosRONDONPainel01-768x960.jpg\" alt=\"Exposi\u00e7\u00e3o UFSM no Projeto Rondon\" \/><\/figure><\/div><div class=\"swiper-slide\" role=\"group\" aria-roledescription=\"slide\" aria-label=\"2 of 40\"><figure class=\"swiper-slide-inner\"><img decoding=\"async\" class=\"swiper-slide-image\" src=\"https:\/\/www.ufsm.br\/app\/uploads\/sites\/346\/2018\/08\/UFSM.ProjRastrosRONDONPainel02-768x960.jpg\" alt=\"Exposi\u00e7\u00e3o UFSM no Projeto Rondon\" \/><\/figure><\/div><div class=\"swiper-slide\" role=\"group\" aria-roledescription=\"slide\" aria-label=\"3 of 40\"><figure class=\"swiper-slide-inner\"><img decoding=\"async\" class=\"swiper-slide-image\" src=\"https:\/\/www.ufsm.br\/app\/uploads\/sites\/346\/2018\/08\/UFSM.ProjRastrosRONDONPainel03-1-768x960.jpg\" alt=\"Exposi\u00e7\u00e3o UFSM no Projeto Rondon\" \/><\/figure><\/div><div class=\"swiper-slide\" role=\"group\" aria-roledescription=\"slide\" aria-label=\"4 of 40\"><figure class=\"swiper-slide-inner\"><img decoding=\"async\" class=\"swiper-slide-image\" src=\"https:\/\/www.ufsm.br\/app\/uploads\/sites\/346\/2018\/08\/UFSM.ProjRastrosRONDONPainel03-2-768x960.jpg\" alt=\"Exposi\u00e7\u00e3o UFSM no Projeto Rondon\" \/><\/figure><\/div><div class=\"swiper-slide\" role=\"group\" aria-roledescription=\"slide\" aria-label=\"5 of 40\"><figure class=\"swiper-slide-inner\"><img decoding=\"async\" class=\"swiper-slide-image\" src=\"https:\/\/www.ufsm.br\/app\/uploads\/sites\/346\/2018\/08\/UFSM.ProjRastrosRONDONPainel04-2-768x960.jpg\" alt=\"Exposi\u00e7\u00e3o UFSM no Projeto Rondon\" \/><\/figure><\/div><div class=\"swiper-slide\" role=\"group\" aria-roledescription=\"slide\" aria-label=\"6 of 40\"><figure class=\"swiper-slide-inner\"><img decoding=\"async\" class=\"swiper-slide-image\" src=\"https:\/\/www.ufsm.br\/app\/uploads\/sites\/346\/2018\/08\/UFSM.ProjRastrosRONDONPainel05-768x960.jpg\" alt=\"Exposi\u00e7\u00e3o UFSM no Projeto Rondon\" \/><\/figure><\/div><div class=\"swiper-slide\" role=\"group\" aria-roledescription=\"slide\" aria-label=\"7 of 40\"><figure class=\"swiper-slide-inner\"><img decoding=\"async\" class=\"swiper-slide-image\" src=\"https:\/\/www.ufsm.br\/app\/uploads\/sites\/346\/2018\/08\/UFSM.ProjRastrosRONDONPainel06-768x960.jpg\" alt=\"Exposi\u00e7\u00e3o UFSM no Projeto Rondon\" \/><\/figure><\/div><div class=\"swiper-slide\" role=\"group\" aria-roledescription=\"slide\" aria-label=\"8 of 40\"><figure class=\"swiper-slide-inner\"><img decoding=\"async\" class=\"swiper-slide-image\" src=\"https:\/\/www.ufsm.br\/app\/uploads\/sites\/346\/2018\/08\/UFSM.ProjRastrosRONDONPainel07-768x960.jpg\" alt=\"Exposi\u00e7\u00e3o UFSM no Projeto Rondon\" \/><\/figure><\/div><div class=\"swiper-slide\" role=\"group\" aria-roledescription=\"slide\" aria-label=\"9 of 40\"><figure class=\"swiper-slide-inner\"><img decoding=\"async\" class=\"swiper-slide-image\" src=\"https:\/\/www.ufsm.br\/app\/uploads\/sites\/346\/2018\/08\/UFSM.ProjRastrosRONDONPainel08-1-768x960.jpg\" alt=\"Exposi\u00e7\u00e3o UFSM no Projeto Rondon\" \/><\/figure><\/div><div class=\"swiper-slide\" role=\"group\" aria-roledescription=\"slide\" aria-label=\"10 of 40\"><figure class=\"swiper-slide-inner\"><img decoding=\"async\" class=\"swiper-slide-image\" src=\"https:\/\/www.ufsm.br\/app\/uploads\/sites\/346\/2018\/08\/UFSM.ProjRastrosRONDONPainel08-2-768x960.jpg\" alt=\"Exposi\u00e7\u00e3o UFSM no Projeto Rondon\" \/><\/figure><\/div><div class=\"swiper-slide\" role=\"group\" aria-roledescription=\"slide\" aria-label=\"11 of 40\"><figure class=\"swiper-slide-inner\"><img decoding=\"async\" class=\"swiper-slide-image\" src=\"https:\/\/www.ufsm.br\/app\/uploads\/sites\/346\/2018\/08\/UFSM.ProjRastrosRONDONPainel09-768x960.jpg\" alt=\"Exposi\u00e7\u00e3o UFSM no Projeto Rondon\" \/><\/figure><\/div><div class=\"swiper-slide\" role=\"group\" aria-roledescription=\"slide\" aria-label=\"12 of 40\"><figure class=\"swiper-slide-inner\"><img decoding=\"async\" class=\"swiper-slide-image\" src=\"https:\/\/www.ufsm.br\/app\/uploads\/sites\/346\/2018\/08\/UFSM.ProjRastrosRONDONPainel10-768x960.jpg\" alt=\"Exposi\u00e7\u00e3o UFSM no Projeto Rondon\" \/><\/figure><\/div><div class=\"swiper-slide\" role=\"group\" aria-roledescription=\"slide\" aria-label=\"13 of 40\"><figure class=\"swiper-slide-inner\"><img decoding=\"async\" class=\"swiper-slide-image\" src=\"https:\/\/www.ufsm.br\/app\/uploads\/sites\/346\/2018\/08\/UFSM.ProjRastrosRONDONPainel11-768x960.jpg\" alt=\"Exposi\u00e7\u00e3o UFSM no Projeto Rondon\" \/><\/figure><\/div><div class=\"swiper-slide\" role=\"group\" aria-roledescription=\"slide\" aria-label=\"14 of 40\"><figure class=\"swiper-slide-inner\"><img decoding=\"async\" class=\"swiper-slide-image\" src=\"https:\/\/www.ufsm.br\/app\/uploads\/sites\/346\/2018\/08\/UFSM.ProjRastrosRONDONPainel12-768x960.jpg\" alt=\"Exposi\u00e7\u00e3o UFSM no Projeto Rondon\" \/><\/figure><\/div><div class=\"swiper-slide\" role=\"group\" aria-roledescription=\"slide\" aria-label=\"15 of 40\"><figure class=\"swiper-slide-inner\"><img decoding=\"async\" class=\"swiper-slide-image\" src=\"https:\/\/www.ufsm.br\/app\/uploads\/sites\/346\/2018\/08\/UFSM.ProjRastrosRONDONPainel13-2-768x960.jpg\" alt=\"Exposi\u00e7\u00e3o UFSM no Projeto Rondon\" \/><\/figure><\/div><div class=\"swiper-slide\" role=\"group\" aria-roledescription=\"slide\" aria-label=\"16 of 40\"><figure class=\"swiper-slide-inner\"><img decoding=\"async\" class=\"swiper-slide-image\" src=\"https:\/\/www.ufsm.br\/app\/uploads\/sites\/346\/2018\/08\/UFSM.ProjRastrosRONDONPainel14-1-768x960.jpg\" alt=\"Exposi\u00e7\u00e3o UFSM no Projeto Rondon\" \/><\/figure><\/div><div class=\"swiper-slide\" role=\"group\" aria-roledescription=\"slide\" aria-label=\"17 of 40\"><figure class=\"swiper-slide-inner\"><img decoding=\"async\" class=\"swiper-slide-image\" src=\"https:\/\/www.ufsm.br\/app\/uploads\/sites\/346\/2018\/08\/UFSM.ProjRastrosRONDONPainel14-2-768x960.jpg\" alt=\"Exposi\u00e7\u00e3o UFSM no Projeto Rondon\" \/><\/figure><\/div><div class=\"swiper-slide\" role=\"group\" aria-roledescription=\"slide\" aria-label=\"18 of 40\"><figure class=\"swiper-slide-inner\"><img decoding=\"async\" class=\"swiper-slide-image\" src=\"https:\/\/www.ufsm.br\/app\/uploads\/sites\/346\/2018\/08\/UFSM.ProjRastrosRONDONPainel15-768x960.jpg\" alt=\"Exposi\u00e7\u00e3o UFSM no Projeto Rondon\" \/><\/figure><\/div><div class=\"swiper-slide\" role=\"group\" aria-roledescription=\"slide\" aria-label=\"19 of 40\"><figure class=\"swiper-slide-inner\"><img decoding=\"async\" class=\"swiper-slide-image\" src=\"https:\/\/www.ufsm.br\/app\/uploads\/sites\/346\/2018\/08\/UFSM.ProjRastrosRONDONPainel16-768x960.jpg\" alt=\"Exposi\u00e7\u00e3o UFSM no Projeto Rondon\" \/><\/figure><\/div><div class=\"swiper-slide\" role=\"group\" aria-roledescription=\"slide\" aria-label=\"20 of 40\"><figure class=\"swiper-slide-inner\"><img decoding=\"async\" class=\"swiper-slide-image\" src=\"https:\/\/www.ufsm.br\/app\/uploads\/sites\/346\/2018\/08\/UFSM.ProjRastrosRONDONPainel17-768x960.jpg\" alt=\"Exposi\u00e7\u00e3o UFSM no Projeto Rondon\" \/><\/figure><\/div><div class=\"swiper-slide\" role=\"group\" aria-roledescription=\"slide\" aria-label=\"21 of 40\"><figure class=\"swiper-slide-inner\"><img decoding=\"async\" class=\"swiper-slide-image\" src=\"https:\/\/www.ufsm.br\/app\/uploads\/sites\/346\/2018\/08\/UFSM.ProjRastrosRONDONPainel18-768x960.jpg\" alt=\"Exposi\u00e7\u00e3o UFSM no Projeto Rondon\" \/><\/figure><\/div><div class=\"swiper-slide\" role=\"group\" aria-roledescription=\"slide\" aria-label=\"22 of 40\"><figure class=\"swiper-slide-inner\"><img decoding=\"async\" class=\"swiper-slide-image\" src=\"https:\/\/www.ufsm.br\/app\/uploads\/sites\/346\/2018\/08\/UFSM.ProjRastrosRONDONPainel19-1-768x960.jpg\" alt=\"Exposi\u00e7\u00e3o UFSM no Projeto Rondon\" \/><\/figure><\/div><div class=\"swiper-slide\" role=\"group\" aria-roledescription=\"slide\" aria-label=\"23 of 40\"><figure class=\"swiper-slide-inner\"><img decoding=\"async\" class=\"swiper-slide-image\" src=\"https:\/\/www.ufsm.br\/app\/uploads\/sites\/346\/2018\/08\/UFSM.ProjRastrosRONDONPainel19-2-768x960.jpg\" alt=\"Exposi\u00e7\u00e3o UFSM no Projeto Rondon\" \/><\/figure><\/div><div class=\"swiper-slide\" role=\"group\" aria-roledescription=\"slide\" aria-label=\"24 of 40\"><figure class=\"swiper-slide-inner\"><img decoding=\"async\" class=\"swiper-slide-image\" src=\"https:\/\/www.ufsm.br\/app\/uploads\/sites\/346\/2018\/08\/UFSM.ProjRastrosRONDONPainel19-3-768x960.jpg\" alt=\"Exposi\u00e7\u00e3o UFSM no Projeto Rondon\" \/><\/figure><\/div><div class=\"swiper-slide\" role=\"group\" aria-roledescription=\"slide\" aria-label=\"25 of 40\"><figure class=\"swiper-slide-inner\"><img decoding=\"async\" class=\"swiper-slide-image\" src=\"https:\/\/www.ufsm.br\/app\/uploads\/sites\/346\/2018\/08\/UFSM.ProjRastrosRONDONPainel20-768x960.jpg\" alt=\"Exposi\u00e7\u00e3o UFSM no Projeto Rondon\" \/><\/figure><\/div><div class=\"swiper-slide\" role=\"group\" aria-roledescription=\"slide\" aria-label=\"26 of 40\"><figure class=\"swiper-slide-inner\"><img decoding=\"async\" class=\"swiper-slide-image\" src=\"https:\/\/www.ufsm.br\/app\/uploads\/sites\/346\/2018\/08\/UFSM.ProjRastrosRONDONPainel21-768x960.jpg\" alt=\"Exposi\u00e7\u00e3o UFSM no Projeto Rondon\" \/><\/figure><\/div><div class=\"swiper-slide\" role=\"group\" aria-roledescription=\"slide\" aria-label=\"27 of 40\"><figure class=\"swiper-slide-inner\"><img decoding=\"async\" class=\"swiper-slide-image\" src=\"https:\/\/www.ufsm.br\/app\/uploads\/sites\/346\/2018\/08\/UFSM.ProjRastrosRONDONPainel22-1-768x960.jpg\" alt=\"Exposi\u00e7\u00e3o UFSM no Projeto Rondon\" \/><\/figure><\/div><div class=\"swiper-slide\" role=\"group\" aria-roledescription=\"slide\" aria-label=\"28 of 40\"><figure class=\"swiper-slide-inner\"><img decoding=\"async\" class=\"swiper-slide-image\" src=\"https:\/\/www.ufsm.br\/app\/uploads\/sites\/346\/2018\/08\/UFSM.ProjRastrosRONDONPainel22-2-768x960.jpg\" alt=\"Exposi\u00e7\u00e3o UFSM no Projeto Rondon\" \/><\/figure><\/div><div class=\"swiper-slide\" role=\"group\" aria-roledescription=\"slide\" aria-label=\"29 of 40\"><figure class=\"swiper-slide-inner\"><img decoding=\"async\" class=\"swiper-slide-image\" src=\"https:\/\/www.ufsm.br\/app\/uploads\/sites\/346\/2018\/08\/UFSM.ProjRastrosRONDONPainel23-768x960.jpg\" alt=\"Exposi\u00e7\u00e3o UFSM no Projeto Rondon\" \/><\/figure><\/div><div class=\"swiper-slide\" role=\"group\" aria-roledescription=\"slide\" aria-label=\"30 of 40\"><figure class=\"swiper-slide-inner\"><img decoding=\"async\" class=\"swiper-slide-image\" src=\"https:\/\/www.ufsm.br\/app\/uploads\/sites\/346\/2018\/08\/UFSM.ProjRastrosRONDONPainel24-1-768x960.jpg\" alt=\"Exposi\u00e7\u00e3o UFSM no Projeto Rondon\" \/><\/figure><\/div><div class=\"swiper-slide\" role=\"group\" aria-roledescription=\"slide\" aria-label=\"31 of 40\"><figure class=\"swiper-slide-inner\"><img decoding=\"async\" class=\"swiper-slide-image\" src=\"https:\/\/www.ufsm.br\/app\/uploads\/sites\/346\/2018\/08\/UFSM.ProjRastrosRONDONPainel24-2-768x960.jpg\" alt=\"Exposi\u00e7\u00e3o UFSM no Projeto Rondon\" \/><\/figure><\/div><div class=\"swiper-slide\" role=\"group\" aria-roledescription=\"slide\" aria-label=\"32 of 40\"><figure class=\"swiper-slide-inner\"><img decoding=\"async\" class=\"swiper-slide-image\" src=\"https:\/\/www.ufsm.br\/app\/uploads\/sites\/346\/2018\/08\/UFSM.ProjRastrosRONDONPainel24-3-768x960.jpg\" alt=\"Exposi\u00e7\u00e3o UFSM no Projeto Rondon\" \/><\/figure><\/div><div class=\"swiper-slide\" role=\"group\" aria-roledescription=\"slide\" aria-label=\"33 of 40\"><figure class=\"swiper-slide-inner\"><img decoding=\"async\" class=\"swiper-slide-image\" src=\"https:\/\/www.ufsm.br\/app\/uploads\/sites\/346\/2018\/08\/UFSM.ProjRastrosRONDONPainel24-4-768x960.jpg\" alt=\"Exposi\u00e7\u00e3o UFSM no Projeto Rondon\" \/><\/figure><\/div><div class=\"swiper-slide\" role=\"group\" aria-roledescription=\"slide\" aria-label=\"34 of 40\"><figure class=\"swiper-slide-inner\"><img decoding=\"async\" class=\"swiper-slide-image\" src=\"https:\/\/www.ufsm.br\/app\/uploads\/sites\/346\/2018\/08\/UFSM.ProjRastrosRONDONPainel25-768x960.jpg\" alt=\"Exposi\u00e7\u00e3o UFSM no Projeto Rondon\" \/><\/figure><\/div><div class=\"swiper-slide\" role=\"group\" aria-roledescription=\"slide\" aria-label=\"35 of 40\"><figure class=\"swiper-slide-inner\"><img decoding=\"async\" class=\"swiper-slide-image\" src=\"https:\/\/www.ufsm.br\/app\/uploads\/sites\/346\/2018\/08\/UFSM.ProjRastrosRONDONPainel26-1-768x960.jpg\" alt=\"Exposi\u00e7\u00e3o UFSM no Projeto Rondon\" \/><\/figure><\/div><div class=\"swiper-slide\" role=\"group\" aria-roledescription=\"slide\" aria-label=\"36 of 40\"><figure class=\"swiper-slide-inner\"><img decoding=\"async\" class=\"swiper-slide-image\" src=\"https:\/\/www.ufsm.br\/app\/uploads\/sites\/346\/2018\/08\/UFSM.ProjRastrosRONDONPainel26-2-768x960.jpg\" alt=\"Exposi\u00e7\u00e3o UFSM no Projeto Rondon\" \/><\/figure><\/div><div class=\"swiper-slide\" role=\"group\" aria-roledescription=\"slide\" aria-label=\"37 of 40\"><figure class=\"swiper-slide-inner\"><img decoding=\"async\" class=\"swiper-slide-image\" src=\"https:\/\/www.ufsm.br\/app\/uploads\/sites\/346\/2018\/08\/UFSM.ProjRastrosRONDONPainel26-3-768x960.jpg\" alt=\"Exposi\u00e7\u00e3o UFSM no Projeto Rondon\" \/><\/figure><\/div><div class=\"swiper-slide\" role=\"group\" aria-roledescription=\"slide\" aria-label=\"38 of 40\"><figure class=\"swiper-slide-inner\"><img decoding=\"async\" class=\"swiper-slide-image\" src=\"https:\/\/www.ufsm.br\/app\/uploads\/sites\/346\/2018\/08\/UFSM.ProjRastrosRONDONPainel26-4-768x960.jpg\" alt=\"Exposi\u00e7\u00e3o UFSM no Projeto Rondon\" \/><\/figure><\/div><div class=\"swiper-slide\" role=\"group\" aria-roledescription=\"slide\" aria-label=\"39 of 40\"><figure class=\"swiper-slide-inner\"><img decoding=\"async\" class=\"swiper-slide-image\" src=\"https:\/\/www.ufsm.br\/app\/uploads\/sites\/346\/2018\/08\/UFSM.ProjRastrosRONDONPainel27-768x960.jpg\" alt=\"Exposi\u00e7\u00e3o UFSM no Projeto Rondon\" \/><\/figure><\/div><div class=\"swiper-slide\" role=\"group\" aria-roledescription=\"slide\" aria-label=\"40 of 40\"><figure class=\"swiper-slide-inner\"><img decoding=\"async\" class=\"swiper-slide-image\" src=\"https:\/\/www.ufsm.br\/app\/uploads\/sites\/346\/2018\/08\/UFSM.ProjRastrosRONDONPainel28-768x960.jpg\" alt=\"Exposi\u00e7\u00e3o UFSM no Projeto Rondon\" \/><\/figure><\/div>\t\t\t<\/div>\n\t\t\t\t\t\t\t\t\t\t\t\t<div class=\"elementor-swiper-button elementor-swiper-button-prev\" role=\"button\" tabindex=\"0\">\n\t\t\t\t\t\t<i aria-hidden=\"true\" class=\"eicon-chevron-left\"><\/i>\t\t\t\t\t<\/div>\n\t\t\t\t\t<div class=\"elementor-swiper-button elementor-swiper-button-next\" role=\"button\" tabindex=\"0\">\n\t\t\t\t\t\t<i aria-hidden=\"true\" class=\"eicon-chevron-right\"><\/i>\t\t\t\t\t<\/div>\n\t\t\t\t\n\t\t\t\t\t\t\t\t\t<div class=\"swiper-pagination\"><\/div>\n\t\t\t\t\t\t\t\t\t<\/div>\n\t\t\t\t<\/div>\n\t\t\t\t<\/div>\n\t\t\t\t\t<\/div>\n\t\t<\/div>\n\t\t\t\t\t<\/div>\n\t\t<\/section>\n\t\t\t\t<\/div>\n\t\t","protected":false},"excerpt":{"rendered":"<p>A quarta exposi\u00e7\u00e3o, a Exposi\u00e7\u00e3o UFSM no Projeto Rondon, resgata a participa\u00e7\u00e3o da Universidade Federal de Santa Maria no projeto de 1969 a 1985 e de 2005 a 2015. A UFSM foi pioneira em participar das opera\u00e7\u00f5es, em 1968, e em implantar o Campus Avan\u00e7ado no Territ\u00f3rio Federal de Roraima. Aperte no \u00edcone e conhe\u00e7a [&hellip;]<\/p>\n","protected":false},"author":1452,"featured_media":0,"parent":970,"menu_order":0,"comment_status":"closed","ping_status":"closed","template":"","meta":{"footnotes":""},"categories":[],"tags":[],"class_list":["post-6341","page","type-page","status-publish","hentry"],"acf":[],"_links":{"self":[{"href":"https:\/\/www.ufsm.br\/pro-reitorias\/pre\/wp-json\/wp\/v2\/pages\/6341","targetHints":{"allow":["GET"]}}],"collection":[{"href":"https:\/\/www.ufsm.br\/pro-reitorias\/pre\/wp-json\/wp\/v2\/pages"}],"about":[{"href":"https:\/\/www.ufsm.br\/pro-reitorias\/pre\/wp-json\/wp\/v2\/types\/page"}],"author":[{"embeddable":true,"href":"https:\/\/www.ufsm.br\/pro-reitorias\/pre\/wp-json\/wp\/v2\/users\/1452"}],"replies":[{"embeddable":true,"href":"https:\/\/www.ufsm.br\/pro-reitorias\/pre\/wp-json\/wp\/v2\/comments?post=6341"}],"version-history":[{"count":0,"href":"https:\/\/www.ufsm.br\/pro-reitorias\/pre\/wp-json\/wp\/v2\/pages\/6341\/revisions"}],"up":[{"embeddable":true,"href":"https:\/\/www.ufsm.br\/pro-reitorias\/pre\/wp-json\/wp\/v2\/pages\/970"}],"wp:attachment":[{"href":"https:\/\/www.ufsm.br\/pro-reitorias\/pre\/wp-json\/wp\/v2\/media?parent=6341"}],"wp:term":[{"taxonomy":"category","embeddable":true,"href":"https:\/\/www.ufsm.br\/pro-reitorias\/pre\/wp-json\/wp\/v2\/categories?post=6341"},{"taxonomy":"post_tag","embeddable":true,"href":"https:\/\/www.ufsm.br\/pro-reitorias\/pre\/wp-json\/wp\/v2\/tags?post=6341"}],"curies":[{"name":"wp","href":"https:\/\/api.w.org\/{rel}","templated":true}]}}