{"id":6344,"date":"2022-03-07T20:20:22","date_gmt":"2022-03-07T23:20:22","guid":{"rendered":"https:\/\/www.ufsm.br\/pro-reitorias\/pre\/?page_id=6344"},"modified":"2022-03-07T20:22:29","modified_gmt":"2022-03-07T23:22:29","slug":"exposicao-ufsm-no-congresso-brasileiro-de-extensao-universitaria-cbeu","status":"publish","type":"page","link":"https:\/\/www.ufsm.br\/pro-reitorias\/pre\/rastros-de-extensao\/exposicao-ufsm-no-congresso-brasileiro-de-extensao-universitaria-cbeu","title":{"rendered":"Exposi\u00e7\u00e3o UFSM\u00a0no\u00a0Congresso Brasileiro de Extens\u00e3o Universit\u00e1ria\u00a0(CBEU)"},"content":{"rendered":"\t\t<div data-elementor-type=\"wp-page\" data-elementor-id=\"6344\" class=\"elementor elementor-6344\">\n\t\t\t\t\t\t<section class=\"elementor-section elementor-top-section elementor-element elementor-element-f7d47a1 elementor-section-boxed elementor-section-height-default elementor-section-height-default\" data-id=\"f7d47a1\" data-element_type=\"section\">\n\t\t\t\t\t\t<div class=\"elementor-container elementor-column-gap-default\">\n\t\t\t\t\t<div class=\"elementor-column elementor-col-100 elementor-top-column elementor-element elementor-element-1deb767\" data-id=\"1deb767\" data-element_type=\"column\">\n\t\t\t<div class=\"elementor-widget-wrap elementor-element-populated\">\n\t\t\t\t\t\t<div class=\"elementor-element elementor-element-5ad8e16 elementor-widget-divider--view-line elementor-widget elementor-widget-divider\" data-id=\"5ad8e16\" data-element_type=\"widget\" data-widget_type=\"divider.default\">\n\t\t\t\t<div class=\"elementor-widget-container\">\n\t\t\t\t\t<div class=\"elementor-divider\">\n\t\t\t<span class=\"elementor-divider-separator\">\n\t\t\t\t\t\t<\/span>\n\t\t<\/div>\n\t\t\t\t<\/div>\n\t\t\t\t<\/div>\n\t\t\t\t\t<\/div>\n\t\t<\/div>\n\t\t\t\t\t<\/div>\n\t\t<\/section>\n\t\t\t\t<section class=\"elementor-section elementor-top-section elementor-element elementor-element-e867715 elementor-section-boxed elementor-section-height-default elementor-section-height-default\" data-id=\"e867715\" data-element_type=\"section\">\n\t\t\t\t\t\t<div class=\"elementor-container elementor-column-gap-default\">\n\t\t\t\t\t<div class=\"elementor-column elementor-col-100 elementor-top-column elementor-element elementor-element-b5a2ac0\" data-id=\"b5a2ac0\" data-element_type=\"column\">\n\t\t\t<div class=\"elementor-widget-wrap elementor-element-populated\">\n\t\t\t\t\t\t<div class=\"elementor-element elementor-element-ffcaa14 elementor-widget elementor-widget-text-editor\" data-id=\"ffcaa14\" data-element_type=\"widget\" data-widget_type=\"text-editor.default\">\n\t\t\t\t<div class=\"elementor-widget-container\">\n\t\t\t\t\t\t\t<p><span style=\"font-family: verdana, geneva, sans-serif\"><span style=\"font-size: medium\">A exposi\u00e7\u00e3o<\/span><\/span><em><span style=\"font-family: verdana, geneva, sans-serif\"><span style=\"font-size: medium\">\u00a0UFSM\u00a0no\u00a0Congresso Brasileiro de Extens\u00e3o Universit\u00e1ria\u00a0<\/span><\/span><\/em><span style=\"font-family: verdana, geneva, sans-serif\"><span style=\"font-size: medium\">(<\/span><\/span><em><span style=\"font-family: verdana, geneva, sans-serif\"><span style=\"font-size: medium\">CBEU<\/span><\/span><\/em><span style=\"font-family: verdana, geneva, sans-serif\"><span style=\"font-size: medium\">) resgata os projetos de extens\u00e3o da Universidade Federal de Santa Maria que foram apresentados neste evento, que se constitui como o maior encontro brasileiro de extens\u00e3o universit\u00e1ria em Institui\u00e7\u00f5es P\u00fablicas de Ensino Superior.<\/span><\/span><\/p>\t\t\t\t\t\t<\/div>\n\t\t\t\t<\/div>\n\t\t\t\t\t<\/div>\n\t\t<\/div>\n\t\t\t\t\t<\/div>\n\t\t<\/section>\n\t\t\t\t<section class=\"elementor-section elementor-top-section elementor-element elementor-element-814a9b9 elementor-section-boxed elementor-section-height-default elementor-section-height-default\" data-id=\"814a9b9\" data-element_type=\"section\">\n\t\t\t\t\t\t<div class=\"elementor-container elementor-column-gap-default\">\n\t\t\t\t\t<div class=\"elementor-column elementor-col-100 elementor-top-column elementor-element elementor-element-d9db9b4\" data-id=\"d9db9b4\" data-element_type=\"column\">\n\t\t\t<div class=\"elementor-widget-wrap elementor-element-populated\">\n\t\t\t\t\t\t<div class=\"elementor-element elementor-element-e8b35b6 elementor-widget-divider--view-line elementor-widget elementor-widget-divider\" data-id=\"e8b35b6\" data-element_type=\"widget\" data-widget_type=\"divider.default\">\n\t\t\t\t<div class=\"elementor-widget-container\">\n\t\t\t\t\t<div class=\"elementor-divider\">\n\t\t\t<span class=\"elementor-divider-separator\">\n\t\t\t\t\t\t<\/span>\n\t\t<\/div>\n\t\t\t\t<\/div>\n\t\t\t\t<\/div>\n\t\t\t\t\t<\/div>\n\t\t<\/div>\n\t\t\t\t\t<\/div>\n\t\t<\/section>\n\t\t\t\t<section class=\"elementor-section elementor-top-section elementor-element elementor-element-5c2af2d elementor-section-boxed elementor-section-height-default elementor-section-height-default\" data-id=\"5c2af2d\" data-element_type=\"section\">\n\t\t\t\t\t\t<div class=\"elementor-container elementor-column-gap-default\">\n\t\t\t\t\t<div class=\"elementor-column elementor-col-100 elementor-top-column elementor-element elementor-element-91e6084\" data-id=\"91e6084\" data-element_type=\"column\">\n\t\t\t<div class=\"elementor-widget-wrap elementor-element-populated\">\n\t\t\t\t\t\t<div class=\"elementor-element elementor-element-c139d81 elementor-arrows-position-inside elementor-pagination-position-outside elementor-widget elementor-widget-image-carousel\" data-id=\"c139d81\" data-element_type=\"widget\" data-settings=\"{&quot;slides_to_show&quot;:&quot;1&quot;,&quot;autoplay&quot;:&quot;no&quot;,&quot;effect&quot;:&quot;fade&quot;,&quot;navigation&quot;:&quot;both&quot;,&quot;infinite&quot;:&quot;yes&quot;,&quot;speed&quot;:500}\" data-widget_type=\"image-carousel.default\">\n\t\t\t\t<div class=\"elementor-widget-container\">\n\t\t\t\t\t<div class=\"elementor-image-carousel-wrapper swiper\" dir=\"ltr\">\n\t\t\t<div class=\"elementor-image-carousel swiper-wrapper\" aria-live=\"polite\">\n\t\t\t\t\t\t\t\t<div class=\"swiper-slide\" role=\"group\" aria-roledescription=\"slide\" aria-label=\"1 of 11\"><figure class=\"swiper-slide-inner\"><img decoding=\"async\" class=\"swiper-slide-image\" src=\"https:\/\/www.ufsm.br\/app\/uploads\/sites\/346\/2018\/08\/UFSM.ProjRastrosCBEUPainel01-768x638.jpg\" alt=\"Exposi\u00e7\u00e3o UFSM no Congresso Brasileiro de Extens\u00e3o Universit\u00e1ria (CBEU)\" \/><\/figure><\/div><div class=\"swiper-slide\" role=\"group\" aria-roledescription=\"slide\" aria-label=\"2 of 11\"><figure class=\"swiper-slide-inner\"><img decoding=\"async\" class=\"swiper-slide-image\" src=\"https:\/\/www.ufsm.br\/app\/uploads\/sites\/346\/2018\/08\/UFSM.ProjRastrosCBEUPainel2002-768x877.jpg\" alt=\"Exposi\u00e7\u00e3o UFSM no Congresso Brasileiro de Extens\u00e3o Universit\u00e1ria (CBEU)\" \/><\/figure><\/div><div class=\"swiper-slide\" role=\"group\" aria-roledescription=\"slide\" aria-label=\"3 of 11\"><figure class=\"swiper-slide-inner\"><img decoding=\"async\" class=\"swiper-slide-image\" src=\"https:\/\/www.ufsm.br\/app\/uploads\/sites\/346\/2018\/08\/UFSM.ProjRastrosCBEUPainel2004-768x877.jpg\" alt=\"Exposi\u00e7\u00e3o UFSM no Congresso Brasileiro de Extens\u00e3o Universit\u00e1ria (CBEU)\" \/><\/figure><\/div><div class=\"swiper-slide\" role=\"group\" aria-roledescription=\"slide\" aria-label=\"4 of 11\"><figure class=\"swiper-slide-inner\"><img decoding=\"async\" class=\"swiper-slide-image\" src=\"https:\/\/www.ufsm.br\/app\/uploads\/sites\/346\/2018\/08\/UFSM.ProjRastrosCBEUPainel2009-1-768x877.jpg\" alt=\"Exposi\u00e7\u00e3o UFSM no Congresso Brasileiro de Extens\u00e3o Universit\u00e1ria (CBEU)\" \/><\/figure><\/div><div class=\"swiper-slide\" role=\"group\" aria-roledescription=\"slide\" aria-label=\"5 of 11\"><figure class=\"swiper-slide-inner\"><img decoding=\"async\" class=\"swiper-slide-image\" src=\"https:\/\/www.ufsm.br\/app\/uploads\/sites\/346\/2018\/08\/UFSM.ProjRastrosCBEUPainel2009-2-768x877.jpg\" alt=\"Exposi\u00e7\u00e3o UFSM no Congresso Brasileiro de Extens\u00e3o Universit\u00e1ria (CBEU)\" \/><\/figure><\/div><div class=\"swiper-slide\" role=\"group\" aria-roledescription=\"slide\" aria-label=\"6 of 11\"><figure class=\"swiper-slide-inner\"><img decoding=\"async\" class=\"swiper-slide-image\" src=\"https:\/\/www.ufsm.br\/app\/uploads\/sites\/346\/2018\/08\/UFSM.ProjRastrosCBEUPainel2011-1-768x877.jpg\" alt=\"Exposi\u00e7\u00e3o UFSM no Congresso Brasileiro de Extens\u00e3o Universit\u00e1ria (CBEU)\" \/><\/figure><\/div><div class=\"swiper-slide\" role=\"group\" aria-roledescription=\"slide\" aria-label=\"7 of 11\"><figure class=\"swiper-slide-inner\"><img decoding=\"async\" class=\"swiper-slide-image\" src=\"https:\/\/www.ufsm.br\/app\/uploads\/sites\/346\/2018\/08\/UFSM.ProjRastrosCBEUPainel2011-2-768x877.jpg\" alt=\"Exposi\u00e7\u00e3o UFSM no Congresso Brasileiro de Extens\u00e3o Universit\u00e1ria (CBEU)\" \/><\/figure><\/div><div class=\"swiper-slide\" role=\"group\" aria-roledescription=\"slide\" aria-label=\"8 of 11\"><figure class=\"swiper-slide-inner\"><img decoding=\"async\" class=\"swiper-slide-image\" src=\"https:\/\/www.ufsm.br\/app\/uploads\/sites\/346\/2018\/08\/UFSM.ProjRastrosCBEUPainel2011-3-768x877.jpg\" alt=\"Exposi\u00e7\u00e3o UFSM no Congresso Brasileiro de Extens\u00e3o Universit\u00e1ria (CBEU)\" \/><\/figure><\/div><div class=\"swiper-slide\" role=\"group\" aria-roledescription=\"slide\" aria-label=\"9 of 11\"><figure class=\"swiper-slide-inner\"><img decoding=\"async\" class=\"swiper-slide-image\" src=\"https:\/\/www.ufsm.br\/app\/uploads\/sites\/346\/2018\/08\/UFSM.ProjRastrosCBEUPainel2014-1-768x877.jpg\" alt=\"Exposi\u00e7\u00e3o UFSM no Congresso Brasileiro de Extens\u00e3o Universit\u00e1ria (CBEU)\" \/><\/figure><\/div><div class=\"swiper-slide\" role=\"group\" aria-roledescription=\"slide\" aria-label=\"10 of 11\"><figure class=\"swiper-slide-inner\"><img decoding=\"async\" class=\"swiper-slide-image\" src=\"https:\/\/www.ufsm.br\/app\/uploads\/sites\/346\/2018\/08\/UFSM.ProjRastrosCBEUPainel2014-2-768x877.jpg\" alt=\"Exposi\u00e7\u00e3o UFSM no Congresso Brasileiro de Extens\u00e3o Universit\u00e1ria (CBEU)\" \/><\/figure><\/div><div class=\"swiper-slide\" role=\"group\" aria-roledescription=\"slide\" aria-label=\"11 of 11\"><figure class=\"swiper-slide-inner\"><img decoding=\"async\" class=\"swiper-slide-image\" src=\"https:\/\/www.ufsm.br\/app\/uploads\/sites\/346\/2018\/08\/UFSM.ProjRastrosCBEUPainel2014-3-768x877.jpg\" alt=\"Exposi\u00e7\u00e3o UFSM no Congresso Brasileiro de Extens\u00e3o Universit\u00e1ria (CBEU)\" \/><\/figure><\/div>\t\t\t<\/div>\n\t\t\t\t\t\t\t\t\t\t\t\t<div class=\"elementor-swiper-button elementor-swiper-button-prev\" role=\"button\" tabindex=\"0\">\n\t\t\t\t\t\t<i aria-hidden=\"true\" class=\"eicon-chevron-left\"><\/i>\t\t\t\t\t<\/div>\n\t\t\t\t\t<div class=\"elementor-swiper-button elementor-swiper-button-next\" role=\"button\" tabindex=\"0\">\n\t\t\t\t\t\t<i aria-hidden=\"true\" class=\"eicon-chevron-right\"><\/i>\t\t\t\t\t<\/div>\n\t\t\t\t\n\t\t\t\t\t\t\t\t\t<div class=\"swiper-pagination\"><\/div>\n\t\t\t\t\t\t\t\t\t<\/div>\n\t\t\t\t<\/div>\n\t\t\t\t<\/div>\n\t\t\t\t\t<\/div>\n\t\t<\/div>\n\t\t\t\t\t<\/div>\n\t\t<\/section>\n\t\t\t\t<\/div>\n\t\t","protected":false},"excerpt":{"rendered":"<p>A exposi\u00e7\u00e3o\u00a0UFSM\u00a0no\u00a0Congresso Brasileiro de Extens\u00e3o Universit\u00e1ria\u00a0(CBEU) resgata os projetos de extens\u00e3o da Universidade Federal de Santa Maria que foram apresentados neste evento, que se constitui como o maior encontro brasileiro de extens\u00e3o universit\u00e1ria em Institui\u00e7\u00f5es P\u00fablicas de Ensino Superior. Anterior Pr\u00f3ximo<\/p>\n","protected":false},"author":1452,"featured_media":0,"parent":970,"menu_order":0,"comment_status":"closed","ping_status":"closed","template":"","meta":{"footnotes":""},"categories":[],"tags":[],"class_list":["post-6344","page","type-page","status-publish","hentry"],"acf":[],"_links":{"self":[{"href":"https:\/\/www.ufsm.br\/pro-reitorias\/pre\/wp-json\/wp\/v2\/pages\/6344","targetHints":{"allow":["GET"]}}],"collection":[{"href":"https:\/\/www.ufsm.br\/pro-reitorias\/pre\/wp-json\/wp\/v2\/pages"}],"about":[{"href":"https:\/\/www.ufsm.br\/pro-reitorias\/pre\/wp-json\/wp\/v2\/types\/page"}],"author":[{"embeddable":true,"href":"https:\/\/www.ufsm.br\/pro-reitorias\/pre\/wp-json\/wp\/v2\/users\/1452"}],"replies":[{"embeddable":true,"href":"https:\/\/www.ufsm.br\/pro-reitorias\/pre\/wp-json\/wp\/v2\/comments?post=6344"}],"version-history":[{"count":0,"href":"https:\/\/www.ufsm.br\/pro-reitorias\/pre\/wp-json\/wp\/v2\/pages\/6344\/revisions"}],"up":[{"embeddable":true,"href":"https:\/\/www.ufsm.br\/pro-reitorias\/pre\/wp-json\/wp\/v2\/pages\/970"}],"wp:attachment":[{"href":"https:\/\/www.ufsm.br\/pro-reitorias\/pre\/wp-json\/wp\/v2\/media?parent=6344"}],"wp:term":[{"taxonomy":"category","embeddable":true,"href":"https:\/\/www.ufsm.br\/pro-reitorias\/pre\/wp-json\/wp\/v2\/categories?post=6344"},{"taxonomy":"post_tag","embeddable":true,"href":"https:\/\/www.ufsm.br\/pro-reitorias\/pre\/wp-json\/wp\/v2\/tags?post=6344"}],"curies":[{"name":"wp","href":"https:\/\/api.w.org\/{rel}","templated":true}]}}