{"id":910,"date":"2018-07-09T11:11:31","date_gmt":"2018-07-09T14:11:31","guid":{"rendered":"https:\/\/www.ufsm.br\/pro-reitorias\/pre\/?page_id=910"},"modified":"2026-03-27T10:06:05","modified_gmt":"2026-03-27T13:06:05","slug":"cca","status":"publish","type":"page","link":"https:\/\/www.ufsm.br\/pro-reitorias\/pre\/cca","title":{"rendered":"Coordenadoria de Cultura e Arte"},"content":{"rendered":"\t\t<div data-elementor-type=\"wp-page\" data-elementor-id=\"910\" class=\"elementor elementor-910\">\n\t\t\t\t\t\t<section class=\"elementor-section elementor-top-section elementor-element elementor-element-242b7c5 elementor-section-boxed elementor-section-height-default elementor-section-height-default\" data-id=\"242b7c5\" data-element_type=\"section\">\n\t\t\t\t\t\t<div class=\"elementor-container elementor-column-gap-default\">\n\t\t\t\t\t<div class=\"elementor-column elementor-col-100 elementor-top-column elementor-element elementor-element-3939645\" data-id=\"3939645\" data-element_type=\"column\">\n\t\t\t<div class=\"elementor-widget-wrap elementor-element-populated\">\n\t\t\t\t\t\t<div class=\"elementor-element elementor-element-5940c3a elementor-widget-divider--view-line elementor-widget elementor-widget-divider\" data-id=\"5940c3a\" data-element_type=\"widget\" data-widget_type=\"divider.default\">\n\t\t\t\t<div class=\"elementor-widget-container\">\n\t\t\t\t\t<div class=\"elementor-divider\">\n\t\t\t<span class=\"elementor-divider-separator\">\n\t\t\t\t\t\t<\/span>\n\t\t<\/div>\n\t\t\t\t<\/div>\n\t\t\t\t<\/div>\n\t\t\t\t\t<\/div>\n\t\t<\/div>\n\t\t\t\t\t<\/div>\n\t\t<\/section>\n\t\t\t\t<section class=\"elementor-section elementor-top-section elementor-element elementor-element-c64012e elementor-section-boxed elementor-section-height-default elementor-section-height-default\" data-id=\"c64012e\" data-element_type=\"section\">\n\t\t\t\t\t\t<div class=\"elementor-container elementor-column-gap-default\">\n\t\t\t\t\t<div class=\"elementor-column elementor-col-100 elementor-top-column elementor-element elementor-element-04ddccb\" data-id=\"04ddccb\" data-element_type=\"column\">\n\t\t\t<div class=\"elementor-widget-wrap elementor-element-populated\">\n\t\t\t\t\t\t<div class=\"elementor-element elementor-element-cf2e88c elementor-widget elementor-widget-text-editor\" data-id=\"cf2e88c\" data-element_type=\"widget\" data-widget_type=\"text-editor.default\">\n\t\t\t\t<div class=\"elementor-widget-container\">\n\t\t\t\t\t\t\t<p align=\"justify\">A <b>Coordenadoria de Cultura e Arte<\/b> (CCA-PRE), criada pela <a href=\"https:\/\/www.ufsm.br\/pro-reitorias\/pre\/wp-content\/uploads\/sites\/346\/2020\/07\/RES_GR_2020_016.pdf\">Resolu\u00e7\u00e3o N. 016\/2020<\/a>, \u00e9 respons\u00e1vel por gerir a pol\u00edtica institucional de cultura, cuidar do patrim\u00f4nio art\u00edstico e cultural da Universidade, bem como estimular a produ\u00e7\u00e3o art\u00edstica e sua circula\u00e7\u00e3o, possibilitando a universaliza\u00e7\u00e3o do acesso \u00e0 cultura e \u00e0 arte.<\/p><p align=\"justify\"><i>S<\/i><i>\u00e3o<\/i><i> suas compet\u00eancias:<\/i><\/p><p align=\"justify\">I \u2013 contribuir para a democratiza\u00e7\u00e3o do acesso \u00e0 cultura e \u00e0 arte no \u00e2mbito da UFSM;<\/p><p align=\"justify\">II \u2013 estimular o empreendedorismo cultural junto \u00e0 comunidade local e regional;<\/p><p align=\"justify\">III \u2013 implementar a pol\u00edtica de cultura da UFSM, articulada junto aos agentes culturais internos e externos;<\/p><p align=\"justify\">IV \u2013 fomentar iniciativas art\u00edsticas no \u00e2mbito da UFSM, viabilizando a circula\u00e7\u00e3o cultural nos campi e outras institui\u00e7\u00f5es;<\/p><p align=\"justify\">V \u2013 promover a valoriza\u00e7\u00e3o, a preserva\u00e7\u00e3o e a restaura\u00e7\u00e3o do patrim\u00f4nio art\u00edstico material e imaterial da UFSM;<\/p><p align=\"justify\">VI \u2013 organizar e administrar os espa\u00e7os museais da UFSM;<\/p><p align=\"justify\">VII &#8211; conduzir o processo de organiza\u00e7\u00e3o e gest\u00e3o do Centro de Conven\u00e7\u00f5es, do Espa\u00e7o Multiuso e, na Reitoria, do Sal\u00e3o Imembu\u00ed, da Sala 218 e do Hall, destinados \u00e0 realiza\u00e7\u00e3o de eventos de caracter\u00edstica t\u00e9cnica, cient\u00edfica, art\u00edstica e cultural; e<\/p><p align=\"justify\">VIII &#8211; apoiar e dar suporte para demandas da C\u00e2mara de Extens\u00e3o relacionadas com as atividades da Coordenadoria.<\/p>\t\t\t\t\t\t<\/div>\n\t\t\t\t<\/div>\n\t\t\t\t\t<\/div>\n\t\t<\/div>\n\t\t\t\t\t<\/div>\n\t\t<\/section>\n\t\t\t\t<section class=\"elementor-section elementor-top-section elementor-element elementor-element-e6a6918 elementor-section-boxed elementor-section-height-default elementor-section-height-default\" data-id=\"e6a6918\" data-element_type=\"section\">\n\t\t\t\t\t\t<div class=\"elementor-container elementor-column-gap-default\">\n\t\t\t\t\t<div class=\"elementor-column elementor-col-100 elementor-top-column elementor-element elementor-element-65c6f3b\" data-id=\"65c6f3b\" data-element_type=\"column\">\n\t\t\t<div class=\"elementor-widget-wrap elementor-element-populated\">\n\t\t\t\t\t\t<div class=\"elementor-element elementor-element-669675d elementor-widget-divider--view-line elementor-widget elementor-widget-divider\" data-id=\"669675d\" data-element_type=\"widget\" data-widget_type=\"divider.default\">\n\t\t\t\t<div class=\"elementor-widget-container\">\n\t\t\t\t\t<div class=\"elementor-divider\">\n\t\t\t<span class=\"elementor-divider-separator\">\n\t\t\t\t\t\t<\/span>\n\t\t<\/div>\n\t\t\t\t<\/div>\n\t\t\t\t<\/div>\n\t\t\t\t\t<\/div>\n\t\t<\/div>\n\t\t\t\t\t<\/div>\n\t\t<\/section>\n\t\t\t\t<section class=\"elementor-section elementor-top-section elementor-element elementor-element-fa1f269 elementor-section-boxed elementor-section-height-default elementor-section-height-default\" data-id=\"fa1f269\" data-element_type=\"section\">\n\t\t\t\t\t\t<div class=\"elementor-container elementor-column-gap-default\">\n\t\t\t\t\t<div class=\"elementor-column elementor-col-100 elementor-top-column elementor-element elementor-element-a90b68d\" data-id=\"a90b68d\" data-element_type=\"column\">\n\t\t\t<div class=\"elementor-widget-wrap elementor-element-populated\">\n\t\t\t\t\t\t<div class=\"elementor-element elementor-element-02b46c2 elementor-widget elementor-widget-heading\" data-id=\"02b46c2\" data-element_type=\"widget\" data-widget_type=\"heading.default\">\n\t\t\t\t<div class=\"elementor-widget-container\">\n\t\t\t<h5 class=\"elementor-heading-title elementor-size-default\">Equipe<\/h5>\t\t<\/div>\n\t\t\t\t<\/div>\n\t\t\t\t<div class=\"elementor-element elementor-element-e601c00 elementor-widget elementor-widget-text-editor\" data-id=\"e601c00\" data-element_type=\"widget\" data-widget_type=\"text-editor.default\">\n\t\t\t\t<div class=\"elementor-widget-container\">\n\t\t\t\t\t\t\t<p style=\"text-align: center\">Coordenadora: Prof\u00aa. Raquel Guerra<br \/>Coordenador Substituto: Edison Luiz Pav\u00e3o Borges<\/p><h6 style=\"text-align: center\" align=\"center\">\u00a0<\/h6><h6 style=\"text-align: center\" align=\"center\"><strong>N\u00facleo Gest\u00e3o Art\u00edstica e Cultural<\/strong><\/h6><p style=\"text-align: center\" align=\"center\"><em>Chefe:<\/em>\u00a0Assist. em Adm. Edison Luis Pav\u00e3o Borges<\/p><p style=\"text-align: center\" align=\"center\"><span style=\"color: #000000;font-size: 16px\">Adm. Josieli Guidolin Rossi<\/span><\/p><p style=\"text-align: center\" align=\"center\">Rela\u00e7\u00f5es-P\u00fablicas\u00a0Danusa Frazzon da Cunha<\/p><h6 style=\"text-align: center\" align=\"center\">\u00a0<\/h6><h6 style=\"text-align: center\" align=\"center\"><strong>Orquestra Sinf\u00f4nica de Santa Maria<\/strong><\/h6><p style=\"text-align: center\" align=\"center\"><em>Chefe:<\/em>\u00a0Prof. Cl\u00e1udio Ant\u00f4nio Esteves\u00a0<\/p><p style=\"text-align: center\" align=\"center\">Assist. em Adm. Suzete Gassen da Silveira<\/p><p style=\"text-align: center\" align=\"center\"><strong>\u00a0<\/strong><\/p><p style=\"text-align: center\" align=\"center\"><strong>Divis\u00e3o de Museus<\/strong><\/p><p style=\"color: #000000;font-size: 16px;text-align: center\"><span style=\"color: #000000;font-size: 16px\"><em>Chefe:<\/em>\u00a0Muse\u00f3loga Aline Vargas de Vargas<\/span><\/p><p style=\"color: #000000;font-size: 16px;text-align: center\"><span style=\"color: #000000;font-size: 16px\">Adm. Ronaldo Soares de Lima<\/span><\/p><p style=\"text-align: center\" align=\"center\"><strong>\u00a0<\/strong><\/p><h6 style=\"color: #000000;text-align: center\" align=\"center\"><span style=\"font-weight: bolder\">Acervo Art\u00edstico UFSM<\/span><\/h6><p style=\"color: #000000;font-size: 16px;text-align: center\" align=\"center\"><span style=\"color: #000000;font-size: 16px\">Adm. Rafael Happke<\/span><\/p><p style=\"color: #000000;font-size: 16px;text-align: center\" align=\"center\"><span style=\"color: #000000;font-size: 16px\">\u00a0<\/span><\/p><h6 style=\"text-align: center\" align=\"center\"><strong>Planet\u00e1rio<\/strong><\/h6><p style=\"text-align: center\" align=\"center\"><em>Chefe:<\/em>\u00a0<span style=\"color: #000000;font-size: 16px;background-color: var(--bs-body-bg)\">Sec. Exec. Jaqueline Trentim Machado<\/span><\/p><p style=\"text-align: center\" align=\"center\"><span style=\"color: #000000;font-size: 16px\">T\u00e9c. em Ass. Educacionais Nisiael de Oliveira Kaufman<\/span><\/p><h6 style=\"text-align: center\" align=\"center\">\u00a0<\/h6><h6 style=\"text-align: center\" align=\"center\"><strong>Museu Gama D\u2019E\u00e7a<\/strong><\/h6><p style=\"text-align: center\" align=\"center\"><i>Chefe: <\/i>Muse\u00f3logo Bernardo Duque de Paula<\/p><p style=\"text-align: center\" align=\"center\">Ass. em Adm. Felipe Barchet Steffenel<\/p><p style=\"text-align: center\" align=\"center\"><span style=\"color: #000000;font-size: 16px\">Aux. em Adm.\u00a0<\/span><span style=\"font-family: arial, sans-serif;color: #000000;font-size: small\">Christian Vargas Dias<\/span><\/p><p style=\"text-align: center\" align=\"center\"><span style=\"font-family: arial, sans-serif;color: #000000;font-size: small\">\u00a0<\/span><\/p><p style=\"color: #000000;font-size: 16px;text-align: center\"><span style=\"font-weight: bolder\">Lasca \u2013\u00a0<\/span><span style=\"font-weight: bolder\">Laborat\u00f3rio Arqueologia, Sociedades e Culturas das Am\u00e9ricas<\/span><\/p><p style=\"color: #000000;font-size: 16px;text-align: center\"><span style=\"color: #000000;font-size: 16px\">Muse\u00f3loga Aline Vargas de Vargas<\/span><\/p><p style=\"color: #000000;font-size: 16px;text-align: center\">Prof. Andr\u00e9 Luis Ramos Soares<\/p><p style=\"text-align: center\" align=\"center\">\u00a0<\/p>\t\t\t\t\t\t<\/div>\n\t\t\t\t<\/div>\n\t\t\t\t<div class=\"elementor-element elementor-element-ff629c2 elementor-widget elementor-widget-spacer\" data-id=\"ff629c2\" data-element_type=\"widget\" data-widget_type=\"spacer.default\">\n\t\t\t\t<div class=\"elementor-widget-container\">\n\t\t\t\t\t<div class=\"elementor-spacer\">\n\t\t\t<div class=\"elementor-spacer-inner\"><\/div>\n\t\t<\/div>\n\t\t\t\t<\/div>\n\t\t\t\t<\/div>\n\t\t\t\t\t<\/div>\n\t\t<\/div>\n\t\t\t\t\t<\/div>\n\t\t<\/section>\n\t\t\t\t<section class=\"elementor-section elementor-top-section elementor-element elementor-element-1a3e886 elementor-section-boxed elementor-section-height-default elementor-section-height-default\" data-id=\"1a3e886\" data-element_type=\"section\">\n\t\t\t\t\t\t<div class=\"elementor-container elementor-column-gap-default\">\n\t\t\t\t\t<div class=\"elementor-column elementor-col-100 elementor-top-column elementor-element elementor-element-48e47e6\" data-id=\"48e47e6\" data-element_type=\"column\">\n\t\t\t<div class=\"elementor-widget-wrap elementor-element-populated\">\n\t\t\t\t\t\t<div class=\"elementor-element elementor-element-5d7b3ab elementor-widget elementor-widget-heading\" data-id=\"5d7b3ab\" data-element_type=\"widget\" data-widget_type=\"heading.default\">\n\t\t\t\t<div class=\"elementor-widget-container\">\n\t\t\t<h5 class=\"elementor-heading-title elementor-size-default\">Contato<\/h5>\t\t<\/div>\n\t\t\t\t<\/div>\n\t\t\t\t<div class=\"elementor-element elementor-element-5d0bfa0 elementor-widget elementor-widget-text-editor\" data-id=\"5d0bfa0\" data-element_type=\"widget\" data-widget_type=\"text-editor.default\">\n\t\t\t\t<div class=\"elementor-widget-container\">\n\t\t\t\t\t\t\t<p style=\"text-align: center\" align=\"justify\"><strong><span style=\"color: #000000\"><span style=\"font-family: rawline, sans-serif\"><span style=\"font-size: medium\">Pr\u00e9dio do Centro de Conven\u00e7\u00f5es UFSM. Cidade Universit\u00e1ria UFSM. Santa Maria (RS).<\/span><\/span><\/span><\/strong><\/p><p style=\"text-align: center\"><span style=\"color: #000000\"><span style=\"font-family: rawline, sans-serif\"><span style=\"font-size: medium\">Telefone: 55 3220 8529<br \/><\/span><\/span><\/span><\/p><p style=\"text-align: center\"><span style=\"color: #000000\"><span style=\"font-family: rawline, sans-serif\"><span style=\"font-size: medium\">Celular: 55 9 9155 8263<br \/><\/span><\/span><\/span><\/p><p style=\"text-align: center\"><span style=\"color: #000000\"><span style=\"font-family: rawline, sans-serif\"><span style=\"font-size: medium\">E-mail:\u00a0<\/span><\/span><\/span><a href=\"mailto:cultura.pre@ufsm.br\">cultura.pre@ufsm.br<\/a><\/p><p style=\"text-align: center\"><i>Divis\u00e3o de Museus:<\/i>\u00a0<a href=\"divisaodemuseus@ufsm.br\">divisaodemuseus@ufsm.br<\/a><\/p><p style=\"text-align: center\"><strong><span style=\"color: #000000\"><span style=\"font-family: rawline, sans-serif\"><span style=\"font-size: medium\"><b>Atendimento:<\/b><\/span><\/span><\/span><\/strong><span style=\"color: #000000\"><span style=\"font-family: rawline, sans-serif\"><span style=\"font-size: medium\">\u00a0segunda a sexta, das 08h \u00e0s 17h<\/span><\/span><\/span><\/p>\t\t\t\t\t\t<\/div>\n\t\t\t\t<\/div>\n\t\t\t\t\t<\/div>\n\t\t<\/div>\n\t\t\t\t\t<\/div>\n\t\t<\/section>\n\t\t\t\t<section class=\"elementor-section elementor-top-section elementor-element elementor-element-f848ce8 elementor-section-boxed elementor-section-height-default elementor-section-height-default\" data-id=\"f848ce8\" data-element_type=\"section\">\n\t\t\t\t\t\t<div class=\"elementor-container elementor-column-gap-default\">\n\t\t\t\t\t<div class=\"elementor-column elementor-col-100 elementor-top-column elementor-element elementor-element-386a42a\" data-id=\"386a42a\" data-element_type=\"column\">\n\t\t\t<div class=\"elementor-widget-wrap elementor-element-populated\">\n\t\t\t\t\t\t<div class=\"elementor-element elementor-element-8d25cd8 elementor-widget elementor-widget-heading\" data-id=\"8d25cd8\" data-element_type=\"widget\" data-widget_type=\"heading.default\">\n\t\t\t\t<div class=\"elementor-widget-container\">\n\t\t\t<h5 class=\"elementor-heading-title elementor-size-default\">Links \u00dateis<\/h5>\t\t<\/div>\n\t\t\t\t<\/div>\n\t\t\t\t\t<\/div>\n\t\t<\/div>\n\t\t\t\t\t<\/div>\n\t\t<\/section>\n\t\t\t\t<section class=\"elementor-section elementor-top-section elementor-element elementor-element-048869d elementor-section-boxed elementor-section-height-default elementor-section-height-default\" data-id=\"048869d\" data-element_type=\"section\">\n\t\t\t\t\t\t<div class=\"elementor-container elementor-column-gap-default\">\n\t\t\t\t\t<div class=\"elementor-column elementor-col-33 elementor-top-column elementor-element elementor-element-bc08b42\" data-id=\"bc08b42\" data-element_type=\"column\">\n\t\t\t<div class=\"elementor-widget-wrap elementor-element-populated\">\n\t\t\t\t\t\t<div class=\"elementor-element elementor-element-d21c1cd elementor-view-default elementor-widget elementor-widget-icon\" data-id=\"d21c1cd\" data-element_type=\"widget\" data-widget_type=\"icon.default\">\n\t\t\t\t<div class=\"elementor-widget-container\">\n\t\t\t\t\t<div class=\"elementor-icon-wrapper\">\n\t\t\t<a class=\"elementor-icon\" href=\"http:\/\/www.cc.ufsm.br\/\">\n\t\t\t<i aria-hidden=\"true\" class=\"fas fa-theater-masks\"><\/i>\t\t\t<\/a>\n\t\t<\/div>\n\t\t\t\t<\/div>\n\t\t\t\t<\/div>\n\t\t\t\t<div class=\"elementor-element elementor-element-e79a041 elementor-widget elementor-widget-heading\" data-id=\"e79a041\" data-element_type=\"widget\" data-widget_type=\"heading.default\">\n\t\t\t\t<div class=\"elementor-widget-container\">\n\t\t\t<h6 class=\"elementor-heading-title elementor-size-default\">Centro de Conven\u00e7\u00f5es UFSM<\/h6>\t\t<\/div>\n\t\t\t\t<\/div>\n\t\t\t\t<div class=\"elementor-element elementor-element-a790e0c elementor-widget elementor-widget-spacer\" data-id=\"a790e0c\" data-element_type=\"widget\" data-widget_type=\"spacer.default\">\n\t\t\t\t<div class=\"elementor-widget-container\">\n\t\t\t\t\t<div class=\"elementor-spacer\">\n\t\t\t<div class=\"elementor-spacer-inner\"><\/div>\n\t\t<\/div>\n\t\t\t\t<\/div>\n\t\t\t\t<\/div>\n\t\t\t\t\t<\/div>\n\t\t<\/div>\n\t\t\t\t<div class=\"elementor-column elementor-col-33 elementor-top-column elementor-element elementor-element-613a016\" data-id=\"613a016\" data-element_type=\"column\">\n\t\t\t<div class=\"elementor-widget-wrap elementor-element-populated\">\n\t\t\t\t\t\t<div class=\"elementor-element elementor-element-d1b9b86 elementor-view-default elementor-widget elementor-widget-icon\" data-id=\"d1b9b86\" data-element_type=\"widget\" data-widget_type=\"icon.default\">\n\t\t\t\t<div class=\"elementor-widget-container\">\n\t\t\t\t\t<div class=\"elementor-icon-wrapper\">\n\t\t\t<a class=\"elementor-icon\" href=\"https:\/\/www.ufsm.br\/orgaos-suplementares\/planetario\/\">\n\t\t\t<i aria-hidden=\"true\" class=\"fas fa-globe-americas\"><\/i>\t\t\t<\/a>\n\t\t<\/div>\n\t\t\t\t<\/div>\n\t\t\t\t<\/div>\n\t\t\t\t<div class=\"elementor-element elementor-element-003e59f elementor-widget elementor-widget-heading\" data-id=\"003e59f\" data-element_type=\"widget\" data-widget_type=\"heading.default\">\n\t\t\t\t<div class=\"elementor-widget-container\">\n\t\t\t<h6 class=\"elementor-heading-title elementor-size-default\">Planet\u00e1rio UFSM<\/h6>\t\t<\/div>\n\t\t\t\t<\/div>\n\t\t\t\t\t<\/div>\n\t\t<\/div>\n\t\t\t\t<div class=\"elementor-column elementor-col-33 elementor-top-column elementor-element elementor-element-468bea2\" data-id=\"468bea2\" data-element_type=\"column\">\n\t\t\t<div class=\"elementor-widget-wrap elementor-element-populated\">\n\t\t\t\t\t\t<div class=\"elementor-element elementor-element-c5363a0 elementor-view-default elementor-widget elementor-widget-icon\" data-id=\"c5363a0\" data-element_type=\"widget\" data-widget_type=\"icon.default\">\n\t\t\t\t<div class=\"elementor-widget-container\">\n\t\t\t\t\t<div class=\"elementor-icon-wrapper\">\n\t\t\t<a class=\"elementor-icon\" href=\"https:\/\/www.ufsm.br\/pro-reitorias\/pre\/servicos\/agendamento-dos-espacos-de-uso-comum\/\">\n\t\t\t<i aria-hidden=\"true\" class=\"far fa-calendar-check\"><\/i>\t\t\t<\/a>\n\t\t<\/div>\n\t\t\t\t<\/div>\n\t\t\t\t<\/div>\n\t\t\t\t<div class=\"elementor-element elementor-element-125a2e9 elementor-widget elementor-widget-heading\" data-id=\"125a2e9\" data-element_type=\"widget\" data-widget_type=\"heading.default\">\n\t\t\t\t<div class=\"elementor-widget-container\">\n\t\t\t<h6 class=\"elementor-heading-title elementor-size-default\">Agendamento dos espa\u00e7os de uso comum<\/h6>\t\t<\/div>\n\t\t\t\t<\/div>\n\t\t\t\t\t<\/div>\n\t\t<\/div>\n\t\t\t\t\t<\/div>\n\t\t<\/section>\n\t\t\t\t<section class=\"elementor-section elementor-top-section elementor-element elementor-element-517ef36 elementor-section-boxed elementor-section-height-default elementor-section-height-default\" data-id=\"517ef36\" data-element_type=\"section\">\n\t\t\t\t\t\t<div class=\"elementor-container elementor-column-gap-default\">\n\t\t\t\t\t<div class=\"elementor-column elementor-col-33 elementor-top-column elementor-element elementor-element-b316f5d\" data-id=\"b316f5d\" data-element_type=\"column\">\n\t\t\t<div class=\"elementor-widget-wrap elementor-element-populated\">\n\t\t\t\t\t\t<div class=\"elementor-element elementor-element-874ef32 elementor-widget elementor-widget-image\" data-id=\"874ef32\" data-element_type=\"widget\" data-widget_type=\"image.default\">\n\t\t\t\t<div class=\"elementor-widget-container\">\n\t\t\t\t\t\t\t\t\t\t\t\t\t<img decoding=\"async\" width=\"60\" height=\"57\" src=\"https:\/\/www.ufsm.br\/app\/uploads\/sites\/346\/2023\/06\/museu.png\" class=\"attachment-large size-large wp-image-7782\" alt=\"\" \/>\t\t\t\t\t\t\t\t\t\t\t\t\t<\/div>\n\t\t\t\t<\/div>\n\t\t\t\t<div class=\"elementor-element elementor-element-56dc175 elementor-widget elementor-widget-heading\" data-id=\"56dc175\" data-element_type=\"widget\" data-widget_type=\"heading.default\">\n\t\t\t\t<div class=\"elementor-widget-container\">\n\t\t\t<h6 class=\"elementor-heading-title elementor-size-default\"><a href=\"https:\/\/www.ufsm.br\/pro-reitorias\/pre\/cca\/divisao-de-museus-ufsm\">Divis\u00e3o de Museus<\/a><\/h6>\t\t<\/div>\n\t\t\t\t<\/div>\n\t\t\t\t\t<\/div>\n\t\t<\/div>\n\t\t\t\t<div class=\"elementor-column elementor-col-33 elementor-top-column elementor-element elementor-element-547d848\" data-id=\"547d848\" data-element_type=\"column\">\n\t\t\t<div class=\"elementor-widget-wrap elementor-element-populated\">\n\t\t\t\t\t\t<div class=\"elementor-element elementor-element-9bb63ae elementor-view-default elementor-widget elementor-widget-icon\" data-id=\"9bb63ae\" data-element_type=\"widget\" data-widget_type=\"icon.default\">\n\t\t\t\t<div class=\"elementor-widget-container\">\n\t\t\t\t\t<div class=\"elementor-icon-wrapper\">\n\t\t\t<a class=\"elementor-icon\" href=\"https:\/\/www.ufsm.br\/orgaos-suplementares\/orquestra-sinfonica\/\">\n\t\t\t<i aria-hidden=\"true\" class=\"fas fa-music\"><\/i>\t\t\t<\/a>\n\t\t<\/div>\n\t\t\t\t<\/div>\n\t\t\t\t<\/div>\n\t\t\t\t<div class=\"elementor-element elementor-element-2f2348d elementor-widget elementor-widget-heading\" data-id=\"2f2348d\" data-element_type=\"widget\" data-widget_type=\"heading.default\">\n\t\t\t\t<div class=\"elementor-widget-container\">\n\t\t\t<h6 class=\"elementor-heading-title elementor-size-default\">Orquestra Sinf\u00f4nica de Santa Maria<\/h6>\t\t<\/div>\n\t\t\t\t<\/div>\n\t\t\t\t\t<\/div>\n\t\t<\/div>\n\t\t\t\t<div class=\"elementor-column elementor-col-33 elementor-top-column elementor-element elementor-element-8c0bbb5\" data-id=\"8c0bbb5\" data-element_type=\"column\">\n\t\t\t<div class=\"elementor-widget-wrap elementor-element-populated\">\n\t\t\t\t\t\t\t<\/div>\n\t\t<\/div>\n\t\t\t\t\t<\/div>\n\t\t<\/section>\n\t\t\t\t<\/div>\n\t\t","protected":false},"excerpt":{"rendered":"<p>A Coordenadoria de Cultura e Arte (CCA-PRE), criada pela Resolu\u00e7\u00e3o N. 016\/2020, \u00e9 respons\u00e1vel por gerir a pol\u00edtica institucional de cultura, cuidar do patrim\u00f4nio art\u00edstico e cultural da Universidade, bem como estimular a produ\u00e7\u00e3o art\u00edstica e sua circula\u00e7\u00e3o, possibilitando a universaliza\u00e7\u00e3o do acesso \u00e0 cultura e \u00e0 arte. S\u00e3o suas compet\u00eancias: I \u2013 contribuir para [&hellip;]<\/p>\n","protected":false},"author":1452,"featured_media":0,"parent":0,"menu_order":0,"comment_status":"closed","ping_status":"closed","template":"","meta":{"footnotes":""},"categories":[],"tags":[],"class_list":["post-910","page","type-page","status-publish","hentry"],"acf":[],"_links":{"self":[{"href":"https:\/\/www.ufsm.br\/pro-reitorias\/pre\/wp-json\/wp\/v2\/pages\/910","targetHints":{"allow":["GET"]}}],"collection":[{"href":"https:\/\/www.ufsm.br\/pro-reitorias\/pre\/wp-json\/wp\/v2\/pages"}],"about":[{"href":"https:\/\/www.ufsm.br\/pro-reitorias\/pre\/wp-json\/wp\/v2\/types\/page"}],"author":[{"embeddable":true,"href":"https:\/\/www.ufsm.br\/pro-reitorias\/pre\/wp-json\/wp\/v2\/users\/1452"}],"replies":[{"embeddable":true,"href":"https:\/\/www.ufsm.br\/pro-reitorias\/pre\/wp-json\/wp\/v2\/comments?post=910"}],"version-history":[{"count":0,"href":"https:\/\/www.ufsm.br\/pro-reitorias\/pre\/wp-json\/wp\/v2\/pages\/910\/revisions"}],"wp:attachment":[{"href":"https:\/\/www.ufsm.br\/pro-reitorias\/pre\/wp-json\/wp\/v2\/media?parent=910"}],"wp:term":[{"taxonomy":"category","embeddable":true,"href":"https:\/\/www.ufsm.br\/pro-reitorias\/pre\/wp-json\/wp\/v2\/categories?post=910"},{"taxonomy":"post_tag","embeddable":true,"href":"https:\/\/www.ufsm.br\/pro-reitorias\/pre\/wp-json\/wp\/v2\/tags?post=910"}],"curies":[{"name":"wp","href":"https:\/\/api.w.org\/{rel}","templated":true}]}}