{"id":926,"date":"2018-07-10T11:44:40","date_gmt":"2018-07-10T14:44:40","guid":{"rendered":"https:\/\/www.ufsm.br\/pro-reitorias\/pre\/?page_id=926"},"modified":"2020-11-10T09:36:57","modified_gmt":"2020-11-10T12:36:57","slug":"alternativa-2","status":"publish","type":"page","link":"https:\/\/www.ufsm.br\/pro-reitorias\/pre\/alternativa-2","title":{"rendered":"Alternativa"},"content":{"rendered":"\t\t<div data-elementor-type=\"wp-post\" data-elementor-id=\"926\" class=\"elementor elementor-926\">\n\t\t\t\t\t\t<section class=\"elementor-section elementor-top-section elementor-element elementor-element-d37ad9d elementor-section-boxed elementor-section-height-default elementor-section-height-default\" data-id=\"d37ad9d\" data-element_type=\"section\">\n\t\t\t\t\t\t<div class=\"elementor-container elementor-column-gap-default\">\n\t\t\t\t\t<div class=\"elementor-column elementor-col-100 elementor-top-column elementor-element elementor-element-dd82977\" data-id=\"dd82977\" data-element_type=\"column\">\n\t\t\t<div class=\"elementor-widget-wrap elementor-element-populated\">\n\t\t\t\t\t\t<div class=\"elementor-element elementor-element-debbc1a elementor-widget-divider--view-line elementor-widget elementor-widget-divider\" data-id=\"debbc1a\" data-element_type=\"widget\" data-widget_type=\"divider.default\">\n\t\t\t\t<div class=\"elementor-widget-container\">\n\t\t\t\t\t<div class=\"elementor-divider\">\n\t\t\t<span class=\"elementor-divider-separator\">\n\t\t\t\t\t\t<\/span>\n\t\t<\/div>\n\t\t\t\t<\/div>\n\t\t\t\t<\/div>\n\t\t\t\t\t<\/div>\n\t\t<\/div>\n\t\t\t\t\t<\/div>\n\t\t<\/section>\n\t\t\t\t<section class=\"elementor-section elementor-top-section elementor-element elementor-element-3bb764be elementor-section-boxed elementor-section-height-default elementor-section-height-default\" data-id=\"3bb764be\" data-element_type=\"section\">\n\t\t\t\t\t\t<div class=\"elementor-container elementor-column-gap-default\">\n\t\t\t\t\t<div class=\"elementor-column elementor-col-100 elementor-top-column elementor-element elementor-element-58932e55\" data-id=\"58932e55\" data-element_type=\"column\">\n\t\t\t<div class=\"elementor-widget-wrap elementor-element-populated\">\n\t\t\t\t\t\t<div class=\"elementor-element elementor-element-402342f5 elementor-widget elementor-widget-text-editor\" data-id=\"402342f5\" data-element_type=\"widget\" data-widget_type=\"text-editor.default\">\n\t\t\t\t<div class=\"elementor-widget-container\">\n\t\t\t\t\t\t\t<p align=\"justify\"><span style=\"color: #000000\"><span style=\"font-family: rawline, sans-serif\"><span style=\"font-size: medium\">O<\/span><\/span><\/span><strong><span style=\"color: #000000\"><span style=\"font-family: rawline, sans-serif\"><span style=\"font-size: medium\">\u00a0Pr\u00e9-Universit\u00e1rio Popular Alternativa (PUPA)<\/span><\/span><\/span><\/strong><span style=\"color: #000000\"><span style=\"font-family: rawline, sans-serif\"><span style=\"font-size: medium\">\u00a0\u00e9 um programa de extens\u00e3o que tem como objetivo principal a democratiza\u00e7\u00e3o do acesso ao\u00a0ensino superior, por meio de aulas preparat\u00f3rias pautadas pela educa\u00e7\u00e3o popular.\u00a0As atividades s\u00e3o desenvolvidas no\u00a0<\/span><\/span><\/span><strong><span style=\"color: #000000\"><span style=\"font-family: rawline, sans-serif\"><span style=\"font-size: medium\">Pr\u00e9dio da Antiga Reitoria<\/span><\/span><\/span><\/strong><span style=\"color: #000000\"><span style=\"font-family: rawline, sans-serif\"><span style=\"font-size: medium\">, localizado na Rua Floriano Peixoto, 1184, 6\u00ba andar, sala 602, bairro Centro, com aulas no turno da noite, de segunda \u00e0 sexta-feira, das 19h \u00e0s 22h45min, e aos s\u00e1bados \u00e0 tarde.<\/span><\/span><\/span><\/p><p align=\"justify\">Por meio das a\u00e7\u00f5es do programa, busca-se contribuir n\u00e3o s\u00f3 com a prepara\u00e7\u00e3o de aspirantes ao Ensino Superior sem condi\u00e7\u00f5es socioecon\u00f4micas de financiar um curso pr\u00e9-universit\u00e1rio particular, mas tamb\u00e9m com a forma\u00e7\u00e3o de acad\u00eamicos de cursos de licenciatura e\/ou bacharelado que buscam experi\u00eancias de atua\u00e7\u00e3o como educadores.<\/p><p align=\"justify\">Anualmente, o programa oferta em torno de 200 vagas em processos seletivos via edital. As vagas s\u00e3o distribu\u00eddas de acordo com crit\u00e9rios socioecon\u00f4micos e interesse dos alunos. O curso funciona mediante atua\u00e7\u00e3o de acad\u00eamicos de gradua\u00e7\u00e3o e p\u00f3s-gradua\u00e7\u00e3o de diferentes cursos da\u00a0<strong>Universidade Federal de Santa Maria (UFSM)<\/strong>\u00a0e de outras institui\u00e7\u00f5es de ensino superior, que ministram as aulas e auxiliam na coordena\u00e7\u00e3o do curso. Os materiais did\u00e1ticos empregados, assim como as aulas, s\u00e3o oferecidos de forma totalmente gratuita.<\/p>\t\t\t\t\t\t<\/div>\n\t\t\t\t<\/div>\n\t\t\t\t\t<\/div>\n\t\t<\/div>\n\t\t\t\t\t<\/div>\n\t\t<\/section>\n\t\t\t\t<section class=\"elementor-section elementor-top-section elementor-element elementor-element-c2b9255 elementor-section-boxed elementor-section-height-default elementor-section-height-default\" data-id=\"c2b9255\" data-element_type=\"section\">\n\t\t\t\t\t\t<div class=\"elementor-container elementor-column-gap-default\">\n\t\t\t\t\t<div class=\"elementor-column elementor-col-100 elementor-top-column elementor-element elementor-element-098fedd\" data-id=\"098fedd\" data-element_type=\"column\">\n\t\t\t<div class=\"elementor-widget-wrap elementor-element-populated\">\n\t\t\t\t\t\t<div class=\"elementor-element elementor-element-9753b22 elementor-widget elementor-widget-heading\" data-id=\"9753b22\" data-element_type=\"widget\" data-widget_type=\"heading.default\">\n\t\t\t\t<div class=\"elementor-widget-container\">\n\t\t\t<h5 class=\"elementor-heading-title elementor-size-default\">Plano de Gest\u00e3o<\/h5>\t\t<\/div>\n\t\t\t\t<\/div>\n\t\t\t\t<div class=\"elementor-element elementor-element-7f634c8 elementor-widget elementor-widget-text-editor\" data-id=\"7f634c8\" data-element_type=\"widget\" data-widget_type=\"text-editor.default\">\n\t\t\t\t<div class=\"elementor-widget-container\">\n\t\t\t\t\t\t\t<p>\u2022\u00a0Construir e difundir conhecimento de valor para a sociedade;<\/p><p>\u2022\u00a0Formar cidad\u00e3os capazes de formar a realidade social;<\/p><p>\u2022\u00a0Buscar excel\u00eancia em ensino, pesquisa e extens\u00e3o.<\/p><p>\u00a0<\/p><p><strong>Linha e A\u00e7\u00e3o<\/strong><\/p><p align=\"justify\"><span style=\"color: #172938\"><span style=\"font-family: Arial, sans-serif\"><span style=\"font-size: medium\"><strong>Eixo 2<\/strong> \u2013 Inclus\u00e3o; acesso e acessibilidade; coopera\u00e7\u00e3o e inser\u00e7\u00e3o social: apoiar as pr\u00e1ticas voltadas ao atendimento das necessidades sociais relacionadas \u00e0s diferentes \u00e1reas tem\u00e1ticas definidas pela Pol\u00edtica de Extens\u00e3o.<\/span><\/span><\/span><\/p><p align=\"justify\"><span style=\"color: #172938\"><span style=\"font-family: Arial, sans-serif\"><span style=\"font-size: medium\"><strong>Eixo 3<\/strong> \u2013 Qualifica\u00e7\u00e3o das atividades acad\u00eamicas: incentivar as a\u00e7\u00f5es propiciadoras de qualifica\u00e7\u00e3o da comunidade universit\u00e1ria, por meio de atividades extensionistas.<\/span><\/span><\/span><\/p><p align=\"justify\">\u00a0<\/p><p align=\"justify\"><strong>Objetivos<br \/><\/strong><\/p><p align=\"justify\">Preparar os educandos para o acesso e para a perman\u00eancia no Ensino Superior.<\/p><p align=\"justify\">\u00a0<\/p><p align=\"justify\"><strong>Benef\u00edcios Esperados<\/strong><\/p><p align=\"justify\"><span style=\"color: #172938\">\u2022 <\/span><span style=\"color: #172938\"><span style=\"font-family: Arial, sans-serif\"><span style=\"font-size: medium\">Popularizar a perspectiva de Educa\u00e7\u00e3o-Popular em espa\u00e7os entendidos como ambientes de educa\u00e7\u00e3o formal;<\/span><\/span><\/span><\/p><p align=\"justify\"><span style=\"color: #172938\">\u2022 <span style=\"font-family: Arial, sans-serif\"><span style=\"font-size: medium\">Colaborar para a forma\u00e7\u00e3o pessoal do educando;<\/span><\/span><\/span><\/p><p align=\"justify\"><span style=\"color: #172938\">\u2022 <span style=\"font-family: Arial, sans-serif\"><span style=\"font-size: medium\">Colaborar para a amplia\u00e7\u00e3o da vis\u00e3o cr\u00edtica e reflexiva do educando;<\/span><\/span><\/span><\/p><p align=\"justify\"><span style=\"color: #172938\">\u2022 <span style=\"font-family: Arial, sans-serif\"><span style=\"font-size: medium\">Colaborar com os educadores no processo formativo e de qualifica\u00e7\u00e3o profissional;<\/span><\/span><\/span><\/p><p align=\"justify\"><span style=\"color: #172938\">\u2022 <span style=\"font-family: Arial, sans-serif\"><span style=\"font-size: medium\">Vivenciar na sala de aula a proposta de Educa\u00e7\u00e3o-Popular;<\/span><\/span><\/span><\/p><p align=\"justify\"><span style=\"color: #172938\">\u2022 <span style=\"font-family: Arial, sans-serif\"><span style=\"font-size: medium\">Fomentar a leitura e a escrita do educando, por meio de projetos de leitura.<\/span><\/span><\/span><\/p>\t\t\t\t\t\t<\/div>\n\t\t\t\t<\/div>\n\t\t\t\t\t<\/div>\n\t\t<\/div>\n\t\t\t\t\t<\/div>\n\t\t<\/section>\n\t\t\t\t<section class=\"elementor-section elementor-top-section elementor-element elementor-element-747f903 elementor-section-boxed elementor-section-height-default elementor-section-height-default\" data-id=\"747f903\" data-element_type=\"section\">\n\t\t\t\t\t\t<div class=\"elementor-container elementor-column-gap-default\">\n\t\t\t\t\t<div class=\"elementor-column elementor-col-100 elementor-top-column elementor-element elementor-element-800bf8e\" data-id=\"800bf8e\" data-element_type=\"column\">\n\t\t\t<div class=\"elementor-widget-wrap elementor-element-populated\">\n\t\t\t\t\t\t<div class=\"elementor-element elementor-element-f35c4cc elementor-widget elementor-widget-spacer\" data-id=\"f35c4cc\" data-element_type=\"widget\" data-widget_type=\"spacer.default\">\n\t\t\t\t<div class=\"elementor-widget-container\">\n\t\t\t\t\t<div class=\"elementor-spacer\">\n\t\t\t<div class=\"elementor-spacer-inner\"><\/div>\n\t\t<\/div>\n\t\t\t\t<\/div>\n\t\t\t\t<\/div>\n\t\t\t\t\t<\/div>\n\t\t<\/div>\n\t\t\t\t\t<\/div>\n\t\t<\/section>\n\t\t\t\t<section class=\"elementor-section elementor-top-section elementor-element elementor-element-09c8dc7 elementor-section-boxed elementor-section-height-default elementor-section-height-default\" data-id=\"09c8dc7\" data-element_type=\"section\">\n\t\t\t\t\t\t<div class=\"elementor-container elementor-column-gap-default\">\n\t\t\t\t\t<div class=\"elementor-column elementor-col-100 elementor-top-column elementor-element elementor-element-739be65\" data-id=\"739be65\" data-element_type=\"column\">\n\t\t\t<div class=\"elementor-widget-wrap elementor-element-populated\">\n\t\t\t\t\t\t<div class=\"elementor-element elementor-element-2a87018 elementor-widget elementor-widget-heading\" data-id=\"2a87018\" data-element_type=\"widget\" data-widget_type=\"heading.default\">\n\t\t\t\t<div class=\"elementor-widget-container\">\n\t\t\t<h5 class=\"elementor-heading-title elementor-size-default\">Redes Sociais<\/h5>\t\t<\/div>\n\t\t\t\t<\/div>\n\t\t\t\t\t<\/div>\n\t\t<\/div>\n\t\t\t\t\t<\/div>\n\t\t<\/section>\n\t\t\t\t<section class=\"elementor-section elementor-top-section elementor-element elementor-element-4e3a1c0 elementor-section-boxed elementor-section-height-default elementor-section-height-default\" data-id=\"4e3a1c0\" data-element_type=\"section\">\n\t\t\t\t\t\t<div class=\"elementor-container elementor-column-gap-default\">\n\t\t\t\t\t<div class=\"elementor-column elementor-col-33 elementor-top-column elementor-element elementor-element-e769372\" data-id=\"e769372\" data-element_type=\"column\">\n\t\t\t<div class=\"elementor-widget-wrap elementor-element-populated\">\n\t\t\t\t\t\t<div class=\"elementor-element elementor-element-c03c75b elementor-view-default elementor-widget elementor-widget-icon\" data-id=\"c03c75b\" data-element_type=\"widget\" data-widget_type=\"icon.default\">\n\t\t\t\t<div class=\"elementor-widget-container\">\n\t\t\t\t\t<div class=\"elementor-icon-wrapper\">\n\t\t\t<a class=\"elementor-icon\" href=\"https:\/\/www.facebook.com\/PreUniversitarioPopularAlternativa\/?__tn__=%2Cd%2CP-R&#038;eid=ARBYC1yRLMia4nTWPtp2ho_gK8-ifvNrU_njqbUP_-j1BzS4pB7IABT_oCUsLDhdXctq6WSCAxww5v3b\">\n\t\t\t<i aria-hidden=\"true\" class=\"fab fa-facebook\"><\/i>\t\t\t<\/a>\n\t\t<\/div>\n\t\t\t\t<\/div>\n\t\t\t\t<\/div>\n\t\t\t\t\t<\/div>\n\t\t<\/div>\n\t\t\t\t<div class=\"elementor-column elementor-col-33 elementor-top-column elementor-element elementor-element-9ec9b6e\" data-id=\"9ec9b6e\" data-element_type=\"column\">\n\t\t\t<div class=\"elementor-widget-wrap elementor-element-populated\">\n\t\t\t\t\t\t<div class=\"elementor-element elementor-element-c0092b4 elementor-view-default elementor-widget elementor-widget-icon\" data-id=\"c0092b4\" data-element_type=\"widget\" data-widget_type=\"icon.default\">\n\t\t\t\t<div class=\"elementor-widget-container\">\n\t\t\t\t\t<div class=\"elementor-icon-wrapper\">\n\t\t\t<a class=\"elementor-icon\" href=\"https:\/\/www.instagram.com\/pup.alter\/\">\n\t\t\t<i aria-hidden=\"true\" class=\"fab fa-instagram\"><\/i>\t\t\t<\/a>\n\t\t<\/div>\n\t\t\t\t<\/div>\n\t\t\t\t<\/div>\n\t\t\t\t\t<\/div>\n\t\t<\/div>\n\t\t\t\t<div class=\"elementor-column elementor-col-33 elementor-top-column elementor-element elementor-element-3044e6d\" data-id=\"3044e6d\" data-element_type=\"column\">\n\t\t\t<div class=\"elementor-widget-wrap elementor-element-populated\">\n\t\t\t\t\t\t<div class=\"elementor-element elementor-element-8216106 elementor-view-default elementor-widget elementor-widget-icon\" data-id=\"8216106\" data-element_type=\"widget\" data-widget_type=\"icon.default\">\n\t\t\t\t<div class=\"elementor-widget-container\">\n\t\t\t\t\t<div class=\"elementor-icon-wrapper\">\n\t\t\t<a class=\"elementor-icon\" href=\"https:\/\/www.ufsm.br\/projetos\/extensao\/alternativa\/\">\n\t\t\t<i aria-hidden=\"true\" class=\"fas fa-laptop\"><\/i>\t\t\t<\/a>\n\t\t<\/div>\n\t\t\t\t<\/div>\n\t\t\t\t<\/div>\n\t\t\t\t\t<\/div>\n\t\t<\/div>\n\t\t\t\t\t<\/div>\n\t\t<\/section>\n\t\t\t\t<section class=\"elementor-section elementor-top-section elementor-element elementor-element-48c85ca elementor-section-boxed elementor-section-height-default elementor-section-height-default\" data-id=\"48c85ca\" data-element_type=\"section\">\n\t\t\t\t\t\t<div class=\"elementor-container elementor-column-gap-default\">\n\t\t\t\t\t<div class=\"elementor-column elementor-col-100 elementor-top-column elementor-element elementor-element-bee11d5\" data-id=\"bee11d5\" data-element_type=\"column\">\n\t\t\t<div class=\"elementor-widget-wrap elementor-element-populated\">\n\t\t\t\t\t\t<div class=\"elementor-element elementor-element-a3d9d54 elementor-widget elementor-widget-spacer\" data-id=\"a3d9d54\" data-element_type=\"widget\" data-widget_type=\"spacer.default\">\n\t\t\t\t<div class=\"elementor-widget-container\">\n\t\t\t\t\t<div class=\"elementor-spacer\">\n\t\t\t<div class=\"elementor-spacer-inner\"><\/div>\n\t\t<\/div>\n\t\t\t\t<\/div>\n\t\t\t\t<\/div>\n\t\t\t\t\t<\/div>\n\t\t<\/div>\n\t\t\t\t\t<\/div>\n\t\t<\/section>\n\t\t\t\t<section class=\"elementor-section elementor-top-section elementor-element elementor-element-7d82a41 elementor-section-boxed elementor-section-height-default elementor-section-height-default\" data-id=\"7d82a41\" data-element_type=\"section\">\n\t\t\t\t\t\t<div class=\"elementor-container elementor-column-gap-default\">\n\t\t\t\t\t<div class=\"elementor-column elementor-col-100 elementor-top-column elementor-element elementor-element-3d20326\" data-id=\"3d20326\" data-element_type=\"column\">\n\t\t\t<div class=\"elementor-widget-wrap elementor-element-populated\">\n\t\t\t\t\t\t<div class=\"elementor-element elementor-element-c74908c elementor-widget elementor-widget-heading\" data-id=\"c74908c\" data-element_type=\"widget\" data-widget_type=\"heading.default\">\n\t\t\t\t<div class=\"elementor-widget-container\">\n\t\t\t<h5 class=\"elementor-heading-title elementor-size-default\">Links \u00dateis<\/h5>\t\t<\/div>\n\t\t\t\t<\/div>\n\t\t\t\t\t<\/div>\n\t\t<\/div>\n\t\t\t\t\t<\/div>\n\t\t<\/section>\n\t\t\t\t<section class=\"elementor-section elementor-top-section elementor-element elementor-element-e3bffb3 elementor-section-boxed elementor-section-height-default elementor-section-height-default\" data-id=\"e3bffb3\" data-element_type=\"section\">\n\t\t\t\t\t\t<div class=\"elementor-container elementor-column-gap-default\">\n\t\t\t\t\t<div class=\"elementor-column elementor-col-50 elementor-top-column elementor-element elementor-element-85b4979\" data-id=\"85b4979\" data-element_type=\"column\">\n\t\t\t<div class=\"elementor-widget-wrap elementor-element-populated\">\n\t\t\t\t\t\t<div class=\"elementor-element elementor-element-d981838 elementor-view-default elementor-widget elementor-widget-icon\" data-id=\"d981838\" data-element_type=\"widget\" data-widget_type=\"icon.default\">\n\t\t\t\t<div class=\"elementor-widget-container\">\n\t\t\t\t\t<div class=\"elementor-icon-wrapper\">\n\t\t\t<a class=\"elementor-icon\" href=\"https:\/\/www.ufsm.br\/pro-reitorias\/pre\/coderc\/\">\n\t\t\t<i aria-hidden=\"true\" class=\"fas fa-globe\"><\/i>\t\t\t<\/a>\n\t\t<\/div>\n\t\t\t\t<\/div>\n\t\t\t\t<\/div>\n\t\t\t\t<div class=\"elementor-element elementor-element-bb03acc elementor-widget elementor-widget-heading\" data-id=\"bb03acc\" data-element_type=\"widget\" data-widget_type=\"heading.default\">\n\t\t\t\t<div class=\"elementor-widget-container\">\n\t\t\t<h6 class=\"elementor-heading-title elementor-size-default\">Desenvolvimento Regional<\/h6>\t\t<\/div>\n\t\t\t\t<\/div>\n\t\t\t\t\t<\/div>\n\t\t<\/div>\n\t\t\t\t<div class=\"elementor-column elementor-col-50 elementor-top-column elementor-element elementor-element-1733fc8\" data-id=\"1733fc8\" data-element_type=\"column\">\n\t\t\t<div class=\"elementor-widget-wrap elementor-element-populated\">\n\t\t\t\t\t\t<div class=\"elementor-element elementor-element-77844a5 elementor-view-default elementor-widget elementor-widget-icon\" data-id=\"77844a5\" data-element_type=\"widget\" data-widget_type=\"icon.default\">\n\t\t\t\t<div class=\"elementor-widget-container\">\n\t\t\t\t\t<div class=\"elementor-icon-wrapper\">\n\t\t\t<a class=\"elementor-icon\" href=\"https:\/\/www.ufsm.br\/pro-reitorias\/pre\/transparencia\/\">\n\t\t\t<i aria-hidden=\"true\" class=\"fas fa-comment-dollar\"><\/i>\t\t\t<\/a>\n\t\t<\/div>\n\t\t\t\t<\/div>\n\t\t\t\t<\/div>\n\t\t\t\t<div class=\"elementor-element elementor-element-e5f95ce elementor-widget elementor-widget-heading\" data-id=\"e5f95ce\" data-element_type=\"widget\" data-widget_type=\"heading.default\">\n\t\t\t\t<div class=\"elementor-widget-container\">\n\t\t\t<h6 class=\"elementor-heading-title elementor-size-default\">Transpar\u00eancia<\/h6>\t\t<\/div>\n\t\t\t\t<\/div>\n\t\t\t\t\t<\/div>\n\t\t<\/div>\n\t\t\t\t\t<\/div>\n\t\t<\/section>\n\t\t\t\t<\/div>\n\t\t","protected":false},"excerpt":{"rendered":"<p>O\u00a0Pr\u00e9-Universit\u00e1rio Popular Alternativa (PUPA)\u00a0\u00e9 um programa de extens\u00e3o que tem como objetivo principal a democratiza\u00e7\u00e3o do acesso ao\u00a0ensino superior, por meio de aulas preparat\u00f3rias pautadas pela educa\u00e7\u00e3o popular.\u00a0As atividades s\u00e3o desenvolvidas no\u00a0Pr\u00e9dio da Antiga Reitoria, localizado na Rua Floriano Peixoto, 1184, 6\u00ba andar, sala 602, bairro Centro, com aulas no turno da noite, de segunda [&hellip;]<\/p>\n","protected":false},"author":118,"featured_media":0,"parent":0,"menu_order":0,"comment_status":"closed","ping_status":"closed","template":"","meta":{"footnotes":""},"categories":[],"tags":[],"class_list":["post-926","page","type-page","status-publish","hentry"],"acf":[],"_links":{"self":[{"href":"https:\/\/www.ufsm.br\/pro-reitorias\/pre\/wp-json\/wp\/v2\/pages\/926","targetHints":{"allow":["GET"]}}],"collection":[{"href":"https:\/\/www.ufsm.br\/pro-reitorias\/pre\/wp-json\/wp\/v2\/pages"}],"about":[{"href":"https:\/\/www.ufsm.br\/pro-reitorias\/pre\/wp-json\/wp\/v2\/types\/page"}],"author":[{"embeddable":true,"href":"https:\/\/www.ufsm.br\/pro-reitorias\/pre\/wp-json\/wp\/v2\/users\/118"}],"replies":[{"embeddable":true,"href":"https:\/\/www.ufsm.br\/pro-reitorias\/pre\/wp-json\/wp\/v2\/comments?post=926"}],"version-history":[{"count":0,"href":"https:\/\/www.ufsm.br\/pro-reitorias\/pre\/wp-json\/wp\/v2\/pages\/926\/revisions"}],"wp:attachment":[{"href":"https:\/\/www.ufsm.br\/pro-reitorias\/pre\/wp-json\/wp\/v2\/media?parent=926"}],"wp:term":[{"taxonomy":"category","embeddable":true,"href":"https:\/\/www.ufsm.br\/pro-reitorias\/pre\/wp-json\/wp\/v2\/categories?post=926"},{"taxonomy":"post_tag","embeddable":true,"href":"https:\/\/www.ufsm.br\/pro-reitorias\/pre\/wp-json\/wp\/v2\/tags?post=926"}],"curies":[{"name":"wp","href":"https:\/\/api.w.org\/{rel}","templated":true}]}}