{"id":9378,"date":"2024-04-19T13:18:53","date_gmt":"2024-04-19T16:18:53","guid":{"rendered":"https:\/\/www.ufsm.br\/pro-reitorias\/pre\/?page_id=9378"},"modified":"2024-04-19T14:39:00","modified_gmt":"2024-04-19T17:39:00","slug":"bolsas-de-extensao-cultura-e-arte","status":"publish","type":"page","link":"https:\/\/www.ufsm.br\/pro-reitorias\/pre\/bolsas-de-extensao-cultura-e-arte","title":{"rendered":"Bolsas de Extens\u00e3o Cultura e Arte"},"content":{"rendered":"\t\t<div data-elementor-type=\"wp-page\" data-elementor-id=\"9378\" class=\"elementor elementor-9378\">\n\t\t\t\t\t\t<section class=\"elementor-section elementor-top-section elementor-element elementor-element-9302264 elementor-section-boxed elementor-section-height-default elementor-section-height-default\" data-id=\"9302264\" data-element_type=\"section\">\n\t\t\t\t\t\t<div class=\"elementor-container elementor-column-gap-default\">\n\t\t\t\t\t<div class=\"elementor-column elementor-col-100 elementor-top-column elementor-element elementor-element-3639ce0\" data-id=\"3639ce0\" data-element_type=\"column\">\n\t\t\t<div class=\"elementor-widget-wrap elementor-element-populated\">\n\t\t\t\t\t\t<div class=\"elementor-element elementor-element-ac8d41c elementor-widget elementor-widget-text-editor\" data-id=\"ac8d41c\" data-element_type=\"widget\" data-widget_type=\"text-editor.default\">\n\t\t\t\t<div class=\"elementor-widget-container\">\n\t\t\t\t\t\t\t<table style=\"border-collapse: collapse;width: 100%\"><tbody><tr><td style=\"width: 1.89036%;text-align: center\"><strong>Projeto<\/strong><\/td><td style=\"width: 46.3846%;text-align: center\"><strong>T\u00edtulo<\/strong><\/td><td style=\"width: 17.0369%;text-align: center\"><strong>Coordenador\/a<\/strong><\/td><td style=\"width: 20.085%;text-align: center\"><strong>Edital<\/strong><\/td><td style=\"width: 14.6031%;text-align: center\"><strong>Resulado<\/strong><\/td><\/tr><tr><td style=\"width: 1.89036%;text-align: center\">052124<\/td><td style=\"width: 46.3846%;text-align: center\">Departamento de Tradi\u00e7\u00f5es Ga\u00fachas (DTG) Noel Guarany<\/td><td style=\"width: 17.0369%;text-align: center\">Luciano Zucuni Pes<\/td><td style=\"width: 20.085%;text-align: center\"><a href=\"https:\/\/www.ufsm.br\/app\/uploads\/sites\/346\/2024\/04\/Edital-Projeto-052124-Luciano-Zucuni-Pes.pdf\">Edital Projeto 052124<\/a><\/td><td style=\"width: 14.6031%;text-align: center\">\u00a0<\/td><\/tr><\/tbody><\/table>\t\t\t\t\t\t<\/div>\n\t\t\t\t<\/div>\n\t\t\t\t\t<\/div>\n\t\t<\/div>\n\t\t\t\t\t<\/div>\n\t\t<\/section>\n\t\t\t\t<\/div>\n\t\t","protected":false},"excerpt":{"rendered":"<p>Projeto T\u00edtulo Coordenador\/a Edital Resulado 052124 Departamento de Tradi\u00e7\u00f5es Ga\u00fachas (DTG) Noel Guarany Luciano Zucuni Pes Edital Projeto 052124 \u00a0<\/p>\n","protected":false},"author":2813,"featured_media":0,"parent":0,"menu_order":0,"comment_status":"closed","ping_status":"closed","template":"","meta":{"footnotes":""},"categories":[],"tags":[618,507,289],"class_list":["post-9378","page","type-page","status-publish","hentry","tag-arte","tag-cultura","tag-cultura-e-arte"],"acf":[],"_links":{"self":[{"href":"https:\/\/www.ufsm.br\/pro-reitorias\/pre\/wp-json\/wp\/v2\/pages\/9378","targetHints":{"allow":["GET"]}}],"collection":[{"href":"https:\/\/www.ufsm.br\/pro-reitorias\/pre\/wp-json\/wp\/v2\/pages"}],"about":[{"href":"https:\/\/www.ufsm.br\/pro-reitorias\/pre\/wp-json\/wp\/v2\/types\/page"}],"author":[{"embeddable":true,"href":"https:\/\/www.ufsm.br\/pro-reitorias\/pre\/wp-json\/wp\/v2\/users\/2813"}],"replies":[{"embeddable":true,"href":"https:\/\/www.ufsm.br\/pro-reitorias\/pre\/wp-json\/wp\/v2\/comments?post=9378"}],"version-history":[{"count":0,"href":"https:\/\/www.ufsm.br\/pro-reitorias\/pre\/wp-json\/wp\/v2\/pages\/9378\/revisions"}],"wp:attachment":[{"href":"https:\/\/www.ufsm.br\/pro-reitorias\/pre\/wp-json\/wp\/v2\/media?parent=9378"}],"wp:term":[{"taxonomy":"category","embeddable":true,"href":"https:\/\/www.ufsm.br\/pro-reitorias\/pre\/wp-json\/wp\/v2\/categories?post=9378"},{"taxonomy":"post_tag","embeddable":true,"href":"https:\/\/www.ufsm.br\/pro-reitorias\/pre\/wp-json\/wp\/v2\/tags?post=9378"}],"curies":[{"name":"wp","href":"https:\/\/api.w.org\/{rel}","templated":true}]}}