{"id":959,"date":"2018-07-27T09:19:57","date_gmt":"2018-07-27T12:19:57","guid":{"rendered":"https:\/\/www.ufsm.br\/pro-reitorias\/pre\/?page_id=959"},"modified":"2020-07-12T19:32:15","modified_gmt":"2020-07-12T22:32:15","slug":"viva-o-campus","status":"publish","type":"page","link":"https:\/\/www.ufsm.br\/pro-reitorias\/pre\/viva-o-campus","title":{"rendered":"Viva o Campus"},"content":{"rendered":"\t\t<div data-elementor-type=\"wp-post\" data-elementor-id=\"959\" class=\"elementor elementor-959\">\n\t\t\t\t\t\t<section class=\"elementor-section elementor-top-section elementor-element elementor-element-318602e elementor-section-boxed elementor-section-height-default elementor-section-height-default\" data-id=\"318602e\" data-element_type=\"section\">\n\t\t\t\t\t\t<div class=\"elementor-container elementor-column-gap-default\">\n\t\t\t\t\t<div class=\"elementor-column elementor-col-100 elementor-top-column elementor-element elementor-element-73ac866\" data-id=\"73ac866\" data-element_type=\"column\">\n\t\t\t<div class=\"elementor-widget-wrap elementor-element-populated\">\n\t\t\t\t\t\t<div class=\"elementor-element elementor-element-5975421 elementor-widget-divider--view-line elementor-widget elementor-widget-divider\" data-id=\"5975421\" data-element_type=\"widget\" data-widget_type=\"divider.default\">\n\t\t\t\t<div class=\"elementor-widget-container\">\n\t\t\t\t\t<div class=\"elementor-divider\">\n\t\t\t<span class=\"elementor-divider-separator\">\n\t\t\t\t\t\t<\/span>\n\t\t<\/div>\n\t\t\t\t<\/div>\n\t\t\t\t<\/div>\n\t\t\t\t<div class=\"elementor-element elementor-element-0c10b21 elementor-widget elementor-widget-text-editor\" data-id=\"0c10b21\" data-element_type=\"widget\" data-widget_type=\"text-editor.default\">\n\t\t\t\t<div class=\"elementor-widget-container\">\n\t\t\t\t\t\t\t<p align=\"justify\"><span style=\"font-family: Times New Roman, serif\">O Programa pretende constituir-se como espa\u00e7o alternativo \u00e0 comunidade, baseando-se em experi\u00eancias bem sucedidas, onde o trabalho nas dimens\u00f5es art\u00edstica, cultural, educacional e esportiva tem colaborado para a constru\u00e7\u00e3o de espa\u00e7os de lazer e cidadania. Sendo assim,\u00a0<\/span><strong><span style=\"font-family: Times New Roman, serif\"><b>Viva o Campus<\/b><\/span><\/strong><span style=\"font-family: Times New Roman, serif\">\u00a0conta n\u00e3o s\u00f3 com os recursos humanos, t\u00e9cnicos e f\u00edsicos da institui\u00e7\u00e3o, mas tamb\u00e9m com o apoio de institui\u00e7\u00f5es parceiras da UFSM. As atividades que fazem parte da programa\u00e7\u00e3o\u00a0 incorporam-se a pr\u00e1ticas educativas e a outras iniciativas em curso, conjugados em um programa educacional coeso \u2013 cujos focos s\u00e3o a extens\u00e3o e a comunidade.<\/span><\/p><p align=\"justify\"><span style=\"font-family: Times New Roman, serif\">O Programa visa a construir estrat\u00e9gias para potencializar a abertura do campus da UFSM nos finais de semana, oportunizando atividades de esporte, arte, cultura, sa\u00fade e lazer, na perspectiva de Universidade Cidad\u00e3, promotora de sociabilidades, que compartilha uma cultura de n\u00e3o viol\u00eancia e de promo\u00e7\u00e3o da cidadania.<\/span><\/p><p align=\"justify\"><span style=\"font-family: Times New Roman, serif\">Nesse sentido, a ideia do programa\u00a0<\/span><strong><span style=\"font-family: Times New Roman, serif\"><b>Viva o Campus<\/b><\/span><\/strong><span style=\"font-family: Times New Roman, serif\">\u00a0justifica-se por estimular a comunidade em geral a conhecer, frequentar e valorizar o campus, como espa\u00e7o promotor de conhecimento, cidadania e bem estar. A natureza deste trabalho \u00e9 educativa e transformadora, pretendendo consolidar as rela\u00e7\u00f5es comunidade-universidade, oferecendo novas oportunidades de inclus\u00e3o sociocultural. Al\u00e9m de integra\u00e7\u00e3o e lazer, a oferta de atividades esportivas, art\u00edsticas e culturais prop\u00f5e contribuir na socializa\u00e7\u00e3o e na constru\u00e7\u00e3o de cidadanias.<\/span><\/p>\t\t\t\t\t\t<\/div>\n\t\t\t\t<\/div>\n\t\t\t\t<div class=\"elementor-element elementor-element-af014de elementor-widget-divider--view-line elementor-widget elementor-widget-divider\" data-id=\"af014de\" data-element_type=\"widget\" data-widget_type=\"divider.default\">\n\t\t\t\t<div class=\"elementor-widget-container\">\n\t\t\t\t\t<div class=\"elementor-divider\">\n\t\t\t<span class=\"elementor-divider-separator\">\n\t\t\t\t\t\t<\/span>\n\t\t<\/div>\n\t\t\t\t<\/div>\n\t\t\t\t<\/div>\n\t\t\t\t\t<\/div>\n\t\t<\/div>\n\t\t\t\t\t<\/div>\n\t\t<\/section>\n\t\t\t\t<section class=\"elementor-section elementor-top-section elementor-element elementor-element-66be7b2 elementor-section-boxed elementor-section-height-default elementor-section-height-default\" data-id=\"66be7b2\" data-element_type=\"section\">\n\t\t\t\t\t\t<div class=\"elementor-container elementor-column-gap-default\">\n\t\t\t\t\t<div class=\"elementor-column elementor-col-100 elementor-top-column elementor-element elementor-element-af46899\" data-id=\"af46899\" data-element_type=\"column\">\n\t\t\t<div class=\"elementor-widget-wrap elementor-element-populated\">\n\t\t\t\t\t\t<div class=\"elementor-element elementor-element-b4789a7 elementor-widget elementor-widget-heading\" data-id=\"b4789a7\" data-element_type=\"widget\" data-widget_type=\"heading.default\">\n\t\t\t\t<div class=\"elementor-widget-container\">\n\t\t\t<h5 class=\"elementor-heading-title elementor-size-default\">Plano de Gest\u00e3o<\/h5>\t\t<\/div>\n\t\t\t\t<\/div>\n\t\t\t\t<div class=\"elementor-element elementor-element-1f670f1 elementor-widget elementor-widget-text-editor\" data-id=\"1f670f1\" data-element_type=\"widget\" data-widget_type=\"text-editor.default\">\n\t\t\t\t<div class=\"elementor-widget-container\">\n\t\t\t\t\t\t\t<p align=\"justify\"><span style=\"color: #000000\"><span style=\"font-family: rawline, sans-serif\"><span style=\"font-size: medium\"><strong>Eixo 2<\/strong> \u2013 Inclus\u00e3o, acesso e acessibilidade, coopera\u00e7\u00e3o e inser\u00e7\u00e3o social: apoiar as pr\u00e1ticas voltadas ao atendimento das necessidades sociais relacionadas \u00e0s diferentes \u00e1reas tem\u00e1ticas definidas pela Pol\u00edtica de Extens\u00e3o. <\/span><\/span><\/span><\/p><p align=\"justify\"><strong>Objetivos:\u00a0<\/strong><br \/>1.3 \u2013 Valorizar a diversidade cultural;<br \/>2.1 \u2013 Fortalecer a imagem da UFSM frente \u00e0s partes interessadas;<br \/>3.1 \u2013 Intensificar atividades integradas de ensino, pesquisa e extens\u00e3o socialmente relevantes;<br \/>3.2 \u2013 Fortalecer a comunica\u00e7\u00e3o institucional.<\/p><p align=\"justify\">\u00a0<\/p><p align=\"justify\"><strong>Benef\u00edcios Esperados<\/strong><\/p><p align=\"justify\"><span style=\"color: #000000\">\u2022 <span style=\"font-family: rawline, sans-serif\"><span style=\"font-size: medium\">Construir propostas alternativas de lazer, bem como mediar pr\u00e1ticas educativas com comunidade que frequenta o Campus da UFSM nos finais de semana;<\/span><\/span><\/span><\/p><p align=\"justify\"><span style=\"color: #000000\">\u2022 <span style=\"font-family: rawline, sans-serif\"><span style=\"font-size: medium\">Potencializar as habilidades e as experi\u00eancias movimentadas pela institui\u00e7\u00e3o nas suas grandes \u00e1reas de atua\u00e7\u00e3o;<\/span><\/span><\/span><\/p><p align=\"justify\"><span style=\"color: #000000\">\u2022 <span style=\"font-family: rawline, sans-serif\"><span style=\"font-size: medium\">Incentivar a participa\u00e7\u00e3o cultural e art\u00edstica, a conscientiza\u00e7\u00e3o em sentido amplo e o cuidado com o meio ambiente;<\/span><\/span><\/span><\/p><p align=\"justify\"><span style=\"color: #000000\">\u2022 <span style=\"font-family: rawline, sans-serif\"><span style=\"font-size: medium\">Contribuir tanto para a diminui\u00e7\u00e3o da viol\u00eancia e da vulnerabilidade social quanto para a promo\u00e7\u00e3o de uma cultura da compreens\u00e3o e da conviv\u00eancia pac\u00edfica;<\/span><\/span><\/span><\/p><p align=\"justify\"><span style=\"color: #000000\">\u2022 <span style=\"font-family: rawline, sans-serif\"><span style=\"font-size: medium\">Contribuir para a divulga\u00e7\u00e3o das atividades desenvolvidas no \u00e2mbito da UFSM no cen\u00e1rio local e regional;<\/span><\/span><\/span><\/p><p align=\"justify\"><span style=\"color: #000000\">\u2022 <span style=\"font-family: rawline, sans-serif\"><span style=\"font-size: medium\">Motivar a interlocu\u00e7\u00e3o da universidade n\u00e3o s\u00f3 com os setores art\u00edsticos e produtores de cultura, mas tamb\u00e9m com os movimentos sociais;<\/span><\/span><\/span><\/p><p align=\"justify\"><span style=\"color: #000000\">\u2022 <span style=\"font-family: rawline, sans-serif\"><span style=\"font-size: medium\">Impulsionar o di\u00e1logo entre a universidade e a comunidade local e regional;<\/span><\/span><\/span><\/p><p align=\"justify\"><span style=\"color: #000000\">\u2022 <span style=\"font-family: rawline, sans-serif\"><span style=\"font-size: medium\">Coordenar a execu\u00e7\u00e3o anual da Virada Cultural da UFSM. <\/span><\/span><\/span><\/p>\t\t\t\t\t\t<\/div>\n\t\t\t\t<\/div>\n\t\t\t\t\t<\/div>\n\t\t<\/div>\n\t\t\t\t\t<\/div>\n\t\t<\/section>\n\t\t\t\t<section class=\"elementor-section elementor-top-section elementor-element elementor-element-9b1d880 elementor-section-boxed elementor-section-height-default elementor-section-height-default\" data-id=\"9b1d880\" data-element_type=\"section\">\n\t\t\t\t\t\t<div class=\"elementor-container elementor-column-gap-default\">\n\t\t\t\t\t<div class=\"elementor-column elementor-col-100 elementor-top-column elementor-element elementor-element-cecf147\" data-id=\"cecf147\" data-element_type=\"column\">\n\t\t\t<div class=\"elementor-widget-wrap elementor-element-populated\">\n\t\t\t\t\t\t<div class=\"elementor-element elementor-element-0b1a785 elementor-widget elementor-widget-heading\" data-id=\"0b1a785\" data-element_type=\"widget\" data-widget_type=\"heading.default\">\n\t\t\t\t<div class=\"elementor-widget-container\">\n\t\t\t<h5 class=\"elementor-heading-title elementor-size-default\">Execu\u00e7\u00e3o Or\u00e7ament\u00e1ria<\/h5>\t\t<\/div>\n\t\t\t\t<\/div>\n\t\t\t\t\t<\/div>\n\t\t<\/div>\n\t\t\t\t\t<\/div>\n\t\t<\/section>\n\t\t\t\t<section class=\"elementor-section elementor-top-section elementor-element elementor-element-a696c01 elementor-section-boxed elementor-section-height-default elementor-section-height-default\" data-id=\"a696c01\" data-element_type=\"section\">\n\t\t\t\t\t\t<div class=\"elementor-container elementor-column-gap-default\">\n\t\t\t\t\t<div class=\"elementor-column elementor-col-50 elementor-top-column elementor-element elementor-element-f81f53d\" data-id=\"f81f53d\" data-element_type=\"column\">\n\t\t\t<div class=\"elementor-widget-wrap elementor-element-populated\">\n\t\t\t\t\t\t<div class=\"elementor-element elementor-element-3bddef1 elementor-view-default elementor-widget elementor-widget-icon\" data-id=\"3bddef1\" data-element_type=\"widget\" data-widget_type=\"icon.default\">\n\t\t\t\t<div class=\"elementor-widget-container\">\n\t\t\t\t\t<div class=\"elementor-icon-wrapper\">\n\t\t\t<a class=\"elementor-icon\" href=\"http:\/\/w3.ufsm.br\/pre\/images\/Transparencia\/2016final\/Transparncia%20Viva%20o%20Campus.pdf\">\n\t\t\t<i aria-hidden=\"true\" class=\"far fa-chart-bar\"><\/i>\t\t\t<\/a>\n\t\t<\/div>\n\t\t\t\t<\/div>\n\t\t\t\t<\/div>\n\t\t\t\t<div class=\"elementor-element elementor-element-db09b94 elementor-widget elementor-widget-heading\" data-id=\"db09b94\" data-element_type=\"widget\" data-widget_type=\"heading.default\">\n\t\t\t\t<div class=\"elementor-widget-container\">\n\t\t\t<h6 class=\"elementor-heading-title elementor-size-default\">2016<\/h6>\t\t<\/div>\n\t\t\t\t<\/div>\n\t\t\t\t\t<\/div>\n\t\t<\/div>\n\t\t\t\t<div class=\"elementor-column elementor-col-50 elementor-top-column elementor-element elementor-element-60c2255\" data-id=\"60c2255\" data-element_type=\"column\">\n\t\t\t<div class=\"elementor-widget-wrap elementor-element-populated\">\n\t\t\t\t\t\t<div class=\"elementor-element elementor-element-0315212 elementor-view-default elementor-widget elementor-widget-icon\" data-id=\"0315212\" data-element_type=\"widget\" data-widget_type=\"icon.default\">\n\t\t\t\t<div class=\"elementor-widget-container\">\n\t\t\t\t\t<div class=\"elementor-icon-wrapper\">\n\t\t\t<a class=\"elementor-icon\" href=\"http:\/\/w3.ufsm.br\/pre\/images\/Transparencia\/2017-final\/Transparncia%20Projeto%20Viva%20o%20Campus%20Ref%202017.pdf\">\n\t\t\t<i aria-hidden=\"true\" class=\"far fa-chart-bar\"><\/i>\t\t\t<\/a>\n\t\t<\/div>\n\t\t\t\t<\/div>\n\t\t\t\t<\/div>\n\t\t\t\t<div class=\"elementor-element elementor-element-95fb401 elementor-widget elementor-widget-heading\" data-id=\"95fb401\" data-element_type=\"widget\" data-widget_type=\"heading.default\">\n\t\t\t\t<div class=\"elementor-widget-container\">\n\t\t\t<h6 class=\"elementor-heading-title elementor-size-default\">2017<\/h6>\t\t<\/div>\n\t\t\t\t<\/div>\n\t\t\t\t\t<\/div>\n\t\t<\/div>\n\t\t\t\t\t<\/div>\n\t\t<\/section>\n\t\t\t\t<section class=\"elementor-section elementor-top-section elementor-element elementor-element-d08089f elementor-section-boxed elementor-section-height-default elementor-section-height-default\" data-id=\"d08089f\" data-element_type=\"section\">\n\t\t\t\t\t\t<div class=\"elementor-container elementor-column-gap-default\">\n\t\t\t\t\t<div class=\"elementor-column elementor-col-100 elementor-top-column elementor-element elementor-element-eb1ed2c\" data-id=\"eb1ed2c\" data-element_type=\"column\">\n\t\t\t<div class=\"elementor-widget-wrap elementor-element-populated\">\n\t\t\t\t\t\t<div class=\"elementor-element elementor-element-cf43d71 elementor-widget elementor-widget-spacer\" data-id=\"cf43d71\" data-element_type=\"widget\" data-widget_type=\"spacer.default\">\n\t\t\t\t<div class=\"elementor-widget-container\">\n\t\t\t\t\t<div class=\"elementor-spacer\">\n\t\t\t<div class=\"elementor-spacer-inner\"><\/div>\n\t\t<\/div>\n\t\t\t\t<\/div>\n\t\t\t\t<\/div>\n\t\t\t\t\t<\/div>\n\t\t<\/div>\n\t\t\t\t\t<\/div>\n\t\t<\/section>\n\t\t\t\t<section class=\"elementor-section elementor-top-section elementor-element elementor-element-caed2df elementor-section-boxed elementor-section-height-default elementor-section-height-default\" data-id=\"caed2df\" data-element_type=\"section\">\n\t\t\t\t\t\t<div class=\"elementor-container elementor-column-gap-default\">\n\t\t\t\t\t<div class=\"elementor-column elementor-col-100 elementor-top-column elementor-element elementor-element-8ffb644\" data-id=\"8ffb644\" data-element_type=\"column\">\n\t\t\t<div class=\"elementor-widget-wrap elementor-element-populated\">\n\t\t\t\t\t\t<div class=\"elementor-element elementor-element-c8b276c elementor-widget elementor-widget-heading\" data-id=\"c8b276c\" data-element_type=\"widget\" data-widget_type=\"heading.default\">\n\t\t\t\t<div class=\"elementor-widget-container\">\n\t\t\t<h5 class=\"elementor-heading-title elementor-size-default\">Links \u00dateis<\/h5>\t\t<\/div>\n\t\t\t\t<\/div>\n\t\t\t\t\t<\/div>\n\t\t<\/div>\n\t\t\t\t\t<\/div>\n\t\t<\/section>\n\t\t\t\t<section class=\"elementor-section elementor-top-section elementor-element elementor-element-8414aa6 elementor-section-boxed elementor-section-height-default elementor-section-height-default\" data-id=\"8414aa6\" data-element_type=\"section\">\n\t\t\t\t\t\t<div class=\"elementor-container elementor-column-gap-default\">\n\t\t\t\t\t<div class=\"elementor-column elementor-col-33 elementor-top-column elementor-element elementor-element-5a2466c\" data-id=\"5a2466c\" data-element_type=\"column\">\n\t\t\t<div class=\"elementor-widget-wrap elementor-element-populated\">\n\t\t\t\t\t\t<div class=\"elementor-element elementor-element-4bda488 elementor-view-default elementor-widget elementor-widget-icon\" data-id=\"4bda488\" data-element_type=\"widget\" data-widget_type=\"icon.default\">\n\t\t\t\t<div class=\"elementor-widget-container\">\n\t\t\t\t\t<div class=\"elementor-icon-wrapper\">\n\t\t\t<a class=\"elementor-icon\" href=\"https:\/\/www.ufsm.br\/pro-reitorias\/pre\/divulgacao-eventos\/\">\n\t\t\t<i aria-hidden=\"true\" class=\"fas fa-desktop\"><\/i>\t\t\t<\/a>\n\t\t<\/div>\n\t\t\t\t<\/div>\n\t\t\t\t<\/div>\n\t\t\t\t<div class=\"elementor-element elementor-element-41e470e elementor-widget elementor-widget-heading\" data-id=\"41e470e\" data-element_type=\"widget\" data-widget_type=\"heading.default\">\n\t\t\t\t<div class=\"elementor-widget-container\">\n\t\t\t<h6 class=\"elementor-heading-title elementor-size-default\">Divulga\u00e7\u00e3o e Eventos<\/h6>\t\t<\/div>\n\t\t\t\t<\/div>\n\t\t\t\t\t<\/div>\n\t\t<\/div>\n\t\t\t\t<div class=\"elementor-column elementor-col-33 elementor-top-column elementor-element elementor-element-e2ae43a\" data-id=\"e2ae43a\" data-element_type=\"column\">\n\t\t\t<div class=\"elementor-widget-wrap elementor-element-populated\">\n\t\t\t\t\t\t<div class=\"elementor-element elementor-element-6fd4844 elementor-view-default elementor-widget elementor-widget-icon\" data-id=\"6fd4844\" data-element_type=\"widget\" data-widget_type=\"icon.default\">\n\t\t\t\t<div class=\"elementor-widget-container\">\n\t\t\t\t\t<div class=\"elementor-icon-wrapper\">\n\t\t\t<a class=\"elementor-icon\" href=\"https:\/\/www.ufsm.br\/pro-reitorias\/pre\/cca\/\">\n\t\t\t<i aria-hidden=\"true\" class=\"fas fa-theater-masks\"><\/i>\t\t\t<\/a>\n\t\t<\/div>\n\t\t\t\t<\/div>\n\t\t\t\t<\/div>\n\t\t\t\t<div class=\"elementor-element elementor-element-4e06f92 elementor-widget elementor-widget-heading\" data-id=\"4e06f92\" data-element_type=\"widget\" data-widget_type=\"heading.default\">\n\t\t\t\t<div class=\"elementor-widget-container\">\n\t\t\t<h6 class=\"elementor-heading-title elementor-size-default\">Cultura e Arte<\/h6>\t\t<\/div>\n\t\t\t\t<\/div>\n\t\t\t\t\t<\/div>\n\t\t<\/div>\n\t\t\t\t<div class=\"elementor-column elementor-col-33 elementor-top-column elementor-element elementor-element-2a41f5c\" data-id=\"2a41f5c\" data-element_type=\"column\">\n\t\t\t<div class=\"elementor-widget-wrap elementor-element-populated\">\n\t\t\t\t\t\t<div class=\"elementor-element elementor-element-e8d1769 elementor-view-default elementor-widget elementor-widget-icon\" data-id=\"e8d1769\" data-element_type=\"widget\" data-widget_type=\"icon.default\">\n\t\t\t\t<div class=\"elementor-widget-container\">\n\t\t\t\t\t<div class=\"elementor-icon-wrapper\">\n\t\t\t<a class=\"elementor-icon\" href=\"https:\/\/www.ufsm.br\/pro-reitorias\/pre\/formularios\/\">\n\t\t\t<i aria-hidden=\"true\" class=\"fas fa-file-signature\"><\/i>\t\t\t<\/a>\n\t\t<\/div>\n\t\t\t\t<\/div>\n\t\t\t\t<\/div>\n\t\t\t\t<div class=\"elementor-element elementor-element-002609d elementor-widget elementor-widget-heading\" data-id=\"002609d\" data-element_type=\"widget\" data-widget_type=\"heading.default\">\n\t\t\t\t<div class=\"elementor-widget-container\">\n\t\t\t<h6 class=\"elementor-heading-title elementor-size-default\">Formul\u00e1rios<\/h6>\t\t<\/div>\n\t\t\t\t<\/div>\n\t\t\t\t\t<\/div>\n\t\t<\/div>\n\t\t\t\t\t<\/div>\n\t\t<\/section>\n\t\t\t\t<\/div>\n\t\t","protected":false},"excerpt":{"rendered":"<p>O Programa pretende constituir-se como espa\u00e7o alternativo \u00e0 comunidade, baseando-se em experi\u00eancias bem sucedidas, onde o trabalho nas dimens\u00f5es art\u00edstica, cultural, educacional e esportiva tem colaborado para a constru\u00e7\u00e3o de espa\u00e7os de lazer e cidadania. Sendo assim,&nbsp;Viva o Campus&nbsp;conta n\u00e3o s\u00f3 com os recursos humanos, t\u00e9cnicos e f\u00edsicos da institui\u00e7\u00e3o, mas tamb\u00e9m com o apoio [&hellip;]<\/p>\n","protected":false},"author":1452,"featured_media":0,"parent":0,"menu_order":0,"comment_status":"closed","ping_status":"closed","template":"","meta":{"footnotes":""},"categories":[],"tags":[],"class_list":["post-959","page","type-page","status-publish","hentry"],"acf":[],"_links":{"self":[{"href":"https:\/\/www.ufsm.br\/pro-reitorias\/pre\/wp-json\/wp\/v2\/pages\/959","targetHints":{"allow":["GET"]}}],"collection":[{"href":"https:\/\/www.ufsm.br\/pro-reitorias\/pre\/wp-json\/wp\/v2\/pages"}],"about":[{"href":"https:\/\/www.ufsm.br\/pro-reitorias\/pre\/wp-json\/wp\/v2\/types\/page"}],"author":[{"embeddable":true,"href":"https:\/\/www.ufsm.br\/pro-reitorias\/pre\/wp-json\/wp\/v2\/users\/1452"}],"replies":[{"embeddable":true,"href":"https:\/\/www.ufsm.br\/pro-reitorias\/pre\/wp-json\/wp\/v2\/comments?post=959"}],"version-history":[{"count":0,"href":"https:\/\/www.ufsm.br\/pro-reitorias\/pre\/wp-json\/wp\/v2\/pages\/959\/revisions"}],"wp:attachment":[{"href":"https:\/\/www.ufsm.br\/pro-reitorias\/pre\/wp-json\/wp\/v2\/media?parent=959"}],"wp:term":[{"taxonomy":"category","embeddable":true,"href":"https:\/\/www.ufsm.br\/pro-reitorias\/pre\/wp-json\/wp\/v2\/categories?post=959"},{"taxonomy":"post_tag","embeddable":true,"href":"https:\/\/www.ufsm.br\/pro-reitorias\/pre\/wp-json\/wp\/v2\/tags?post=959"}],"curies":[{"name":"wp","href":"https:\/\/api.w.org\/{rel}","templated":true}]}}