{"id":153,"date":"2018-04-23T09:08:16","date_gmt":"2018-04-23T12:08:16","guid":{"rendered":"https:\/\/www.ufsm.br\/pro-reitorias\/progep\/?page_id=153"},"modified":"2026-02-26T12:18:56","modified_gmt":"2026-02-26T15:18:56","slug":"contato","status":"publish","type":"page","link":"https:\/\/www.ufsm.br\/pro-reitorias\/progep\/contato","title":{"rendered":"Contato"},"content":{"rendered":"\t\t<div data-elementor-type=\"wp-post\" data-elementor-id=\"153\" class=\"elementor elementor-153\">\n\t\t\t\t\t\t<section class=\"elementor-section elementor-top-section elementor-element elementor-element-74f40fce elementor-section-boxed elementor-section-height-default elementor-section-height-default\" data-id=\"74f40fce\" data-element_type=\"section\">\n\t\t\t\t\t\t<div class=\"elementor-container elementor-column-gap-default\">\n\t\t\t\t\t<div class=\"elementor-column elementor-col-100 elementor-top-column elementor-element elementor-element-5f7f566e\" data-id=\"5f7f566e\" data-element_type=\"column\">\n\t\t\t<div class=\"elementor-widget-wrap elementor-element-populated\">\n\t\t\t\t\t\t<div class=\"elementor-element elementor-element-70c79d83 elementor-widget elementor-widget-text-editor\" data-id=\"70c79d83\" data-element_type=\"widget\" data-widget_type=\"text-editor.default\">\n\t\t\t\t<div class=\"elementor-widget-container\">\n\t\t\t\t\t\t\t<div><table style=\"border-collapse: collapse;width: 100%;height: 533px\" border=\"1\"><tbody><tr style=\"height: 18px\"><td style=\"width: 63.9657%;height: 18px;text-align: center\"><span style=\"color: #000000\"><strong>Setor<\/strong><\/span><\/td><td style=\"width: 19.14%;height: 18px;text-align: center\"><span style=\"color: #000000\">E-mail<\/span><\/td><td style=\"width: 16.8942%;height: 18px;text-align: center\"><span style=\"color: #000000\">Telefone<\/span><\/td><\/tr><tr style=\"height: 18px\"><td style=\"width: 63.9657%;height: 18px;text-align: center\"><span style=\"color: #000000\"><strong>Pr\u00f3-Reitor de Gest\u00e3o de Pessoas<br \/><\/strong>Frank Leonardo Casado<\/span><\/td><td style=\"width: 19.14%;height: 18px;text-align: center\"><span style=\"color: #000000\"><a style=\"color: #000000\" href=\"mailto:progep@ufsm.br\">progep@ufsm.br<\/a><\/span><\/td><td style=\"width: 16.8942%;height: 18px;text-align: center\"><span style=\"color: #000000\">3220 8102<\/span><\/td><\/tr><tr style=\"height: 18px\"><td style=\"width: 63.9657%;height: 18px;text-align: center\"><span style=\"color: #000000\"><strong>Pr\u00f3-Reitora Substituta<\/strong><\/span><br \/><span style=\"color: #000000\">Paula Borges Tronco<\/span><\/td><td style=\"width: 19.14%;height: 18px;text-align: center\"><span style=\"color: #000000\"><a style=\"color: #000000\" href=\"mailto:progep@ufsm.br\">progep@ufsm.br<\/a><\/span><\/td><td style=\"width: 16.8942%;height: 18px;text-align: center\"><span style=\"color: #000000\">3220 8102<\/span><\/td><\/tr><tr style=\"height: 18px\"><td style=\"width: 63.9657%;height: 18px;text-align: center\"><span style=\"color: #000000\"><strong>Coordenadoria do Sistema de Pagamentos (CPAG)<\/strong><\/span><\/td><td style=\"width: 19.14%;height: 18px;text-align: center\"><span style=\"color: #000000\"><a style=\"color: #000000\" href=\"mailto:coordenadoriapagamentos@ufsm.br\">coordenadoriapagamentos@ufsm.br<\/a><\/span><\/td><td style=\"width: 16.8942%;height: 18px;text-align: center\"><span style=\"color: #000000\">3220 8325<\/span><\/td><\/tr><tr style=\"height: 18px\"><td style=\"width: 63.9657%;height: 18px;text-align: center\"><span style=\"color: #000000\">N\u00facleo de Controle e Manuten\u00e7\u00e3o do Sistema de Pagamento (NUCOMP)<\/span><\/td><td style=\"width: 19.14%;height: 18px;text-align: center\"><span style=\"color: #000000\">\u00a0<a style=\"color: #000000\" href=\"mailto:coordenadoriapagamentos@ufsm.br\">coordenadoriapagamentos@ufsm.br<\/a><\/span><\/td><td style=\"width: 16.8942%;height: 18px;text-align: center\"><span style=\"color: #000000\">3220 8890<\/span><\/td><\/tr><tr style=\"height: 18px\"><td style=\"width: 63.9657%;height: 18px;text-align: center\"><span style=\"color: #000000\">N\u00facleo de Atendimento e Controle Or\u00e7ament\u00e1rio (NACO)<\/span><\/td><td style=\"width: 19.14%;height: 18px;text-align: center\"><span style=\"color: #000000\"><a style=\"color: #000000\" href=\"mailto:coordenadoriapagamentos@ufsm.br\">coordenadoriapagamentos@ufsm.br<\/a><\/span><\/td><td style=\"width: 16.8942%;height: 18px;text-align: center\"><span style=\"color: #000000\">3220 8325<\/span><\/td><\/tr><tr style=\"height: 18px\"><td style=\"width: 63.9657%;height: 18px;text-align: center\"><span style=\"color: #000000\">N\u00facleo de Processos Judiciais\u00a0(NPROJ)<\/span><\/td><td style=\"width: 19.14%;height: 18px;text-align: center\"><span style=\"color: #000000\"><a style=\"color: #000000\" href=\"mailto:nproj.cpag@ufsm.br\">nproj.cpag@ufsm.br<\/a><\/span><\/td><td style=\"width: 16.8942%;height: 18px;text-align: center\"><span style=\"color: #000000\">3220 8656<\/span><\/td><\/tr><tr style=\"height: 18px\"><td style=\"width: 63.9657%;height: 18px;text-align: center\"><span style=\"color: #000000\"><strong>Coordenadoria de Concess\u00f5es e Registros (CCRE)<\/strong><\/span><\/td><td style=\"width: 19.14%;height: 18px;text-align: center\"><span style=\"color: #000000\"><a style=\"color: #000000\" href=\"mailto:ccre@ufsm.br\">ccre@ufsm.br<\/a><\/span><\/td><td style=\"width: 16.8942%;height: 18px;text-align: center\"><span style=\"color: #000000\">3220 8124<\/span><\/td><\/tr><tr style=\"height: 18px\"><td style=\"width: 63.9657%;height: 18px;text-align: center\"><span style=\"color: #000000\">N\u00facleo de Pens\u00e3o e Aposentadoria\u00a0(NPA)<\/span><\/td><td style=\"width: 19.14%;height: 18px;text-align: center\"><span style=\"color: #000000\"><a style=\"color: #000000\" href=\"mailto:npa@ufsm.br\">npa@ufsm.br<\/a><\/span><\/td><td style=\"width: 16.8942%;height: 18px;text-align: center\"><span style=\"color: #000000\">3220 8323<\/span><\/td><\/tr><tr style=\"height: 18px\"><td style=\"width: 63.9657%;text-align: center;height: 18px\"><span style=\"color: #000000\">N\u00facleo de Cadastro\u00a0(NUCAD)<\/span><\/td><td style=\"width: 19.14%;text-align: center;height: 18px\"><span style=\"color: #000000\"><a style=\"color: #000000\" href=\"mailto:cadastro@ufsm.br\">cadastro@ufsm.br<\/a><\/span><\/td><td style=\"width: 16.8942%;text-align: center;height: 18px\"><span style=\"color: #000000\">3220 8227<\/span><\/td><\/tr><tr style=\"height: 18px\"><td style=\"width: 63.9657%;text-align: center;height: 18px\"><span style=\"color: #000000\">N\u00facleo de An\u00e1lise e Concess\u00f5es\u00a0(NUC)<\/span><\/td><td style=\"width: 19.14%;text-align: center;height: 18px\"><span style=\"color: #000000\"><a style=\"color: #000000\" href=\"mailto:nuc@ufsm.br\">nuc@ufsm.br<\/a><\/span><\/td><td style=\"width: 16.8942%;text-align: center;height: 18px\"><span style=\"color: #000000\">3220 8065<\/span><\/td><\/tr><tr style=\"height: 18px\"><td style=\"width: 63.9657%;text-align: center;height: 18px\"><span style=\"color: #000000\"><strong>Coordenadoria de Ingresso, Mobilidade e Desenvolvimento (CIMDE)<\/strong><\/span><\/td><td style=\"width: 19.14%;text-align: center;height: 18px\"><span style=\"color: #000000\"><a style=\"color: #000000\" href=\"mailto:cimde@ufsm.br\">cimde@ufsm.br<\/a><\/span><\/td><td style=\"width: 16.8942%;text-align: center;height: 18px\"><span style=\"color: #000000\">3220 8440<\/span><\/td><\/tr><tr style=\"height: 10px\"><td style=\"width: 63.9657%;text-align: center;height: 10px\"><span style=\"color: #000000\">N\u00facleo de Educa\u00e7\u00e3o e Desenvolvimento\u00a0(NED)<\/span><\/td><td style=\"width: 19.14%;text-align: center;height: 10px\"><span style=\"color: #000000\"><a style=\"color: #000000\" href=\"mailto:nedufsm@gmail.com\">ned@ufsm<\/a>.br<\/span><\/td><td style=\"width: 16.8942%;text-align: center;height: 10px\"><span style=\"color: #000000\">3220 8063<\/span><\/td><\/tr><tr style=\"height: 18px\"><td style=\"width: 63.9657%;text-align: center;height: 18px\"><span style=\"color: #000000\">N\u00facleo de Avalia\u00e7\u00e3o e Movimenta\u00e7\u00e3o Funcional\u00a0(NUMOV)<\/span><\/td><td style=\"width: 19.14%;text-align: center;height: 18px\"><span style=\"color: #000000\"><a style=\"color: #000000\" href=\"mailto:numov@ufsm.br\">numov@ufsm.br<\/a><\/span><\/td><td style=\"width: 16.8942%;text-align: center;height: 18px\"><span style=\"color: #000000\">3220 8760<\/span><\/td><\/tr><tr style=\"height: 18px\"><td style=\"width: 63.9657%;text-align: center;height: 18px\"><span style=\"color: #000000\"><strong>Coordenadoria de Concursos (CCON)<\/strong><\/span><\/td><td style=\"width: 19.14%;text-align: center;height: 18px\"><span style=\"color: #000000\"><a style=\"color: #000000\" href=\"mailto:coordenadoriadeconcursos@ufsm.br\">coordenadoriadeconcursos@ufsm.br<\/a><\/span><\/td><td style=\"width: 16.8942%;text-align: center;height: 18px\"><span style=\"color: #000000\">3220 9658<\/span><\/td><\/tr><tr style=\"height: 48px\"><td style=\"width: 63.9657%;text-align: center;height: 48px\"><span style=\"color: #000000\">N\u00facleo de Concurso Docente (NCD)<\/span><\/td><td style=\"width: 19.14%;text-align: center;height: 48px\"><span style=\"color: #000000\"><a style=\"color: #000000\" href=\"concursodocente@ufsm.br\">concursodocente@ufsm.br<\/a><\/span><\/td><td style=\"width: 16.8942%;text-align: center;height: 48px\"><span style=\"color: #000000\">3220 9658<\/span><\/td><\/tr><tr style=\"height: 18px\"><td style=\"width: 63.9657%;text-align: center;height: 35px\"><span style=\"color: #000000\">N\u00facleo de Concursos T\u00e9cnico-Administrativos\u00a0(NCT)<\/span><\/td><td style=\"width: 19.14%;text-align: center;height: 35px\"><span style=\"color: #000000\"><a style=\"color: #000000\" href=\"mailto:concursotae@ufsm.br\">concursotae@ufsm.br<\/a><\/span><\/td><td style=\"width: 16.8942%;text-align: center;height: 35px\"><span style=\"color: #000000\">3220 9658<\/span><\/td><\/tr><tr style=\"height: 18px\"><td style=\"width: 63.9657%;text-align: center;height: 18px\"><span style=\"color: #000000\"><strong>Coordenadoria de Sa\u00fade e Qualidade de Vida do Servidor (CQVS)<\/strong><\/span><\/td><td style=\"width: 19.14%;text-align: center;height: 18px\"><span style=\"color: #000000\"><a style=\"color: #000000\" href=\"mailto:cqvs@ufsm.br\">cqvs@ufsm.br<\/a><\/span><\/td><td style=\"width: 16.8942%;text-align: center;height: 18px\"><span style=\"color: #000000\">3220 8134<br \/>3220 9677<\/span><\/td><\/tr><tr style=\"height: 18px\"><td style=\"width: 63.9657%;text-align: center;height: 18px\"><span style=\"color: #000000\">N\u00facleo de Seguran\u00e7a no Trabalho (NSEG)<\/span><\/td><td style=\"width: 19.14%;text-align: center;height: 18px\"><span style=\"color: #000000\"><a style=\"color: #000000\" href=\"mailto:cqvs@ufsm.br\">nseg@ufsm.br<\/a><\/span><\/td><td style=\"width: 16.8942%;text-align: center;height: 18px\"><span style=\"color: #000000\">2497 (ramal interno)<\/span><\/td><\/tr><tr style=\"height: 18px\"><td style=\"width: 63.9657%;text-align: center;height: 18px\"><span style=\"color: #000000\">N\u00facleo de Promo\u00e7\u00e3o de Sa\u00fade do Trabalho (NPSAT)<\/span><\/td><td style=\"width: 19.14%;text-align: center;height: 18px\"><span style=\"color: #000000\"><a style=\"color: #000000\" href=\"mailto:npsat@ufsm.br\">npsat@ufsm.br<\/a><\/span><\/td><td style=\"width: 16.8942%;text-align: center;height: 18px\"><span style=\"color: #000000\">3220 8134<\/span><\/td><\/tr><tr style=\"height: 36px\"><td style=\"width: 63.9657%;text-align: center;height: 44px\">Subdivis\u00e3o de Per\u00edcia Oficial em Sa\u00fade (PEOF)<\/td><td style=\"width: 19.14%;text-align: center;height: 44px\">periciaoficialemsaude@ufsm.br<\/td><td style=\"width: 16.8942%;text-align: center;height: 44px\"><span style=\"color: #000000\">3220 9228<\/span><\/td><\/tr><tr style=\"height: 72px\"><td style=\"width: 63.9657%;text-align: center;height: 72px\"><span style=\"color: #000000\"><strong>Secretaria T\u00e9cnica de Pessoal Docente (STPD)<\/strong><\/span><\/td><td style=\"width: 19.14%;text-align: center;height: 72px\"><span style=\"color: #000000\"><a style=\"color: #000000\" href=\"mailto:stpd-ufsm@hotmail.com\">stpd@ufsm<\/a>.br<\/span><\/td><td style=\"width: 16.8942%;text-align: center;height: 72px\"><span style=\"color: #000000\">55 991143819<\/span><br \/><span style=\"color: #000000\">3220 8211<\/span><\/td><\/tr><tr style=\"height: 18px\"><td style=\"width: 63.9657%;text-align: center;height: 18px\"><span style=\"color: #000000\"><strong>Secretaria Administrativa (Seadm)<\/strong><\/span><\/td><td style=\"width: 19.14%;text-align: center;height: 18px\"><span style=\"color: #000000\"><a style=\"color: #000000\" href=\"mailto:secretaria.progep@ufsm.br\">secretaria.progep@ufsm.br<\/a><\/span><\/td><td style=\"width: 16.8942%;text-align: center;height: 18px\"><span style=\"color: #000000\">3220 8174<\/span><\/td><\/tr><\/tbody><\/table><p><span style=\"color: #000000\"><strong>Hor\u00e1rio de Expediente:<\/strong><\/span><\/p><p><span style=\"color: #000000\"><strong>PROGEP:<br \/><\/strong>8h \u00e0s 12h &#8211; 13h30 \u00e0s 17h.<\/span><\/p><p><span style=\"color: #000000\"><strong>CQVS e PEOF:<br \/><\/strong>7h \u00e0s 12h &#8211; 13h \u00e0s 17h.\u00a0<\/span><\/p><\/div>\t\t\t\t\t\t<\/div>\n\t\t\t\t<\/div>\n\t\t\t\t\t<\/div>\n\t\t<\/div>\n\t\t\t\t\t<\/div>\n\t\t<\/section>\n\t\t\t\t<\/div>\n\t\t","protected":false},"excerpt":{"rendered":"<p>Setor E-mail Telefone Pr\u00f3-Reitor de Gest\u00e3o de PessoasFrank Leonardo Casado progep@ufsm.br 3220 8102 Pr\u00f3-Reitora SubstitutaPaula Borges Tronco progep@ufsm.br 3220 8102 Coordenadoria do Sistema de Pagamentos (CPAG) coordenadoriapagamentos@ufsm.br 3220 8325 N\u00facleo de Controle e Manuten\u00e7\u00e3o do Sistema de Pagamento (NUCOMP) \u00a0coordenadoriapagamentos@ufsm.br 3220 8890 N\u00facleo de Atendimento e Controle Or\u00e7ament\u00e1rio (NACO) coordenadoriapagamentos@ufsm.br 3220 8325 N\u00facleo de Processos [&hellip;]<\/p>\n","protected":false},"author":35,"featured_media":0,"parent":0,"menu_order":0,"comment_status":"closed","ping_status":"closed","template":"","meta":{"footnotes":""},"categories":[],"tags":[],"class_list":["post-153","page","type-page","status-publish","hentry"],"acf":[],"_links":{"self":[{"href":"https:\/\/www.ufsm.br\/pro-reitorias\/progep\/wp-json\/wp\/v2\/pages\/153","targetHints":{"allow":["GET"]}}],"collection":[{"href":"https:\/\/www.ufsm.br\/pro-reitorias\/progep\/wp-json\/wp\/v2\/pages"}],"about":[{"href":"https:\/\/www.ufsm.br\/pro-reitorias\/progep\/wp-json\/wp\/v2\/types\/page"}],"author":[{"embeddable":true,"href":"https:\/\/www.ufsm.br\/pro-reitorias\/progep\/wp-json\/wp\/v2\/users\/35"}],"replies":[{"embeddable":true,"href":"https:\/\/www.ufsm.br\/pro-reitorias\/progep\/wp-json\/wp\/v2\/comments?post=153"}],"version-history":[{"count":0,"href":"https:\/\/www.ufsm.br\/pro-reitorias\/progep\/wp-json\/wp\/v2\/pages\/153\/revisions"}],"wp:attachment":[{"href":"https:\/\/www.ufsm.br\/pro-reitorias\/progep\/wp-json\/wp\/v2\/media?parent=153"}],"wp:term":[{"taxonomy":"category","embeddable":true,"href":"https:\/\/www.ufsm.br\/pro-reitorias\/progep\/wp-json\/wp\/v2\/categories?post=153"},{"taxonomy":"post_tag","embeddable":true,"href":"https:\/\/www.ufsm.br\/pro-reitorias\/progep\/wp-json\/wp\/v2\/tags?post=153"}],"curies":[{"name":"wp","href":"https:\/\/api.w.org\/{rel}","templated":true}]}}