{"id":16551,"date":"2018-06-13T09:33:51","date_gmt":"2018-06-13T12:33:51","guid":{"rendered":"https:\/\/www.ufsm.br\/pro-reitorias\/progep\/?page_id=16551"},"modified":"2018-07-04T14:54:08","modified_gmt":"2018-07-04T17:54:08","slug":"averbacao-de-tempo-de-servico","status":"publish","type":"page","link":"https:\/\/www.ufsm.br\/pro-reitorias\/progep\/averbacao-de-tempo-de-servico","title":{"rendered":"Averba\u00e7\u00e3o de Tempo de Servi\u00e7o"},"content":{"rendered":"<p>O servidor poder\u00e1 averbar tempo de contribui\u00e7\u00e3o, para fins de aposentadoria ou disponibilidade, proveniente de v\u00ednculo de trabalho prestado a outras institui\u00e7\u00f5es, p\u00fablicas ou privadas, que n\u00e3o tenha sido aproveitado em outro <strong>Regime Pr\u00f3prio de Previd\u00eancia Social (RPPS)<\/strong> ou no <strong>Regime Geral (RGPS)<\/strong>. Para a averba\u00e7\u00e3o, o servidor deve abrir processo junto ao <strong>Departamento de Arquivo Geral (DAG)<\/strong>, no t\u00e9rreo da Reitoria, com os seguintes documentos:<\/p>\n<p><a href=\"https:\/\/www.ufsm.br\/pro-reitorias\/progep\/wp-content\/uploads\/sites\/341\/2018\/06\/Averba\u00e7\u00e3o.doc\">Formul\u00e1rio de requerimento de averba\u00e7\u00e3o de tempo de contribui\u00e7\u00e3o<\/a>;<\/p>\n<p>Certid\u00e3o de Tempo de Contribui\u00e7\u00e3o (CTC) original, expedida pelo \u00f3rg\u00e3o competente.<\/p>\n<p>Importante: Certid\u00f5es de Tempo de Contribui\u00e7\u00e3o, referente a trabalho posterior \u00e0 junho de 1994, dever\u00e3o ser acompanhadas da rela\u00e7\u00e3o das remunera\u00e7\u00f5es de contribui\u00e7\u00f5es.<\/p>\n<p>Orienta\u00e7\u00f5es Gerais:<\/p>\n<p>\u00c9 recomendado que o servidor re\u00fana todas as certid\u00f5es de todos os \u00f3rg\u00e3os atrav\u00e9s das quais deseja averbar tempo, para s\u00f3 ent\u00e3o fazer a solicita\u00e7\u00e3o;<\/p>\n<p>N\u00e3o ser\u00e3o aceitas c\u00f3pias de certid\u00f5es, ainda que sejam autenticadas;<\/p>\n<p>Assim que estiverem averbado(s) o(s) per\u00edodo(s) no sistema (SIE), ser\u00e1 dada ci\u00eancia ao interessado atrav\u00e9s do e-mail fornecido no requerimento;<\/p>\n<p>As CTCs de tempo de contribui\u00e7\u00e3o provenientes de RPPS dever\u00e3o ser solicitadas ao \u00f3rg\u00e3o no qual o trabalho foi prestado. J\u00e1 as CTCs de RGPS dever\u00e3o ser solicitadas junto ao INSS, pela central de atendimento, telefone n\u00ba 135;<\/p>\n<p>Caso o servidor j\u00e1 tenha processo de averba\u00e7\u00e3o, para nova averba\u00e7\u00e3o, basta anexar a CTC ao processo, sendo desnecess\u00e1ria a abertura de um segundo processo para nova averba\u00e7\u00e3o.<\/p>\n<p>&nbsp;<\/p>\n","protected":false},"excerpt":{"rendered":"<p>O servidor poder\u00e1 averbar tempo de contribui\u00e7\u00e3o, para fins de aposentadoria ou disponibilidade, proveniente de v\u00ednculo de trabalho prestado a outras institui\u00e7\u00f5es, p\u00fablicas ou privadas, que n\u00e3o tenha sido aproveitado em outro Regime Pr\u00f3prio de Previd\u00eancia Social (RPPS) ou no Regime Geral (RGPS). Para a averba\u00e7\u00e3o, o servidor deve abrir processo junto ao Departamento de [&hellip;]<\/p>\n","protected":false},"author":35,"featured_media":0,"parent":0,"menu_order":0,"comment_status":"closed","ping_status":"closed","template":"","meta":{"footnotes":""},"categories":[],"tags":[],"class_list":["post-16551","page","type-page","status-publish","hentry"],"acf":[],"_links":{"self":[{"href":"https:\/\/www.ufsm.br\/pro-reitorias\/progep\/wp-json\/wp\/v2\/pages\/16551","targetHints":{"allow":["GET"]}}],"collection":[{"href":"https:\/\/www.ufsm.br\/pro-reitorias\/progep\/wp-json\/wp\/v2\/pages"}],"about":[{"href":"https:\/\/www.ufsm.br\/pro-reitorias\/progep\/wp-json\/wp\/v2\/types\/page"}],"author":[{"embeddable":true,"href":"https:\/\/www.ufsm.br\/pro-reitorias\/progep\/wp-json\/wp\/v2\/users\/35"}],"replies":[{"embeddable":true,"href":"https:\/\/www.ufsm.br\/pro-reitorias\/progep\/wp-json\/wp\/v2\/comments?post=16551"}],"version-history":[{"count":0,"href":"https:\/\/www.ufsm.br\/pro-reitorias\/progep\/wp-json\/wp\/v2\/pages\/16551\/revisions"}],"wp:attachment":[{"href":"https:\/\/www.ufsm.br\/pro-reitorias\/progep\/wp-json\/wp\/v2\/media?parent=16551"}],"wp:term":[{"taxonomy":"category","embeddable":true,"href":"https:\/\/www.ufsm.br\/pro-reitorias\/progep\/wp-json\/wp\/v2\/categories?post=16551"},{"taxonomy":"post_tag","embeddable":true,"href":"https:\/\/www.ufsm.br\/pro-reitorias\/progep\/wp-json\/wp\/v2\/tags?post=16551"}],"curies":[{"name":"wp","href":"https:\/\/api.w.org\/{rel}","templated":true}]}}