{"id":16573,"date":"2018-06-18T10:10:35","date_gmt":"2018-06-18T13:10:35","guid":{"rendered":"https:\/\/www.ufsm.br\/pro-reitorias\/progep\/?page_id=16573"},"modified":"2018-07-04T15:13:18","modified_gmt":"2018-07-04T18:13:18","slug":"sistema-eletronico-de-controle-da-jornada-de-trabalho","status":"publish","type":"page","link":"https:\/\/www.ufsm.br\/pro-reitorias\/progep\/sistema-eletronico-de-controle-da-jornada-de-trabalho","title":{"rendered":"Sistema eletr\u00f4nico de controle da jornada de trabalho"},"content":{"rendered":"<p>Desde o dia 22 de fevereiro de 2012, est\u00e1 em funcionamento o sistema informatizado para modernizar e facilitar o registro e controle da jornada de trabalho dos servidores T\u00e9cnico-Administrativos em Educa\u00e7\u00e3o da UFSM. O sistema foi desenvolvido pelo <strong>Centro de Processamento de Dados (CPD)<\/strong> sob a coordena\u00e7\u00e3o da <strong>Pro-reitoria de Gest\u00e3o de Pessoas (PROGEP)<\/strong>. O registro da jornada de trabalho dos servidores deve ser realizado em rel\u00f3gios-ponto, instalados em diversos pr\u00e9dios da Universidade, ou em computadores devidamente autorizados pelas chefias.<\/p>\n<p>Os novos servidores somente conseguir\u00e3o utilizar o <strong>Sistema Eletr\u00f4nico de Controle da Jornada de Trabalho (Ponto Eletr\u00f4nico)<\/strong> ap\u00f3s sua inclus\u00e3o no SIE. Enquanto n\u00e3o estiver cadastrado e n\u00e3o conseguir utilizar o Ponto Eletr\u00f4nico, o novo servidor deve registrar sua frequ\u00eancia em uma folha-ponto. Assim que tiver acesso ao Sistema Eletr\u00f4nico de Controle de Jornada de Trabalho esses registros dever\u00e3o ser lan\u00e7ados no Sistema (como novo registro) e, posteriormente, deferidos pela sua chefia. Para logar no Sistema o servidor deve acessar o link <a href=\"http:\/\/portal.ufsm.br\/pontoufsm\/menu.html\">http:\/\/portal.ufsm.br\/pontoufsm\/menu.html<\/a> Em seu primeiro acesso dever\u00e1 criar uma senha utilizando como login a sua matr\u00edcula Siape e a senha provis\u00f3ria fornecida pelo e-mail de confirma\u00e7\u00e3o de cadastro no SIE. Tamb\u00e9m poder\u00e1 utilizar a op\u00e7\u00e3o \u201cesqueci minha senha\u201d, informando como login sua matr\u00edcula Siape. Ap\u00f3s, receber\u00e1 uma senha provis\u00f3ria em seu e-mail, que dever\u00e1 ser alterada.<\/p>\n<p>Sempre que o servidor quiser acompanhar ou realizar algum ajuste (caso n\u00e3o consiga utilizar os rel\u00f3gios-ponto, por exemplo), pode acessar o Sistema atrav\u00e9s de qualquer computador.<\/p>\n<p>&nbsp;<\/p>\n<p>&nbsp;<\/p>\n","protected":false},"excerpt":{"rendered":"<p>Desde o dia 22 de fevereiro de 2012, est\u00e1 em funcionamento o sistema informatizado para modernizar e facilitar o registro e controle da jornada de trabalho dos servidores T\u00e9cnico-Administrativos em Educa\u00e7\u00e3o da UFSM. O sistema foi desenvolvido pelo Centro de Processamento de Dados (CPD) sob a coordena\u00e7\u00e3o da Pro-reitoria de Gest\u00e3o de Pessoas (PROGEP). O [&hellip;]<\/p>\n","protected":false},"author":35,"featured_media":0,"parent":0,"menu_order":0,"comment_status":"closed","ping_status":"closed","template":"","meta":{"footnotes":""},"categories":[],"tags":[],"class_list":["post-16573","page","type-page","status-publish","hentry"],"acf":[],"_links":{"self":[{"href":"https:\/\/www.ufsm.br\/pro-reitorias\/progep\/wp-json\/wp\/v2\/pages\/16573","targetHints":{"allow":["GET"]}}],"collection":[{"href":"https:\/\/www.ufsm.br\/pro-reitorias\/progep\/wp-json\/wp\/v2\/pages"}],"about":[{"href":"https:\/\/www.ufsm.br\/pro-reitorias\/progep\/wp-json\/wp\/v2\/types\/page"}],"author":[{"embeddable":true,"href":"https:\/\/www.ufsm.br\/pro-reitorias\/progep\/wp-json\/wp\/v2\/users\/35"}],"replies":[{"embeddable":true,"href":"https:\/\/www.ufsm.br\/pro-reitorias\/progep\/wp-json\/wp\/v2\/comments?post=16573"}],"version-history":[{"count":0,"href":"https:\/\/www.ufsm.br\/pro-reitorias\/progep\/wp-json\/wp\/v2\/pages\/16573\/revisions"}],"wp:attachment":[{"href":"https:\/\/www.ufsm.br\/pro-reitorias\/progep\/wp-json\/wp\/v2\/media?parent=16573"}],"wp:term":[{"taxonomy":"category","embeddable":true,"href":"https:\/\/www.ufsm.br\/pro-reitorias\/progep\/wp-json\/wp\/v2\/categories?post=16573"},{"taxonomy":"post_tag","embeddable":true,"href":"https:\/\/www.ufsm.br\/pro-reitorias\/progep\/wp-json\/wp\/v2\/tags?post=16573"}],"curies":[{"name":"wp","href":"https:\/\/api.w.org\/{rel}","templated":true}]}}