{"id":16691,"date":"2018-07-31T12:07:22","date_gmt":"2018-07-31T15:07:22","guid":{"rendered":"https:\/\/www.ufsm.br\/pro-reitorias\/progep\/?page_id=16691"},"modified":"2024-06-06T10:26:59","modified_gmt":"2024-06-06T13:26:59","slug":"links-uteis","status":"publish","type":"page","link":"https:\/\/www.ufsm.br\/pro-reitorias\/progep\/links-uteis","title":{"rendered":"Links \u00dateis"},"content":{"rendered":"\t\t<div data-elementor-type=\"wp-page\" data-elementor-id=\"16691\" class=\"elementor elementor-16691\">\n\t\t\t\t\t\t<section class=\"elementor-section elementor-top-section elementor-element elementor-element-23d7f42 elementor-section-boxed elementor-section-height-default elementor-section-height-default\" data-id=\"23d7f42\" data-element_type=\"section\">\n\t\t\t\t\t\t<div class=\"elementor-container elementor-column-gap-default\">\n\t\t\t\t\t<div class=\"elementor-column elementor-col-100 elementor-top-column elementor-element elementor-element-735df0ac\" data-id=\"735df0ac\" data-element_type=\"column\">\n\t\t\t<div class=\"elementor-widget-wrap elementor-element-populated\">\n\t\t\t\t\t\t<div class=\"elementor-element elementor-element-342dcc50 elementor-widget__width-initial elementor-widget elementor-widget-text-editor\" data-id=\"342dcc50\" data-element_type=\"widget\" data-widget_type=\"text-editor.default\">\n\t\t\t\t<div class=\"elementor-widget-container\">\n\t\t\t\t\t\t\t<h3><span style=\"font-size: 1.75rem;text-align: var(--bs-body-text-align)\"><br><\/span><\/h3><h3><span style=\"font-size: 1.75rem;text-align: var(--bs-body-text-align)\">Ponto Eletr\u00f4nico<\/span><br><\/h3>\n<p><a href=\"https:\/\/portal.ufsm.br\/pontoufsm\/menu.html\">Ponto Eletr\u00f4nico<\/a><\/p>\n<h3>Portal do RH<\/h3>\n<p><a href=\"https:\/\/portal.ufsm.br\/rh\/index.html\">Portal do RH<\/a><\/p>\n<h3>UFSM em N\u00fameros<\/h3>\n<p><a href=\"https:\/\/portal.ufsm.br\/ufsm-em-numeros\/publico\/index.html;jsessionid=0d381087d78c5af17f9c8a65774e\">UFSM em N\u00fameros<\/a><\/p>\n<h3>C\u00f3digo de \u00c9tica Profissional do Servidor P\u00fablico Civil do Poder Executivo Federal<\/h3>\n<p><a href=\"http:\/\/www.planalto.gov.br\/ccivil_03\/decreto\/d1171.htm\"><span class=\"instancename\">C\u00f3digo de \u00c9tica Profissional do Servidor P\u00fablico Civil do Poder Executivo Federal &#8211; Decreto n\u00ba 1.171\/94<\/span><\/a><\/p><p><br><\/p><p><br><\/p><p><br><\/p>\n<p><\/p>\n<p><!-- wp:tadv\/classic-paragraph \/--><\/p>\t\t\t\t\t\t<\/div>\n\t\t\t\t<\/div>\n\t\t\t\t\t<\/div>\n\t\t<\/div>\n\t\t\t\t\t<\/div>\n\t\t<\/section>\n\t\t\t\t<\/div>\n\t\t","protected":false},"excerpt":{"rendered":"<p>Ponto Eletr\u00f4nico Ponto Eletr\u00f4nico Portal do RH Portal do RH UFSM em N\u00fameros UFSM em N\u00fameros C\u00f3digo de \u00c9tica Profissional do Servidor P\u00fablico Civil do Poder Executivo Federal C\u00f3digo de \u00c9tica Profissional do Servidor P\u00fablico Civil do Poder Executivo Federal &#8211; Decreto n\u00ba 1.171\/94<\/p>\n","protected":false},"author":115,"featured_media":0,"parent":0,"menu_order":0,"comment_status":"closed","ping_status":"closed","template":"","meta":{"footnotes":""},"categories":[],"tags":[],"class_list":["post-16691","page","type-page","status-publish","hentry"],"acf":[],"_links":{"self":[{"href":"https:\/\/www.ufsm.br\/pro-reitorias\/progep\/wp-json\/wp\/v2\/pages\/16691","targetHints":{"allow":["GET"]}}],"collection":[{"href":"https:\/\/www.ufsm.br\/pro-reitorias\/progep\/wp-json\/wp\/v2\/pages"}],"about":[{"href":"https:\/\/www.ufsm.br\/pro-reitorias\/progep\/wp-json\/wp\/v2\/types\/page"}],"author":[{"embeddable":true,"href":"https:\/\/www.ufsm.br\/pro-reitorias\/progep\/wp-json\/wp\/v2\/users\/115"}],"replies":[{"embeddable":true,"href":"https:\/\/www.ufsm.br\/pro-reitorias\/progep\/wp-json\/wp\/v2\/comments?post=16691"}],"version-history":[{"count":0,"href":"https:\/\/www.ufsm.br\/pro-reitorias\/progep\/wp-json\/wp\/v2\/pages\/16691\/revisions"}],"wp:attachment":[{"href":"https:\/\/www.ufsm.br\/pro-reitorias\/progep\/wp-json\/wp\/v2\/media?parent=16691"}],"wp:term":[{"taxonomy":"category","embeddable":true,"href":"https:\/\/www.ufsm.br\/pro-reitorias\/progep\/wp-json\/wp\/v2\/categories?post=16691"},{"taxonomy":"post_tag","embeddable":true,"href":"https:\/\/www.ufsm.br\/pro-reitorias\/progep\/wp-json\/wp\/v2\/tags?post=16691"}],"curies":[{"name":"wp","href":"https:\/\/api.w.org\/{rel}","templated":true}]}}