{"id":19738,"date":"2018-08-07T17:23:13","date_gmt":"2018-08-07T20:23:13","guid":{"rendered":"https:\/\/www.ufsm.br\/pro-reitorias\/progep\/?page_id=19738"},"modified":"2022-09-16T08:49:57","modified_gmt":"2022-09-16T11:49:57","slug":"cursos-externos-recomendados","status":"publish","type":"page","link":"https:\/\/www.ufsm.br\/pro-reitorias\/progep\/cursos-externos-recomendados","title":{"rendered":"Cursos externos recomendados"},"content":{"rendered":"\t\t<div data-elementor-type=\"wp-post\" data-elementor-id=\"19738\" class=\"elementor elementor-19738\">\n\t\t\t\t\t\t<section class=\"elementor-section elementor-top-section elementor-element elementor-element-737ad8f elementor-section-boxed elementor-section-height-default elementor-section-height-default\" data-id=\"737ad8f\" data-element_type=\"section\">\n\t\t\t\t\t\t<div class=\"elementor-container elementor-column-gap-default\">\n\t\t\t\t\t<div class=\"elementor-column elementor-col-100 elementor-top-column elementor-element elementor-element-28b7364\" data-id=\"28b7364\" data-element_type=\"column\">\n\t\t\t<div class=\"elementor-widget-wrap elementor-element-populated\">\n\t\t\t\t\t\t<div class=\"elementor-element elementor-element-edc3a06 elementor-widget elementor-widget-text-editor\" data-id=\"edc3a06\" data-element_type=\"widget\" data-widget_type=\"text-editor.default\">\n\t\t\t\t<div class=\"elementor-widget-container\">\n\t\t\t\t\t\t\t<p>A Universidade Federal de Santa Maria, por meio da Pr\u00f3-Reitoria de Gest\u00e3o de Pessoas (PROGEP), apoia a realiza\u00e7\u00e3o de cursos de educa\u00e7\u00e3o continuada oferecidos de forma gratuita, na modalidade a dist\u00e2ncia, por escolas de governo, institui\u00e7\u00f5es p\u00fablicas ou sem fins lucrativos, como alternativa ao desenvolvimento do servidor.<\/p>\n<p>Neste sentido, a PROGEP preparou uma lista de institui\u00e7\u00f5es que fornecem gratuitamente cursos online. S\u00e3o mais de 1000 cursos dispon\u00edveis, abrangendo as mais diversas \u00e1reas do conhecimento.<\/p>\n<p><a href=\"https:\/\/www.escolavirtual.gov.br\/\">Escola Virtual.Gov (EV.G)<\/a>&nbsp;\u2013 Portal \u00danico de Governo para a oferta de capacita\u00e7\u00e3o a dist\u00e2ncia.<\/p>\n<p><a href=\"https:\/\/saberes.senado.leg.br\/\">Instituto Legislativo Brasileiro (ILB)<\/a><\/p>\n<p><a href=\"https:\/\/contas.tcu.gov.br\/ead\/\">E<\/a><a href=\"https:\/\/portal.tcu.gov.br\/instituto-serzedello-correa\/\">scola Superior do Tribunal de Contas da Uni\u00e3o \u2013 Instituto Serdezello Corr\u00eaa<\/a><\/p>\n<p><a href=\"https:\/\/educacaoadistancia.camara.leg.br\/site\/para-servidores-publicos\/\">C\u00e2mara dos Deputados<\/a><\/p>\n<p><a href=\"http:\/\/www.brasilmaisdigital.org.br\/index.php\/pt-br\/cursos-online\/2017-05-23-17-40-54\">Brasil + Digital<\/a><\/p>\n<p><a href=\"http:\/\/www5.fgv.br\/fgvonline\/(S(2oc15w45i0exbifjwjgy4g45))\/Cursos\/Gratuitos\/\">Funda\u00e7\u00e3o Get\u00falio Vargas (FGV)<\/a><\/p>\n<p><a href=\"https:\/\/pt.coursera.org\/usp\">Universidade de S\u00e3o Paulo (USP)<\/a><\/p>\n<p><a href=\"https:\/\/www.coursera.org\/unicamp\">Universidade Estadual de Campinas (Unicamp)<\/a><\/p>\n<p><a href=\"https:\/\/lumina.ufrgs.br\/\">Universidade Federal do Rio Grande do Sul (UFRGS)<\/a><\/p>\n<p><a href=\"https:\/\/eskadauema.com\/theme\/olm\/catalog.php\">Universidade Estadual do Maranh\u00e3o (UEMA)<\/a><\/p>\n<p><a href=\"https:\/\/moodle.ifrs.edu.br\/course\/index.php?categoryid=38\">Instituto Federal Rio Grande do Sul (IFRS)<\/a><\/p>\n<p><a href=\"https:\/\/www.coursera.org\/ita\">Instituto Tecnol\u00f3gico de Aeron\u00e1utica (ITA<\/a>)<\/p>\n<p><a href=\"https:\/\/www.unasus.gov.br\/cursos\/busca?status=com%20oferta%20aberta&amp;busca=&amp;ordenacao=relev%C3%A2ncia%20na%20busca\">Universidade Aberta do Sistema \u00danico de Sa\u00fade (UNASUS)<\/a><\/p>\n<p><a href=\"https:\/\/avasus.ufrn.br\/local\/avasplugin\/cursos\/cursos.php?page=1\">Ambiente Virtual de Aprendizagem do SUS (AVASUS)<\/a><\/p>\n<p><a href=\"http:\/\/www.eadsenai.com.br\/virtual\/ms\/\">Servi\u00e7o Nacional de Aprendizagem Industrial (SENAI\/MS)<\/a><\/p>\n<p><a href=\"https:\/\/www.sebrae.com.br\/sites\/PortalSebrae\/cursosonline\">Servi\u00e7o Brasileiro de Apoio \u00e0s Micro e Pequenas Empresas (SEBRAE<\/a>)<\/p>\n<p><a href=\"https:\/\/www.edx.org\/school\/harvardx\">Harvard University<\/a><\/p>\n<p><a href=\"https:\/\/www.ev.org.br\/cursos\">Funda\u00e7\u00e3o Bradesco<\/a><\/p>\t\t\t\t\t\t<\/div>\n\t\t\t\t<\/div>\n\t\t\t\t\t<\/div>\n\t\t<\/div>\n\t\t\t\t\t<\/div>\n\t\t<\/section>\n\t\t\t\t<\/div>\n\t\t","protected":false},"excerpt":{"rendered":"<p>A Universidade Federal de Santa Maria, por meio da Pr\u00f3-Reitoria de Gest\u00e3o de Pessoas (PROGEP), apoia a realiza\u00e7\u00e3o de cursos de educa\u00e7\u00e3o continuada oferecidos de forma gratuita, na modalidade a dist\u00e2ncia, por escolas de governo, institui\u00e7\u00f5es p\u00fablicas ou sem fins lucrativos, como alternativa ao desenvolvimento do servidor. Neste sentido, a PROGEP preparou uma lista de [&hellip;]<\/p>\n","protected":false},"author":118,"featured_media":0,"parent":0,"menu_order":0,"comment_status":"closed","ping_status":"closed","template":"","meta":{"footnotes":""},"categories":[],"tags":[],"class_list":["post-19738","page","type-page","status-publish","hentry"],"acf":[],"_links":{"self":[{"href":"https:\/\/www.ufsm.br\/pro-reitorias\/progep\/wp-json\/wp\/v2\/pages\/19738","targetHints":{"allow":["GET"]}}],"collection":[{"href":"https:\/\/www.ufsm.br\/pro-reitorias\/progep\/wp-json\/wp\/v2\/pages"}],"about":[{"href":"https:\/\/www.ufsm.br\/pro-reitorias\/progep\/wp-json\/wp\/v2\/types\/page"}],"author":[{"embeddable":true,"href":"https:\/\/www.ufsm.br\/pro-reitorias\/progep\/wp-json\/wp\/v2\/users\/118"}],"replies":[{"embeddable":true,"href":"https:\/\/www.ufsm.br\/pro-reitorias\/progep\/wp-json\/wp\/v2\/comments?post=19738"}],"version-history":[{"count":0,"href":"https:\/\/www.ufsm.br\/pro-reitorias\/progep\/wp-json\/wp\/v2\/pages\/19738\/revisions"}],"wp:attachment":[{"href":"https:\/\/www.ufsm.br\/pro-reitorias\/progep\/wp-json\/wp\/v2\/media?parent=19738"}],"wp:term":[{"taxonomy":"category","embeddable":true,"href":"https:\/\/www.ufsm.br\/pro-reitorias\/progep\/wp-json\/wp\/v2\/categories?post=19738"},{"taxonomy":"post_tag","embeddable":true,"href":"https:\/\/www.ufsm.br\/pro-reitorias\/progep\/wp-json\/wp\/v2\/tags?post=19738"}],"curies":[{"name":"wp","href":"https:\/\/api.w.org\/{rel}","templated":true}]}}