{"id":19777,"date":"2018-08-08T09:42:35","date_gmt":"2018-08-08T12:42:35","guid":{"rendered":"https:\/\/www.ufsm.br\/pro-reitorias\/progep\/?page_id=19777"},"modified":"2021-03-25T18:38:21","modified_gmt":"2021-03-25T21:38:21","slug":"gestao-por-competencias-na-ufsm","status":"publish","type":"page","link":"https:\/\/www.ufsm.br\/pro-reitorias\/progep\/gestao-por-competencias-na-ufsm","title":{"rendered":"Gest\u00e3o por Compet\u00eancias na UFSM"},"content":{"rendered":"\t\t<div data-elementor-type=\"wp-post\" data-elementor-id=\"19777\" class=\"elementor elementor-19777\">\n\t\t\t\t\t\t<section class=\"elementor-section elementor-top-section elementor-element elementor-element-d8c79f0 elementor-section-boxed elementor-section-height-default elementor-section-height-default\" data-id=\"d8c79f0\" data-element_type=\"section\">\n\t\t\t\t\t\t<div class=\"elementor-container elementor-column-gap-default\">\n\t\t\t\t\t<div class=\"elementor-column elementor-col-100 elementor-top-column elementor-element elementor-element-9b296e7\" data-id=\"9b296e7\" data-element_type=\"column\">\n\t\t\t<div class=\"elementor-widget-wrap elementor-element-populated\">\n\t\t\t\t\t\t<div class=\"elementor-element elementor-element-e8cb24e elementor-widget elementor-widget-wp-widget-custom_html\" data-id=\"e8cb24e\" data-element_type=\"widget\" data-widget_type=\"wp-widget-custom_html.default\">\n\t\t\t\t<div class=\"elementor-widget-container\">\n\t\t\t<div class=\"textwidget custom-html-widget\">\r\n<iframe width=\"480\" height=\"270\" src=\"https:\/\/farol.ufsm.br\/video\/embed\/voce-sabe-o-que-e-a-gestao-por-competencias\/\" frameborder=\"0\" allowfullscreen><\/iframe>\r\n<\/div>\t\t<\/div>\n\t\t\t\t<\/div>\n\t\t\t\t\t<\/div>\n\t\t<\/div>\n\t\t\t\t\t<\/div>\n\t\t<\/section>\n\t\t\t\t<section class=\"elementor-section elementor-top-section elementor-element elementor-element-236ff13f elementor-section-boxed elementor-section-height-default elementor-section-height-default\" data-id=\"236ff13f\" data-element_type=\"section\">\n\t\t\t\t\t\t<div class=\"elementor-container elementor-column-gap-default\">\n\t\t\t\t\t<div class=\"elementor-column elementor-col-100 elementor-top-column elementor-element elementor-element-78341bdc\" data-id=\"78341bdc\" data-element_type=\"column\">\n\t\t\t<div class=\"elementor-widget-wrap elementor-element-populated\">\n\t\t\t\t\t\t<div class=\"elementor-element elementor-element-5939b88a elementor-widget elementor-widget-text-editor\" data-id=\"5939b88a\" data-element_type=\"widget\" data-widget_type=\"text-editor.default\">\n\t\t\t\t<div class=\"elementor-widget-container\">\n\t\t\t\t\t\t\t<p style=\"text-align: center\"><em>V\u00eddeo 1: O Que \u00e9 a Gest\u00e3o por Compet\u00eancias?<\/em><\/p><p><span style=\"color: #000000\"><strong>Objetivo<\/strong><\/span><\/p><p><span style=\"color: #000000\">Realizar o mapeamento das compet\u00eancias dos servidores da Universidade Federal de Santa Maria, fornecendo subs\u00eddios para a introdu\u00e7\u00e3o do modelo de gest\u00e3o por compet\u00eancias na institui\u00e7\u00e3o, com vistas a contribuir para a melhoria da qualidade dos servi\u00e7os p\u00fablicos prestados aos cidad\u00e3os.<\/span><\/p><p><span style=\"color: #000000\"><strong>Benef\u00edcios da Implanta\u00e7\u00e3o da Gest\u00e3o por Compet\u00eancias na UFSM<\/strong><\/span><\/p><ul style=\"list-style-type: circle\"><li><span style=\"color: #000000\"><strong>Planejamento da For\u00e7a de Trabalho:\u00a0<\/strong>adequado aproveitamento do potencial humano, alinhando os perfis dos servidores \u00e0s demandas da institui\u00e7\u00e3o;<\/span><\/li><li><span style=\"color: #000000\"><strong>Recrutamento e Sele\u00e7\u00e3o:\u00a0<\/strong>ir\u00e1 possibilitar a adequa\u00e7\u00e3o dos processos seletivos de novos servidores;<\/span><\/li><li><span style=\"color: #000000\"><strong>Capacita\u00e7\u00e3o e Desenvolvimento:\u00a0<\/strong>fornecer\u00e1 subs\u00eddios para estruturar programas de treinamento (trilhas de aprendizagem) voltados ao desenvolvimento das compet\u00eancias necess\u00e1rias;<\/span><\/li><li><span style=\"color: #000000\"><strong>Gest\u00e3o do Desempenho:\u00a0<\/strong>adequa\u00e7\u00e3o do processo de avalia\u00e7\u00e3o de desempenho, atendendo \u00e0s diretrizes do Plano de Carreira (PCCTAE) e permitindo uma avalia\u00e7\u00e3o de desempenho estrat\u00e9gica voltada \u00e0s necessidades reais de cada unidade\/ subunidade;<\/span><\/li><li><span style=\"color: #000000\"><strong>Atender \u00e0s exig\u00eancias\u00a0<\/strong>dos \u00f3rg\u00e3os de controle (CGU, TCU);<\/span><\/li><li><span style=\"color: #000000\">Possibilitar a implementa\u00e7\u00e3o de uma\u00a0<strong>gest\u00e3o estrat\u00e9gica de pessoas<\/strong>, moderna e efetiva, alinhada \u00e0 administra\u00e7\u00e3o p\u00fablica gerencial e voltada \u00e0s compet\u00eancias;<\/span><\/li><li><span style=\"color: #000000\">Reduzir ao m\u00e1ximo a discrep\u00e2ncia entre as\u00a0<strong>compet\u00eancias necess\u00e1rias\u00a0<\/strong>\u00e0 consecu\u00e7\u00e3o dos objetivos institucionais e as j\u00e1 dispon\u00edveis no contexto da institui\u00e7\u00e3o;<\/span><\/li><li><span style=\"color: #000000\"><strong>Auxiliar os gestores a dar feedback\u00a0<\/strong>\u00e0s pessoas sobre como est\u00e3o em rela\u00e7\u00e3o \u00e0s compet\u00eancias necess\u00e1rias para o desempenho de suas atividades.<\/span><\/li><\/ul><p><strong>Classifica\u00e7\u00e3o das Compet\u00eancias<\/strong><\/p>\t\t\t\t\t\t<\/div>\n\t\t\t\t<\/div>\n\t\t\t\t<div class=\"elementor-element elementor-element-7ba7462 elementor-widget elementor-widget-image\" data-id=\"7ba7462\" data-element_type=\"widget\" data-widget_type=\"image.default\">\n\t\t\t\t<div class=\"elementor-widget-container\">\n\t\t\t\t\t\t\t\t\t\t\t\t\t<img decoding=\"async\" width=\"300\" height=\"42\" src=\"https:\/\/www.ufsm.br\/app\/uploads\/sites\/341\/2018\/08\/Organizacionais-300x42.jpg\" class=\"attachment-medium size-medium wp-image-19778\" alt=\"\" srcset=\"https:\/\/www.ufsm.br\/app\/uploads\/sites\/341\/2018\/08\/Organizacionais-300x42.jpg 300w, https:\/\/www.ufsm.br\/app\/uploads\/sites\/341\/2018\/08\/Organizacionais-768x108.jpg 768w, https:\/\/www.ufsm.br\/app\/uploads\/sites\/341\/2018\/08\/Organizacionais-1024x144.jpg 1024w, https:\/\/www.ufsm.br\/app\/uploads\/sites\/341\/2018\/08\/Organizacionais.jpg 1026w\" sizes=\"(max-width: 300px) 100vw, 300px\" \/>\t\t\t\t\t\t\t\t\t\t\t\t\t<\/div>\n\t\t\t\t<\/div>\n\t\t\t\t<div class=\"elementor-element elementor-element-3d61010 elementor-widget elementor-widget-image\" data-id=\"3d61010\" data-element_type=\"widget\" data-widget_type=\"image.default\">\n\t\t\t\t<div class=\"elementor-widget-container\">\n\t\t\t\t\t\t\t\t\t\t\t\t\t<img decoding=\"async\" width=\"300\" height=\"45\" src=\"https:\/\/www.ufsm.br\/app\/uploads\/sites\/341\/2018\/08\/Comuns-300x45.jpg\" class=\"attachment-medium size-medium wp-image-19779\" alt=\"\" srcset=\"https:\/\/www.ufsm.br\/app\/uploads\/sites\/341\/2018\/08\/Comuns-300x45.jpg 300w, https:\/\/www.ufsm.br\/app\/uploads\/sites\/341\/2018\/08\/Comuns-768x115.jpg 768w, https:\/\/www.ufsm.br\/app\/uploads\/sites\/341\/2018\/08\/Comuns-1024x153.jpg 1024w, https:\/\/www.ufsm.br\/app\/uploads\/sites\/341\/2018\/08\/Comuns.jpg 1026w\" sizes=\"(max-width: 300px) 100vw, 300px\" \/>\t\t\t\t\t\t\t\t\t\t\t\t\t<\/div>\n\t\t\t\t<\/div>\n\t\t\t\t<div class=\"elementor-element elementor-element-610efbf elementor-widget elementor-widget-image\" data-id=\"610efbf\" data-element_type=\"widget\" data-widget_type=\"image.default\">\n\t\t\t\t<div class=\"elementor-widget-container\">\n\t\t\t\t\t\t\t\t\t\t\t\t\t<img decoding=\"async\" width=\"300\" height=\"40\" src=\"https:\/\/www.ufsm.br\/app\/uploads\/sites\/341\/2018\/08\/Gerenciais-300x40.jpg\" class=\"attachment-medium size-medium wp-image-19780\" alt=\"\" srcset=\"https:\/\/www.ufsm.br\/app\/uploads\/sites\/341\/2018\/08\/Gerenciais-300x40.jpg 300w, https:\/\/www.ufsm.br\/app\/uploads\/sites\/341\/2018\/08\/Gerenciais-768x102.jpg 768w, https:\/\/www.ufsm.br\/app\/uploads\/sites\/341\/2018\/08\/Gerenciais-1024x136.jpg 1024w, https:\/\/www.ufsm.br\/app\/uploads\/sites\/341\/2018\/08\/Gerenciais.jpg 1026w\" sizes=\"(max-width: 300px) 100vw, 300px\" \/>\t\t\t\t\t\t\t\t\t\t\t\t\t<\/div>\n\t\t\t\t<\/div>\n\t\t\t\t<div class=\"elementor-element elementor-element-807190f elementor-widget elementor-widget-image\" data-id=\"807190f\" data-element_type=\"widget\" data-widget_type=\"image.default\">\n\t\t\t\t<div class=\"elementor-widget-container\">\n\t\t\t\t\t\t\t\t\t\t\t\t\t<img loading=\"lazy\" decoding=\"async\" width=\"300\" height=\"41\" src=\"https:\/\/www.ufsm.br\/app\/uploads\/sites\/341\/2018\/08\/Especificas-300x41.png\" class=\"attachment-medium size-medium wp-image-19781\" alt=\"\" srcset=\"https:\/\/www.ufsm.br\/app\/uploads\/sites\/341\/2018\/08\/Especificas-300x41.png 300w, https:\/\/www.ufsm.br\/app\/uploads\/sites\/341\/2018\/08\/Especificas-768x104.png 768w, https:\/\/www.ufsm.br\/app\/uploads\/sites\/341\/2018\/08\/Especificas-1024x139.png 1024w, https:\/\/www.ufsm.br\/app\/uploads\/sites\/341\/2018\/08\/Especificas.png 1026w\" sizes=\"(max-width: 300px) 100vw, 300px\" \/>\t\t\t\t\t\t\t\t\t\t\t\t\t<\/div>\n\t\t\t\t<\/div>\n\t\t\t\t<div class=\"elementor-element elementor-element-7aea9b8 elementor-widget elementor-widget-wp-widget-custom_html\" data-id=\"7aea9b8\" data-element_type=\"widget\" data-widget_type=\"wp-widget-custom_html.default\">\n\t\t\t\t<div class=\"elementor-widget-container\">\n\t\t\t<div class=\"textwidget custom-html-widget\"><iframe width=\"640\" height=\"360\" src=\"https:\/\/farol.ufsm.br\/video\/embed\/mapeamento-de-competencias-na-ufsm-26022018\/\" frameborder=\"0\" allowfullscreen><\/iframe><\/div>\t\t<\/div>\n\t\t\t\t<\/div>\n\t\t\t\t<div class=\"elementor-element elementor-element-958dc7c elementor-widget elementor-widget-text-editor\" data-id=\"958dc7c\" data-element_type=\"widget\" data-widget_type=\"text-editor.default\">\n\t\t\t\t<div class=\"elementor-widget-container\">\n\t\t\t\t\t\t\t<p style=\"text-align: center\"><em>V\u00eddeo 2: O que \u00e9 Mapeamento de Compet\u00eancias<\/em><\/p><p><span style=\"color: #000000\"><strong>Fases<\/strong><\/span><\/p><p><span style=\"color: #000000\">1\u00aa Fase &#8211; Defini\u00e7\u00e3o das <strong>compet\u00eancias organizacionais<\/strong> baseadas nos documentos estrat\u00e9gicos da UFSM, como o Plano de Desenvolvimento Institucional e Plano de Gest\u00e3o, validadas pela alta dire\u00e7\u00e3o. <span style=\"color: #339966\">(Conclu\u00edda)<\/span><\/span><\/p><p><span style=\"color: #000000\">2\u00aa Fase &#8211; Defini\u00e7\u00e3o das <strong>compet\u00eancias comuns<\/strong> norteadas pelas compet\u00eancias organizacionais e validadas pelos servidores da UFSM; <span style=\"color: #339966\">(Conclu\u00edda)<\/span><\/span><\/p><p><span style=\"color: #000000\">3\u00aa Fase \u2013 Defini\u00e7\u00e3o das <strong>compet\u00eancias gerenciais<\/strong> com base nos resultados do Lidere: Programa de Desenvolvimento de Gestores da UFSM e no Programa de Avalia\u00e7\u00e3o de Desempenho, validadas pelos servidores da Institui\u00e7\u00e3o; <span style=\"color: #339966\">(Conclu\u00edda)<\/span><\/span><\/p><p><span style=\"color: #000000\">4\u00aa Fase \u2013 Defini\u00e7\u00e3o das <strong>compet\u00eancias espec\u00edficas<\/strong>, com base nos processos de trabalho, validadas com as equipes respons\u00e1veis. (Em andamento)<\/span><\/p>\t\t\t\t\t\t<\/div>\n\t\t\t\t<\/div>\n\t\t\t\t\t<\/div>\n\t\t<\/div>\n\t\t\t\t\t<\/div>\n\t\t<\/section>\n\t\t\t\t<section class=\"elementor-section elementor-top-section elementor-element elementor-element-9bfbcf5 elementor-section-boxed elementor-section-height-default elementor-section-height-default\" data-id=\"9bfbcf5\" data-element_type=\"section\">\n\t\t\t\t\t\t<div class=\"elementor-container elementor-column-gap-default\">\n\t\t\t\t\t<div class=\"elementor-column elementor-col-100 elementor-top-column elementor-element elementor-element-133c7a5\" data-id=\"133c7a5\" data-element_type=\"column\">\n\t\t\t<div class=\"elementor-widget-wrap elementor-element-populated\">\n\t\t\t\t\t\t<div class=\"elementor-element elementor-element-0c56410 elementor-widget elementor-widget-heading\" data-id=\"0c56410\" data-element_type=\"widget\" data-widget_type=\"heading.default\">\n\t\t\t\t<div class=\"elementor-widget-container\">\n\t\t\t<h2 class=\"elementor-heading-title elementor-size-default\">Compet\u00eancias Mapeadas<\/h2>\t\t<\/div>\n\t\t\t\t<\/div>\n\t\t\t\t\t<\/div>\n\t\t<\/div>\n\t\t\t\t\t<\/div>\n\t\t<\/section>\n\t\t\t\t<section class=\"elementor-section elementor-top-section elementor-element elementor-element-87b40ce elementor-section-boxed elementor-section-height-default elementor-section-height-default\" data-id=\"87b40ce\" data-element_type=\"section\">\n\t\t\t\t\t\t<div class=\"elementor-container elementor-column-gap-default\">\n\t\t\t\t\t<div class=\"elementor-column elementor-col-33 elementor-top-column elementor-element elementor-element-7b0f67e\" data-id=\"7b0f67e\" data-element_type=\"column\">\n\t\t\t<div class=\"elementor-widget-wrap elementor-element-populated\">\n\t\t\t\t\t\t<div class=\"elementor-element elementor-element-6ec0bfe elementor-button-info elementor-align-center elementor-widget elementor-widget-button\" data-id=\"6ec0bfe\" data-element_type=\"widget\" data-widget_type=\"button.default\">\n\t\t\t\t<div class=\"elementor-widget-container\">\n\t\t\t\t\t\t\t<div class=\"elementor-button-wrapper\">\n\t\t\t\t\t<a class=\"elementor-button elementor-button-link elementor-size-sm\" href=\"https:\/\/www.ufsm.br\/app\/uploads\/sites\/341\/2021\/03\/Competencias-Organizacionais.pdf\" target=\"_blank\">\n\t\t\t\t\t\t<span class=\"elementor-button-content-wrapper\">\n\t\t\t\t\t\t\t\t\t<span class=\"elementor-button-text\">Compet\u00eancias Organizacionais<\/span>\n\t\t\t\t\t<\/span>\n\t\t\t\t\t<\/a>\n\t\t\t\t<\/div>\n\t\t\t\t\t\t<\/div>\n\t\t\t\t<\/div>\n\t\t\t\t\t<\/div>\n\t\t<\/div>\n\t\t\t\t<div class=\"elementor-column elementor-col-33 elementor-top-column elementor-element elementor-element-0aa19be\" data-id=\"0aa19be\" data-element_type=\"column\">\n\t\t\t<div class=\"elementor-widget-wrap elementor-element-populated\">\n\t\t\t\t\t\t<div class=\"elementor-element elementor-element-904558d elementor-button-info elementor-align-center elementor-widget elementor-widget-button\" data-id=\"904558d\" data-element_type=\"widget\" data-widget_type=\"button.default\">\n\t\t\t\t<div class=\"elementor-widget-container\">\n\t\t\t\t\t\t\t<div class=\"elementor-button-wrapper\">\n\t\t\t\t\t<a class=\"elementor-button elementor-button-link elementor-size-sm\" href=\"https:\/\/www.ufsm.br\/app\/uploads\/sites\/341\/2021\/03\/Competencias-Comuns.pdf\" target=\"_blank\">\n\t\t\t\t\t\t<span class=\"elementor-button-content-wrapper\">\n\t\t\t\t\t\t\t\t\t<span class=\"elementor-button-text\">Compet\u00eancias Comuns<\/span>\n\t\t\t\t\t<\/span>\n\t\t\t\t\t<\/a>\n\t\t\t\t<\/div>\n\t\t\t\t\t\t<\/div>\n\t\t\t\t<\/div>\n\t\t\t\t\t<\/div>\n\t\t<\/div>\n\t\t\t\t<div class=\"elementor-column elementor-col-33 elementor-top-column elementor-element elementor-element-95ae03c\" data-id=\"95ae03c\" data-element_type=\"column\">\n\t\t\t<div class=\"elementor-widget-wrap elementor-element-populated\">\n\t\t\t\t\t\t<div class=\"elementor-element elementor-element-a2e056b elementor-button-info elementor-align-center elementor-widget elementor-widget-button\" data-id=\"a2e056b\" data-element_type=\"widget\" data-widget_type=\"button.default\">\n\t\t\t\t<div class=\"elementor-widget-container\">\n\t\t\t\t\t\t\t<div class=\"elementor-button-wrapper\">\n\t\t\t\t\t<a class=\"elementor-button elementor-button-link elementor-size-sm\" href=\"https:\/\/www.ufsm.br\/app\/uploads\/sites\/341\/2021\/03\/Competencias-Gerenciais.pdf\" target=\"_blank\">\n\t\t\t\t\t\t<span class=\"elementor-button-content-wrapper\">\n\t\t\t\t\t\t\t\t\t<span class=\"elementor-button-text\">Compet\u00eancias Gerenciais<\/span>\n\t\t\t\t\t<\/span>\n\t\t\t\t\t<\/a>\n\t\t\t\t<\/div>\n\t\t\t\t\t\t<\/div>\n\t\t\t\t<\/div>\n\t\t\t\t\t<\/div>\n\t\t<\/div>\n\t\t\t\t\t<\/div>\n\t\t<\/section>\n\t\t\t\t<section class=\"elementor-section elementor-top-section elementor-element elementor-element-5a403df elementor-section-boxed elementor-section-height-default elementor-section-height-default\" data-id=\"5a403df\" data-element_type=\"section\">\n\t\t\t\t\t\t<div class=\"elementor-container elementor-column-gap-default\">\n\t\t\t\t\t<div class=\"elementor-column elementor-col-100 elementor-top-column elementor-element elementor-element-0dcee3f\" data-id=\"0dcee3f\" data-element_type=\"column\">\n\t\t\t<div class=\"elementor-widget-wrap elementor-element-populated\">\n\t\t\t\t\t\t<div class=\"elementor-element elementor-element-8cff91b elementor-widget elementor-widget-text-editor\" data-id=\"8cff91b\" data-element_type=\"widget\" data-widget_type=\"text-editor.default\">\n\t\t\t\t<div class=\"elementor-widget-container\">\n\t\t\t\t\t\t\t<p>Contato: progep@ufsm.br<\/p>\t\t\t\t\t\t<\/div>\n\t\t\t\t<\/div>\n\t\t\t\t\t<\/div>\n\t\t<\/div>\n\t\t\t\t\t<\/div>\n\t\t<\/section>\n\t\t\t\t<\/div>\n\t\t","protected":false},"excerpt":{"rendered":"<p>V\u00eddeo 1: O Que \u00e9 a Gest\u00e3o por Compet\u00eancias? Objetivo Realizar o mapeamento das compet\u00eancias dos servidores da Universidade Federal de Santa Maria, fornecendo subs\u00eddios para a introdu\u00e7\u00e3o do modelo de gest\u00e3o por compet\u00eancias na institui\u00e7\u00e3o, com vistas a contribuir para a melhoria da qualidade dos servi\u00e7os p\u00fablicos prestados aos cidad\u00e3os. Benef\u00edcios da Implanta\u00e7\u00e3o da [&hellip;]<\/p>\n","protected":false},"author":194,"featured_media":0,"parent":0,"menu_order":0,"comment_status":"closed","ping_status":"closed","template":"","meta":{"footnotes":""},"categories":[],"tags":[],"class_list":["post-19777","page","type-page","status-publish","hentry"],"acf":[],"_links":{"self":[{"href":"https:\/\/www.ufsm.br\/pro-reitorias\/progep\/wp-json\/wp\/v2\/pages\/19777","targetHints":{"allow":["GET"]}}],"collection":[{"href":"https:\/\/www.ufsm.br\/pro-reitorias\/progep\/wp-json\/wp\/v2\/pages"}],"about":[{"href":"https:\/\/www.ufsm.br\/pro-reitorias\/progep\/wp-json\/wp\/v2\/types\/page"}],"author":[{"embeddable":true,"href":"https:\/\/www.ufsm.br\/pro-reitorias\/progep\/wp-json\/wp\/v2\/users\/194"}],"replies":[{"embeddable":true,"href":"https:\/\/www.ufsm.br\/pro-reitorias\/progep\/wp-json\/wp\/v2\/comments?post=19777"}],"version-history":[{"count":0,"href":"https:\/\/www.ufsm.br\/pro-reitorias\/progep\/wp-json\/wp\/v2\/pages\/19777\/revisions"}],"wp:attachment":[{"href":"https:\/\/www.ufsm.br\/pro-reitorias\/progep\/wp-json\/wp\/v2\/media?parent=19777"}],"wp:term":[{"taxonomy":"category","embeddable":true,"href":"https:\/\/www.ufsm.br\/pro-reitorias\/progep\/wp-json\/wp\/v2\/categories?post=19777"},{"taxonomy":"post_tag","embeddable":true,"href":"https:\/\/www.ufsm.br\/pro-reitorias\/progep\/wp-json\/wp\/v2\/tags?post=19777"}],"curies":[{"name":"wp","href":"https:\/\/api.w.org\/{rel}","templated":true}]}}