{"id":23471,"date":"2019-06-10T16:43:27","date_gmt":"2019-06-10T19:43:27","guid":{"rendered":"https:\/\/www.ufsm.br\/pro-reitorias\/progep\/?page_id=23471"},"modified":"2019-06-10T16:43:31","modified_gmt":"2019-06-10T19:43:31","slug":"apresentacoes-tematicas-de-trabalhos-do-mestrado-profissional-em-gestao-de-organizacoes-publicas-sessao-2","status":"publish","type":"page","link":"https:\/\/www.ufsm.br\/pro-reitorias\/progep\/apresentacoes-tematicas-de-trabalhos-do-mestrado-profissional-em-gestao-de-organizacoes-publicas-sessao-2","title":{"rendered":"Apresenta\u00e7\u00f5es Tem\u00e1ticas de Trabalhos do Mestrado Profissional em Gest\u00e3o de Organiza\u00e7\u00f5es P\u00fablicas &#8211; Sess\u00e3o 2"},"content":{"rendered":"\n<p style=\"margin-bottom: 10px;color: #333333;font-family: 'Helvetica Neue', Helvetica, Arial, sans-serif;font-size: 14px\"><span style=\"font-weight: bold\">Apresenta\u00e7\u00f5es Tem\u00e1ticas de Trabalhos do Mestrado Profissional em Gest\u00e3o de Organiza\u00e7\u00f5es P\u00fablicas &#8211; Sess\u00e3o 2<\/span><\/p>\n<p style=\"margin-top: 0px;margin-bottom: 10px;color: #333333;font-family: 'Helvetica Neue', Helvetica, Arial, sans-serif;font-size: 14px\"><span style=\"font-weight: bold\">Data:<\/span>\u00a025\/10<\/p>\n<p style=\"margin-top: 0px;margin-bottom: 10px;color: #333333;font-family: 'Helvetica Neue', Helvetica, Arial, sans-serif;font-size: 14px\"><span style=\"font-weight: bold\">Hor\u00e1rio:<\/span>\u00a016h<\/p>\n<p style=\"margin-top: 0px;margin-bottom: 10px;color: #333333;font-family: 'Helvetica Neue', Helvetica, Arial, sans-serif;font-size: 14px\"><span style=\"font-weight: bold\">Local:<\/span>\u00a0Sala 4428 &#8211; Pr\u00e9dio 74C<\/p>\n<p style=\"margin-top: 0px;margin-bottom: 10px;color: #333333;font-family: 'Helvetica Neue', Helvetica, Arial, sans-serif;font-size: 14px\"><span style=\"font-weight: bold\">Descri\u00e7\u00e3o:<\/span><\/p>\n<p style=\"margin-top: 0px;margin-bottom: 10px;color: #333333;font-family: 'Helvetica Neue', Helvetica, Arial, sans-serif;font-size: 14px\">Nesta atividade os\u00a0seguintes profissionais ir\u00e3o dialogar com a comunidade sobre os resultados de suas disserta\u00e7\u00f5es produzidas no Mestrado Profissional em Gest\u00e3o de Organiza\u00e7\u00f5es P\u00fablicas:<\/p>\n<p style=\"margin-top: 0px;margin-bottom: 10px;color: #333333;font-family: 'Helvetica Neue', Helvetica, Arial, sans-serif;font-size: 14px\">&#8211; Beloni Gomes da Silva<br \/>&#8211; Jos\u00e9 Adroaldo Parcianello<br \/>&#8211; Murilo da Silva Dornelles<br \/>&#8211; Luciane Bizzi<br \/>&#8211; Priscilla Westphalen Berneira Teixeira<\/p>\n<p><img decoding=\"async\" class=\"alignnone wp-image-23472 size-thumbnail\" src=\"https:\/\/www.ufsm.br\/pro-reitorias\/progep\/wp-content\/uploads\/sites\/341\/2019\/06\/BELONI-150x150.jpg\" alt=\"\" width=\"150\" height=\"150\" \/> <img decoding=\"async\" class=\"alignnone wp-image-23473 size-thumbnail\" src=\"https:\/\/www.ufsm.br\/pro-reitorias\/progep\/wp-content\/uploads\/sites\/341\/2019\/06\/PARCIANELO-150x150.jpg\" alt=\"\" width=\"150\" height=\"150\" \/> <img decoding=\"async\" class=\"alignnone wp-image-23474 size-thumbnail\" src=\"https:\/\/www.ufsm.br\/pro-reitorias\/progep\/wp-content\/uploads\/sites\/341\/2019\/06\/MURILO-150x150.jpg\" alt=\"\" width=\"150\" height=\"150\" \/> <img loading=\"lazy\" decoding=\"async\" class=\"alignnone wp-image-23475 size-medium\" src=\"https:\/\/www.ufsm.br\/pro-reitorias\/progep\/wp-content\/uploads\/sites\/341\/2019\/06\/LUCIANE-140x300.jpg\" alt=\"\" width=\"140\" height=\"300\" srcset=\"https:\/\/www.ufsm.br\/app\/uploads\/sites\/341\/2019\/06\/LUCIANE-140x300.jpg 140w, https:\/\/www.ufsm.br\/app\/uploads\/sites\/341\/2019\/06\/LUCIANE.jpg 147w\" sizes=\"(max-width: 140px) 100vw, 140px\" \/> <img loading=\"lazy\" decoding=\"async\" class=\"alignnone wp-image-23476 size-thumbnail\" src=\"https:\/\/www.ufsm.br\/pro-reitorias\/progep\/wp-content\/uploads\/sites\/341\/2019\/06\/PRISCILLA-150x150.jpg\" alt=\"\" width=\"150\" height=\"150\" \/><\/p>\n<p>A moderadora dessa se\u00e7\u00e3o ser\u00e1 a Prof\u00aa. M\u00e1rcia Zampieri Groohmann.<\/p>\n","protected":false},"excerpt":{"rendered":"<p>Apresenta\u00e7\u00f5es Tem\u00e1ticas de Trabalhos do Mestrado Profissional em Gest\u00e3o de Organiza\u00e7\u00f5es P\u00fablicas &#8211; Sess\u00e3o 2 Data:\u00a025\/10 Hor\u00e1rio:\u00a016h Local:\u00a0Sala 4428 &#8211; Pr\u00e9dio 74C Descri\u00e7\u00e3o: Nesta atividade os\u00a0seguintes profissionais ir\u00e3o dialogar com a comunidade sobre os resultados de suas disserta\u00e7\u00f5es produzidas no Mestrado Profissional em Gest\u00e3o de Organiza\u00e7\u00f5es P\u00fablicas: &#8211; Beloni Gomes da Silva&#8211; Jos\u00e9 Adroaldo Parcianello&#8211; [&hellip;]<\/p>\n","protected":false},"author":115,"featured_media":0,"parent":0,"menu_order":0,"comment_status":"closed","ping_status":"closed","template":"","meta":{"footnotes":""},"categories":[],"tags":[],"class_list":["post-23471","page","type-page","status-publish","hentry"],"acf":[],"_links":{"self":[{"href":"https:\/\/www.ufsm.br\/pro-reitorias\/progep\/wp-json\/wp\/v2\/pages\/23471","targetHints":{"allow":["GET"]}}],"collection":[{"href":"https:\/\/www.ufsm.br\/pro-reitorias\/progep\/wp-json\/wp\/v2\/pages"}],"about":[{"href":"https:\/\/www.ufsm.br\/pro-reitorias\/progep\/wp-json\/wp\/v2\/types\/page"}],"author":[{"embeddable":true,"href":"https:\/\/www.ufsm.br\/pro-reitorias\/progep\/wp-json\/wp\/v2\/users\/115"}],"replies":[{"embeddable":true,"href":"https:\/\/www.ufsm.br\/pro-reitorias\/progep\/wp-json\/wp\/v2\/comments?post=23471"}],"version-history":[{"count":0,"href":"https:\/\/www.ufsm.br\/pro-reitorias\/progep\/wp-json\/wp\/v2\/pages\/23471\/revisions"}],"wp:attachment":[{"href":"https:\/\/www.ufsm.br\/pro-reitorias\/progep\/wp-json\/wp\/v2\/media?parent=23471"}],"wp:term":[{"taxonomy":"category","embeddable":true,"href":"https:\/\/www.ufsm.br\/pro-reitorias\/progep\/wp-json\/wp\/v2\/categories?post=23471"},{"taxonomy":"post_tag","embeddable":true,"href":"https:\/\/www.ufsm.br\/pro-reitorias\/progep\/wp-json\/wp\/v2\/tags?post=23471"}],"curies":[{"name":"wp","href":"https:\/\/api.w.org\/{rel}","templated":true}]}}