{"id":23477,"date":"2019-06-10T16:47:03","date_gmt":"2019-06-10T19:47:03","guid":{"rendered":"https:\/\/www.ufsm.br\/pro-reitorias\/progep\/?page_id=23477"},"modified":"2019-06-10T16:47:05","modified_gmt":"2019-06-10T19:47:05","slug":"apresentacoes-tematicas-de-trabalhos-do-mestrado-profissional-em-gestao-de-organizacoes-publicas-sessao-1","status":"publish","type":"page","link":"https:\/\/www.ufsm.br\/pro-reitorias\/progep\/apresentacoes-tematicas-de-trabalhos-do-mestrado-profissional-em-gestao-de-organizacoes-publicas-sessao-1","title":{"rendered":"Apresenta\u00e7\u00f5es Tem\u00e1ticas de Trabalhos do Mestrado Profissional em Gest\u00e3o de Organiza\u00e7\u00f5es P\u00fablicas &#8211; Sess\u00e3o 1"},"content":{"rendered":"\n<p style=\"margin-bottom: 10px;color: #333333;font-family: 'Helvetica Neue', Helvetica, Arial, sans-serif;font-size: 14px\"><span style=\"font-weight: bold\">Apresenta\u00e7\u00f5es Tem\u00e1ticas de Trabalhos do Mestrado Profissional em Gest\u00e3o de Organiza\u00e7\u00f5es P\u00fablicas &#8211; Sess\u00e3o 1<\/span><\/p>\n<p style=\"margin-top: 0px;margin-bottom: 10px;color: #333333;font-family: 'Helvetica Neue', Helvetica, Arial, sans-serif;font-size: 14px\"><span style=\"font-weight: bold\">Data:<\/span>\u00a024\/10\/2016<\/p>\n<p style=\"margin-top: 0px;margin-bottom: 10px;color: #333333;font-family: 'Helvetica Neue', Helvetica, Arial, sans-serif;font-size: 14px\"><span style=\"font-weight: bold\">Hor\u00e1rio:<\/span>\u00a018h<\/p>\n<p style=\"margin-top: 0px;margin-bottom: 10px;color: #333333;font-family: 'Helvetica Neue', Helvetica, Arial, sans-serif;font-size: 14px\"><span style=\"font-weight: bold\">Local:<\/span>\u00a0Audit\u00f3rio do CCSH &#8211; 2\u00ba andar &#8211; Pr\u00e9dio 74C<\/p>\n<p style=\"margin-top: 0px;margin-bottom: 10px;color: #333333;font-family: 'Helvetica Neue', Helvetica, Arial, sans-serif;font-size: 14px\"><span style=\"font-weight: bold\">Descri\u00e7\u00e3o:<\/span><\/p>\n<p style=\"margin-top: 0px;margin-bottom: 10px;color: #333333;font-family: 'Helvetica Neue', Helvetica, Arial, sans-serif;font-size: 14px\">Nesta atividade os\u00a0seguintes profissionais ir\u00e3o dialogar com a comunidade sobre os resultados de suas disserta\u00e7\u00f5es produzidas no Mestrado Profissional em Gest\u00e3o de Organiza\u00e7\u00f5es P\u00fablicas:<\/p>\n<p style=\"margin-top: 0px;margin-bottom: 10px;color: #333333;font-family: 'Helvetica Neue', Helvetica, Arial, sans-serif;font-size: 14px\">&#8211; Est\u00eav\u00e3o da Silva Marinho<br \/>&#8211; Jefferson Menezes de Oliveira<br \/>&#8211; Maur\u00edcio Severo<br \/>&#8211; Roni Storti de Barros<\/p>\n<p><img decoding=\"async\" class=\"alignnone wp-image-23478 size-thumbnail\" src=\"https:\/\/www.ufsm.br\/pro-reitorias\/progep\/wp-content\/uploads\/sites\/341\/2019\/06\/servletrecuperafoto-150x150.jpg\" alt=\"\" width=\"150\" height=\"150\" \/> <img decoding=\"async\" class=\"alignnone wp-image-23479 size-thumbnail\" src=\"https:\/\/www.ufsm.br\/pro-reitorias\/progep\/wp-content\/uploads\/sites\/341\/2019\/06\/JEFFERSON-150x150.jpg\" alt=\"\" width=\"150\" height=\"150\" \/> <img decoding=\"async\" class=\"alignnone wp-image-23480 size-thumbnail\" src=\"https:\/\/www.ufsm.br\/pro-reitorias\/progep\/wp-content\/uploads\/sites\/341\/2019\/06\/13125025_1725944174346840_7122474380498510494_n-150x150.jpg\" alt=\"\" width=\"150\" height=\"150\" \/> <img loading=\"lazy\" decoding=\"async\" class=\"alignnone wp-image-23481 size-thumbnail\" src=\"https:\/\/www.ufsm.br\/pro-reitorias\/progep\/wp-content\/uploads\/sites\/341\/2019\/06\/RONI-150x150.jpg\" alt=\"\" width=\"150\" height=\"150\" \/><\/p>\n<p>A moderadora dessa se\u00e7\u00e3o ser\u00e1 a Prof\u00aa. M\u00e1rcia Zampieri Groohmann.<\/p>\n","protected":false},"excerpt":{"rendered":"<p>Apresenta\u00e7\u00f5es Tem\u00e1ticas de Trabalhos do Mestrado Profissional em Gest\u00e3o de Organiza\u00e7\u00f5es P\u00fablicas &#8211; Sess\u00e3o 1 Data:\u00a024\/10\/2016 Hor\u00e1rio:\u00a018h Local:\u00a0Audit\u00f3rio do CCSH &#8211; 2\u00ba andar &#8211; Pr\u00e9dio 74C Descri\u00e7\u00e3o: Nesta atividade os\u00a0seguintes profissionais ir\u00e3o dialogar com a comunidade sobre os resultados de suas disserta\u00e7\u00f5es produzidas no Mestrado Profissional em Gest\u00e3o de Organiza\u00e7\u00f5es P\u00fablicas: &#8211; Est\u00eav\u00e3o da Silva [&hellip;]<\/p>\n","protected":false},"author":115,"featured_media":0,"parent":0,"menu_order":0,"comment_status":"closed","ping_status":"closed","template":"","meta":{"footnotes":""},"categories":[],"tags":[],"class_list":["post-23477","page","type-page","status-publish","hentry"],"acf":[],"_links":{"self":[{"href":"https:\/\/www.ufsm.br\/pro-reitorias\/progep\/wp-json\/wp\/v2\/pages\/23477","targetHints":{"allow":["GET"]}}],"collection":[{"href":"https:\/\/www.ufsm.br\/pro-reitorias\/progep\/wp-json\/wp\/v2\/pages"}],"about":[{"href":"https:\/\/www.ufsm.br\/pro-reitorias\/progep\/wp-json\/wp\/v2\/types\/page"}],"author":[{"embeddable":true,"href":"https:\/\/www.ufsm.br\/pro-reitorias\/progep\/wp-json\/wp\/v2\/users\/115"}],"replies":[{"embeddable":true,"href":"https:\/\/www.ufsm.br\/pro-reitorias\/progep\/wp-json\/wp\/v2\/comments?post=23477"}],"version-history":[{"count":0,"href":"https:\/\/www.ufsm.br\/pro-reitorias\/progep\/wp-json\/wp\/v2\/pages\/23477\/revisions"}],"wp:attachment":[{"href":"https:\/\/www.ufsm.br\/pro-reitorias\/progep\/wp-json\/wp\/v2\/media?parent=23477"}],"wp:term":[{"taxonomy":"category","embeddable":true,"href":"https:\/\/www.ufsm.br\/pro-reitorias\/progep\/wp-json\/wp\/v2\/categories?post=23477"},{"taxonomy":"post_tag","embeddable":true,"href":"https:\/\/www.ufsm.br\/pro-reitorias\/progep\/wp-json\/wp\/v2\/tags?post=23477"}],"curies":[{"name":"wp","href":"https:\/\/api.w.org\/{rel}","templated":true}]}}