{"id":23487,"date":"2019-06-10T16:58:05","date_gmt":"2019-06-10T19:58:05","guid":{"rendered":"https:\/\/www.ufsm.br\/pro-reitorias\/progep\/?page_id=23487"},"modified":"2019-06-10T16:58:07","modified_gmt":"2019-06-10T19:58:07","slug":"mostra-de-fotografia-e-da-oficina-arte-alem-do-oficio-do-espaco-alternativo","status":"publish","type":"page","link":"https:\/\/www.ufsm.br\/pro-reitorias\/progep\/mostra-de-fotografia-e-da-oficina-arte-alem-do-oficio-do-espaco-alternativo","title":{"rendered":"Mostra de Fotografia e da Oficina Arte Al\u00e9m do Of\u00edcio do Espa\u00e7o Alternativo"},"content":{"rendered":"\n<p style=\"margin-bottom: 10px;color: #333333;font-family: 'Helvetica Neue', Helvetica, Arial, sans-serif;font-size: 14px\"><span style=\"font-weight: bold\">Mostra de Fotografia e da Oficina Arte Al\u00e9m do Of\u00edcio do Espa\u00e7o Alternativo &#8211; Espa\u00e7o Alternativo\/CQVS\/PROGEP<\/span><\/p>\n<p style=\"margin-top: 0px;margin-bottom: 10px;color: #333333;font-family: 'Helvetica Neue', Helvetica, Arial, sans-serif;font-size: 14px\"><span style=\"font-weight: bold\">Data:<\/span>\u00a024 a 27\/10<\/p>\n<p style=\"margin-top: 0px;margin-bottom: 10px;color: #333333;font-family: 'Helvetica Neue', Helvetica, Arial, sans-serif;font-size: 14px\"><span style=\"font-weight: bold\">Hor\u00e1rio:<\/span>\u00a0das 8:00 \u00e0s 17:00<\/p>\n<p style=\"margin-top: 0px;margin-bottom: 10px;color: #333333;font-family: 'Helvetica Neue', Helvetica, Arial, sans-serif;font-size: 14px\"><span style=\"font-weight: bold\">Local:<\/span>\u00a0Hall da Reitoria<\/p>\n<p style=\"margin-top: 0px;margin-bottom: 10px;color: #333333;font-family: 'Helvetica Neue', Helvetica, Arial, sans-serif;font-size: 14px\"><span style=\"font-weight: bold\">Descri\u00e7\u00e3o:\u00a0<\/span><\/p>\n<p style=\"margin-top: 0px;margin-bottom: 10px;color: #333333;font-family: 'Helvetica Neue', Helvetica, Arial, sans-serif;font-size: 14px\">Esta atividade tem como objetivo expor os trabalhos realizados na Oficina de Fotografia e Oficina Arte Al\u00e9m do Of\u00edcio, que s\u00e3o desenvolvidos ao longo do ano no Projeto Espa\u00e7o Alternativo, da Coordenadoria de Sa\u00fade e Qualidade de Vida do Servidor da Pr\u00f3-Reitoria de Gest\u00e3o de Pessoas &#8211; CQVS\/PROGEP.<\/p>\n<p style=\"margin-top: 0px;margin-bottom: 10px;color: #333333;font-family: 'Helvetica Neue', Helvetica, Arial, sans-serif;font-size: 14px\">Confira algumas fotos da exposi\u00e7\u00e3o realizada em 2015:\u00a0<\/p>\n<p><img fetchpriority=\"high\" decoding=\"async\" class=\"alignnone size-large wp-image-23488\" src=\"https:\/\/www.ufsm.br\/pro-reitorias\/progep\/wp-content\/uploads\/sites\/341\/2019\/06\/Mostra_Fotografia-1024x576.jpg\" alt=\"\" width=\"1024\" height=\"576\" srcset=\"https:\/\/www.ufsm.br\/app\/uploads\/sites\/341\/2019\/06\/Mostra_Fotografia-1024x576.jpg 1024w, https:\/\/www.ufsm.br\/app\/uploads\/sites\/341\/2019\/06\/Mostra_Fotografia-300x169.jpg 300w, https:\/\/www.ufsm.br\/app\/uploads\/sites\/341\/2019\/06\/Mostra_Fotografia-768x432.jpg 768w, https:\/\/www.ufsm.br\/app\/uploads\/sites\/341\/2019\/06\/Mostra_Fotografia.jpg 1920w\" sizes=\"(max-width: 1024px) 100vw, 1024px\" \/><\/p>\n<p><img decoding=\"async\" class=\"alignnone size-large wp-image-23489\" src=\"https:\/\/www.ufsm.br\/pro-reitorias\/progep\/wp-content\/uploads\/sites\/341\/2019\/06\/Mostra_de_Artes-1024x576.jpg\" alt=\"\" width=\"1024\" height=\"576\" srcset=\"https:\/\/www.ufsm.br\/app\/uploads\/sites\/341\/2019\/06\/Mostra_de_Artes-1024x576.jpg 1024w, https:\/\/www.ufsm.br\/app\/uploads\/sites\/341\/2019\/06\/Mostra_de_Artes-300x169.jpg 300w, https:\/\/www.ufsm.br\/app\/uploads\/sites\/341\/2019\/06\/Mostra_de_Artes-768x432.jpg 768w, https:\/\/www.ufsm.br\/app\/uploads\/sites\/341\/2019\/06\/Mostra_de_Artes.jpg 1920w\" sizes=\"(max-width: 1024px) 100vw, 1024px\" \/><\/p>\n<p><img decoding=\"async\" class=\"alignnone size-large wp-image-23490\" src=\"https:\/\/www.ufsm.br\/pro-reitorias\/progep\/wp-content\/uploads\/sites\/341\/2019\/06\/Mostra_de_Artes2-1024x576.jpg\" alt=\"\" width=\"1024\" height=\"576\" srcset=\"https:\/\/www.ufsm.br\/app\/uploads\/sites\/341\/2019\/06\/Mostra_de_Artes2-1024x576.jpg 1024w, https:\/\/www.ufsm.br\/app\/uploads\/sites\/341\/2019\/06\/Mostra_de_Artes2-300x169.jpg 300w, https:\/\/www.ufsm.br\/app\/uploads\/sites\/341\/2019\/06\/Mostra_de_Artes2-768x432.jpg 768w, https:\/\/www.ufsm.br\/app\/uploads\/sites\/341\/2019\/06\/Mostra_de_Artes2.jpg 1920w\" sizes=\"(max-width: 1024px) 100vw, 1024px\" \/><\/p>\n<p><img loading=\"lazy\" decoding=\"async\" class=\"alignnone size-large wp-image-23491\" src=\"https:\/\/www.ufsm.br\/pro-reitorias\/progep\/wp-content\/uploads\/sites\/341\/2019\/06\/Mostra_de_Artes_3-1024x576.jpg\" alt=\"\" width=\"1024\" height=\"576\" srcset=\"https:\/\/www.ufsm.br\/app\/uploads\/sites\/341\/2019\/06\/Mostra_de_Artes_3-1024x576.jpg 1024w, https:\/\/www.ufsm.br\/app\/uploads\/sites\/341\/2019\/06\/Mostra_de_Artes_3-300x169.jpg 300w, https:\/\/www.ufsm.br\/app\/uploads\/sites\/341\/2019\/06\/Mostra_de_Artes_3-768x432.jpg 768w, https:\/\/www.ufsm.br\/app\/uploads\/sites\/341\/2019\/06\/Mostra_de_Artes_3.jpg 1920w\" sizes=\"(max-width: 1024px) 100vw, 1024px\" \/><\/p>\n<p><img loading=\"lazy\" decoding=\"async\" class=\"alignnone size-large wp-image-23492\" src=\"https:\/\/www.ufsm.br\/pro-reitorias\/progep\/wp-content\/uploads\/sites\/341\/2019\/06\/Mostra_de_Artes_4-1024x576.jpg\" alt=\"\" width=\"1024\" height=\"576\" srcset=\"https:\/\/www.ufsm.br\/app\/uploads\/sites\/341\/2019\/06\/Mostra_de_Artes_4-1024x576.jpg 1024w, https:\/\/www.ufsm.br\/app\/uploads\/sites\/341\/2019\/06\/Mostra_de_Artes_4-300x169.jpg 300w, https:\/\/www.ufsm.br\/app\/uploads\/sites\/341\/2019\/06\/Mostra_de_Artes_4-768x432.jpg 768w, https:\/\/www.ufsm.br\/app\/uploads\/sites\/341\/2019\/06\/Mostra_de_Artes_4.jpg 1920w\" sizes=\"(max-width: 1024px) 100vw, 1024px\" \/><\/p>\n","protected":false},"excerpt":{"rendered":"<p>Mostra de Fotografia e da Oficina Arte Al\u00e9m do Of\u00edcio do Espa\u00e7o Alternativo &#8211; Espa\u00e7o Alternativo\/CQVS\/PROGEP Data:\u00a024 a 27\/10 Hor\u00e1rio:\u00a0das 8:00 \u00e0s 17:00 Local:\u00a0Hall da Reitoria Descri\u00e7\u00e3o:\u00a0 Esta atividade tem como objetivo expor os trabalhos realizados na Oficina de Fotografia e Oficina Arte Al\u00e9m do Of\u00edcio, que s\u00e3o desenvolvidos ao longo do ano no Projeto [&hellip;]<\/p>\n","protected":false},"author":115,"featured_media":0,"parent":0,"menu_order":0,"comment_status":"closed","ping_status":"closed","template":"","meta":{"footnotes":""},"categories":[],"tags":[],"class_list":["post-23487","page","type-page","status-publish","hentry"],"acf":[],"_links":{"self":[{"href":"https:\/\/www.ufsm.br\/pro-reitorias\/progep\/wp-json\/wp\/v2\/pages\/23487","targetHints":{"allow":["GET"]}}],"collection":[{"href":"https:\/\/www.ufsm.br\/pro-reitorias\/progep\/wp-json\/wp\/v2\/pages"}],"about":[{"href":"https:\/\/www.ufsm.br\/pro-reitorias\/progep\/wp-json\/wp\/v2\/types\/page"}],"author":[{"embeddable":true,"href":"https:\/\/www.ufsm.br\/pro-reitorias\/progep\/wp-json\/wp\/v2\/users\/115"}],"replies":[{"embeddable":true,"href":"https:\/\/www.ufsm.br\/pro-reitorias\/progep\/wp-json\/wp\/v2\/comments?post=23487"}],"version-history":[{"count":0,"href":"https:\/\/www.ufsm.br\/pro-reitorias\/progep\/wp-json\/wp\/v2\/pages\/23487\/revisions"}],"wp:attachment":[{"href":"https:\/\/www.ufsm.br\/pro-reitorias\/progep\/wp-json\/wp\/v2\/media?parent=23487"}],"wp:term":[{"taxonomy":"category","embeddable":true,"href":"https:\/\/www.ufsm.br\/pro-reitorias\/progep\/wp-json\/wp\/v2\/categories?post=23487"},{"taxonomy":"post_tag","embeddable":true,"href":"https:\/\/www.ufsm.br\/pro-reitorias\/progep\/wp-json\/wp\/v2\/tags?post=23487"}],"curies":[{"name":"wp","href":"https:\/\/api.w.org\/{rel}","templated":true}]}}