{"id":23541,"date":"2019-06-11T09:58:29","date_gmt":"2019-06-11T12:58:29","guid":{"rendered":"https:\/\/www.ufsm.br\/pro-reitorias\/progep\/?page_id=23541"},"modified":"2019-06-11T09:58:31","modified_gmt":"2019-06-11T12:58:31","slug":"restaurantes","status":"publish","type":"page","link":"https:\/\/www.ufsm.br\/pro-reitorias\/progep\/restaurantes","title":{"rendered":"Restaurantes"},"content":{"rendered":"\n<h3 style=\"font-family: 'Helvetica Neue', Helvetica, Arial, sans-serif;margin-top: 0cm;font-weight: 500;line-height: 1.1;color: #333333;margin-bottom: 10px;font-size: 24px\"><span style=\"font-size: 12pt;line-height: 18.4px;font-family: Arial, sans-serif\">Restaurantes na UFSM<\/span><\/h3>\n<p style=\"margin-top: 0cm;margin-right: 0cm;margin-bottom: 0.0001pt;color: #333333;font-family: 'Helvetica Neue', Helvetica, Arial, sans-serif;font-size: 14px;text-align: justify;background-image: initial;background-position: initial\"><span style=\"font-weight: bold\"><span style=\"font-family: Arial, sans-serif;color: #004074\">Lancheria Pitadella Caf\u00e9 e Bistr\u00f4\u00a0<\/span><\/span><span style=\"font-family: Arial, sans-serif;color: #666666\">\u2013 Atr\u00e1s do pr\u00e9dio da Reitoria. Funcionamento de segunda \u00e0 sexta at\u00e9 \u00e0s 18h. Telefones: (55) 84084898 e 91528727.<\/span><\/p>\n<p style=\"margin-top: 0cm;margin-right: 0cm;margin-bottom: 0.0001pt;color: #333333;font-family: 'Helvetica Neue', Helvetica, Arial, sans-serif;font-size: 14px;text-align: justify;background-image: initial;background-position: initial\"><span style=\"font-weight: bold\"><span style=\"font-family: Arial, sans-serif;color: #004074\">Lancheria e Restaurante Portela<\/span><\/span><span style=\"font-family: Arial, sans-serif;color: #666666\">\u00a0\u2013 Centro de Educa\u00e7\u00e3o &#8211; CE, pr\u00e9dio 16. Funcionamento de segunda \u00e0 sexta at\u00e9 22h e nos s\u00e1bados at\u00e9 11h. Telefones: (55) 91211056 (Alex) e 99918982 (Nat\u00e1lia).<\/span><\/p>\n<p style=\"margin-top: 0cm;margin-right: 0cm;margin-bottom: 0.0001pt;color: #333333;font-family: 'Helvetica Neue', Helvetica, Arial, sans-serif;font-size: 14px;text-align: justify;background-image: initial;background-position: initial\"><span style=\"font-weight: bold\"><span style=\"font-family: Arial, sans-serif;color: #004074\">Lancheria e Restaurante da Casa<\/span><\/span><span style=\"font-family: Arial, sans-serif;color: #666666\">\u00a0\u2013 Pr\u00e9dio 20. Funcionamento de segunda \u00e0 sexta das 7h \u00e0s 17 e 30. Telefone: (55) 99914782.<\/span><\/p>\n<p style=\"margin-top: 0cm;margin-right: 0cm;margin-bottom: 0.0001pt;color: #333333;font-family: 'Helvetica Neue', Helvetica, Arial, sans-serif;font-size: 14px;text-align: justify;background-image: initial;background-position: initial\"><span style=\"font-weight: bold\"><span style=\"font-family: Arial, sans-serif;color: #004074\">Lancheria e Restaurante Etnias<\/span><\/span><span style=\"font-family: Arial, sans-serif;color: #666666\">\u00a0\u2013 Atr\u00e1s do Hospital Universit\u00e1rio (HUSM) Telefone: (55) 3223-0395; e no Centro de Ci\u00eancias Rurais \u2013 CCR. Telefone: (55) 96279448 (Renata). Funcionamento de segunda \u00e0 sexta das 7 e 30 \u00e0s 18 e 30.\u00a0<\/span><\/p>\n<p style=\"margin-top: 0cm;margin-right: 0cm;margin-bottom: 0.0001pt;color: #333333;font-family: 'Helvetica Neue', Helvetica, Arial, sans-serif;font-size: 14px;text-align: justify;background-image: initial;background-position: initial\"><span style=\"font-weight: bold\"><span style=\"font-family: Arial, sans-serif;color: #004074\">Lancheria e Restaurante Meneses<\/span><\/span><span style=\"font-family: Arial, sans-serif;color: #666666\">\u00a0\u2013 Centro de Tecnologia &#8211; CT, pr\u00e9dio 7. Funcionamento de segunda \u00e0 sexta at\u00e9 \u00e0s 19h. \u00a0<\/span><\/p>\n<p style=\"margin-top: 0cm;margin-right: 0cm;margin-bottom: 0.0001pt;color: #333333;font-family: 'Helvetica Neue', Helvetica, Arial, sans-serif;font-size: 14px;text-align: justify;background-image: initial;background-position: initial\"><span style=\"font-weight: bold\"><span style=\"font-family: Arial, sans-serif;color: #004074\">Spa\u00e7o Gourmet \u2013 Rep\u00fablica<\/span><\/span><span style=\"font-family: Arial, sans-serif;color: #666666\">\u00a0\u2013 Centro de Ci\u00eancias da Sa\u00fade &#8211; CCS, pr\u00e9dio 26, atr\u00e1s do HUSM. Funcionamento de segunda \u00e0 sexta at\u00e9 \u00e0s 18h. Telefone: (55) 3217-1800.\u00a0<\/span><\/p>\n<p><img fetchpriority=\"high\" decoding=\"async\" class=\"alignnone wp-image-23542 size-full\" src=\"https:\/\/www.ufsm.br\/pro-reitorias\/progep\/wp-content\/uploads\/sites\/341\/2019\/06\/mapa.jpg\" alt=\"\" width=\"870\" height=\"562\" srcset=\"https:\/\/www.ufsm.br\/app\/uploads\/sites\/341\/2019\/06\/mapa.jpg 870w, https:\/\/www.ufsm.br\/app\/uploads\/sites\/341\/2019\/06\/mapa-300x194.jpg 300w, https:\/\/www.ufsm.br\/app\/uploads\/sites\/341\/2019\/06\/mapa-768x496.jpg 768w\" sizes=\"(max-width: 870px) 100vw, 870px\" \/><\/p>\n<h3>Restaurantes pr\u00f3ximos \u00e0 UFSM<\/h3>\n<p><strong>Restaurante Etnias\u00a0<\/strong>&#8211; Endere\u00e7o:\u00a0BR 287 (Faixa Nova de Camobi), 8160,\u00a0Bairro Camobi (Pr\u00f3ximo \u00e0 UFSM).\u00a0Telefone:\u00a0(55) 3226-2642. Facebook:\u00a0<a href=\"https:\/\/www.facebook.com\/Restaurante-Etnias-1526232867680034\/?fref=ts\">https:\/\/www.facebook.com\/Restaurante-Etnias-1526232867680034\/?fref=ts<\/a><\/p>\n<p><strong>Restaurante Sobrado<\/strong>\u00a0&#8211; Endere\u00e7o:\u00a0Rua Jo\u00e3o At\u00edllio Zampiere, 60,\u00a0Bairro Camobi (Pr\u00f3ximo \u00e0 UFSM).\u00a0Telefone:\u00a03226-6421. Facebook:\u00a0<a href=\"https:\/\/www.facebook.com\/sobrado.santamaria\">https:\/\/www.facebook.com\/sobrado.santamaria<\/a><\/p>\n<p><strong>Churrascaria Camobi<\/strong>\u00a0&#8211; Endere\u00e7o: RS 509 (Faixa Velha de Camobi), 6415, Bairro Camobi.\u00a0Telefone: (55) 3226-1311. Blog:\u00a0<a href=\"http:\/\/churrascariaepizzariacamobi.blogspot.com.br\/\">http:\/\/churrascariaepizzariacamobi.blogspot.com.br\/<\/a><\/p>\n<p><strong>Restaurante Due Fratelli<\/strong>&#8211; Endere\u00e7o: RS 509 (Faixa Velha de Camobi), 5941,\u00a0Bairro Camobi (Pr\u00f3ximo \u00e0 UFSM).\u00a0Telefone: (55) 3217-6615. Facebook:\u00a0<a href=\"https:\/\/www.facebook.com\/famigliaduefratelli\/\">https:\/\/www.facebook.com\/famigliaduefratelli\/<\/a><\/p>\n<p><strong>Restaurante Chave de Ouro\u00a0<\/strong>&#8211; Endere\u00e7o: BR 287 (Faixa Nova de Camobi), 7166, Bairro Camobi (Pr\u00f3ximo \u00e0 UFSM). Telefone: (55) 3226-3320. Site:<a href=\"http:\/\/www.chavedeourohotel.com.br\/www.chavedeourohotel.com.br\/Restaurante.html\">http:\/\/www.chavedeourohotel.com.br\/www.chavedeourohotel.com.br\/Restaurante.html<\/a><\/p>\n<p><strong>Restaurante Carreta<\/strong>&#8211; Endere\u00e7o: Rua Vicente do Prado Lima, 247- Camobi. Telefone: (55)3028-4313. Facebook:\u00a0<a href=\"https:\/\/www.facebook.com\/Restaurante-Carreta-1601884276798928\/\">https:\/\/www.facebook.com\/Restaurante-Carreta-1601884276798928\/<\/a><\/p>\n<h3>\u00a0<\/h3>\n<h3>Restaurantes no centro de SM<\/h3>\n<p><strong>Restaurante Carreras<\/strong>&#8211; Endere\u00e7o: Avenida Nossa Senhora Medianeira &#8211; Centro, Santa Maria \u2013 RS. Telefone: (55) 3025-5060. Facebook:\u00a0<a href=\"https:\/\/www.facebook.com\/carrerasrestaurante\/\">https:\/\/www.facebook.com\/carrerasrestaurante\/<\/a><\/p>\n<p><strong>Restaurante River\u2019s<\/strong>\u00a0(restaurante e pizzaria; almo\u00e7o e jantar) &#8211; Endere\u00e7o: Rua Ven\u00e2ncio Aires, 920- Centro, Santa Maria &#8211; RS. Telefone: (55) 3347-2019. Site:\u00a0<a href=\"http:\/\/restauranterivers.com.br\/\">http:\/\/restauranterivers.com.br\/<\/a><\/p>\n<p><strong>Restaurante Vera Cruz<\/strong>&#8211; Endere\u00e7o: Avenida Nossa Senhora Medianeira, 1600 &#8211; Centro, Santa Maria \u2013 RS. Telefone: (55) 3222-0606. Site:\u00a0<a href=\"http:\/\/www.veracruzonline.com.br\/site\/index.php\">http:\/\/www.veracruzonline.com.br\/site\/index.php<\/a><\/p>\n<p><strong>Bella Trento Restaurante e Pizzaria<\/strong>(rod\u00edzio de pizzas e buffet) &#8211; Endere\u00e7o: Avenida Jo\u00e3o Luiz Pozzobon, 1599 &#8211; Km 03, Santa Maria \u2013 RS. Telefone: (55) 3223-9229. Site:\u00a0<a href=\"http:\/\/www.bellatrento.com.br\/\">http:\/\/www.bellatrento.com.br\/<\/a><\/p>\n<p><strong>Restaurante Augusto<\/strong>&#8211; Endere\u00e7o: R. Floriano Peixoto, 1354 &#8211; Centro, Santa Maria \u2013 RS. Telefone: (55) 3222-0212. Facebook:\u00a0<a href=\"http:\/\/restauranteaugusto.com.br\/default\/\">http:\/\/restauranteaugusto.com.br\/default\/<\/a><\/p>\n<p><strong>Restaurante BovinuS\u00a0<\/strong>&#8211; Endere\u00e7o: R. Ven\u00e2ncio Aires, 1596 -Centro, Santa Maria &#8211; RS. Telefone: (55) 3225-1790. Site:\u00a0<a href=\"http:\/\/bovinus.com.br\/\">http:\/\/bovinus.com.br\/<\/a><\/p>\n<p><strong>Santa Brasa Carnes Grelhadas<\/strong>&#8211; Endere\u00e7o: R. Floriano Peixoto, 1989 -Centro, Santa Maria &#8211; RS. Telefone: (55) 3028-7707. Facebook:\u00a0<a href=\"https:\/\/www.facebook.com\/santabrasacarnesgrelhadas\/\">https:\/\/www.facebook.com\/santabrasacarnesgrelhadas\/<\/a><\/p>\n<p><strong>Las Lenas<\/strong>(especializado em cozinha uruguaia. Somente \u00e0 noite) &#8211; Endere\u00e7o: Av. Dep Fernando Ferrari,1760 &#8211; Nossa Sra. de Lourdes, Santa Maria \u2013 RS. Telefone: (55) 3025-2550. Facebook:\u00a0<a href=\"https:\/\/www.facebook.com\/laslenassm?rf=211793822179989\">https:\/\/www.facebook.com\/laslenassm?rf=211793822179989<\/a><\/p>\n<p><strong>Churrasquito<\/strong>(restaurante e churrascaria) &#8211; Endere\u00e7o: Rua Serafim Valandro, 1055, Santa Maria. Telefone: (55) 3025-5445. Facebook:\u00a0<a href=\"https:\/\/www.facebook.com\/pages\/Restaurante-Churrasquito\/115792618513037\">https:\/\/www.facebook.com\/pages\/Restaurante-Churrasquito\/115792618513037<\/a><\/p>\n<p><strong>Appiano Ristorante<\/strong>(especializado em cozinha italiana) &#8211; Endere\u00e7o: R. Duque de Caxias, 950 -Centro, Santa Maria &#8211; RS. Telefone: (55) 3026-9733. Facebook:\u00a0<a href=\"https:\/\/www.facebook.com\/AppianoRistorante\/\">https:\/\/www.facebook.com\/AppianoRistorante\/<\/a><\/p>\n<p><strong>Caf\u00e9 Cristal<\/strong>(lanches, petiscos, prato-feito) &#8211; Endere\u00e7o: \u00a0Rua Alberto Pasqualini (antiga rua24hs), n 139. Telefone: (55)3347 -1101. Facebook:\u00a0<a href=\"https:\/\/www.facebook.com\/CafeCristalSM\/?fref=ts\">https:\/\/www.facebook.com\/CafeCristalSM\/?fref=ts<\/a><\/p>\n<p><strong>Paqualini Grill<\/strong>(buffet, somente ao meio dia) &#8211; Endere\u00e7o: Rua Alberto Pasqualini (antiga rua 24hs). Telefone: (55) 3304-0215. Facebook:\u00a0<a href=\"https:\/\/www.facebook.com\/RestaurantePasqualiniGrill\/?fref=ts\">https:\/\/www.facebook.com\/RestaurantePasqualiniGrill\/?fref=ts<\/a><\/p>\n<p><strong>La Lupita<\/strong>(especializado em cozinha mexicana; a partir das 19:30) &#8211; Endere\u00e7o: Rua Duque de Caxias, 1701. Telefone: (55) 3027-3903. Facebook:\u00a0<a href=\"https:\/\/www.facebook.com\/LaLupitaCasaMexicana\/?fref=ts\">https:\/\/www.facebook.com\/LaLupitaCasaMexicana\/?fref=ts<\/a><\/p>\n<p><strong>Tarbush<\/strong>(especializado em culin\u00e1ria \u00e1rabe; lanches; das 11h \u00e0s 23hs.) &#8211; Endere\u00e7o: Rua Dr. Bozano, 925. Telefone: (55) 3027-2500. Facebook:\u00a0<a href=\"https:\/\/www.facebook.com\/TarbushSM\/?fref=ts\">https:\/\/www.facebook.com\/TarbushSM\/?fref=ts<\/a><\/p>\n<p><strong>Astro Verde<\/strong>(card\u00e1pio variado para vegetarianos [oferece op\u00e7\u00e3o com carnes]) &#8211; Endere\u00e7o: Rua Tuiuti, 2261. Telefone: (55) 3223-1855.<\/p>\n<p><strong>Los Poffi\u00a0<\/strong>(especializado em culin\u00e1ria vegetariana e vegana; lanches; hor\u00e1rios variados, conferir p\u00e1gina!) &#8211; Endere\u00e7o: Rua Duque de Caxias, 1833. Telefone: (55) 3027-2450. Facebook:\u00a0<a href=\"https:\/\/www.facebook.com\/pastelarialospofi\/?fref=ts\">https:\/\/www.facebook.com\/pastelarialospofi\/?fref=ts<\/a><\/p>\n<p><strong>Divino<\/strong>(buffet; somente ao meio dia) &#8211; Endere\u00e7o: Avenida Rio Branco; 880. Telefone: (55) 3025-5800. Facebook:<a href=\"https:\/\/www.facebook.com\/divinorestauranteeventos\/?fref=ts\">https:\/\/www.facebook.com\/divinorestauranteeventos\/?fref=ts<\/a><\/p>\n<p><strong>Subway<\/strong>(sandu\u00edches; aberto 24hs) &#8211; Endere\u00e7o: \u00a0Avenida Fernando Ferrari, 1390. Telefone: (55) 30285600.<\/p>\n","protected":false},"excerpt":{"rendered":"<p>Restaurantes na UFSM Lancheria Pitadella Caf\u00e9 e Bistr\u00f4\u00a0\u2013 Atr\u00e1s do pr\u00e9dio da Reitoria. Funcionamento de segunda \u00e0 sexta at\u00e9 \u00e0s 18h. Telefones: (55) 84084898 e 91528727. Lancheria e Restaurante Portela\u00a0\u2013 Centro de Educa\u00e7\u00e3o &#8211; CE, pr\u00e9dio 16. Funcionamento de segunda \u00e0 sexta at\u00e9 22h e nos s\u00e1bados at\u00e9 11h. Telefones: (55) 91211056 (Alex) e 99918982 [&hellip;]<\/p>\n","protected":false},"author":115,"featured_media":0,"parent":0,"menu_order":0,"comment_status":"closed","ping_status":"closed","template":"","meta":{"footnotes":""},"categories":[],"tags":[],"class_list":["post-23541","page","type-page","status-publish","hentry"],"acf":[],"_links":{"self":[{"href":"https:\/\/www.ufsm.br\/pro-reitorias\/progep\/wp-json\/wp\/v2\/pages\/23541","targetHints":{"allow":["GET"]}}],"collection":[{"href":"https:\/\/www.ufsm.br\/pro-reitorias\/progep\/wp-json\/wp\/v2\/pages"}],"about":[{"href":"https:\/\/www.ufsm.br\/pro-reitorias\/progep\/wp-json\/wp\/v2\/types\/page"}],"author":[{"embeddable":true,"href":"https:\/\/www.ufsm.br\/pro-reitorias\/progep\/wp-json\/wp\/v2\/users\/115"}],"replies":[{"embeddable":true,"href":"https:\/\/www.ufsm.br\/pro-reitorias\/progep\/wp-json\/wp\/v2\/comments?post=23541"}],"version-history":[{"count":0,"href":"https:\/\/www.ufsm.br\/pro-reitorias\/progep\/wp-json\/wp\/v2\/pages\/23541\/revisions"}],"wp:attachment":[{"href":"https:\/\/www.ufsm.br\/pro-reitorias\/progep\/wp-json\/wp\/v2\/media?parent=23541"}],"wp:term":[{"taxonomy":"category","embeddable":true,"href":"https:\/\/www.ufsm.br\/pro-reitorias\/progep\/wp-json\/wp\/v2\/categories?post=23541"},{"taxonomy":"post_tag","embeddable":true,"href":"https:\/\/www.ufsm.br\/pro-reitorias\/progep\/wp-json\/wp\/v2\/tags?post=23541"}],"curies":[{"name":"wp","href":"https:\/\/api.w.org\/{rel}","templated":true}]}}