{"id":24251,"date":"2019-07-16T15:18:58","date_gmt":"2019-07-16T18:18:58","guid":{"rendered":"https:\/\/www.ufsm.br\/pro-reitorias\/progep\/?page_id=24251"},"modified":"2025-05-07T10:08:55","modified_gmt":"2025-05-07T13:08:55","slug":"comissao-permanente-de-pessoal-docente-cppd","status":"publish","type":"page","link":"https:\/\/www.ufsm.br\/pro-reitorias\/progep\/comissao-permanente-de-pessoal-docente-cppd","title":{"rendered":"Comiss\u00e3o Permanente de Pessoal Docente (CPPD)"},"content":{"rendered":"\n<section class=\"elementor-element elementor-element-798f7091 elementor-section-boxed elementor-section-height-default elementor-section-height-default elementor-section elementor-top-section\" data-id=\"798f7091\">\n<div class=\"elementor-container elementor-column-gap-default\">\n<div class=\"elementor-row\">\n<div class=\"elementor-element elementor-element-52d633c5 elementor-column elementor-col-100 elementor-top-column\" data-id=\"52d633c5\">\n<div class=\"elementor-column-wrap  elementor-element-populated\">\n<div class=\"elementor-widget-wrap\">\n<p><span style=\"font-size: revert;color: initial\">A Comiss\u00e3o Permanente de Pessoal Docente tem como fun\u00e7\u00e3o prestar assessoramento ao Conselho de Ensino, Pesquisa e Extens\u00e3o \u2013 CEPE ou\u00a0 Reitor, para formula\u00e7\u00e3o e acompanhamento da execu\u00e7\u00e3o da pol\u00edtica de pessoal docente da Carreira do Magist\u00e9rio, e especificamente:<\/span><\/p>\n<div class=\"elementor-element elementor-element-42c22e7c elementor-widget elementor-widget-text-editor\" data-id=\"42c22e7c\">\n<div class=\"elementor-widget-container\">\n<div class=\"elementor-text-editor elementor-clearfix\">\n<p><span class=\"fontstyle0\">I \u2013 opinando nos assuntos concernentes a:<br \/>a) dimensionamento da aloca\u00e7\u00e3o de vagas docentes nas unidades acad\u00eamicas;<br \/>b) contrata\u00e7\u00e3o e admiss\u00e3o de professores efetivos e substitutos;<br \/>c) altera\u00e7\u00e3o do regime de trabalho docente;<\/span><span class=\"fontstyle0\"><br \/><\/span><span class=\"fontstyle0\">d) avalia\u00e7\u00e3o do desempenho para fins de progress\u00e3o e promo\u00e7\u00e3o funcional;<br \/>e) solicita\u00e7\u00e3o de afastamento de docentes para aperfei\u00e7oamento, e<\/span><span class=\"fontstyle0\">specializa\u00e7\u00e3o,mestrado, doutorado ou p\u00f3s-doutorado; e<br \/>f) libera\u00e7\u00e3o de professores para programas de coopera\u00e7\u00e3o com outras institui\u00e7\u00f5es,universit\u00e1rias ou n\u00e3o;<br \/>II \u2013 desenvolver estudos e an\u00e1lises que permitam fornecer subs\u00eddios para a fixa\u00e7\u00e3o, aperfei\u00e7oamento e modifica\u00e7\u00e3o da pol\u00edtica de pessoal docente e de seus instrumentos<\/span><\/p>\n<p>\u00a0<\/p>\n<\/div>\n<\/div>\n<\/div>\n<\/div>\n<\/div>\n<\/div>\n<\/div>\n<\/div>\n<\/section>\n<section class=\"elementor-element elementor-element-5b54cfb elementor-section-boxed elementor-section-height-default elementor-section-height-default elementor-section elementor-top-section\" data-id=\"5b54cfb\">\n<div class=\"elementor-container elementor-column-gap-default\">\n<div class=\"elementor-row\">\n<div class=\"elementor-element elementor-element-840c6d1 elementor-column elementor-col-100 elementor-top-column\" data-id=\"840c6d1\">\n<div class=\"elementor-column-wrap  elementor-element-populated\">\n<div class=\"elementor-widget-wrap\">\n<div class=\"elementor-element elementor-element-436daf3 elementor-widget elementor-widget-text-editor\" data-id=\"436daf3\">\n<div class=\"elementor-widget-container\">\n<div class=\"elementor-text-editor elementor-clearfix\">\n<h5>Composi\u00e7\u00e3o da C\u00e2mara do Magist\u00e9rio Superior, conforme <a href=\"https:\/\/portal.ufsm.br\/documentos\/publico\/documento.html?id=14745306\">Portaria 1.707 de 21 de julho de 2023<\/a> e <a href=\"https:\/\/portal.ufsm.br\/documentos\/download.html?action=componente&amp;download=false&amp;id=5636078\">Apostila 3<\/a>:<\/h5>\n<h5><strong style=\"font-size: revert;color: initial\">Representantes da Classe E, denominada TITULAR<\/strong><\/h5>\n<p>Titular: Jos\u00e9 Cardoso Sobrinho<br \/>Suplente: Maria Medianeira Padoin<\/p>\n<p><strong>Representantes da Classe D, denominada ASSOCIADO<\/strong><\/p>\n<p>Titular: Valdir B\u00f3lico Ara\u00fajo<br \/>Suplente: Moacir Eckhardt<\/p>\n<p><strong>Representantes da Classe C, denominada ADJUNTO<\/strong><\/p>\n<p>Titular: Gilmar Jorge Wakulicz<br \/>Suplente: Mar\u00edndia Brachak dos Santos<\/p>\n<p><strong>Representantes da Classe B, denominada ASSISTENTE<\/strong><\/p>\n<p>Titular:\u00a0<br \/>Suplente:<\/p>\n<p><strong>Representantes da Classe A, (Auxiliar, Assistente A, Adjunto A)<\/strong><\/p>\n<p>Titular:\u00a0<br \/>Suplente:<\/p>\n<h4>\u00a0<\/h4>\n<h5><strong>Composi\u00e7\u00e3o da C\u00e2mara do Magist\u00e9rio EBTT,\u00a0conforme <a href=\"https:\/\/portal.ufsm.br\/documentos\/publico\/documento.html?id=14745306\">Portaria 1.707 de 21 de julho de 2023<\/a><\/strong><\/h5>\n<p><strong>Representantes do Col\u00e9gio T\u00e9cnico Industrial<\/strong><\/p>\n<p>Titular: Luciana Vescia Lourega<br \/>Suplente: Erika Goellner<\/p>\n<p>Titular: Maikel Fernando Menke<br \/>Suplente: Mateus Felzke Schonardie<\/p>\n<p><strong>Representantes do Col\u00e9gio Polit\u00e9cnico<\/strong><\/p>\n<p>Titular: Cl\u00e1udia Let\u00edcia de Castro do Amaral<br \/>Suplente: Leonardo da Rocha Botega<\/p>\n<p>Titular: Greice Machado Pieszak<br \/>Suplente: Rosylaine Moura<\/p>\n<p><strong>Representantes da Unidade de Educa\u00e7\u00e3o Infantil Ip\u00ea Amarelo<br \/><\/strong><\/p>\n<p>Titular: Joze Medianeira dos Santos de Andrade<br \/>Suplente: Jucemara Antunes<\/p>\n<\/div>\n<\/div>\n<\/div>\n<\/div>\n<\/div>\n<\/div>\n<\/div>\n<\/div>\n<\/section>\n","protected":false},"excerpt":{"rendered":"<p>A Comiss\u00e3o Permanente de Pessoal Docente tem como fun\u00e7\u00e3o prestar assessoramento ao Conselho de Ensino, Pesquisa e Extens\u00e3o \u2013 CEPE ou\u00a0 Reitor, para formula\u00e7\u00e3o e acompanhamento da execu\u00e7\u00e3o da pol\u00edtica de pessoal docente da Carreira do Magist\u00e9rio, e especificamente: I \u2013 opinando nos assuntos concernentes a:a) dimensionamento da aloca\u00e7\u00e3o de vagas docentes nas unidades acad\u00eamicas;b) [&hellip;]<\/p>\n","protected":false},"author":25,"featured_media":0,"parent":0,"menu_order":0,"comment_status":"closed","ping_status":"closed","template":"","meta":{"footnotes":""},"categories":[],"tags":[],"class_list":["post-24251","page","type-page","status-publish","hentry"],"acf":[],"_links":{"self":[{"href":"https:\/\/www.ufsm.br\/pro-reitorias\/progep\/wp-json\/wp\/v2\/pages\/24251","targetHints":{"allow":["GET"]}}],"collection":[{"href":"https:\/\/www.ufsm.br\/pro-reitorias\/progep\/wp-json\/wp\/v2\/pages"}],"about":[{"href":"https:\/\/www.ufsm.br\/pro-reitorias\/progep\/wp-json\/wp\/v2\/types\/page"}],"author":[{"embeddable":true,"href":"https:\/\/www.ufsm.br\/pro-reitorias\/progep\/wp-json\/wp\/v2\/users\/25"}],"replies":[{"embeddable":true,"href":"https:\/\/www.ufsm.br\/pro-reitorias\/progep\/wp-json\/wp\/v2\/comments?post=24251"}],"version-history":[{"count":0,"href":"https:\/\/www.ufsm.br\/pro-reitorias\/progep\/wp-json\/wp\/v2\/pages\/24251\/revisions"}],"wp:attachment":[{"href":"https:\/\/www.ufsm.br\/pro-reitorias\/progep\/wp-json\/wp\/v2\/media?parent=24251"}],"wp:term":[{"taxonomy":"category","embeddable":true,"href":"https:\/\/www.ufsm.br\/pro-reitorias\/progep\/wp-json\/wp\/v2\/categories?post=24251"},{"taxonomy":"post_tag","embeddable":true,"href":"https:\/\/www.ufsm.br\/pro-reitorias\/progep\/wp-json\/wp\/v2\/tags?post=24251"}],"curies":[{"name":"wp","href":"https:\/\/api.w.org\/{rel}","templated":true}]}}