{"id":245,"date":"2018-04-24T10:14:51","date_gmt":"2018-04-24T13:14:51","guid":{"rendered":"https:\/\/www.ufsm.br\/pro-reitorias\/progep\/?page_id=245"},"modified":"2022-05-02T11:58:52","modified_gmt":"2022-05-02T14:58:52","slug":"auxilio-assistencia-a-saude-ressarcimento","status":"publish","type":"page","link":"https:\/\/www.ufsm.br\/pro-reitorias\/progep\/auxilio-assistencia-a-saude-ressarcimento","title":{"rendered":"Aux\u00edlio Assist\u00eancia \u00e0 Sa\u00fade &#8211; Ressarcimento"},"content":{"rendered":"<p>A assist\u00eancia \u00e0 sa\u00fade, destinada aos servidores, contempla a possibilidade de aux\u00edlio de car\u00e1ter indenizat\u00f3rio, conforme Arts. 26, 27 e 28, da Portaria Normativa n\u00b0. 5, de 11 de outubro de 2010, a qual \u201cEstabelece orienta\u00e7\u00f5es aos \u00f3rg\u00e3os e entidades do Sistema de Pessoal Civil da Administra\u00e7\u00e3o Federal \u2013 SIPEC sobre a assist\u00eancia \u00e0 sa\u00fade suplementar do servidor ativo, inativo, seus dependentes e pensionistas e d\u00e1 outras provid\u00eancias&#8221;.<\/p>\n<p>Mais informa\u00e7\u00f5es sobre o benef\u00edcio, bem como instru\u00e7\u00f5es para a solicita\u00e7\u00e3o, podem ser encontradas na <a href=\"https:\/\/www.ufsm.br\/pro-reitorias\/progep\/servicos\/ressarcimento-plano-de-saude-assistencia-a-saude-suplementar\/\">p\u00e1gina do servi\u00e7o<\/a>.<\/p>\n<p>Informa\u00e7\u00f5es complementares podem ser obtidas junto \u00e0 CQVS\/PROGEP, por meio do telefone (55) 3220 8134 ou e-mail: <a href=\"mailto:planodesaude@ufsm.br\">planodesaude@ufsm.br<\/a>.<\/p>\n\n","protected":false},"excerpt":{"rendered":"<p>A assist\u00eancia \u00e0 sa\u00fade, destinada aos servidores, contempla a possibilidade de aux\u00edlio de car\u00e1ter indenizat\u00f3rio, conforme Arts. 26, 27 e 28, da Portaria Normativa n\u00b0. 5, de 11 de outubro de 2010, a qual \u201cEstabelece orienta\u00e7\u00f5es aos \u00f3rg\u00e3os e entidades do Sistema de Pessoal Civil da Administra\u00e7\u00e3o Federal \u2013 SIPEC sobre a assist\u00eancia \u00e0 sa\u00fade [&hellip;]<\/p>\n","protected":false},"author":35,"featured_media":0,"parent":0,"menu_order":0,"comment_status":"closed","ping_status":"closed","template":"","meta":{"footnotes":""},"categories":[],"tags":[],"class_list":["post-245","page","type-page","status-publish","hentry"],"acf":[],"_links":{"self":[{"href":"https:\/\/www.ufsm.br\/pro-reitorias\/progep\/wp-json\/wp\/v2\/pages\/245","targetHints":{"allow":["GET"]}}],"collection":[{"href":"https:\/\/www.ufsm.br\/pro-reitorias\/progep\/wp-json\/wp\/v2\/pages"}],"about":[{"href":"https:\/\/www.ufsm.br\/pro-reitorias\/progep\/wp-json\/wp\/v2\/types\/page"}],"author":[{"embeddable":true,"href":"https:\/\/www.ufsm.br\/pro-reitorias\/progep\/wp-json\/wp\/v2\/users\/35"}],"replies":[{"embeddable":true,"href":"https:\/\/www.ufsm.br\/pro-reitorias\/progep\/wp-json\/wp\/v2\/comments?post=245"}],"version-history":[{"count":0,"href":"https:\/\/www.ufsm.br\/pro-reitorias\/progep\/wp-json\/wp\/v2\/pages\/245\/revisions"}],"wp:attachment":[{"href":"https:\/\/www.ufsm.br\/pro-reitorias\/progep\/wp-json\/wp\/v2\/media?parent=245"}],"wp:term":[{"taxonomy":"category","embeddable":true,"href":"https:\/\/www.ufsm.br\/pro-reitorias\/progep\/wp-json\/wp\/v2\/categories?post=245"},{"taxonomy":"post_tag","embeddable":true,"href":"https:\/\/www.ufsm.br\/pro-reitorias\/progep\/wp-json\/wp\/v2\/tags?post=245"}],"curies":[{"name":"wp","href":"https:\/\/api.w.org\/{rel}","templated":true}]}}