{"id":262,"date":"2018-04-24T10:22:55","date_gmt":"2018-04-24T13:22:55","guid":{"rendered":"https:\/\/www.ufsm.br\/pro-reitorias\/progep\/?page_id=262"},"modified":"2018-07-03T18:20:54","modified_gmt":"2018-07-03T21:20:54","slug":"servico-de-psicologia","status":"publish","type":"page","link":"https:\/\/www.ufsm.br\/pro-reitorias\/progep\/servico-de-psicologia","title":{"rendered":"Servi\u00e7o de Psicologia"},"content":{"rendered":"<p>O <strong>Servi\u00e7o de Psicologia<\/strong> desenvolve as suas atividades para a integra\u00e7\u00e3o funcional, atrav\u00e9s de atendimentos individualizados aos servidores, previamente agendados, que manifestem dificuldades de adapta\u00e7\u00e3o no \u00e2mbito laboral, e por atua\u00e7\u00f5es em grupos, no local de trabalho onde algum tipo de conflito esteja ocorrendo. Tamb\u00e9m desenvolve atividades em conjunto com outras unidades da <strong>Pr\u00f3-reitoria de Gest\u00e3o de Pessoas (PROGEP)<\/strong>, como a Coordenadoria de Ingresso, Mobilidade e Desenvolvimento e a Per\u00edcia Oficial em Sa\u00fade, elaborando avalia\u00e7\u00f5es, visando o crescimento, desenvolvimento e qualifica\u00e7\u00e3o das atividades laborais. Desenvolve cursos de capacita\u00e7\u00e3o e promo\u00e7\u00e3o da sa\u00fade e participa de outros projetos institucionais que promovam a qualidade de vida no trabalho.<\/p>\n<p>&nbsp;<\/p>\n","protected":false},"excerpt":{"rendered":"<p>O Servi\u00e7o de Psicologia desenvolve as suas atividades para a integra\u00e7\u00e3o funcional, atrav\u00e9s de atendimentos individualizados aos servidores, previamente agendados, que manifestem dificuldades de adapta\u00e7\u00e3o no \u00e2mbito laboral, e por atua\u00e7\u00f5es em grupos, no local de trabalho onde algum tipo de conflito esteja ocorrendo. Tamb\u00e9m desenvolve atividades em conjunto com outras unidades da Pr\u00f3-reitoria de [&hellip;]<\/p>\n","protected":false},"author":35,"featured_media":0,"parent":0,"menu_order":0,"comment_status":"closed","ping_status":"closed","template":"","meta":{"footnotes":""},"categories":[],"tags":[],"class_list":["post-262","page","type-page","status-publish","hentry"],"acf":[],"_links":{"self":[{"href":"https:\/\/www.ufsm.br\/pro-reitorias\/progep\/wp-json\/wp\/v2\/pages\/262","targetHints":{"allow":["GET"]}}],"collection":[{"href":"https:\/\/www.ufsm.br\/pro-reitorias\/progep\/wp-json\/wp\/v2\/pages"}],"about":[{"href":"https:\/\/www.ufsm.br\/pro-reitorias\/progep\/wp-json\/wp\/v2\/types\/page"}],"author":[{"embeddable":true,"href":"https:\/\/www.ufsm.br\/pro-reitorias\/progep\/wp-json\/wp\/v2\/users\/35"}],"replies":[{"embeddable":true,"href":"https:\/\/www.ufsm.br\/pro-reitorias\/progep\/wp-json\/wp\/v2\/comments?post=262"}],"version-history":[{"count":0,"href":"https:\/\/www.ufsm.br\/pro-reitorias\/progep\/wp-json\/wp\/v2\/pages\/262\/revisions"}],"wp:attachment":[{"href":"https:\/\/www.ufsm.br\/pro-reitorias\/progep\/wp-json\/wp\/v2\/media?parent=262"}],"wp:term":[{"taxonomy":"category","embeddable":true,"href":"https:\/\/www.ufsm.br\/pro-reitorias\/progep\/wp-json\/wp\/v2\/categories?post=262"},{"taxonomy":"post_tag","embeddable":true,"href":"https:\/\/www.ufsm.br\/pro-reitorias\/progep\/wp-json\/wp\/v2\/tags?post=262"}],"curies":[{"name":"wp","href":"https:\/\/api.w.org\/{rel}","templated":true}]}}