{"id":265,"date":"2018-04-24T10:24:34","date_gmt":"2018-04-24T13:24:34","guid":{"rendered":"https:\/\/www.ufsm.br\/pro-reitorias\/progep\/?page_id=265"},"modified":"2018-04-24T10:24:34","modified_gmt":"2018-04-24T13:24:34","slug":"servico-medico","status":"publish","type":"page","link":"https:\/\/www.ufsm.br\/pro-reitorias\/progep\/servico-medico","title":{"rendered":"Servi\u00e7o M\u00e9dico"},"content":{"rendered":"<p style=\"text-align: center\"><span style=\"color: #ff0000\">&#8220;SERVI\u00c7O TEMPORARIAMENTE SUSPENSO&#8221;<\/span><\/p>\n<p>Realiza atendimento em cl\u00ednica geral, nas depend\u00eancias do Hospital Universit\u00e1rio &#8211; HUSM, mediante agendamento pr\u00e9vio, junto ao Setor de Agendamento do HUSM. O servi\u00e7o \u00e9 destinado, exclusivamente, aos servidores da UFSM (docentes e t\u00e9cnico-administrativos) ativos e aposentados, e aos pensionistas; n\u00e3o contemplando os dependentes legais. Para ter acesso ao servi\u00e7o \u00e9 OBRIGAT\u00d3RIO a apresenta\u00e7\u00e3o da Identidade Funcional, do crach\u00e1 ou do contracheque, pois tais documentos comprovam o v\u00ednculo.<\/p>\n<p>Mais informa\u00e7\u00f5es<\/p>\n<p>Pr\u00e9dio 48C (ao lado da Coperves)<\/p>\n<p>Telefone: (55) 3220-8134<\/p>\n","protected":false},"excerpt":{"rendered":"<p>&#8220;SERVI\u00c7O TEMPORARIAMENTE SUSPENSO&#8221; Realiza atendimento em cl\u00ednica geral, nas depend\u00eancias do Hospital Universit\u00e1rio &#8211; HUSM, mediante agendamento pr\u00e9vio, junto ao Setor de Agendamento do HUSM. O servi\u00e7o \u00e9 destinado, exclusivamente, aos servidores da UFSM (docentes e t\u00e9cnico-administrativos) ativos e aposentados, e aos pensionistas; n\u00e3o contemplando os dependentes legais. Para ter acesso ao servi\u00e7o \u00e9 OBRIGAT\u00d3RIO [&hellip;]<\/p>\n","protected":false},"author":35,"featured_media":0,"parent":0,"menu_order":0,"comment_status":"closed","ping_status":"closed","template":"","meta":{"footnotes":""},"categories":[],"tags":[],"class_list":["post-265","page","type-page","status-publish","hentry"],"acf":[],"_links":{"self":[{"href":"https:\/\/www.ufsm.br\/pro-reitorias\/progep\/wp-json\/wp\/v2\/pages\/265","targetHints":{"allow":["GET"]}}],"collection":[{"href":"https:\/\/www.ufsm.br\/pro-reitorias\/progep\/wp-json\/wp\/v2\/pages"}],"about":[{"href":"https:\/\/www.ufsm.br\/pro-reitorias\/progep\/wp-json\/wp\/v2\/types\/page"}],"author":[{"embeddable":true,"href":"https:\/\/www.ufsm.br\/pro-reitorias\/progep\/wp-json\/wp\/v2\/users\/35"}],"replies":[{"embeddable":true,"href":"https:\/\/www.ufsm.br\/pro-reitorias\/progep\/wp-json\/wp\/v2\/comments?post=265"}],"version-history":[{"count":0,"href":"https:\/\/www.ufsm.br\/pro-reitorias\/progep\/wp-json\/wp\/v2\/pages\/265\/revisions"}],"wp:attachment":[{"href":"https:\/\/www.ufsm.br\/pro-reitorias\/progep\/wp-json\/wp\/v2\/media?parent=265"}],"wp:term":[{"taxonomy":"category","embeddable":true,"href":"https:\/\/www.ufsm.br\/pro-reitorias\/progep\/wp-json\/wp\/v2\/categories?post=265"},{"taxonomy":"post_tag","embeddable":true,"href":"https:\/\/www.ufsm.br\/pro-reitorias\/progep\/wp-json\/wp\/v2\/tags?post=265"}],"curies":[{"name":"wp","href":"https:\/\/api.w.org\/{rel}","templated":true}]}}