{"id":269,"date":"2018-04-24T10:28:45","date_gmt":"2018-04-24T13:28:45","guid":{"rendered":"https:\/\/www.ufsm.br\/pro-reitorias\/progep\/?page_id=269"},"modified":"2021-12-23T10:47:20","modified_gmt":"2021-12-23T13:47:20","slug":"servico-odontologico-agendamento","status":"publish","type":"page","link":"https:\/\/www.ufsm.br\/pro-reitorias\/progep\/servico-odontologico-agendamento","title":{"rendered":"Servi\u00e7o Odontol\u00f3gico &#8211; Agendamento"},"content":{"rendered":"\n<p>O Servi\u00e7o Odontol\u00f3gico presta atendimento a todos os servidores, ativos e aposentados da UFSM, mediante <a href=\"https:\/\/portal.ufsm.br\/agendamento\/usuario\/especialidade\/agendamento\/novo.html\">agendamento pr\u00e9vio<\/a>. Os profissionais atuam na preven\u00e7\u00e3o, promo\u00e7\u00e3o da sa\u00fade bucal e interven\u00e7\u00e3o curativa com procedimentos de aten\u00e7\u00e3o b\u00e1sica e alguns eletivos, como tratamento endod\u00f4ntico e bucomaxilofacial.<\/p>\n<p>A agenda eletr\u00f4nica ser\u00e1 liberada sempre na \u00faltima ter\u00e7a-feira do m\u00eas anterior, a partir das 8 horas, conforme cronograma a seguir:<\/p>\n\n\n\n<div class=\"wp-block-image\"><figure class=\"aligncenter size-full\"><img fetchpriority=\"high\" decoding=\"async\" width=\"475\" height=\"365\" src=\"https:\/\/www.ufsm.br\/app\/uploads\/sites\/341\/2021\/12\/Agenda.jpg\" alt=\"\" class=\"wp-image-31806\" srcset=\"https:\/\/www.ufsm.br\/app\/uploads\/sites\/341\/2021\/12\/Agenda.jpg 475w, https:\/\/www.ufsm.br\/app\/uploads\/sites\/341\/2021\/12\/Agenda-300x231.jpg 300w\" sizes=\"(max-width: 475px) 100vw, 475px\" \/><\/figure><\/div>\n\n\n","protected":false},"excerpt":{"rendered":"<p>O Servi\u00e7o Odontol\u00f3gico presta atendimento a todos os servidores, ativos e aposentados da UFSM, mediante agendamento pr\u00e9vio. Os profissionais atuam na preven\u00e7\u00e3o, promo\u00e7\u00e3o da sa\u00fade bucal e interven\u00e7\u00e3o curativa com procedimentos de aten\u00e7\u00e3o b\u00e1sica e alguns eletivos, como tratamento endod\u00f4ntico e bucomaxilofacial. A agenda eletr\u00f4nica ser\u00e1 liberada sempre na \u00faltima ter\u00e7a-feira do m\u00eas anterior, a [&hellip;]<\/p>\n","protected":false},"author":35,"featured_media":0,"parent":0,"menu_order":0,"comment_status":"closed","ping_status":"closed","template":"","meta":{"footnotes":""},"categories":[],"tags":[],"class_list":["post-269","page","type-page","status-publish","hentry"],"acf":[],"_links":{"self":[{"href":"https:\/\/www.ufsm.br\/pro-reitorias\/progep\/wp-json\/wp\/v2\/pages\/269","targetHints":{"allow":["GET"]}}],"collection":[{"href":"https:\/\/www.ufsm.br\/pro-reitorias\/progep\/wp-json\/wp\/v2\/pages"}],"about":[{"href":"https:\/\/www.ufsm.br\/pro-reitorias\/progep\/wp-json\/wp\/v2\/types\/page"}],"author":[{"embeddable":true,"href":"https:\/\/www.ufsm.br\/pro-reitorias\/progep\/wp-json\/wp\/v2\/users\/35"}],"replies":[{"embeddable":true,"href":"https:\/\/www.ufsm.br\/pro-reitorias\/progep\/wp-json\/wp\/v2\/comments?post=269"}],"version-history":[{"count":0,"href":"https:\/\/www.ufsm.br\/pro-reitorias\/progep\/wp-json\/wp\/v2\/pages\/269\/revisions"}],"wp:attachment":[{"href":"https:\/\/www.ufsm.br\/pro-reitorias\/progep\/wp-json\/wp\/v2\/media?parent=269"}],"wp:term":[{"taxonomy":"category","embeddable":true,"href":"https:\/\/www.ufsm.br\/pro-reitorias\/progep\/wp-json\/wp\/v2\/categories?post=269"},{"taxonomy":"post_tag","embeddable":true,"href":"https:\/\/www.ufsm.br\/pro-reitorias\/progep\/wp-json\/wp\/v2\/tags?post=269"}],"curies":[{"name":"wp","href":"https:\/\/api.w.org\/{rel}","templated":true}]}}