{"id":279,"date":"2018-04-26T09:04:41","date_gmt":"2018-04-26T12:04:41","guid":{"rendered":"https:\/\/www.ufsm.br\/pro-reitorias\/progep\/?page_id=279"},"modified":"2018-07-04T09:40:40","modified_gmt":"2018-07-04T12:40:40","slug":"adicionais-de-insalubridade-e-periculosidade","status":"publish","type":"page","link":"https:\/\/www.ufsm.br\/pro-reitorias\/progep\/adicionais-de-insalubridade-e-periculosidade","title":{"rendered":"Adicionais de Insalubridade e Periculosidade"},"content":{"rendered":"<p>O setor de\u00a0<strong>Adicionais de Insalubridade e Periculosidade<\/strong>\u00a0\u00e9 o respons\u00e1vel pela concess\u00e3o de adicionais de insalubridade e periculosidade dar-se-\u00e1 aos servidores quando houver exposi\u00e7\u00e3o permanente ou habitual a agentes f\u00edsicos, qu\u00edmicos ou biol\u00f3gicos no exerc\u00edcio de suas atividades laborais. Os formul\u00e1rios para a solicita\u00e7\u00e3o est\u00e3o dispon\u00edveis em: <a href=\"https:\/\/www.ufsm.br\/pro-reitorias\/progep\/wp-content\/uploads\/sites\/341\/2018\/04\/requerimento_insalubridade.pdf\">Requerimento Insalubridade\/Periculosidade<\/a><\/p>\n<p>&nbsp;<\/p>\n","protected":false},"excerpt":{"rendered":"<p>O setor de\u00a0Adicionais de Insalubridade e Periculosidade\u00a0\u00e9 o respons\u00e1vel pela concess\u00e3o de adicionais de insalubridade e periculosidade dar-se-\u00e1 aos servidores quando houver exposi\u00e7\u00e3o permanente ou habitual a agentes f\u00edsicos, qu\u00edmicos ou biol\u00f3gicos no exerc\u00edcio de suas atividades laborais. Os formul\u00e1rios para a solicita\u00e7\u00e3o est\u00e3o dispon\u00edveis em: Requerimento Insalubridade\/Periculosidade &nbsp;<\/p>\n","protected":false},"author":35,"featured_media":0,"parent":0,"menu_order":0,"comment_status":"closed","ping_status":"closed","template":"","meta":{"footnotes":""},"categories":[],"tags":[],"class_list":["post-279","page","type-page","status-publish","hentry"],"acf":[],"_links":{"self":[{"href":"https:\/\/www.ufsm.br\/pro-reitorias\/progep\/wp-json\/wp\/v2\/pages\/279","targetHints":{"allow":["GET"]}}],"collection":[{"href":"https:\/\/www.ufsm.br\/pro-reitorias\/progep\/wp-json\/wp\/v2\/pages"}],"about":[{"href":"https:\/\/www.ufsm.br\/pro-reitorias\/progep\/wp-json\/wp\/v2\/types\/page"}],"author":[{"embeddable":true,"href":"https:\/\/www.ufsm.br\/pro-reitorias\/progep\/wp-json\/wp\/v2\/users\/35"}],"replies":[{"embeddable":true,"href":"https:\/\/www.ufsm.br\/pro-reitorias\/progep\/wp-json\/wp\/v2\/comments?post=279"}],"version-history":[{"count":0,"href":"https:\/\/www.ufsm.br\/pro-reitorias\/progep\/wp-json\/wp\/v2\/pages\/279\/revisions"}],"wp:attachment":[{"href":"https:\/\/www.ufsm.br\/pro-reitorias\/progep\/wp-json\/wp\/v2\/media?parent=279"}],"wp:term":[{"taxonomy":"category","embeddable":true,"href":"https:\/\/www.ufsm.br\/pro-reitorias\/progep\/wp-json\/wp\/v2\/categories?post=279"},{"taxonomy":"post_tag","embeddable":true,"href":"https:\/\/www.ufsm.br\/pro-reitorias\/progep\/wp-json\/wp\/v2\/tags?post=279"}],"curies":[{"name":"wp","href":"https:\/\/api.w.org\/{rel}","templated":true}]}}