{"id":283,"date":"2018-04-26T09:06:49","date_gmt":"2018-04-26T12:06:49","guid":{"rendered":"https:\/\/www.ufsm.br\/pro-reitorias\/progep\/?page_id=283"},"modified":"2018-07-04T09:42:19","modified_gmt":"2018-07-04T12:42:19","slug":"adicional-de-irradiacao-ionizante","status":"publish","type":"page","link":"https:\/\/www.ufsm.br\/pro-reitorias\/progep\/adicional-de-irradiacao-ionizante","title":{"rendered":"Adicional de Irradia\u00e7\u00e3o Ionizante"},"content":{"rendered":"<p>Concedido aos servidores que exercem atividades envolvendo fontes de radia\u00e7\u00e3o ionizante desde a produ\u00e7\u00e3o, manipula\u00e7\u00e3o, utiliza\u00e7\u00e3o, opera\u00e7\u00e3o, controle, fiscaliza\u00e7\u00e3o, armazenamento, processamento, e transporte, bem como aqueles que atuam em situa\u00e7\u00f5es de emerg\u00eancia radiol\u00f3gica. A concess\u00e3o do adicional de irradia\u00e7\u00e3o ionizante ser\u00e1 feita de acordo com o laudo t\u00e9cnico, emitido por comiss\u00e3o constitu\u00edda especialmente para essa finalidade, de acordo com as normas da <strong>Comiss\u00e3o Nacional de Energia Nuclear (CNEN).<\/strong><\/p>\n","protected":false},"excerpt":{"rendered":"<p>Concedido aos servidores que exercem atividades envolvendo fontes de radia\u00e7\u00e3o ionizante desde a produ\u00e7\u00e3o, manipula\u00e7\u00e3o, utiliza\u00e7\u00e3o, opera\u00e7\u00e3o, controle, fiscaliza\u00e7\u00e3o, armazenamento, processamento, e transporte, bem como aqueles que atuam em situa\u00e7\u00f5es de emerg\u00eancia radiol\u00f3gica. A concess\u00e3o do adicional de irradia\u00e7\u00e3o ionizante ser\u00e1 feita de acordo com o laudo t\u00e9cnico, emitido por comiss\u00e3o constitu\u00edda especialmente para essa [&hellip;]<\/p>\n","protected":false},"author":35,"featured_media":0,"parent":0,"menu_order":0,"comment_status":"closed","ping_status":"closed","template":"","meta":{"footnotes":""},"categories":[],"tags":[],"class_list":["post-283","page","type-page","status-publish","hentry"],"acf":[],"_links":{"self":[{"href":"https:\/\/www.ufsm.br\/pro-reitorias\/progep\/wp-json\/wp\/v2\/pages\/283","targetHints":{"allow":["GET"]}}],"collection":[{"href":"https:\/\/www.ufsm.br\/pro-reitorias\/progep\/wp-json\/wp\/v2\/pages"}],"about":[{"href":"https:\/\/www.ufsm.br\/pro-reitorias\/progep\/wp-json\/wp\/v2\/types\/page"}],"author":[{"embeddable":true,"href":"https:\/\/www.ufsm.br\/pro-reitorias\/progep\/wp-json\/wp\/v2\/users\/35"}],"replies":[{"embeddable":true,"href":"https:\/\/www.ufsm.br\/pro-reitorias\/progep\/wp-json\/wp\/v2\/comments?post=283"}],"version-history":[{"count":0,"href":"https:\/\/www.ufsm.br\/pro-reitorias\/progep\/wp-json\/wp\/v2\/pages\/283\/revisions"}],"wp:attachment":[{"href":"https:\/\/www.ufsm.br\/pro-reitorias\/progep\/wp-json\/wp\/v2\/media?parent=283"}],"wp:term":[{"taxonomy":"category","embeddable":true,"href":"https:\/\/www.ufsm.br\/pro-reitorias\/progep\/wp-json\/wp\/v2\/categories?post=283"},{"taxonomy":"post_tag","embeddable":true,"href":"https:\/\/www.ufsm.br\/pro-reitorias\/progep\/wp-json\/wp\/v2\/tags?post=283"}],"curies":[{"name":"wp","href":"https:\/\/api.w.org\/{rel}","templated":true}]}}