{"id":330,"date":"2018-04-26T10:02:50","date_gmt":"2018-04-26T13:02:50","guid":{"rendered":"https:\/\/www.ufsm.br\/pro-reitorias\/progep\/?page_id=330"},"modified":"2020-09-23T11:00:52","modified_gmt":"2020-09-23T14:00:52","slug":"pensao-civil","status":"publish","type":"page","link":"https:\/\/www.ufsm.br\/pro-reitorias\/progep\/pensao-civil","title":{"rendered":"Pens\u00e3o Civil"},"content":{"rendered":"<p>Pens\u00e3o fornecida aos dependentes do servidor falecido na atividade, ou aposentado, correspondente \u00e0 totalidade da remunera\u00e7\u00e3o, se ativo, ou dos proventos, se aposentado, at\u00e9 o limite m\u00e1ximo estabelecido para os benef\u00edcios do regime geral da previd\u00eancia social, acrescido de setenta por cento da parcela excedente a este limite.<\/p>\n<p><strong>1. Benefici\u00e1rios de pens\u00e3o (Leis 8.112\/90 e 13.135\/2015):<\/strong><\/p>\n<p>I &#8211; o c\u00f4njuge;<\/p>\n<p class=\"Default\">II &#8211; o c\u00f4njuge divorciado, separado judicialmente ou de fato, com percep\u00e7\u00e3o de pens\u00e3o aliment\u00edcia estabelecida judicialmente;<\/p>\n<p class=\"Default\">III &#8211; o companheiro ou companheira que comprove uni\u00e3o est\u00e1vel como entidade familiar;<\/p>\n<p class=\"Default\">IV &#8211; o filho de qualquer condi\u00e7\u00e3o que atenda a um dos seguintes requisitos:<\/p>\n<p style=\"padding-left: 60px\">a. seja menor de 21 (vinte e um) anos;<br \/>\nb. seja inv\u00e1lido;<br \/>\nc. tenha defici\u00eancia grave; ou vig\u00eancia;<br \/>\nd. tenha defici\u00eancia intelectual ou mental, nos termos do regulamento;<\/p>\n<p class=\"Default\">V &#8211; a m\u00e3e e o pai que comprovem depend\u00eancia econ\u00f4mica do servidor;<\/p>\n<p class=\"Default\">VI &#8211; o irm\u00e3o de qualquer condi\u00e7\u00e3o que comprove depend\u00eancia econ\u00f4mica do servidor e atenda a um dos requisitos previstos no inciso IV.<\/p>\n<p class=\"Default\"><span style=\"text-decoration: underline\">Art. 217 \u00a7 3\u00ba<\/span>: O enteado e o menor tutelado equiparam-se a filho mediante declara\u00e7\u00e3o do segurado e desde que comprovada a depend\u00eancia econ\u00f4mica na forma estabelecida em regulamento.<\/p>\n<p><strong>2. Valor da pens\u00e3o:<br \/>\n<\/strong><\/p>\n<table cellspacing=\"0\" cellpadding=\"0\">\n<tbody>\n<tr>\n<td bgcolor=\"white\" width=\"582\" height=\"81\">\n<table cellspacing=\"0\" cellpadding=\"0\">\n<tbody>\n<tr>\n<td>\n<div class=\"shape\">\n<p style=\"text-align: center\" align=\"center\">TOTAL DA REMUNERA\u00c7\u00c3O AT\u00c9 O TETO RGPS<br \/>\n+<br \/>\n70% DA PARCELA EXCEDENTE A ESTE LIMITE.<\/p>\n<\/div>\n<\/td>\n<\/tr>\n<\/tbody>\n<\/table>\n<\/td>\n<\/tr>\n<\/tbody>\n<\/table>\n<p><strong>3. Documenta\u00e7\u00e3o necess\u00e1ria para formalizar o processo de pens\u00e3o civil:<\/strong><\/p>\n<p><strong>\u00a0<\/strong>A documenta\u00e7\u00e3o necess\u00e1ria varia conforme o tipo de benefici\u00e1rio. Os documentos\u00a0<strong>comuns<\/strong>\u00a0a todos os processos s\u00e3o:<\/p>\n<p>Certid\u00e3o de \u00f3bito do ex-servidor\u00a0(c\u00f3pia simples e original ou c\u00f3pia autenticada);<\/p>\n<p>Carteira de Identidade e CPF do ex-servidor\u00a0(c\u00f3pia simples e original ou c\u00f3pia autenticada);<\/p>\n<p>Carteira de Identidade, CPF e T\u00edtulo de Eleitor do requerente\u00a0(c\u00f3pia simples e original ou c\u00f3pia autenticada);<\/p>\n<p>N\u00famero de conta banc\u00e1ria cuja titularidade seja do requerente;<\/p>\n<p>Formul\u00e1rios preenchidos e assinados (dispon\u00edveis no N\u00facleo de Pens\u00e3o e Aposentadoria).<\/p>\n<p style=\"padding-left: 60px\"><span style=\"font-size: 10pt\"><strong>I. Documenta\u00e7\u00e3o adicional no caso de c\u00f4njuge:<br \/>\n<\/strong>Certid\u00e3o de Casamento ATUALIZADA(c\u00f3pia simples e original ou c\u00f3pia autenticada);<\/span><br \/>\n<span style=\"font-size: 10pt\"><strong>II. Documenta\u00e7\u00e3o adicional no caso de filho:<br \/>\n<\/strong>Certid\u00e3o de Nascimento\u00a0(c\u00f3pia simples e original ou c\u00f3pia autenticada);<\/span><br \/>\n<span style=\"font-size: 10pt\"><strong>III. Documenta\u00e7\u00e3o adicional no caso de companheiro(a) designado(a):<br \/>\n<\/strong>Certid\u00e3o de Nascimento ou Certid\u00e3o de Casamento ATUALIZADA (c\u00f3pia simples e original ou c\u00f3pia autenticada);<\/span><br \/>\n<span style=\"font-size: 10pt\">Apresenta\u00e7\u00e3o de, no m\u00ednimo, 3 provas da uni\u00e3o est\u00e1vel (ex.: endere\u00e7o em comum, filhos em comum, conta conjunta, depend\u00eancia em plano de sa\u00fade ou clube, etc);<\/span><br \/>\n<span style=\"font-size: 10pt\"><strong>IV. Documenta\u00e7\u00e3o adicional no caso de filho maior inv\u00e1lido:<br \/>\n<\/strong>Atestado m\u00e9dico e exames que comprovem a invalidez;<\/span><br \/>\n<span style=\"font-size: 10pt\"><strong>V. Documenta\u00e7\u00e3o adicional no caso de m\u00e3e e pai ou pessoa designada que viva na depend\u00eancia do servidor:<br \/>\n<\/strong>Documentos que comprovem a depend\u00eancia econ\u00f4mica.<\/span><\/p>\n","protected":false},"excerpt":{"rendered":"<p>Pens\u00e3o fornecida aos dependentes do servidor falecido na atividade, ou aposentado, correspondente \u00e0 totalidade da remunera\u00e7\u00e3o, se ativo, ou dos proventos, se aposentado, at\u00e9 o limite m\u00e1ximo estabelecido para os benef\u00edcios do regime geral da previd\u00eancia social, acrescido de setenta por cento da parcela excedente a este limite. 1. Benefici\u00e1rios de pens\u00e3o (Leis 8.112\/90 e [&hellip;]<\/p>\n","protected":false},"author":35,"featured_media":0,"parent":0,"menu_order":0,"comment_status":"closed","ping_status":"closed","template":"","meta":{"footnotes":""},"categories":[],"tags":[],"class_list":["post-330","page","type-page","status-publish","hentry"],"acf":[],"_links":{"self":[{"href":"https:\/\/www.ufsm.br\/pro-reitorias\/progep\/wp-json\/wp\/v2\/pages\/330","targetHints":{"allow":["GET"]}}],"collection":[{"href":"https:\/\/www.ufsm.br\/pro-reitorias\/progep\/wp-json\/wp\/v2\/pages"}],"about":[{"href":"https:\/\/www.ufsm.br\/pro-reitorias\/progep\/wp-json\/wp\/v2\/types\/page"}],"author":[{"embeddable":true,"href":"https:\/\/www.ufsm.br\/pro-reitorias\/progep\/wp-json\/wp\/v2\/users\/35"}],"replies":[{"embeddable":true,"href":"https:\/\/www.ufsm.br\/pro-reitorias\/progep\/wp-json\/wp\/v2\/comments?post=330"}],"version-history":[{"count":0,"href":"https:\/\/www.ufsm.br\/pro-reitorias\/progep\/wp-json\/wp\/v2\/pages\/330\/revisions"}],"wp:attachment":[{"href":"https:\/\/www.ufsm.br\/pro-reitorias\/progep\/wp-json\/wp\/v2\/media?parent=330"}],"wp:term":[{"taxonomy":"category","embeddable":true,"href":"https:\/\/www.ufsm.br\/pro-reitorias\/progep\/wp-json\/wp\/v2\/categories?post=330"},{"taxonomy":"post_tag","embeddable":true,"href":"https:\/\/www.ufsm.br\/pro-reitorias\/progep\/wp-json\/wp\/v2\/tags?post=330"}],"curies":[{"name":"wp","href":"https:\/\/api.w.org\/{rel}","templated":true}]}}