{"id":38229,"date":"2024-02-27T14:58:13","date_gmt":"2024-02-27T17:58:13","guid":{"rendered":"https:\/\/www.ufsm.br\/pro-reitorias\/progep\/?page_id=38229"},"modified":"2024-02-27T15:40:29","modified_gmt":"2024-02-27T18:40:29","slug":"elementor-38229","status":"publish","type":"page","link":"https:\/\/www.ufsm.br\/pro-reitorias\/progep\/elementor-38229","title":{"rendered":"Ades\u00e3o ao PGD"},"content":{"rendered":"\t\t<div data-elementor-type=\"wp-page\" data-elementor-id=\"38229\" class=\"elementor elementor-38229\">\n\t\t\t\t\t\t<section class=\"elementor-section elementor-top-section elementor-element elementor-element-f5e73f9 elementor-section-boxed elementor-section-height-default elementor-section-height-default\" data-id=\"f5e73f9\" data-element_type=\"section\">\n\t\t\t\t\t\t<div class=\"elementor-container elementor-column-gap-default\">\n\t\t\t\t\t<div class=\"elementor-column elementor-col-100 elementor-top-column elementor-element elementor-element-56bb543\" data-id=\"56bb543\" data-element_type=\"column\">\n\t\t\t<div class=\"elementor-widget-wrap elementor-element-populated\">\n\t\t\t\t\t\t<div class=\"elementor-element elementor-element-eabf9cf elementor-view-default elementor-position-top elementor-mobile-position-top elementor-widget elementor-widget-icon-box\" data-id=\"eabf9cf\" data-element_type=\"widget\" data-widget_type=\"icon-box.default\">\n\t\t\t\t<div class=\"elementor-widget-container\">\n\t\t\t\t\t<div class=\"elementor-icon-box-wrapper\">\n\n\t\t\t\t\t\t<div class=\"elementor-icon-box-icon\">\n\t\t\t\t<span  class=\"elementor-icon elementor-animation-\">\n\t\t\t\t<i aria-hidden=\"true\" class=\"far fa-file-alt\"><\/i>\t\t\t\t<\/span>\n\t\t\t<\/div>\n\t\t\t\n\t\t\t\t\t\t<div class=\"elementor-icon-box-content\">\n\n\t\t\t\t\t\t\t\t\t<h3 class=\"elementor-icon-box-title\">\n\t\t\t\t\t\t<span  >\n\t\t\t\t\t\t\tPortaria Normativa\t\t\t\t\t\t<\/span>\n\t\t\t\t\t<\/h3>\n\t\t\t\t\n\t\t\t\t\t\t\t\t\t<p class=\"elementor-icon-box-description\">\n\t\t\t\t\t\tRegulamenta a implementa\u00e7\u00e3o do Ciclo I do Programa de Gest\u00e3o e Desempenho\t\t\t\t\t<\/p>\n\t\t\t\t\n\t\t\t<\/div>\n\t\t\t\n\t\t<\/div>\n\t\t\t\t<\/div>\n\t\t\t\t<\/div>\n\t\t\t\t<div class=\"elementor-element elementor-element-880832e elementor-widget elementor-widget-toggle\" data-id=\"880832e\" data-element_type=\"widget\" data-widget_type=\"toggle.default\">\n\t\t\t\t<div class=\"elementor-widget-container\">\n\t\t\t\t\t<div class=\"elementor-toggle\">\n\t\t\t\t\t\t\t<div class=\"elementor-toggle-item\">\n\t\t\t\t\t<h5 id=\"elementor-tab-title-1421\" class=\"elementor-tab-title\" data-tab=\"1\" role=\"button\" aria-controls=\"elementor-tab-content-1421\" aria-expanded=\"false\">\n\t\t\t\t\t\t\t\t\t\t\t\t<span class=\"elementor-toggle-icon elementor-toggle-icon-left\" aria-hidden=\"true\">\n\t\t\t\t\t\t\t\t\t\t\t\t\t\t\t<span class=\"elementor-toggle-icon-closed\"><i class=\"fas fa-caret-square-down\"><\/i><\/span>\n\t\t\t\t\t\t\t\t<span class=\"elementor-toggle-icon-opened\"><i class=\"elementor-toggle-icon-opened fas fa-caret-square-up\"><\/i><\/span>\n\t\t\t\t\t\t\t\t\t\t\t\t\t<\/span>\n\t\t\t\t\t\t\t\t\t\t\t\t<a class=\"elementor-toggle-title\" tabindex=\"0\">Procedimentos<\/a>\n\t\t\t\t\t<\/h5>\n\n\t\t\t\t\t<div id=\"elementor-tab-content-1421\" class=\"elementor-tab-content elementor-clearfix\" data-tab=\"1\" role=\"region\" aria-labelledby=\"elementor-tab-title-1421\"><p><span style=\"font-weight: 400\">I &#8211; A unidade executora dever\u00e1 abrir um processo administrativo no Sistema Eletr\u00f4nico de Informa\u00e7\u00f5es (Pen-SIE), incluindo o Termo de Ades\u00e3o<\/span><span style=\"font-weight: 400\">;<\/span><\/p><p><span style=\"font-weight: 400\">II &#8211; O processo dever\u00e1 ser submetido \u00e0 aprova\u00e7\u00e3o da unidade hier\u00e1rquicamente superior \u00e0 unidade executora;<\/span><\/p><p><span style=\"font-weight: 400\">III &#8211; Ap\u00f3s a aprova\u00e7\u00e3o, o processo deve ser encaminhado \u00e0 Pr\u00f3-Reitoria de Gest\u00e3o de Pessoas (PROGEP) para os registros funcionais pertinentes e para a inclus\u00e3o da unidade no programa de PGD.<\/span><\/p><hr \/><p><strong>Unidade executora<\/strong>:\u00a0<span style=\"background-color: transparent;color: #000000;font-family: Arial, sans-serif;font-size: 11pt;font-weight: var( --e-global-typography-text-font-weight )\">qualquer unidade da estrutura administrativa que tenha plano de entregas pactuado.<\/span><\/p><p><span style=\"font-weight: var( --e-global-typography-text-font-weight )\"><strong>Unidade hier\u00e1rquica superior<\/strong>: qualquer unidade da estrutura administrativa que seja superior \u00e0 unidade executora.<\/span><\/p><p><span style=\"font-weight: var( --e-global-typography-text-font-weight )\">\u00a0<\/span><\/p><p><span style=\"font-weight: var( --e-global-typography-text-font-weight )\">Termo de Ades\u00e3o<\/span><\/p><\/div>\n\t\t\t\t<\/div>\n\t\t\t\t\t\t\t<div class=\"elementor-toggle-item\">\n\t\t\t\t\t<h5 id=\"elementor-tab-title-1422\" class=\"elementor-tab-title\" data-tab=\"2\" role=\"button\" aria-controls=\"elementor-tab-content-1422\" aria-expanded=\"false\">\n\t\t\t\t\t\t\t\t\t\t\t\t<span class=\"elementor-toggle-icon elementor-toggle-icon-left\" aria-hidden=\"true\">\n\t\t\t\t\t\t\t\t\t\t\t\t\t\t\t<span class=\"elementor-toggle-icon-closed\"><i class=\"fas fa-caret-square-down\"><\/i><\/span>\n\t\t\t\t\t\t\t\t<span class=\"elementor-toggle-icon-opened\"><i class=\"elementor-toggle-icon-opened fas fa-caret-square-up\"><\/i><\/span>\n\t\t\t\t\t\t\t\t\t\t\t\t\t<\/span>\n\t\t\t\t\t\t\t\t\t\t\t\t<a class=\"elementor-toggle-title\" tabindex=\"0\">Modelos de Planos<\/a>\n\t\t\t\t\t<\/h5>\n\n\t\t\t\t\t<div id=\"elementor-tab-content-1422\" class=\"elementor-tab-content elementor-clearfix\" data-tab=\"2\" role=\"region\" aria-labelledby=\"elementor-tab-title-1422\"><ul>\n \t<li>\n\n<hr \/>\n\n<span style=\"font-weight: var( --e-global-typography-text-font-weight )\">Planilha de implementa\u00e7\u00e3o do Ciclo I<\/span><\/li>\n<\/ul>\n<span style=\"font-weight: var( --e-global-typography-text-font-weight )\">Plano de Atividade (vers\u00e3o 1.0).xlsx |\u00a0<\/span><span style=\"color: #1c1c1c;font-size: 16px;font-weight: var( --e-global-typography-text-font-weight )\">Plano de Atividade (vers\u00e3o 1.0).ods |\u00a0<\/span><span style=\"color: #1c1c1c;font-size: 16px;font-weight: var( --e-global-typography-text-font-weight )\">Plano de Atividade (vers\u00e3o 1.0).xls<\/span>\n<\/div>\n\t\t\t\t<\/div>\n\t\t\t\t\t\t\t\t<\/div>\n\t\t\t\t<\/div>\n\t\t\t\t<\/div>\n\t\t\t\t\t<\/div>\n\t\t<\/div>\n\t\t\t\t\t<\/div>\n\t\t<\/section>\n\t\t\t\t<\/div>\n\t\t","protected":false},"excerpt":{"rendered":"<p>Portaria Normativa Regulamenta a implementa\u00e7\u00e3o do Ciclo I do Programa de Gest\u00e3o e Desempenho Procedimentos I &#8211; A unidade executora dever\u00e1 abrir um processo administrativo no Sistema Eletr\u00f4nico de Informa\u00e7\u00f5es (Pen-SIE), incluindo o Termo de Ades\u00e3o; II &#8211; O processo dever\u00e1 ser submetido \u00e0 aprova\u00e7\u00e3o da unidade hier\u00e1rquicamente superior \u00e0 unidade executora; III &#8211; Ap\u00f3s [&hellip;]<\/p>\n","protected":false},"author":204,"featured_media":0,"parent":0,"menu_order":0,"comment_status":"closed","ping_status":"closed","template":"","meta":{"footnotes":""},"categories":[],"tags":[],"class_list":["post-38229","page","type-page","status-publish","hentry"],"acf":[],"_links":{"self":[{"href":"https:\/\/www.ufsm.br\/pro-reitorias\/progep\/wp-json\/wp\/v2\/pages\/38229","targetHints":{"allow":["GET"]}}],"collection":[{"href":"https:\/\/www.ufsm.br\/pro-reitorias\/progep\/wp-json\/wp\/v2\/pages"}],"about":[{"href":"https:\/\/www.ufsm.br\/pro-reitorias\/progep\/wp-json\/wp\/v2\/types\/page"}],"author":[{"embeddable":true,"href":"https:\/\/www.ufsm.br\/pro-reitorias\/progep\/wp-json\/wp\/v2\/users\/204"}],"replies":[{"embeddable":true,"href":"https:\/\/www.ufsm.br\/pro-reitorias\/progep\/wp-json\/wp\/v2\/comments?post=38229"}],"version-history":[{"count":0,"href":"https:\/\/www.ufsm.br\/pro-reitorias\/progep\/wp-json\/wp\/v2\/pages\/38229\/revisions"}],"wp:attachment":[{"href":"https:\/\/www.ufsm.br\/pro-reitorias\/progep\/wp-json\/wp\/v2\/media?parent=38229"}],"wp:term":[{"taxonomy":"category","embeddable":true,"href":"https:\/\/www.ufsm.br\/pro-reitorias\/progep\/wp-json\/wp\/v2\/categories?post=38229"},{"taxonomy":"post_tag","embeddable":true,"href":"https:\/\/www.ufsm.br\/pro-reitorias\/progep\/wp-json\/wp\/v2\/tags?post=38229"}],"curies":[{"name":"wp","href":"https:\/\/api.w.org\/{rel}","templated":true}]}}