{"id":38489,"date":"2024-03-19T16:58:38","date_gmt":"2024-03-19T19:58:38","guid":{"rendered":"https:\/\/www.ufsm.br\/pro-reitorias\/progep\/?page_id=38489"},"modified":"2024-07-04T12:16:07","modified_gmt":"2024-07-04T15:16:07","slug":"noticias-e-notas-a-respeito-do-pgd-na-ufsm","status":"publish","type":"page","link":"https:\/\/www.ufsm.br\/pro-reitorias\/progep\/noticias-e-notas-a-respeito-do-pgd-na-ufsm","title":{"rendered":"Not\u00edcias e comunicados a respeito do PGD na UFSM"},"content":{"rendered":"\t\t<div data-elementor-type=\"wp-page\" data-elementor-id=\"38489\" class=\"elementor elementor-38489\">\n\t\t\t\t\t\t<section class=\"elementor-section elementor-top-section elementor-element elementor-element-d01175a elementor-section-boxed elementor-section-height-default elementor-section-height-default\" data-id=\"d01175a\" data-element_type=\"section\">\n\t\t\t\t\t\t<div class=\"elementor-container elementor-column-gap-default\">\n\t\t\t\t\t<div class=\"elementor-column elementor-col-100 elementor-top-column elementor-element elementor-element-f427e55\" data-id=\"f427e55\" data-element_type=\"column\">\n\t\t\t<div class=\"elementor-widget-wrap elementor-element-populated\">\n\t\t\t\t\t\t<div class=\"elementor-element elementor-element-3442394 elementor-widget elementor-widget-accordion\" data-id=\"3442394\" data-element_type=\"widget\" data-widget_type=\"accordion.default\">\n\t\t\t\t<div class=\"elementor-widget-container\">\n\t\t\t\t\t<div class=\"elementor-accordion\">\n\t\t\t\t\t\t\t<div class=\"elementor-accordion-item\">\n\t\t\t\t\t<div id=\"elementor-tab-title-5471\" class=\"elementor-tab-title\" data-tab=\"1\" role=\"button\" aria-controls=\"elementor-tab-content-5471\" aria-expanded=\"false\">\n\t\t\t\t\t\t\t\t\t\t\t\t\t<span class=\"elementor-accordion-icon elementor-accordion-icon-left\" aria-hidden=\"true\">\n\t\t\t\t\t\t\t\t\t\t\t\t\t\t\t<span class=\"elementor-accordion-icon-closed\"><i class=\"fas fa-plus\"><\/i><\/span>\n\t\t\t\t\t\t\t\t<span class=\"elementor-accordion-icon-opened\"><i class=\"fas fa-minus\"><\/i><\/span>\n\t\t\t\t\t\t\t\t\t\t\t\t\t\t<\/span>\n\t\t\t\t\t\t\t\t\t\t\t\t<a class=\"elementor-accordion-title\" tabindex=\"0\">Comunicado 01\/2024 PGD-PROGEP<\/a>\n\t\t\t\t\t<\/div>\n\t\t\t\t\t<div id=\"elementor-tab-content-5471\" class=\"elementor-tab-content elementor-clearfix\" data-tab=\"1\" role=\"region\" aria-labelledby=\"elementor-tab-title-5471\"><p>Prezados(as) Servidores(as) da UFSM,<\/p>\n<p>Informamos que o prazo para submiss\u00e3o dos processos de ades\u00e3o ao Programa de Gest\u00e3o e Desempenho (PGD) foi prorrogado para o dia 22 de mar\u00e7o. Essa prorroga\u00e7\u00e3o visa proporcionar mais tempo para que as unidades executoras possam organizar e tramitar seus processos adequadamente. Ressaltamos que a data de in\u00edcio do PGD permanece inalterada, sendo prevista para o dia 1\u00ba de abril.<\/p>\n<p>Al\u00e9m disso, gostar\u00edamos de esclarecer que, conforme a exce\u00e7\u00e3o do \u00a7 3\u00b0 do artigo 10 da Portaria Normativa 75\/2024, a PROGEP ir\u00e1 considerar os servidores em greve. No entanto, ap\u00f3s o t\u00e9rmino da greve, ser\u00e1 necess\u00e1rio que os servidores assinem o termo de ades\u00e3o ao PGD.<\/p>\n<p>Adicionalmente, informamos que o saldo negativo no ponto eletr\u00f4nico, previsto no inciso \u00a7 5\u00b0 do artigo 10 da Portaria Normativa 75\/2024, n\u00e3o contemplar\u00e1 o saldo de horas acumulado por motivo de greve. Essas horas ser\u00e3o objeto de compensa\u00e7\u00e3o em negocia\u00e7\u00e3o com o sindicato ao final da greve.<\/p>\n<p>Gostar\u00edamos de refor\u00e7ar a import\u00e2ncia de um ambiente de trabalho saud\u00e1vel e respeitoso durante este processo de ades\u00e3o ao PGD. <br \/>Ressaltamos que \u00e9 ilegal qualquer tipo de ass\u00e9dio ou press\u00e3o indevida sobre os servidores, sendo a ades\u00e3o ao programa uma medida volunt\u00e1ria e consciente.<\/p>\n<p>Agradecemos a compreens\u00e3o e o empenho de todos na prepara\u00e7\u00e3o para a implementa\u00e7\u00e3o do PGD. Continuaremos a fornecer suporte e orienta\u00e7\u00f5es para garantir uma transi\u00e7\u00e3o eficaz para este novo modelo\u00a0de\u00a0gest\u00e3o.<\/p><\/div>\n\t\t\t\t<\/div>\n\t\t\t\t\t\t\t<div class=\"elementor-accordion-item\">\n\t\t\t\t\t<div id=\"elementor-tab-title-5472\" class=\"elementor-tab-title\" data-tab=\"2\" role=\"button\" aria-controls=\"elementor-tab-content-5472\" aria-expanded=\"false\">\n\t\t\t\t\t\t\t\t\t\t\t\t\t<span class=\"elementor-accordion-icon elementor-accordion-icon-left\" aria-hidden=\"true\">\n\t\t\t\t\t\t\t\t\t\t\t\t\t\t\t<span class=\"elementor-accordion-icon-closed\"><i class=\"fas fa-plus\"><\/i><\/span>\n\t\t\t\t\t\t\t\t<span class=\"elementor-accordion-icon-opened\"><i class=\"fas fa-minus\"><\/i><\/span>\n\t\t\t\t\t\t\t\t\t\t\t\t\t\t<\/span>\n\t\t\t\t\t\t\t\t\t\t\t\t<a class=\"elementor-accordion-title\" tabindex=\"0\">Comunicado 02\/2024 PGD-PROGEP<\/a>\n\t\t\t\t\t<\/div>\n\t\t\t\t\t<div id=\"elementor-tab-content-5472\" class=\"elementor-tab-content elementor-clearfix\" data-tab=\"2\" role=\"region\" aria-labelledby=\"elementor-tab-title-5472\"><p>1\ufe0f\u20e3 &#8211; Altera\u00e7\u00e3o da Obrigatoriedade de Ades\u00e3o ao PGD<br \/>Com base no Termo de Acordo de Greve N\u00ba 001\/2024, assinado entre o Reitor e a ASSUFSM, os servidores n\u00e3o s\u00e3o mais obrigados a aderir ao Programa de Gest\u00e3o e Desempenho (PGD).<\/p><p>\ud83d\udcccProcessos de ades\u00e3o novos: \u00c9 importante destacar que a ades\u00e3o ao PGD come\u00e7a na unidade. Servidores que assinarem o termo de ades\u00e3o ser\u00e3o automaticamente inclu\u00eddos no programa. Caso o servidor n\u00e3o assine o termo, ele n\u00e3o ser\u00e1 inclu\u00eddo no programa.<br \/>\ud83d\udcccProcessos de ades\u00e3o j\u00e1 aprovados: Os servidores que aderiram junto \u00e0 unidade poder\u00e3o solicitar o desligamento do PGD, para tanto, dever\u00e1 ser utilizado o mesmo processo de ades\u00e3o da unidade.<br \/>\ud83d\udcccUnidades que n\u00e3o aderiram ao PGD: A ades\u00e3o ao PGD n\u00e3o ser\u00e1 poss\u00edvel para servidores de unidades que n\u00e3o participam do programa, conforme estabelece a IN 24\/2023, que determina que a ades\u00e3o ao PGD inicia na unidade de acordo com o interesse da Institui\u00e7\u00e3o.<br \/>\u26a0\ufe0f*Pr\u00f3ximo passo:* O pr\u00f3ximo passo ser\u00e1 a altera\u00e7\u00e3o da Portaria Normativa UFSM N\u00b0 075, de 08 de mar\u00e7o de 2024, que institui e regulamenta a implementa\u00e7\u00e3o do Ciclo I do Programa de Gest\u00e3o de Desempenho (PGD) na Universidade Federal de Santa Maria, para contemplar o disposto na cl\u00e1usula sexta do Termo de Acordo de Greve N\u00ba 001\/2024 e as op\u00e7\u00f5es relatadas anteriormente.<\/p><p>2\ufe0f\u20e3 &#8211; Relat\u00f3rio de Avalia\u00e7\u00e3o do PGD<br \/>As unidades executoras do PGD que iniciaram o programa no dia 01\/04\/2024 devem encaminhar um relat\u00f3rio de avalia\u00e7\u00e3o. <br \/>\u26a0\ufe0fOrienta\u00e7\u00f5es detalhadas est\u00e3o dispon\u00edveis no link: https:\/\/www.ufsm.br\/pro-reitorias\/progep\/relatorio-implementacao-do-pgd<\/p><p>3\ufe0f\u20e3 &#8211; Sistema Polare<br \/>A UFSM disponibiliza o Sistema Polare no link: polare.ufsm.br. Os usu\u00e1rios devem efetuar login utilizando o sistema SOUGOV.<br \/>\u26a0\ufe0f Mais informa\u00e7\u00f5es est\u00e3o dispon\u00edveis no link: https:\/\/www.ufsm.br\/pro-reitorias\/progep\/polare<br \/>\ud83d\udcccSistema de treinamento: Al\u00e9m disso, o Sistema Polare ser\u00e1 disponibilizado em formato de treinamento no link: polaretreinamento.ufsm.br.<br \/>\ud83d\udcccCursos e oficinas: A PROGEP est\u00e1 desenvolvendo, em parceria com o CPD, um curso auto instrucional sobre a utiliza\u00e7\u00e3o do Polare.<br \/>\ud83d\udcccOrienta\u00e7\u00e3o para o m\u00eas de julho: Durante o m\u00eas de julho, o sistema deve ser usado para aprendizagem e conhecimento. A utiliza\u00e7\u00e3o efetiva do sistema come\u00e7ar\u00e1 em agosto de 2024 para todas as unidades executoras do PGD, independentemente do per\u00edodo de ingresso no programa.<\/p><p>4\ufe0f\u20e3 -Pr\u00f3ximos Passos:<br \/>\ud83d\udccc- Ap\u00f3s o envio dos relat\u00f3rios de avalia\u00e7\u00e3o pelas unidades executoras do PGD at\u00e9 o dia 08\/07\/2024, a PROGEP ter\u00e1 at\u00e9 o dia 15\/07\/2024 para elaborar um relat\u00f3rio t\u00e9cnico sobre a experi\u00eancia de implementa\u00e7\u00e3o do PGD na UFSM.<br \/>\ud83d\udccc- As informa\u00e7\u00f5es do relat\u00f3rio e as decis\u00f5es acordadas no Termo de Ades\u00e3o ser\u00e3o utilizadas para a proposta de altera\u00e7\u00e3o da minuta de acordo com o processo NUP: 23081.150316\/2023-99 ou para a proposta de uma nova Portaria Normativa.<br \/>\ud83d\udccc- Ser\u00e1 realizada uma audi\u00eancia p\u00fablica para avalia\u00e7\u00e3o da minuta de acordo com o processo NUP: 23081.150316\/2023-99.<br \/>\ud83d\udccc- Em agosto, est\u00e1 planejada a utiliza\u00e7\u00e3o efetiva do Sistema Polare e a implementa\u00e7\u00e3o das regras para ades\u00e3o das unidades executoras \u00e0 modalidade de teletrabalho.<\/p><\/div>\n\t\t\t\t<\/div>\n\t\t\t\t\t\t\t\t<\/div>\n\t\t\t\t<\/div>\n\t\t\t\t<\/div>\n\t\t\t\t\t<\/div>\n\t\t<\/div>\n\t\t\t\t\t<\/div>\n\t\t<\/section>\n\t\t\t\t<\/div>\n\t\t","protected":false},"excerpt":{"rendered":"<p>Comunicado 01\/2024 PGD-PROGEP Prezados(as) Servidores(as) da UFSM, Informamos que o prazo para submiss\u00e3o dos processos de ades\u00e3o ao Programa de Gest\u00e3o e Desempenho (PGD) foi prorrogado para o dia 22 de mar\u00e7o. Essa prorroga\u00e7\u00e3o visa proporcionar mais tempo para que as unidades executoras possam organizar e tramitar seus processos adequadamente. Ressaltamos que a data de [&hellip;]<\/p>\n","protected":false},"author":204,"featured_media":0,"parent":0,"menu_order":0,"comment_status":"closed","ping_status":"closed","template":"","meta":{"footnotes":""},"categories":[],"tags":[],"class_list":["post-38489","page","type-page","status-publish","hentry"],"acf":[],"_links":{"self":[{"href":"https:\/\/www.ufsm.br\/pro-reitorias\/progep\/wp-json\/wp\/v2\/pages\/38489","targetHints":{"allow":["GET"]}}],"collection":[{"href":"https:\/\/www.ufsm.br\/pro-reitorias\/progep\/wp-json\/wp\/v2\/pages"}],"about":[{"href":"https:\/\/www.ufsm.br\/pro-reitorias\/progep\/wp-json\/wp\/v2\/types\/page"}],"author":[{"embeddable":true,"href":"https:\/\/www.ufsm.br\/pro-reitorias\/progep\/wp-json\/wp\/v2\/users\/204"}],"replies":[{"embeddable":true,"href":"https:\/\/www.ufsm.br\/pro-reitorias\/progep\/wp-json\/wp\/v2\/comments?post=38489"}],"version-history":[{"count":0,"href":"https:\/\/www.ufsm.br\/pro-reitorias\/progep\/wp-json\/wp\/v2\/pages\/38489\/revisions"}],"wp:attachment":[{"href":"https:\/\/www.ufsm.br\/pro-reitorias\/progep\/wp-json\/wp\/v2\/media?parent=38489"}],"wp:term":[{"taxonomy":"category","embeddable":true,"href":"https:\/\/www.ufsm.br\/pro-reitorias\/progep\/wp-json\/wp\/v2\/categories?post=38489"},{"taxonomy":"post_tag","embeddable":true,"href":"https:\/\/www.ufsm.br\/pro-reitorias\/progep\/wp-json\/wp\/v2\/tags?post=38489"}],"curies":[{"name":"wp","href":"https:\/\/api.w.org\/{rel}","templated":true}]}}