{"id":38490,"date":"2024-03-19T16:59:44","date_gmt":"2024-03-19T19:59:44","guid":{"rendered":"https:\/\/www.ufsm.br\/pro-reitorias\/progep\/?page_id=38490"},"modified":"2024-03-19T16:59:46","modified_gmt":"2024-03-19T19:59:46","slug":"comunicado-01-2024-pgd-progep","status":"publish","type":"page","link":"https:\/\/www.ufsm.br\/pro-reitorias\/progep\/comunicado-01-2024-pgd-progep","title":{"rendered":"Comunicado 01\/2024 PGD-PROGEP"},"content":{"rendered":"\n<p>Prezados(as) Servidores(as) da UFSM,<\/p>\n<p>Informamos que o prazo para submiss\u00e3o dos processos de ades\u00e3o ao Programa de Gest\u00e3o e Desempenho (PGD) foi prorrogado para o dia 22 de mar\u00e7o. Essa prorroga\u00e7\u00e3o visa proporcionar mais tempo para que as unidades executoras possam organizar e tramitar seus processos adequadamente. Ressaltamos que a data de in\u00edcio do PGD permanece inalterada, sendo prevista para o dia 1\u00ba de abril.<\/p>\n<p>Al\u00e9m disso, gostar\u00edamos de esclarecer que, conforme a exce\u00e7\u00e3o do \u00a7 3\u00b0 do artigo 10 da Portaria Normativa 75\/2024, a PROGEP ir\u00e1 considerar os servidores em greve. No entanto, ap\u00f3s o t\u00e9rmino da greve, ser\u00e1 necess\u00e1rio que os servidores assinem o termo de ades\u00e3o ao PGD.<\/p>\n<p>Adicionalmente, informamos que o saldo negativo no ponto eletr\u00f4nico, previsto no inciso \u00a7 5\u00b0 do artigo 10 da Portaria Normativa 75\/2024, n\u00e3o contemplar\u00e1 o saldo de horas acumulado por motivo de greve. Essas horas ser\u00e3o objeto de compensa\u00e7\u00e3o em negocia\u00e7\u00e3o com o sindicato ao final da greve.<\/p>\n<p>Gostar\u00edamos de refor\u00e7ar a import\u00e2ncia de um ambiente de trabalho saud\u00e1vel e respeitoso durante este processo de ades\u00e3o ao PGD. <br \/>Ressaltamos que \u00e9 ilegal qualquer tipo de ass\u00e9dio ou press\u00e3o indevida sobre os servidores, sendo a ades\u00e3o ao programa uma medida volunt\u00e1ria e consciente.<\/p>\n<p>Agradecemos a compreens\u00e3o e o empenho de todos na prepara\u00e7\u00e3o para a implementa\u00e7\u00e3o do PGD. Continuaremos a fornecer suporte e orienta\u00e7\u00f5es para garantir uma transi\u00e7\u00e3o eficaz para este novo modelo\u00a0de\u00a0gest\u00e3o.<\/p>\n","protected":false},"excerpt":{"rendered":"<p>Prezados(as) Servidores(as) da UFSM, Informamos que o prazo para submiss\u00e3o dos processos de ades\u00e3o ao Programa de Gest\u00e3o e Desempenho (PGD) foi prorrogado para o dia 22 de mar\u00e7o. Essa prorroga\u00e7\u00e3o visa proporcionar mais tempo para que as unidades executoras possam organizar e tramitar seus processos adequadamente. Ressaltamos que a data de in\u00edcio do PGD [&hellip;]<\/p>\n","protected":false},"author":204,"featured_media":0,"parent":0,"menu_order":0,"comment_status":"closed","ping_status":"closed","template":"","meta":{"footnotes":""},"categories":[],"tags":[],"class_list":["post-38490","page","type-page","status-publish","hentry"],"acf":[],"_links":{"self":[{"href":"https:\/\/www.ufsm.br\/pro-reitorias\/progep\/wp-json\/wp\/v2\/pages\/38490","targetHints":{"allow":["GET"]}}],"collection":[{"href":"https:\/\/www.ufsm.br\/pro-reitorias\/progep\/wp-json\/wp\/v2\/pages"}],"about":[{"href":"https:\/\/www.ufsm.br\/pro-reitorias\/progep\/wp-json\/wp\/v2\/types\/page"}],"author":[{"embeddable":true,"href":"https:\/\/www.ufsm.br\/pro-reitorias\/progep\/wp-json\/wp\/v2\/users\/204"}],"replies":[{"embeddable":true,"href":"https:\/\/www.ufsm.br\/pro-reitorias\/progep\/wp-json\/wp\/v2\/comments?post=38490"}],"version-history":[{"count":0,"href":"https:\/\/www.ufsm.br\/pro-reitorias\/progep\/wp-json\/wp\/v2\/pages\/38490\/revisions"}],"wp:attachment":[{"href":"https:\/\/www.ufsm.br\/pro-reitorias\/progep\/wp-json\/wp\/v2\/media?parent=38490"}],"wp:term":[{"taxonomy":"category","embeddable":true,"href":"https:\/\/www.ufsm.br\/pro-reitorias\/progep\/wp-json\/wp\/v2\/categories?post=38490"},{"taxonomy":"post_tag","embeddable":true,"href":"https:\/\/www.ufsm.br\/pro-reitorias\/progep\/wp-json\/wp\/v2\/tags?post=38490"}],"curies":[{"name":"wp","href":"https:\/\/api.w.org\/{rel}","templated":true}]}}