{"id":40596,"date":"2024-09-30T08:50:40","date_gmt":"2024-09-30T11:50:40","guid":{"rendered":"https:\/\/www.ufsm.br\/pro-reitorias\/progep\/?page_id=40596"},"modified":"2024-11-13T15:40:50","modified_gmt":"2024-11-13T18:40:50","slug":"encontros-de-promocao-a-saude-e-bem-estar-do-servidor","status":"publish","type":"page","link":"https:\/\/www.ufsm.br\/pro-reitorias\/progep\/encontros-de-promocao-a-saude-e-bem-estar-do-servidor","title":{"rendered":"Encontros de Promo\u00e7\u00e3o \u00e0 Sa\u00fade e Bem-Estar do Servidor"},"content":{"rendered":"\t\t<div data-elementor-type=\"wp-page\" data-elementor-id=\"40596\" class=\"elementor elementor-40596\">\n\t\t\t\t\t\t<section class=\"elementor-section elementor-top-section elementor-element elementor-element-4db409f elementor-section-boxed elementor-section-height-default elementor-section-height-default\" data-id=\"4db409f\" data-element_type=\"section\">\n\t\t\t\t\t\t<div class=\"elementor-container elementor-column-gap-default\">\n\t\t\t\t\t<div class=\"elementor-column elementor-col-100 elementor-top-column elementor-element elementor-element-d35a19f\" data-id=\"d35a19f\" data-element_type=\"column\">\n\t\t\t<div class=\"elementor-widget-wrap elementor-element-populated\">\n\t\t\t\t\t\t<div class=\"elementor-element elementor-element-958ad74 elementor-widget__width-initial elementor-widget elementor-widget-text-editor\" data-id=\"958ad74\" data-element_type=\"widget\" data-widget_type=\"text-editor.default\">\n\t\t\t\t<div class=\"elementor-widget-container\">\n\t\t\t\t\t\t\t<p><span style=\"color: #1c1c1c;font-size: 16px;font-weight: var( --e-global-typography-text-font-weight );text-align: var(--bs-body-text-align)\"><strong>\ud83d\udd38Objetivo:<\/strong> Capacitar os servidores da UFSM para a compreens\u00e3o dos impactos das\u00a0<\/span><span style=\"color: #1c1c1c;font-size: 16px;font-weight: var( --e-global-typography-text-font-weight );text-align: var(--bs-body-text-align)\">mudan\u00e7as nas din\u00e2micas de trabalho e promover a<\/span><span style=\"color: #1c1c1c;font-size: 16px;font-weight: var( --e-global-typography-text-font-weight );text-align: var(--bs-body-text-align)\">\u00a0<\/span><span style=\"color: #1c1c1c;font-size: 16px;font-weight: var( --e-global-typography-text-font-weight );text-align: var(--bs-body-text-align)\">sa\u00fade integral, incluindo bem-estar f\u00edsico, mental e emocional, atrav\u00e9s da educa\u00e7\u00e3o em sa\u00fade e da cria\u00e7\u00e3o de um ambiente de trabalho mais saud\u00e1vel, solid\u00e1rio e inclusivo<br \/><\/span><span style=\"color: #1c1c1c;font-size: 16px;font-weight: var( --e-global-typography-text-font-weight );text-align: var(--bs-body-text-align)\"><strong>\ud83d\udcddPromo\u00e7\u00e3o:<\/strong> Pr\u00f3-Reitoria de Gest\u00e3o de Pessoas (PROGEP) e Coordenadoria de A\u00e7\u00f5es Educacionais (CAED)<br \/><strong>\ud83d\udcc5Per\u00edodo de realiza\u00e7\u00e3o:<\/strong> de <\/span><span style=\"color: #1c1c1c;font-size: 16px;font-weight: var( --e-global-typography-text-font-weight );text-align: var(--bs-body-text-align)\">24\/09 a 12\/11\/2024<br \/><strong>\ud83d\udcbbFormato:<\/strong> 6 encontros realizados na modalidade a dist\u00e2ncia por meio da plataforma Google Meet. <br \/><strong>\u270d\ufe0fInscri\u00e7\u00f5es:<\/strong> <a href=\"https:\/\/portal.ufsm.br\/capacitacao\/index.html\">Portal de Capacita\u00e7\u00e3o<\/a> (cada atividade contar\u00e1 com inscri\u00e7\u00f5es individuais, sendo que o participante poder\u00e1 inscrever-se em uma ou mais atividades, de acordo com os temas de seu interesse).<\/span><\/p><p>Nesta p\u00e1gina ser\u00e3o divulgados os v\u00eddeos dos encontros e materiais complementares disponibilizados pelos palestrantes.<\/p>\t\t\t\t\t\t<\/div>\n\t\t\t\t<\/div>\n\t\t\t\t\t<\/div>\n\t\t<\/div>\n\t\t\t\t\t<\/div>\n\t\t<\/section>\n\t\t\t\t<section class=\"elementor-section elementor-top-section elementor-element elementor-element-527e948 elementor-section-boxed elementor-section-height-default elementor-section-height-default\" data-id=\"527e948\" data-element_type=\"section\">\n\t\t\t\t\t\t<div class=\"elementor-container elementor-column-gap-default\">\n\t\t\t\t\t<div class=\"elementor-column elementor-col-33 elementor-top-column elementor-element elementor-element-925cb93\" data-id=\"925cb93\" data-element_type=\"column\">\n\t\t\t<div class=\"elementor-widget-wrap elementor-element-populated\">\n\t\t\t\t\t\t<div class=\"elementor-element elementor-element-11d7c20 elementor-widget elementor-widget-image\" data-id=\"11d7c20\" data-element_type=\"widget\" data-widget_type=\"image.default\">\n\t\t\t\t<div class=\"elementor-widget-container\">\n\t\t\t\t\t\t\t\t\t\t\t\t\t\t<a href=\"https:\/\/drive.google.com\/file\/d\/1UIQxTVSXBGME1OMoBUgLTtwKdQ89EWde\/view\">\n\t\t\t\t\t\t\t<img fetchpriority=\"high\" decoding=\"async\" width=\"1024\" height=\"1024\" src=\"https:\/\/www.ufsm.br\/app\/uploads\/sites\/341\/2024\/09\/Encontros-de-Promocao-a-Saude-e-Bem-Estar-do-Servidor-1-1024x1024.jpg\" class=\"attachment-large size-large wp-image-40599\" alt=\"\" srcset=\"https:\/\/www.ufsm.br\/app\/uploads\/sites\/341\/2024\/09\/Encontros-de-Promocao-a-Saude-e-Bem-Estar-do-Servidor-1-1024x1024.jpg 1024w, https:\/\/www.ufsm.br\/app\/uploads\/sites\/341\/2024\/09\/Encontros-de-Promocao-a-Saude-e-Bem-Estar-do-Servidor-1-300x300.jpg 300w, https:\/\/www.ufsm.br\/app\/uploads\/sites\/341\/2024\/09\/Encontros-de-Promocao-a-Saude-e-Bem-Estar-do-Servidor-1-150x150.jpg 150w, https:\/\/www.ufsm.br\/app\/uploads\/sites\/341\/2024\/09\/Encontros-de-Promocao-a-Saude-e-Bem-Estar-do-Servidor-1-768x768.jpg 768w, https:\/\/www.ufsm.br\/app\/uploads\/sites\/341\/2024\/09\/Encontros-de-Promocao-a-Saude-e-Bem-Estar-do-Servidor-1.jpg 1080w\" sizes=\"(max-width: 1024px) 100vw, 1024px\" \/>\t\t\t\t\t\t\t\t<\/a>\n\t\t\t\t\t\t\t\t\t\t\t\t\t<\/div>\n\t\t\t\t<\/div>\n\t\t\t\t<div class=\"elementor-element elementor-element-342ab74 elementor-widget elementor-widget-text-editor\" data-id=\"342ab74\" data-element_type=\"widget\" data-widget_type=\"text-editor.default\">\n\t\t\t\t<div class=\"elementor-widget-container\">\n\t\t\t\t\t\t\t<p><span style=\"color: #000000;font-size: 16px\">\ud83d\udcf9<\/span><a style=\"color: #204c90;font-size: 16px\" href=\"https:\/\/drive.google.com\/file\/d\/1UIQxTVSXBGME1OMoBUgLTtwKdQ89EWde\/view\">V\u00eddeo do Encontro<\/a><\/p>\t\t\t\t\t\t<\/div>\n\t\t\t\t<\/div>\n\t\t\t\t\t<\/div>\n\t\t<\/div>\n\t\t\t\t<div class=\"elementor-column elementor-col-33 elementor-top-column elementor-element elementor-element-e8466d0\" data-id=\"e8466d0\" data-element_type=\"column\">\n\t\t\t<div class=\"elementor-widget-wrap elementor-element-populated\">\n\t\t\t\t\t\t<div class=\"elementor-element elementor-element-e55b243 elementor-widget elementor-widget-image\" data-id=\"e55b243\" data-element_type=\"widget\" data-widget_type=\"image.default\">\n\t\t\t\t<div class=\"elementor-widget-container\">\n\t\t\t\t\t\t\t\t\t\t\t\t\t<img decoding=\"async\" width=\"1024\" height=\"1024\" src=\"https:\/\/www.ufsm.br\/app\/uploads\/sites\/341\/2024\/09\/Encontros-de-Promocao-a-Saude-e-Bem-Estar-do-Servidor-2-1024x1024.jpg\" class=\"attachment-large size-large wp-image-40598\" alt=\"\" srcset=\"https:\/\/www.ufsm.br\/app\/uploads\/sites\/341\/2024\/09\/Encontros-de-Promocao-a-Saude-e-Bem-Estar-do-Servidor-2-1024x1024.jpg 1024w, https:\/\/www.ufsm.br\/app\/uploads\/sites\/341\/2024\/09\/Encontros-de-Promocao-a-Saude-e-Bem-Estar-do-Servidor-2-300x300.jpg 300w, https:\/\/www.ufsm.br\/app\/uploads\/sites\/341\/2024\/09\/Encontros-de-Promocao-a-Saude-e-Bem-Estar-do-Servidor-2-150x150.jpg 150w, https:\/\/www.ufsm.br\/app\/uploads\/sites\/341\/2024\/09\/Encontros-de-Promocao-a-Saude-e-Bem-Estar-do-Servidor-2-768x768.jpg 768w, https:\/\/www.ufsm.br\/app\/uploads\/sites\/341\/2024\/09\/Encontros-de-Promocao-a-Saude-e-Bem-Estar-do-Servidor-2.jpg 1080w\" sizes=\"(max-width: 1024px) 100vw, 1024px\" \/>\t\t\t\t\t\t\t\t\t\t\t\t\t<\/div>\n\t\t\t\t<\/div>\n\t\t\t\t<div class=\"elementor-element elementor-element-53eae0b elementor-widget elementor-widget-text-editor\" data-id=\"53eae0b\" data-element_type=\"widget\" data-widget_type=\"text-editor.default\">\n\t\t\t\t<div class=\"elementor-widget-container\">\n\t\t\t\t\t\t\t<p><a href=\"https:\/\/drive.google.com\/file\/d\/1V68VV-bhFZ0LrIt_GeAa8OsXDcKKyLJC\/view?usp=sharing\"><span style=\"color: #000000;font-size: 16px\">\ud83d\udcf9<\/span>V\u00eddeo do Encontro<\/a><br \/><a href=\"https:\/\/www.ufsm.br\/app\/uploads\/sites\/341\/2024\/10\/comunicacao-e-saude-2024.pdf\"><span style=\"color: #000000;font-size: 1rem;font-weight: var( --e-global-typography-text-font-weight );text-align: var(--bs-body-text-align)\">\ud83d\udcd6\u00a0<\/span>Slides sobre Sa\u00fade e Comunica\u00e7\u00e3o<\/a><br \/><a href=\"https:\/\/www.ufsm.br\/app\/uploads\/sites\/341\/2024\/10\/guia-de-linguagem-simples.pdf\"><span style=\"color: #000000;font-size: 1rem;font-weight: var( --e-global-typography-text-font-weight );text-align: var(--bs-body-text-align)\">\ud83d\udcd6\u00a0<\/span>Guia Linguagem Simples &#8211; FIOCRUZ<\/a><\/p>\t\t\t\t\t\t<\/div>\n\t\t\t\t<\/div>\n\t\t\t\t\t<\/div>\n\t\t<\/div>\n\t\t\t\t<div class=\"elementor-column elementor-col-33 elementor-top-column elementor-element elementor-element-ee322ef\" data-id=\"ee322ef\" data-element_type=\"column\">\n\t\t\t<div class=\"elementor-widget-wrap elementor-element-populated\">\n\t\t\t\t\t\t<div class=\"elementor-element elementor-element-55778b6 elementor-widget elementor-widget-image\" data-id=\"55778b6\" data-element_type=\"widget\" data-widget_type=\"image.default\">\n\t\t\t\t<div class=\"elementor-widget-container\">\n\t\t\t\t\t\t\t\t\t\t\t\t\t<img decoding=\"async\" width=\"1024\" height=\"1024\" src=\"https:\/\/www.ufsm.br\/app\/uploads\/sites\/341\/2024\/09\/Encontros-de-Promocao-a-Saude-e-Bem-Estar-do-Servidor-3-1024x1024.jpg\" class=\"attachment-large size-large wp-image-40597\" alt=\"\" srcset=\"https:\/\/www.ufsm.br\/app\/uploads\/sites\/341\/2024\/09\/Encontros-de-Promocao-a-Saude-e-Bem-Estar-do-Servidor-3-1024x1024.jpg 1024w, https:\/\/www.ufsm.br\/app\/uploads\/sites\/341\/2024\/09\/Encontros-de-Promocao-a-Saude-e-Bem-Estar-do-Servidor-3-300x300.jpg 300w, https:\/\/www.ufsm.br\/app\/uploads\/sites\/341\/2024\/09\/Encontros-de-Promocao-a-Saude-e-Bem-Estar-do-Servidor-3-150x150.jpg 150w, https:\/\/www.ufsm.br\/app\/uploads\/sites\/341\/2024\/09\/Encontros-de-Promocao-a-Saude-e-Bem-Estar-do-Servidor-3-768x768.jpg 768w, https:\/\/www.ufsm.br\/app\/uploads\/sites\/341\/2024\/09\/Encontros-de-Promocao-a-Saude-e-Bem-Estar-do-Servidor-3.jpg 1080w\" sizes=\"(max-width: 1024px) 100vw, 1024px\" \/>\t\t\t\t\t\t\t\t\t\t\t\t\t<\/div>\n\t\t\t\t<\/div>\n\t\t\t\t<div class=\"elementor-element elementor-element-e14cfcb elementor-widget elementor-widget-text-editor\" data-id=\"e14cfcb\" data-element_type=\"widget\" data-widget_type=\"text-editor.default\">\n\t\t\t\t<div class=\"elementor-widget-container\">\n\t\t\t\t\t\t\t<p><a href=\"https:\/\/drive.google.com\/file\/d\/1M95Ez8XpTu24H6HXFNM8C1AWbTbvDCW1\/view?usp=sharing\"><span style=\"color: #000000;font-size: 16px\">\ud83d\udcf9<\/span>V\u00eddeo do Encontro<\/a><\/p>\t\t\t\t\t\t<\/div>\n\t\t\t\t<\/div>\n\t\t\t\t\t<\/div>\n\t\t<\/div>\n\t\t\t\t\t<\/div>\n\t\t<\/section>\n\t\t\t\t<section class=\"elementor-section elementor-top-section elementor-element elementor-element-20f9ad4 elementor-section-boxed elementor-section-height-default elementor-section-height-default\" data-id=\"20f9ad4\" data-element_type=\"section\">\n\t\t\t\t\t\t<div class=\"elementor-container elementor-column-gap-default\">\n\t\t\t\t\t<div class=\"elementor-column elementor-col-33 elementor-top-column elementor-element elementor-element-531005f\" data-id=\"531005f\" data-element_type=\"column\">\n\t\t\t<div class=\"elementor-widget-wrap elementor-element-populated\">\n\t\t\t\t\t\t<div class=\"elementor-element elementor-element-0c3b44f elementor-widget elementor-widget-image\" data-id=\"0c3b44f\" data-element_type=\"widget\" data-widget_type=\"image.default\">\n\t\t\t\t<div class=\"elementor-widget-container\">\n\t\t\t\t\t\t\t\t\t\t\t\t\t<img loading=\"lazy\" decoding=\"async\" width=\"1024\" height=\"1024\" src=\"https:\/\/www.ufsm.br\/app\/uploads\/sites\/341\/2024\/09\/Encontros-de-Promocao-a-Saude-e-Bem-Estar-do-Servidor-4-1024x1024.jpg\" class=\"attachment-large size-large wp-image-40602\" alt=\"\" srcset=\"https:\/\/www.ufsm.br\/app\/uploads\/sites\/341\/2024\/09\/Encontros-de-Promocao-a-Saude-e-Bem-Estar-do-Servidor-4-1024x1024.jpg 1024w, https:\/\/www.ufsm.br\/app\/uploads\/sites\/341\/2024\/09\/Encontros-de-Promocao-a-Saude-e-Bem-Estar-do-Servidor-4-300x300.jpg 300w, https:\/\/www.ufsm.br\/app\/uploads\/sites\/341\/2024\/09\/Encontros-de-Promocao-a-Saude-e-Bem-Estar-do-Servidor-4-150x150.jpg 150w, https:\/\/www.ufsm.br\/app\/uploads\/sites\/341\/2024\/09\/Encontros-de-Promocao-a-Saude-e-Bem-Estar-do-Servidor-4-768x768.jpg 768w, https:\/\/www.ufsm.br\/app\/uploads\/sites\/341\/2024\/09\/Encontros-de-Promocao-a-Saude-e-Bem-Estar-do-Servidor-4.jpg 1080w\" sizes=\"(max-width: 1024px) 100vw, 1024px\" \/>\t\t\t\t\t\t\t\t\t\t\t\t\t<\/div>\n\t\t\t\t<\/div>\n\t\t\t\t<div class=\"elementor-element elementor-element-f3827d5 elementor-widget elementor-widget-text-editor\" data-id=\"f3827d5\" data-element_type=\"widget\" data-widget_type=\"text-editor.default\">\n\t\t\t\t<div class=\"elementor-widget-container\">\n\t\t\t\t\t\t\t<p><span style=\"color: #000000;font-size: 16px\"><img decoding=\"async\" class=\"emoji\" role=\"img\" src=\"https:\/\/s.w.org\/images\/core\/emoji\/15.0.3\/svg\/1f4f9.svg\" alt=\"\ud83d\udcf9\" \/><\/span><a href=\"https:\/\/drive.google.com\/file\/d\/1FU11t22MJe8kVr-POefzUe4VCZBCOMc6\/view?usp=sharing\">V\u00eddeo do Encontro<\/a><\/p>\t\t\t\t\t\t<\/div>\n\t\t\t\t<\/div>\n\t\t\t\t\t<\/div>\n\t\t<\/div>\n\t\t\t\t<div class=\"elementor-column elementor-col-33 elementor-top-column elementor-element elementor-element-eaae5e2\" data-id=\"eaae5e2\" data-element_type=\"column\">\n\t\t\t<div class=\"elementor-widget-wrap elementor-element-populated\">\n\t\t\t\t\t\t<div class=\"elementor-element elementor-element-38a8d84 elementor-widget elementor-widget-image\" data-id=\"38a8d84\" data-element_type=\"widget\" data-widget_type=\"image.default\">\n\t\t\t\t<div class=\"elementor-widget-container\">\n\t\t\t\t\t\t\t\t\t\t\t\t\t<img loading=\"lazy\" decoding=\"async\" width=\"1024\" height=\"1024\" src=\"https:\/\/www.ufsm.br\/app\/uploads\/sites\/341\/2024\/09\/Encontros-de-Promocao-a-Saude-e-Bem-Estar-do-Servidor-5-1024x1024.jpg\" class=\"attachment-large size-large wp-image-40601\" alt=\"\" srcset=\"https:\/\/www.ufsm.br\/app\/uploads\/sites\/341\/2024\/09\/Encontros-de-Promocao-a-Saude-e-Bem-Estar-do-Servidor-5-1024x1024.jpg 1024w, https:\/\/www.ufsm.br\/app\/uploads\/sites\/341\/2024\/09\/Encontros-de-Promocao-a-Saude-e-Bem-Estar-do-Servidor-5-300x300.jpg 300w, https:\/\/www.ufsm.br\/app\/uploads\/sites\/341\/2024\/09\/Encontros-de-Promocao-a-Saude-e-Bem-Estar-do-Servidor-5-150x150.jpg 150w, https:\/\/www.ufsm.br\/app\/uploads\/sites\/341\/2024\/09\/Encontros-de-Promocao-a-Saude-e-Bem-Estar-do-Servidor-5-768x768.jpg 768w, https:\/\/www.ufsm.br\/app\/uploads\/sites\/341\/2024\/09\/Encontros-de-Promocao-a-Saude-e-Bem-Estar-do-Servidor-5.jpg 1080w\" sizes=\"(max-width: 1024px) 100vw, 1024px\" \/>\t\t\t\t\t\t\t\t\t\t\t\t\t<\/div>\n\t\t\t\t<\/div>\n\t\t\t\t<div class=\"elementor-element elementor-element-9369c28 elementor-widget elementor-widget-text-editor\" data-id=\"9369c28\" data-element_type=\"widget\" data-widget_type=\"text-editor.default\">\n\t\t\t\t<div class=\"elementor-widget-container\">\n\t\t\t\t\t\t\t<p><a href=\"https:\/\/drive.google.com\/file\/d\/1P06L1ax0EJ5hKDkCkjDG2jy5DfUk9I3P\/view?usp=sharing\" target=\"_blank\" rel=\"noopener\"><span style=\"color: #000000;font-size: 16px\"><img decoding=\"async\" class=\"emoji\" role=\"img\" src=\"https:\/\/s.w.org\/images\/core\/emoji\/15.0.3\/svg\/1f4f9.svg\" alt=\"\ud83d\udcf9\" \/><\/span>V\u00eddeo do Encontro<\/a><br \/><a href=\"https:\/\/www.ufsm.br\/app\/uploads\/sites\/341\/2024\/11\/Exames-Periodicos-e-Promocao-de-Saude.pdf\" target=\"_blank\" rel=\"noopener\"><span style=\"color: #000000;font-size: 1rem;font-weight: var( --e-global-typography-text-font-weight );text-align: var(--bs-body-text-align)\">\ud83d\udcd6<\/span>Exames Peri\u00f3dicos e Promo\u00e7\u00e3o de Sa\u00fade<\/a><br \/><span style=\"color: #000000;font-size: 1rem;font-weight: var( --e-global-typography-text-font-weight );text-align: var(--bs-body-text-align)\">\ud83d\udcd6<a href=\"https:\/\/www.ufsm.br\/app\/uploads\/sites\/341\/2024\/11\/Seguranca-do-trabalho-UFSM-Promocao-da-Saude-04_11_2024.pdf\" target=\"_blank\" rel=\"noopener\">Seguran\u00e7a do Trabalho<\/a><\/span><\/p>\t\t\t\t\t\t<\/div>\n\t\t\t\t<\/div>\n\t\t\t\t\t<\/div>\n\t\t<\/div>\n\t\t\t\t<div class=\"elementor-column elementor-col-33 elementor-top-column elementor-element elementor-element-928a858\" data-id=\"928a858\" data-element_type=\"column\">\n\t\t\t<div class=\"elementor-widget-wrap elementor-element-populated\">\n\t\t\t\t\t\t<div class=\"elementor-element elementor-element-e82f2d8 elementor-widget elementor-widget-image\" data-id=\"e82f2d8\" data-element_type=\"widget\" data-widget_type=\"image.default\">\n\t\t\t\t<div class=\"elementor-widget-container\">\n\t\t\t\t\t\t\t\t\t\t\t\t\t<img loading=\"lazy\" decoding=\"async\" width=\"1024\" height=\"1024\" src=\"https:\/\/www.ufsm.br\/app\/uploads\/sites\/341\/2024\/09\/Encontros-de-Promocao-a-Saude-e-Bem-Estar-do-Servidor-6-1024x1024.jpg\" class=\"attachment-large size-large wp-image-40600\" alt=\"\" srcset=\"https:\/\/www.ufsm.br\/app\/uploads\/sites\/341\/2024\/09\/Encontros-de-Promocao-a-Saude-e-Bem-Estar-do-Servidor-6-1024x1024.jpg 1024w, https:\/\/www.ufsm.br\/app\/uploads\/sites\/341\/2024\/09\/Encontros-de-Promocao-a-Saude-e-Bem-Estar-do-Servidor-6-300x300.jpg 300w, https:\/\/www.ufsm.br\/app\/uploads\/sites\/341\/2024\/09\/Encontros-de-Promocao-a-Saude-e-Bem-Estar-do-Servidor-6-150x150.jpg 150w, https:\/\/www.ufsm.br\/app\/uploads\/sites\/341\/2024\/09\/Encontros-de-Promocao-a-Saude-e-Bem-Estar-do-Servidor-6-768x768.jpg 768w, https:\/\/www.ufsm.br\/app\/uploads\/sites\/341\/2024\/09\/Encontros-de-Promocao-a-Saude-e-Bem-Estar-do-Servidor-6.jpg 1080w\" sizes=\"(max-width: 1024px) 100vw, 1024px\" \/>\t\t\t\t\t\t\t\t\t\t\t\t\t<\/div>\n\t\t\t\t<\/div>\n\t\t\t\t<div class=\"elementor-element elementor-element-f1dbe11 elementor-widget elementor-widget-text-editor\" data-id=\"f1dbe11\" data-element_type=\"widget\" data-widget_type=\"text-editor.default\">\n\t\t\t\t<div class=\"elementor-widget-container\">\n\t\t\t\t\t\t\t<p><a href=\"https:\/\/drive.google.com\/file\/d\/1zUvNU5XNFauEgjJ1wrrLUb_d-aL0vEfK\/view?usp=sharing\"><span style=\"color: #000000;font-size: 16px\">\ud83d\udcf9<\/span>V\u00eddeo do Encontro<\/a><br \/><img decoding=\"async\" class=\"emoji\" role=\"img\" src=\"https:\/\/s.w.org\/images\/core\/emoji\/15.0.3\/svg\/1f4d6.svg\" alt=\"\ud83d\udcd6\" \/><a href=\"https:\/\/www.ufsm.br\/app\/uploads\/sites\/341\/2024\/11\/Prevencao-de-Doencas-Relacionadas-ao-Trabalho.pdf\">Preven\u00e7\u00e3o de Doen\u00e7as Relacionadas ao Trabalho<\/a><\/p>\t\t\t\t\t\t<\/div>\n\t\t\t\t<\/div>\n\t\t\t\t\t<\/div>\n\t\t<\/div>\n\t\t\t\t\t<\/div>\n\t\t<\/section>\n\t\t\t\t<\/div>\n\t\t","protected":false},"excerpt":{"rendered":"<p>\ud83d\udd38Objetivo: Capacitar os servidores da UFSM para a compreens\u00e3o dos impactos das\u00a0mudan\u00e7as nas din\u00e2micas de trabalho e promover a\u00a0sa\u00fade integral, incluindo bem-estar f\u00edsico, mental e emocional, atrav\u00e9s da educa\u00e7\u00e3o em sa\u00fade e da cria\u00e7\u00e3o de um ambiente de trabalho mais saud\u00e1vel, solid\u00e1rio e inclusivo\ud83d\udcddPromo\u00e7\u00e3o: Pr\u00f3-Reitoria de Gest\u00e3o de Pessoas (PROGEP) e Coordenadoria de A\u00e7\u00f5es Educacionais [&hellip;]<\/p>\n","protected":false},"author":145,"featured_media":0,"parent":0,"menu_order":0,"comment_status":"closed","ping_status":"closed","template":"","meta":{"footnotes":""},"categories":[],"tags":[],"class_list":["post-40596","page","type-page","status-publish","hentry"],"acf":[],"_links":{"self":[{"href":"https:\/\/www.ufsm.br\/pro-reitorias\/progep\/wp-json\/wp\/v2\/pages\/40596","targetHints":{"allow":["GET"]}}],"collection":[{"href":"https:\/\/www.ufsm.br\/pro-reitorias\/progep\/wp-json\/wp\/v2\/pages"}],"about":[{"href":"https:\/\/www.ufsm.br\/pro-reitorias\/progep\/wp-json\/wp\/v2\/types\/page"}],"author":[{"embeddable":true,"href":"https:\/\/www.ufsm.br\/pro-reitorias\/progep\/wp-json\/wp\/v2\/users\/145"}],"replies":[{"embeddable":true,"href":"https:\/\/www.ufsm.br\/pro-reitorias\/progep\/wp-json\/wp\/v2\/comments?post=40596"}],"version-history":[{"count":0,"href":"https:\/\/www.ufsm.br\/pro-reitorias\/progep\/wp-json\/wp\/v2\/pages\/40596\/revisions"}],"wp:attachment":[{"href":"https:\/\/www.ufsm.br\/pro-reitorias\/progep\/wp-json\/wp\/v2\/media?parent=40596"}],"wp:term":[{"taxonomy":"category","embeddable":true,"href":"https:\/\/www.ufsm.br\/pro-reitorias\/progep\/wp-json\/wp\/v2\/categories?post=40596"},{"taxonomy":"post_tag","embeddable":true,"href":"https:\/\/www.ufsm.br\/pro-reitorias\/progep\/wp-json\/wp\/v2\/tags?post=40596"}],"curies":[{"name":"wp","href":"https:\/\/api.w.org\/{rel}","templated":true}]}}