{"id":40875,"date":"2024-10-17T13:06:36","date_gmt":"2024-10-17T16:06:36","guid":{"rendered":"https:\/\/www.ufsm.br\/pro-reitorias\/progep\/?page_id=40875"},"modified":"2024-10-17T13:46:11","modified_gmt":"2024-10-17T16:46:11","slug":"processo-de-desvinculacao-do-pgd","status":"publish","type":"page","link":"https:\/\/www.ufsm.br\/pro-reitorias\/progep\/processo-de-desvinculacao-do-pgd","title":{"rendered":"Processo de desvincula\u00e7\u00e3o do PGD"},"content":{"rendered":"\t\t<div data-elementor-type=\"wp-page\" data-elementor-id=\"40875\" class=\"elementor elementor-40875\">\n\t\t\t\t\t\t<section class=\"elementor-section elementor-top-section elementor-element elementor-element-3e97af2 elementor-section-boxed elementor-section-height-default elementor-section-height-default\" data-id=\"3e97af2\" data-element_type=\"section\">\n\t\t\t\t\t\t<div class=\"elementor-container elementor-column-gap-default\">\n\t\t\t\t\t<div class=\"elementor-column elementor-col-100 elementor-top-column elementor-element elementor-element-4992dd5\" data-id=\"4992dd5\" data-element_type=\"column\">\n\t\t\t<div class=\"elementor-widget-wrap elementor-element-populated\">\n\t\t\t\t\t\t<div class=\"elementor-element elementor-element-f2c47b4 elementor-widget elementor-widget-text-editor\" data-id=\"f2c47b4\" data-element_type=\"widget\" data-widget_type=\"text-editor.default\">\n\t\t\t\t<div class=\"elementor-widget-container\">\n\t\t\t\t\t\t\t<p style=\"margin-top: 0cm;background-image: initial;background-position: initial;background-size: initial;background-repeat: initial;background-attachment: initial\"><span style=\"font-family: 'Arial',sans-serif;color: black\">A Pr\u00f3-Reitoria de Gest\u00e3o de Pessoas elaborou um tutorial para a <strong>desvincula\u00e7\u00e3o<\/strong> do\u00a0Programa de Gest\u00e3o de Desempenho \u2013 PGD\u00a0pelos servidores. <\/span><\/p>\t\t\t\t\t\t<\/div>\n\t\t\t\t<\/div>\n\t\t\t\t\t<\/div>\n\t\t<\/div>\n\t\t\t\t\t<\/div>\n\t\t<\/section>\n\t\t\t\t<section class=\"elementor-section elementor-top-section elementor-element elementor-element-8a3eec0 elementor-section-boxed elementor-section-height-default elementor-section-height-default\" data-id=\"8a3eec0\" data-element_type=\"section\">\n\t\t\t\t\t\t<div class=\"elementor-container elementor-column-gap-default\">\n\t\t\t\t\t<div class=\"elementor-column elementor-col-100 elementor-top-column elementor-element elementor-element-bdaed78\" data-id=\"bdaed78\" data-element_type=\"column\">\n\t\t\t<div class=\"elementor-widget-wrap elementor-element-populated\">\n\t\t\t\t\t\t<div class=\"elementor-element elementor-element-0e10d8d elementor-widget elementor-widget-heading\" data-id=\"0e10d8d\" data-element_type=\"widget\" data-widget_type=\"heading.default\">\n\t\t\t\t<div class=\"elementor-widget-container\">\n\t\t\t<h2 class=\"elementor-heading-title elementor-size-default\">Tutorial<\/h2>\t\t<\/div>\n\t\t\t\t<\/div>\n\t\t\t\t\t<\/div>\n\t\t<\/div>\n\t\t\t\t\t<\/div>\n\t\t<\/section>\n\t\t\t\t<section class=\"elementor-section elementor-top-section elementor-element elementor-element-b1a2f8f elementor-section-boxed elementor-section-height-default elementor-section-height-default\" data-id=\"b1a2f8f\" data-element_type=\"section\">\n\t\t\t\t\t\t<div class=\"elementor-container elementor-column-gap-default\">\n\t\t\t\t\t<div class=\"elementor-column elementor-col-100 elementor-top-column elementor-element elementor-element-6f96e7a\" data-id=\"6f96e7a\" data-element_type=\"column\">\n\t\t\t<div class=\"elementor-widget-wrap elementor-element-populated\">\n\t\t\t\t\t\t<div class=\"elementor-element elementor-element-17d52f6 elementor-widget elementor-widget-text-editor\" data-id=\"17d52f6\" data-element_type=\"widget\" data-widget_type=\"text-editor.default\">\n\t\t\t\t<div class=\"elementor-widget-container\">\n\t\t\t\t\t\t\t<ol><li>O servidor interessado em solicitar a sua desvincula\u00e7\u00e3o do PGD deve comunicar a sua chefia imediata.<\/li><li>A chefia imediata deve acessar o \u201cProcesso de ades\u00e3o ao Programa de Gest\u00e3o de Desempenho \u2013 PGD\u201d da sua Unidade Executora. Esse processo inicial de ades\u00e3o precisa estar na Caixa Postal da Chefia da Unidade Executora, para que o mesmo fa\u00e7a a desvincula\u00e7\u00e3o do servidor solicitante.<p><strong>OBS:<\/strong> Caso o processo esteja arquivado deve ser solicitado o desarquivamento.<\/p><\/li><\/ol>\t\t\t\t\t\t<\/div>\n\t\t\t\t<\/div>\n\t\t\t\t\t<\/div>\n\t\t<\/div>\n\t\t\t\t\t<\/div>\n\t\t<\/section>\n\t\t\t\t<section class=\"elementor-section elementor-top-section elementor-element elementor-element-2719132 elementor-section-boxed elementor-section-height-default elementor-section-height-default\" data-id=\"2719132\" data-element_type=\"section\">\n\t\t\t\t\t\t<div class=\"elementor-container elementor-column-gap-default\">\n\t\t\t\t\t<div class=\"elementor-column elementor-col-100 elementor-top-column elementor-element elementor-element-5e49d4c\" data-id=\"5e49d4c\" data-element_type=\"column\">\n\t\t\t<div class=\"elementor-widget-wrap elementor-element-populated\">\n\t\t\t\t\t\t<div class=\"elementor-element elementor-element-7a0d1f7 elementor-widget elementor-widget-image\" data-id=\"7a0d1f7\" data-element_type=\"widget\" data-widget_type=\"image.default\">\n\t\t\t\t<div class=\"elementor-widget-container\">\n\t\t\t\t\t\t\t\t\t\t\t\t\t<img fetchpriority=\"high\" decoding=\"async\" width=\"1024\" height=\"558\" src=\"https:\/\/www.ufsm.br\/app\/uploads\/sites\/341\/2024\/10\/Capturar1.1-1024x558.jpg\" class=\"attachment-large size-large wp-image-40881\" alt=\"\" srcset=\"https:\/\/www.ufsm.br\/app\/uploads\/sites\/341\/2024\/10\/Capturar1.1-1024x558.jpg 1024w, https:\/\/www.ufsm.br\/app\/uploads\/sites\/341\/2024\/10\/Capturar1.1-300x164.jpg 300w, https:\/\/www.ufsm.br\/app\/uploads\/sites\/341\/2024\/10\/Capturar1.1-768x419.jpg 768w, https:\/\/www.ufsm.br\/app\/uploads\/sites\/341\/2024\/10\/Capturar1.1.jpg 1075w\" sizes=\"(max-width: 1024px) 100vw, 1024px\" \/>\t\t\t\t\t\t\t\t\t\t\t\t\t<\/div>\n\t\t\t\t<\/div>\n\t\t\t\t\t<\/div>\n\t\t<\/div>\n\t\t\t\t\t<\/div>\n\t\t<\/section>\n\t\t\t\t<section class=\"elementor-section elementor-top-section elementor-element elementor-element-12e7f45 elementor-section-boxed elementor-section-height-default elementor-section-height-default\" data-id=\"12e7f45\" data-element_type=\"section\">\n\t\t\t\t\t\t<div class=\"elementor-container elementor-column-gap-default\">\n\t\t\t\t\t<div class=\"elementor-column elementor-col-100 elementor-top-column elementor-element elementor-element-8d564d1\" data-id=\"8d564d1\" data-element_type=\"column\">\n\t\t\t<div class=\"elementor-widget-wrap elementor-element-populated\">\n\t\t\t\t\t\t<div class=\"elementor-element elementor-element-305351f elementor-widget elementor-widget-text-editor\" data-id=\"305351f\" data-element_type=\"widget\" data-widget_type=\"text-editor.default\">\n\t\t\t\t<div class=\"elementor-widget-container\">\n\t\t\t\t\t\t\t<p>3.\u00a0 <!--[endif]-->A chefia da unidade executora deve clicar em \u201c<strong>A\u00e7\u00f5es<\/strong>\u201d no Menu inferior, e \u201cInserir documentos\u201d.<\/p><p><img decoding=\"async\" class=\"alignnone size-medium wp-image-40882\" src=\"https:\/\/www.ufsm.br\/app\/uploads\/sites\/341\/2024\/10\/Capturar2-238x300.jpg\" alt=\"\" width=\"238\" height=\"300\" srcset=\"https:\/\/www.ufsm.br\/app\/uploads\/sites\/341\/2024\/10\/Capturar2-238x300.jpg 238w, https:\/\/www.ufsm.br\/app\/uploads\/sites\/341\/2024\/10\/Capturar2.jpg 252w\" sizes=\"(max-width: 238px) 100vw, 238px\" \/><\/p>\t\t\t\t\t\t<\/div>\n\t\t\t\t<\/div>\n\t\t\t\t\t<\/div>\n\t\t<\/div>\n\t\t\t\t\t<\/div>\n\t\t<\/section>\n\t\t\t\t<section class=\"elementor-section elementor-top-section elementor-element elementor-element-a16d8c8 elementor-section-boxed elementor-section-height-default elementor-section-height-default\" data-id=\"a16d8c8\" data-element_type=\"section\">\n\t\t\t\t\t\t<div class=\"elementor-container elementor-column-gap-default\">\n\t\t\t\t\t<div class=\"elementor-column elementor-col-100 elementor-top-column elementor-element elementor-element-6787cb0\" data-id=\"6787cb0\" data-element_type=\"column\">\n\t\t\t<div class=\"elementor-widget-wrap elementor-element-populated\">\n\t\t\t\t\t\t<div class=\"elementor-element elementor-element-5146585 elementor-widget elementor-widget-text-editor\" data-id=\"5146585\" data-element_type=\"widget\" data-widget_type=\"text-editor.default\">\n\t\t\t\t<div class=\"elementor-widget-container\">\n\t\t\t\t\t\t\t<p style=\"margin: 0cm 0cm 5pt 18pt;text-indent: -18pt;background-image: initial;background-position: initial;background-size: initial;background-repeat: initial;background-attachment: initial\">4.\u00a0 No item \u201cDocumentos por passo de tr\u00e2mite\u201d, a chefia deve selecionar o item \u201cPara desvincula\u00e7\u00e3o do servidor no PGD\u201d.<\/p><p><img decoding=\"async\" class=\"alignnone wp-image-40883 size-full\" src=\"https:\/\/www.ufsm.br\/app\/uploads\/sites\/341\/2024\/10\/Capturar3.jpg\" alt=\"\" width=\"866\" height=\"315\" srcset=\"https:\/\/www.ufsm.br\/app\/uploads\/sites\/341\/2024\/10\/Capturar3.jpg 866w, https:\/\/www.ufsm.br\/app\/uploads\/sites\/341\/2024\/10\/Capturar3-300x109.jpg 300w, https:\/\/www.ufsm.br\/app\/uploads\/sites\/341\/2024\/10\/Capturar3-768x279.jpg 768w\" sizes=\"(max-width: 866px) 100vw, 866px\" \/><\/p>\t\t\t\t\t\t<\/div>\n\t\t\t\t<\/div>\n\t\t\t\t\t<\/div>\n\t\t<\/div>\n\t\t\t\t\t<\/div>\n\t\t<\/section>\n\t\t\t\t<section class=\"elementor-section elementor-top-section elementor-element elementor-element-06a62b8 elementor-section-boxed elementor-section-height-default elementor-section-height-default\" data-id=\"06a62b8\" data-element_type=\"section\">\n\t\t\t\t\t\t<div class=\"elementor-container elementor-column-gap-default\">\n\t\t\t\t\t<div class=\"elementor-column elementor-col-100 elementor-top-column elementor-element elementor-element-f82201b\" data-id=\"f82201b\" data-element_type=\"column\">\n\t\t\t<div class=\"elementor-widget-wrap elementor-element-populated\">\n\t\t\t\t\t\t<div class=\"elementor-element elementor-element-feff68d elementor-widget elementor-widget-text-editor\" data-id=\"feff68d\" data-element_type=\"widget\" data-widget_type=\"text-editor.default\">\n\t\t\t\t<div class=\"elementor-widget-container\">\n\t\t\t\t\t\t\t<p class=\"MsoListParagraph\" style=\"margin-left: 18.0pt;text-indent: -18.0pt\"><span style=\"font-weight: normal;font-size: 7pt;line-height: normal;font-family: 'Times New Roman'\">5. <\/span><span style=\"font-weight: normal;font-size: 7pt;line-height: normal;font-family: 'Times New Roman'\">\u00a0<\/span><!--[endif]-->A chefia deve inserir no processo o Termo de desvincula\u00e7\u00e3o do Programa de Gest\u00e3o por Desempenho \u2013 PGD.\u00a0<\/p><p><img loading=\"lazy\" decoding=\"async\" class=\"alignnone wp-image-40885 size-full\" src=\"https:\/\/www.ufsm.br\/app\/uploads\/sites\/341\/2024\/10\/Capturar4.jpg\" alt=\"\" width=\"892\" height=\"240\" srcset=\"https:\/\/www.ufsm.br\/app\/uploads\/sites\/341\/2024\/10\/Capturar4.jpg 892w, https:\/\/www.ufsm.br\/app\/uploads\/sites\/341\/2024\/10\/Capturar4-300x81.jpg 300w, https:\/\/www.ufsm.br\/app\/uploads\/sites\/341\/2024\/10\/Capturar4-768x207.jpg 768w\" sizes=\"(max-width: 892px) 100vw, 892px\" \/><\/p>\t\t\t\t\t\t<\/div>\n\t\t\t\t<\/div>\n\t\t\t\t\t<\/div>\n\t\t<\/div>\n\t\t\t\t\t<\/div>\n\t\t<\/section>\n\t\t\t\t<section class=\"elementor-section elementor-top-section elementor-element elementor-element-9ffc013 elementor-section-boxed elementor-section-height-default elementor-section-height-default\" data-id=\"9ffc013\" data-element_type=\"section\">\n\t\t\t\t\t\t<div class=\"elementor-container elementor-column-gap-default\">\n\t\t\t\t\t<div class=\"elementor-column elementor-col-100 elementor-top-column elementor-element elementor-element-6b8ef3b\" data-id=\"6b8ef3b\" data-element_type=\"column\">\n\t\t\t<div class=\"elementor-widget-wrap elementor-element-populated\">\n\t\t\t\t\t\t<div class=\"elementor-element elementor-element-4e3d847 elementor-widget elementor-widget-text-editor\" data-id=\"4e3d847\" data-element_type=\"widget\" data-widget_type=\"text-editor.default\">\n\t\t\t\t<div class=\"elementor-widget-container\">\n\t\t\t\t\t\t\t<p>6. Clicando em \u201cInserir\u201d abrir\u00e1 a op\u00e7\u00e3o de \u201cUsar modelo\u201d.<\/p><p><img loading=\"lazy\" decoding=\"async\" class=\"alignnone wp-image-40886 size-full\" src=\"https:\/\/www.ufsm.br\/app\/uploads\/sites\/341\/2024\/10\/Capturar5.jpg\" alt=\"\" width=\"636\" height=\"232\" srcset=\"https:\/\/www.ufsm.br\/app\/uploads\/sites\/341\/2024\/10\/Capturar5.jpg 636w, https:\/\/www.ufsm.br\/app\/uploads\/sites\/341\/2024\/10\/Capturar5-300x109.jpg 300w\" sizes=\"(max-width: 636px) 100vw, 636px\" \/><\/p>\t\t\t\t\t\t<\/div>\n\t\t\t\t<\/div>\n\t\t\t\t\t<\/div>\n\t\t<\/div>\n\t\t\t\t\t<\/div>\n\t\t<\/section>\n\t\t\t\t<section class=\"elementor-section elementor-top-section elementor-element elementor-element-7e9a35b elementor-section-boxed elementor-section-height-default elementor-section-height-default\" data-id=\"7e9a35b\" data-element_type=\"section\">\n\t\t\t\t\t\t<div class=\"elementor-container elementor-column-gap-default\">\n\t\t\t\t\t<div class=\"elementor-column elementor-col-100 elementor-top-column elementor-element elementor-element-34bebda\" data-id=\"34bebda\" data-element_type=\"column\">\n\t\t\t<div class=\"elementor-widget-wrap elementor-element-populated\">\n\t\t\t\t\t\t<div class=\"elementor-element elementor-element-d6c4287 elementor-widget elementor-widget-text-editor\" data-id=\"d6c4287\" data-element_type=\"widget\" data-widget_type=\"text-editor.default\">\n\t\t\t\t<div class=\"elementor-widget-container\">\n\t\t\t\t\t\t\t<p>7. Ao usar o Modelo, a chefia deve inserir os dados do servidor: <strong>Nome e Siape.<\/strong><\/p><p><img loading=\"lazy\" decoding=\"async\" class=\"alignnone wp-image-40888 size-full\" src=\"https:\/\/www.ufsm.br\/app\/uploads\/sites\/341\/2024\/10\/Capturar6.jpg\" alt=\"\" width=\"721\" height=\"345\" srcset=\"https:\/\/www.ufsm.br\/app\/uploads\/sites\/341\/2024\/10\/Capturar6.jpg 721w, https:\/\/www.ufsm.br\/app\/uploads\/sites\/341\/2024\/10\/Capturar6-300x144.jpg 300w\" sizes=\"(max-width: 721px) 100vw, 721px\" \/><\/p>\t\t\t\t\t\t<\/div>\n\t\t\t\t<\/div>\n\t\t\t\t\t<\/div>\n\t\t<\/div>\n\t\t\t\t\t<\/div>\n\t\t<\/section>\n\t\t\t\t<section class=\"elementor-section elementor-top-section elementor-element elementor-element-62481ed elementor-section-boxed elementor-section-height-default elementor-section-height-default\" data-id=\"62481ed\" data-element_type=\"section\">\n\t\t\t\t\t\t<div class=\"elementor-container elementor-column-gap-default\">\n\t\t\t\t\t<div class=\"elementor-column elementor-col-100 elementor-top-column elementor-element elementor-element-286c144\" data-id=\"286c144\" data-element_type=\"column\">\n\t\t\t<div class=\"elementor-widget-wrap elementor-element-populated\">\n\t\t\t\t\t\t<div class=\"elementor-element elementor-element-6968d0a elementor-widget elementor-widget-text-editor\" data-id=\"6968d0a\" data-element_type=\"widget\" data-widget_type=\"text-editor.default\">\n\t\t\t\t<div class=\"elementor-widget-container\">\n\t\t\t\t\t\t\t<p>8. A chefia deve clicar em \u201c<strong>Gerar documento sem assinatura<\/strong>\u201d, pois apenas o servidor que solicitou desvincula\u00e7\u00e3o assinar\u00e1 o Termo.<\/p><p><img loading=\"lazy\" decoding=\"async\" class=\"alignnone wp-image-40889 size-full\" src=\"https:\/\/www.ufsm.br\/app\/uploads\/sites\/341\/2024\/10\/Capturar7.jpg\" alt=\"\" width=\"689\" height=\"439\" srcset=\"https:\/\/www.ufsm.br\/app\/uploads\/sites\/341\/2024\/10\/Capturar7.jpg 689w, https:\/\/www.ufsm.br\/app\/uploads\/sites\/341\/2024\/10\/Capturar7-300x191.jpg 300w\" sizes=\"(max-width: 689px) 100vw, 689px\" \/><\/p>\t\t\t\t\t\t<\/div>\n\t\t\t\t<\/div>\n\t\t\t\t\t<\/div>\n\t\t<\/div>\n\t\t\t\t\t<\/div>\n\t\t<\/section>\n\t\t\t\t<section class=\"elementor-section elementor-top-section elementor-element elementor-element-545a90c elementor-section-boxed elementor-section-height-default elementor-section-height-default\" data-id=\"545a90c\" data-element_type=\"section\">\n\t\t\t\t\t\t<div class=\"elementor-container elementor-column-gap-default\">\n\t\t\t\t\t<div class=\"elementor-column elementor-col-100 elementor-top-column elementor-element elementor-element-e64ace8\" data-id=\"e64ace8\" data-element_type=\"column\">\n\t\t\t<div class=\"elementor-widget-wrap elementor-element-populated\">\n\t\t\t\t\t\t<div class=\"elementor-element elementor-element-b2e591c elementor-widget elementor-widget-text-editor\" data-id=\"b2e591c\" data-element_type=\"widget\" data-widget_type=\"text-editor.default\">\n\t\t\t\t<div class=\"elementor-widget-container\">\n\t\t\t\t\t\t\t<p>9. Clicar em \u201c<strong>Salvar<\/strong>\u201d, o documento ser\u00e1 inserido no Processo.<\/p><p>No espa\u00e7o \u201cDespacho\u201d, a chefia deve informar: \u201c<em>Para assinatura no Termo de desvincula\u00e7\u00e3o do PGD, conforme solicita\u00e7\u00e3o do servidor (Nome do servidor)\u201d.<\/em><\/p><p><img loading=\"lazy\" decoding=\"async\" class=\"alignnone wp-image-40890 size-full\" src=\"https:\/\/www.ufsm.br\/app\/uploads\/sites\/341\/2024\/10\/Capturar8.jpg\" alt=\"\" width=\"679\" height=\"223\" srcset=\"https:\/\/www.ufsm.br\/app\/uploads\/sites\/341\/2024\/10\/Capturar8.jpg 679w, https:\/\/www.ufsm.br\/app\/uploads\/sites\/341\/2024\/10\/Capturar8-300x99.jpg 300w\" sizes=\"(max-width: 679px) 100vw, 679px\" \/><\/p>\t\t\t\t\t\t<\/div>\n\t\t\t\t<\/div>\n\t\t\t\t\t<\/div>\n\t\t<\/div>\n\t\t\t\t\t<\/div>\n\t\t<\/section>\n\t\t\t\t<section class=\"elementor-section elementor-top-section elementor-element elementor-element-e6e02aa elementor-section-boxed elementor-section-height-default elementor-section-height-default\" data-id=\"e6e02aa\" data-element_type=\"section\">\n\t\t\t\t\t\t<div class=\"elementor-container elementor-column-gap-default\">\n\t\t\t\t\t<div class=\"elementor-column elementor-col-100 elementor-top-column elementor-element elementor-element-b7a516f\" data-id=\"b7a516f\" data-element_type=\"column\">\n\t\t\t<div class=\"elementor-widget-wrap elementor-element-populated\">\n\t\t\t\t\t\t<div class=\"elementor-element elementor-element-01c9c6a elementor-widget elementor-widget-text-editor\" data-id=\"01c9c6a\" data-element_type=\"widget\" data-widget_type=\"text-editor.default\">\n\t\t\t\t<div class=\"elementor-widget-container\">\n\t\t\t\t\t\t\t<p>10. Ao clicar em \u201cSalvar\u201d o processo ser\u00e1 tramitado para a Caixa Postal da Unidade Executora, onde o servidor est\u00e1 lotado.<\/p><p>11. Ap\u00f3s a assinatura do servidor no processo, a chefia deve tramitar a PROGEP-PGD (Comiss\u00e3o do PGD) para an\u00e1lise e desvincula\u00e7\u00e3o do servidor.<\/p>\t\t\t\t\t\t<\/div>\n\t\t\t\t<\/div>\n\t\t\t\t\t<\/div>\n\t\t<\/div>\n\t\t\t\t\t<\/div>\n\t\t<\/section>\n\t\t\t\t<\/div>\n\t\t","protected":false},"excerpt":{"rendered":"<p>A Pr\u00f3-Reitoria de Gest\u00e3o de Pessoas elaborou um tutorial para a desvincula\u00e7\u00e3o do\u00a0Programa de Gest\u00e3o de Desempenho \u2013 PGD\u00a0pelos servidores. Tutorial O servidor interessado em solicitar a sua desvincula\u00e7\u00e3o do PGD deve comunicar a sua chefia imediata. A chefia imediata deve acessar o \u201cProcesso de ades\u00e3o ao Programa de Gest\u00e3o de Desempenho \u2013 PGD\u201d da [&hellip;]<\/p>\n","protected":false},"author":714,"featured_media":0,"parent":0,"menu_order":0,"comment_status":"closed","ping_status":"closed","template":"","meta":{"footnotes":""},"categories":[],"tags":[],"class_list":["post-40875","page","type-page","status-publish","hentry"],"acf":[],"_links":{"self":[{"href":"https:\/\/www.ufsm.br\/pro-reitorias\/progep\/wp-json\/wp\/v2\/pages\/40875","targetHints":{"allow":["GET"]}}],"collection":[{"href":"https:\/\/www.ufsm.br\/pro-reitorias\/progep\/wp-json\/wp\/v2\/pages"}],"about":[{"href":"https:\/\/www.ufsm.br\/pro-reitorias\/progep\/wp-json\/wp\/v2\/types\/page"}],"author":[{"embeddable":true,"href":"https:\/\/www.ufsm.br\/pro-reitorias\/progep\/wp-json\/wp\/v2\/users\/714"}],"replies":[{"embeddable":true,"href":"https:\/\/www.ufsm.br\/pro-reitorias\/progep\/wp-json\/wp\/v2\/comments?post=40875"}],"version-history":[{"count":0,"href":"https:\/\/www.ufsm.br\/pro-reitorias\/progep\/wp-json\/wp\/v2\/pages\/40875\/revisions"}],"wp:attachment":[{"href":"https:\/\/www.ufsm.br\/pro-reitorias\/progep\/wp-json\/wp\/v2\/media?parent=40875"}],"wp:term":[{"taxonomy":"category","embeddable":true,"href":"https:\/\/www.ufsm.br\/pro-reitorias\/progep\/wp-json\/wp\/v2\/categories?post=40875"},{"taxonomy":"post_tag","embeddable":true,"href":"https:\/\/www.ufsm.br\/pro-reitorias\/progep\/wp-json\/wp\/v2\/tags?post=40875"}],"curies":[{"name":"wp","href":"https:\/\/api.w.org\/{rel}","templated":true}]}}