{"id":42084,"date":"2025-02-18T09:15:00","date_gmt":"2025-02-18T12:15:00","guid":{"rendered":"https:\/\/www.ufsm.br\/pro-reitorias\/progep\/?page_id=42084"},"modified":"2025-06-05T14:31:40","modified_gmt":"2025-06-05T17:31:40","slug":"trilha-de-gestao-de-cursos-de-pos-graduacao","status":"publish","type":"page","link":"https:\/\/www.ufsm.br\/pro-reitorias\/progep\/trilha-de-gestao-de-cursos-de-pos-graduacao","title":{"rendered":"Trilha de Gest\u00e3o de Cursos de P\u00f3s-Gradua\u00e7\u00e3o"},"content":{"rendered":"\t\t<div data-elementor-type=\"wp-page\" data-elementor-id=\"42084\" class=\"elementor elementor-42084\">\n\t\t\t\t\t\t<section class=\"elementor-section elementor-top-section elementor-element elementor-element-734a7b2 elementor-section-boxed elementor-section-height-default elementor-section-height-default\" data-id=\"734a7b2\" data-element_type=\"section\">\n\t\t\t\t\t\t<div class=\"elementor-container elementor-column-gap-default\">\n\t\t\t\t\t<div class=\"elementor-column elementor-col-100 elementor-top-column elementor-element elementor-element-39098e7\" data-id=\"39098e7\" data-element_type=\"column\">\n\t\t\t<div class=\"elementor-widget-wrap elementor-element-populated\">\n\t\t\t\t\t\t<div class=\"elementor-element elementor-element-8c86778 elementor-widget elementor-widget-text-editor\" data-id=\"8c86778\" data-element_type=\"widget\" data-widget_type=\"text-editor.default\">\n\t\t\t\t<div class=\"elementor-widget-container\">\n\t\t\t\t\t\t\t<h5>\ud83d\udcc3 Sobre a Trilha<\/h5>\t\t\t\t\t\t<\/div>\n\t\t\t\t<\/div>\n\t\t\t\t<div class=\"elementor-element elementor-element-0fc70da elementor-widget elementor-widget-text-editor\" data-id=\"0fc70da\" data-element_type=\"widget\" data-widget_type=\"text-editor.default\">\n\t\t\t\t<div class=\"elementor-widget-container\">\n\t\t\t\t\t\t\t<p>A <strong>Trilha de Gest\u00e3o de Cursos de P\u00f3s-Gradua\u00e7\u00e3o<\/strong> tem como objetivo fornecer uma forma\u00e7\u00e3o b\u00e1sica para atua\u00e7\u00e3o nas fun\u00e7\u00f5es de Coordenador e de Secret\u00e1rio de Curso de P\u00f3s-Gradua\u00e7\u00e3o na Universidade Federal de Santa Maria.<\/p>\n<p>As a\u00e7\u00f5es desta trilha s\u00e3o complementares \u00e0 <a href=\"https:\/\/www.ufsm.br\/pro-reitorias\/progep\/trilha-de-desenvolvimento-de-gestores\">Trilha de Desenvolvimento de Gestores<\/a>. Dessa forma, Coordenadores e Secret\u00e1rios de Cursos de P\u00f3s-Gradua\u00e7\u00e3o devem realizar ambas, desenvolvendo compet\u00eancias espec\u00edficas de suas fun\u00e7\u00f5es e compet\u00eancias gerenciais comuns a todos os gestores da UFSM.<\/p>\n<p><!-- wp:tadv\/classic-paragraph \/--><\/p>\t\t\t\t\t\t<\/div>\n\t\t\t\t<\/div>\n\t\t\t\t\t<\/div>\n\t\t<\/div>\n\t\t\t\t\t<\/div>\n\t\t<\/section>\n\t\t\t\t<section class=\"elementor-section elementor-top-section elementor-element elementor-element-0c9d0fc elementor-section-boxed elementor-section-height-default elementor-section-height-default\" data-id=\"0c9d0fc\" data-element_type=\"section\">\n\t\t\t\t\t\t<div class=\"elementor-container elementor-column-gap-default\">\n\t\t\t\t\t<div class=\"elementor-column elementor-col-100 elementor-top-column elementor-element elementor-element-f095f63\" data-id=\"f095f63\" data-element_type=\"column\">\n\t\t\t<div class=\"elementor-widget-wrap elementor-element-populated\">\n\t\t\t\t\t\t<div class=\"elementor-element elementor-element-a65632b elementor-widget elementor-widget-text-editor\" data-id=\"a65632b\" data-element_type=\"widget\" data-widget_type=\"text-editor.default\">\n\t\t\t\t<div class=\"elementor-widget-container\">\n\t\t\t\t\t\t\t<h5>\ud83d\udcda A\u00e7\u00f5es de Desenvolvimento<\/h5>\t\t\t\t\t\t<\/div>\n\t\t\t\t<\/div>\n\t\t\t\t\t<\/div>\n\t\t<\/div>\n\t\t\t\t\t<\/div>\n\t\t<\/section>\n\t\t\t\t<section class=\"elementor-section elementor-top-section elementor-element elementor-element-ac29182 elementor-section-boxed elementor-section-height-default elementor-section-height-default\" data-id=\"ac29182\" data-element_type=\"section\">\n\t\t\t\t\t\t<div class=\"elementor-container elementor-column-gap-default\">\n\t\t\t\t\t<div class=\"elementor-column elementor-col-50 elementor-top-column elementor-element elementor-element-f55f848\" data-id=\"f55f848\" data-element_type=\"column\">\n\t\t\t<div class=\"elementor-widget-wrap elementor-element-populated\">\n\t\t\t\t\t\t<div class=\"elementor-element elementor-element-91e47b9 elementor-invisible elementor-widget elementor-widget-image\" data-id=\"91e47b9\" data-element_type=\"widget\" data-settings=\"{&quot;_animation&quot;:&quot;fadeIn&quot;}\" data-widget_type=\"image.default\">\n\t\t\t\t<div class=\"elementor-widget-container\">\n\t\t\t\t\t\t\t\t\t\t\t\t\t<img decoding=\"async\" src=\"https:\/\/www.ufsm.br\/app\/uploads\/sites\/341\/elementor\/thumbs\/procedimentos-r1osepki8kk8z55x61yapamiar7igy7bh9912ud3a4.jpg\" title=\"procedimentos\" alt=\"procedimentos\" loading=\"lazy\" \/>\t\t\t\t\t\t\t\t\t\t\t\t\t<\/div>\n\t\t\t\t<\/div>\n\t\t\t\t\t<\/div>\n\t\t<\/div>\n\t\t\t\t<div class=\"elementor-column elementor-col-50 elementor-top-column elementor-element elementor-element-f8f7233\" data-id=\"f8f7233\" data-element_type=\"column\">\n\t\t\t<div class=\"elementor-widget-wrap elementor-element-populated\">\n\t\t\t\t\t\t<div class=\"elementor-element elementor-element-fd8175b elementor-widget elementor-widget-toggle\" data-id=\"fd8175b\" data-element_type=\"widget\" data-widget_type=\"toggle.default\">\n\t\t\t\t<div class=\"elementor-widget-container\">\n\t\t\t\t\t<div class=\"elementor-toggle\">\n\t\t\t\t\t\t\t<div class=\"elementor-toggle-item\">\n\t\t\t\t\t<div id=\"elementor-tab-title-2651\" class=\"elementor-tab-title\" data-tab=\"1\" role=\"button\" aria-controls=\"elementor-tab-content-2651\" aria-expanded=\"false\">\n\t\t\t\t\t\t\t\t\t\t\t\t<span class=\"elementor-toggle-icon elementor-toggle-icon-left\" aria-hidden=\"true\">\n\t\t\t\t\t\t\t\t\t\t\t\t\t\t\t<span class=\"elementor-toggle-icon-closed\"><i class=\"fas fa-caret-right\"><\/i><\/span>\n\t\t\t\t\t\t\t\t<span class=\"elementor-toggle-icon-opened\"><i class=\"elementor-toggle-icon-opened fas fa-caret-up\"><\/i><\/span>\n\t\t\t\t\t\t\t\t\t\t\t\t\t<\/span>\n\t\t\t\t\t\t\t\t\t\t\t\t<a class=\"elementor-toggle-title\" tabindex=\"0\">Curso de Procedimentos e Rotinas Administrativas de Cursos de P\u00f3s-Gradua\u00e7\u00e3o<\/a>\n\t\t\t\t\t<\/div>\n\n\t\t\t\t\t<div id=\"elementor-tab-content-2651\" class=\"elementor-tab-content elementor-clearfix\" data-tab=\"1\" role=\"region\" aria-labelledby=\"elementor-tab-title-2651\"><div>\n<ul>\n<li><b>Objetivo: <\/b>capacitar os servidores para realizarem adequadamente os procedimentos e rotinas administrativas junto a uma Secretaria\/Coordena\u00e7\u00e3o de Curso de P\u00f3s-Gradua\u00e7\u00e3o.<\/li>\n<li><b>Carga Hor\u00e1ria: <\/b>25h<\/li>\n<li><b>Periodicidade<\/b>: Semestral<\/li>\n<li><b>Modalidade: <\/b>A dist\u00e2ncia (autoinstrucional)\u00a0<\/li>\n<li><b>Temas Abordados:<\/b> A P\u00f3s-Gradua\u00e7\u00e3o na UFSM, Editais, Bolsas, Estrutura dos Cursos e Registro Acad\u00eamico e Portal do Plano de Estudos e Defesa<\/li>\n<\/ul>\n<\/div><\/div>\n\t\t\t\t<\/div>\n\t\t\t\t\t\t\t\t<\/div>\n\t\t\t\t<\/div>\n\t\t\t\t<\/div>\n\t\t\t\t\t<\/div>\n\t\t<\/div>\n\t\t\t\t\t<\/div>\n\t\t<\/section>\n\t\t\t\t<section class=\"elementor-section elementor-top-section elementor-element elementor-element-a69a097 elementor-section-boxed elementor-section-height-default elementor-section-height-default\" data-id=\"a69a097\" data-element_type=\"section\">\n\t\t\t\t\t\t<div class=\"elementor-container elementor-column-gap-default\">\n\t\t\t\t\t<div class=\"elementor-column elementor-col-50 elementor-top-column elementor-element elementor-element-1bf9f7b\" data-id=\"1bf9f7b\" data-element_type=\"column\">\n\t\t\t<div class=\"elementor-widget-wrap elementor-element-populated\">\n\t\t\t\t\t\t<div class=\"elementor-element elementor-element-1a5b2d4 elementor-invisible elementor-widget elementor-widget-image\" data-id=\"1a5b2d4\" data-element_type=\"widget\" data-settings=\"{&quot;_animation&quot;:&quot;fadeIn&quot;}\" data-widget_type=\"image.default\">\n\t\t\t\t<div class=\"elementor-widget-container\">\n\t\t\t\t\t\t\t\t\t\t\t\t\t<img decoding=\"async\" src=\"https:\/\/www.ufsm.br\/app\/uploads\/sites\/341\/elementor\/thumbs\/finan-r1oseh3yj28o2ni7jgankurcyad7jo9qg3dnrcpmu4.jpg\" title=\"finan\" alt=\"finan\" loading=\"lazy\" \/>\t\t\t\t\t\t\t\t\t\t\t\t\t<\/div>\n\t\t\t\t<\/div>\n\t\t\t\t\t<\/div>\n\t\t<\/div>\n\t\t\t\t<div class=\"elementor-column elementor-col-50 elementor-top-column elementor-element elementor-element-e1c58bc\" data-id=\"e1c58bc\" data-element_type=\"column\">\n\t\t\t<div class=\"elementor-widget-wrap elementor-element-populated\">\n\t\t\t\t\t\t<div class=\"elementor-element elementor-element-a23ba8b elementor-widget elementor-widget-toggle\" data-id=\"a23ba8b\" data-element_type=\"widget\" data-widget_type=\"toggle.default\">\n\t\t\t\t<div class=\"elementor-widget-container\">\n\t\t\t\t\t<div class=\"elementor-toggle\">\n\t\t\t\t\t\t\t<div class=\"elementor-toggle-item\">\n\t\t\t\t\t<div id=\"elementor-tab-title-1701\" class=\"elementor-tab-title\" data-tab=\"1\" role=\"button\" aria-controls=\"elementor-tab-content-1701\" aria-expanded=\"false\">\n\t\t\t\t\t\t\t\t\t\t\t\t<span class=\"elementor-toggle-icon elementor-toggle-icon-left\" aria-hidden=\"true\">\n\t\t\t\t\t\t\t\t\t\t\t\t\t\t\t<span class=\"elementor-toggle-icon-closed\"><i class=\"fas fa-caret-right\"><\/i><\/span>\n\t\t\t\t\t\t\t\t<span class=\"elementor-toggle-icon-opened\"><i class=\"elementor-toggle-icon-opened fas fa-caret-up\"><\/i><\/span>\n\t\t\t\t\t\t\t\t\t\t\t\t\t<\/span>\n\t\t\t\t\t\t\t\t\t\t\t\t<a class=\"elementor-toggle-title\" tabindex=\"0\">Curso de Gest\u00e3o Financeira dos Programas de P\u00f3s-Gradua\u00e7\u00e3o<\/a>\n\t\t\t\t\t<\/div>\n\n\t\t\t\t\t<div id=\"elementor-tab-content-1701\" class=\"elementor-tab-content elementor-clearfix\" data-tab=\"1\" role=\"region\" aria-labelledby=\"elementor-tab-title-1701\"><div><ul><li><b>Objetivo:\u00a0<\/b>Capacitar os servidores sobre os procedimentos e rotinas administrativas relacionados \u00e0 execu\u00e7\u00e3o dos recursos financeiros PROAP e PROEX, al\u00e9m das bolsas PROEX, junto a uma Secretaria\/Coordena\u00e7\u00e3o de Curso de P\u00f3s-Gradua\u00e7\u00e3o.\u00a0<\/li><li><b>Carga Hor\u00e1ria: <\/b>15h<\/li><li><b>Periodicidade<\/b>: Semestral<\/li><li><b>Modalidade: <\/b>A dist\u00e2ncia (autoinstrucional)<\/li><li><b>Temas Abordados:<\/b>\u00a0Financiamento dos programas de p\u00f3s-gradua\u00e7\u00e3o Stricto sensu; PROAP; Recursos PROEX<\/li><\/ul><\/div><\/div>\n\t\t\t\t<\/div>\n\t\t\t\t\t\t\t\t<\/div>\n\t\t\t\t<\/div>\n\t\t\t\t<\/div>\n\t\t\t\t\t<\/div>\n\t\t<\/div>\n\t\t\t\t\t<\/div>\n\t\t<\/section>\n\t\t\t\t<section class=\"elementor-section elementor-top-section elementor-element elementor-element-cb1badf elementor-section-boxed elementor-section-height-default elementor-section-height-default\" data-id=\"cb1badf\" data-element_type=\"section\">\n\t\t\t\t\t\t<div class=\"elementor-container elementor-column-gap-default\">\n\t\t\t\t\t<div class=\"elementor-column elementor-col-50 elementor-top-column elementor-element elementor-element-579933e\" data-id=\"579933e\" data-element_type=\"column\">\n\t\t\t<div class=\"elementor-widget-wrap elementor-element-populated\">\n\t\t\t\t\t\t<div class=\"elementor-element elementor-element-26d65b7 elementor-invisible elementor-widget elementor-widget-image\" data-id=\"26d65b7\" data-element_type=\"widget\" data-settings=\"{&quot;_animation&quot;:&quot;fadeIn&quot;}\" data-widget_type=\"image.default\">\n\t\t\t\t<div class=\"elementor-widget-container\">\n\t\t\t\t\t\t\t\t\t\t\t\t\t<img decoding=\"async\" src=\"https:\/\/www.ufsm.br\/app\/uploads\/sites\/341\/elementor\/thumbs\/Sucupira-r1osejxh3kcj1he42zijac1qqfzb6rkxghc476lgbg.jpg\" title=\"Sucupira\" alt=\"Sucupira\" loading=\"lazy\" \/>\t\t\t\t\t\t\t\t\t\t\t\t\t<\/div>\n\t\t\t\t<\/div>\n\t\t\t\t\t<\/div>\n\t\t<\/div>\n\t\t\t\t<div class=\"elementor-column elementor-col-50 elementor-top-column elementor-element elementor-element-d8e3db5\" data-id=\"d8e3db5\" data-element_type=\"column\">\n\t\t\t<div class=\"elementor-widget-wrap elementor-element-populated\">\n\t\t\t\t\t\t<div class=\"elementor-element elementor-element-83b006f elementor-widget elementor-widget-toggle\" data-id=\"83b006f\" data-element_type=\"widget\" data-widget_type=\"toggle.default\">\n\t\t\t\t<div class=\"elementor-widget-container\">\n\t\t\t\t\t<div class=\"elementor-toggle\">\n\t\t\t\t\t\t\t<div class=\"elementor-toggle-item\">\n\t\t\t\t\t<div id=\"elementor-tab-title-1381\" class=\"elementor-tab-title\" data-tab=\"1\" role=\"button\" aria-controls=\"elementor-tab-content-1381\" aria-expanded=\"false\">\n\t\t\t\t\t\t\t\t\t\t\t\t<span class=\"elementor-toggle-icon elementor-toggle-icon-left\" aria-hidden=\"true\">\n\t\t\t\t\t\t\t\t\t\t\t\t\t\t\t<span class=\"elementor-toggle-icon-closed\"><i class=\"fas fa-caret-right\"><\/i><\/span>\n\t\t\t\t\t\t\t\t<span class=\"elementor-toggle-icon-opened\"><i class=\"elementor-toggle-icon-opened fas fa-caret-up\"><\/i><\/span>\n\t\t\t\t\t\t\t\t\t\t\t\t\t<\/span>\n\t\t\t\t\t\t\t\t\t\t\t\t<a class=\"elementor-toggle-title\" tabindex=\"0\">Curso sobre a Plataforma Sucupira: Coleta CAPES e Avalia\u00e7\u00e3o Quadrienal<\/a>\n\t\t\t\t\t<\/div>\n\n\t\t\t\t\t<div id=\"elementor-tab-content-1381\" class=\"elementor-tab-content elementor-clearfix\" data-tab=\"1\" role=\"region\" aria-labelledby=\"elementor-tab-title-1381\"><div><ul><li><b>Objetivo:\u00a0<\/b>Capacitar os Coordenadores e os Secret\u00e1rios de cursos de P\u00f3s-Gradua\u00e7\u00e3o da UFSM para atuarem no planejamento e na execu\u00e7\u00e3o das atividades correspondentes ao preenchimento da Plataforma Sucupira, com \u00eanfase na qualidade das informa\u00e7\u00f5es e Avalia\u00e7\u00e3o Quadrienal da CAPES.<\/li><li><b>Carga Hor\u00e1ria: <\/b>20h<\/li><li><b>Periodicidade<\/b>: Semestral<\/li><li><b>Modalidade: <\/b>A dist\u00e2ncia (autoinstrucional)<\/li><li><b>Temas Abordados:<\/b>\u00a0Vis\u00e3o geral da Avalia\u00e7\u00e3o Quadrienal da CAPES; Vis\u00e3o geral da Plataforma Sucupira; 3. Preenchimento de informa\u00e7\u00f5es; Cadastro de Produ\u00e7\u00f5es Acad\u00eamicas<\/li><\/ul><\/div><\/div>\n\t\t\t\t<\/div>\n\t\t\t\t\t\t\t\t<\/div>\n\t\t\t\t<\/div>\n\t\t\t\t<\/div>\n\t\t\t\t\t<\/div>\n\t\t<\/div>\n\t\t\t\t\t<\/div>\n\t\t<\/section>\n\t\t\t\t<section class=\"elementor-section elementor-top-section elementor-element elementor-element-2336743 elementor-section-boxed elementor-section-height-default elementor-section-height-default\" data-id=\"2336743\" data-element_type=\"section\">\n\t\t\t\t\t\t<div class=\"elementor-container elementor-column-gap-default\">\n\t\t\t\t\t<div class=\"elementor-column elementor-col-50 elementor-top-column elementor-element elementor-element-5d61761\" data-id=\"5d61761\" data-element_type=\"column\">\n\t\t\t<div class=\"elementor-widget-wrap elementor-element-populated\">\n\t\t\t\t\t\t<div class=\"elementor-element elementor-element-132f60d elementor-invisible elementor-widget elementor-widget-image\" data-id=\"132f60d\" data-element_type=\"widget\" data-settings=\"{&quot;_animation&quot;:&quot;fadeIn&quot;}\" data-widget_type=\"image.default\">\n\t\t\t\t<div class=\"elementor-widget-container\">\n\t\t\t\t\t\t\t\t\t\t\t\t\t<img decoding=\"async\" src=\"https:\/\/www.ufsm.br\/app\/uploads\/sites\/341\/elementor\/thumbs\/planeja-r1osei1spw9ye9gudypa5citjo8krddgs8158mo8nw.jpg\" title=\"planeja\" alt=\"planeja\" loading=\"lazy\" \/>\t\t\t\t\t\t\t\t\t\t\t\t\t<\/div>\n\t\t\t\t<\/div>\n\t\t\t\t\t<\/div>\n\t\t<\/div>\n\t\t\t\t<div class=\"elementor-column elementor-col-50 elementor-top-column elementor-element elementor-element-442aa21\" data-id=\"442aa21\" data-element_type=\"column\">\n\t\t\t<div class=\"elementor-widget-wrap elementor-element-populated\">\n\t\t\t\t\t\t<div class=\"elementor-element elementor-element-7df5e45 elementor-widget elementor-widget-toggle\" data-id=\"7df5e45\" data-element_type=\"widget\" data-widget_type=\"toggle.default\">\n\t\t\t\t<div class=\"elementor-widget-container\">\n\t\t\t\t\t<div class=\"elementor-toggle\">\n\t\t\t\t\t\t\t<div class=\"elementor-toggle-item\">\n\t\t\t\t\t<div id=\"elementor-tab-title-1321\" class=\"elementor-tab-title\" data-tab=\"1\" role=\"button\" aria-controls=\"elementor-tab-content-1321\" aria-expanded=\"false\">\n\t\t\t\t\t\t\t\t\t\t\t\t<span class=\"elementor-toggle-icon elementor-toggle-icon-left\" aria-hidden=\"true\">\n\t\t\t\t\t\t\t\t\t\t\t\t\t\t\t<span class=\"elementor-toggle-icon-closed\"><i class=\"fas fa-caret-right\"><\/i><\/span>\n\t\t\t\t\t\t\t\t<span class=\"elementor-toggle-icon-opened\"><i class=\"elementor-toggle-icon-opened fas fa-caret-up\"><\/i><\/span>\n\t\t\t\t\t\t\t\t\t\t\t\t\t<\/span>\n\t\t\t\t\t\t\t\t\t\t\t\t<a class=\"elementor-toggle-title\" tabindex=\"0\">Curso de Planejamento Estrat\u00e9gico e Avalia\u00e7\u00e3o de Cursos de P\u00f3s-Gradua\u00e7\u00e3o<\/a>\n\t\t\t\t\t<\/div>\n\n\t\t\t\t\t<div id=\"elementor-tab-content-1321\" class=\"elementor-tab-content elementor-clearfix\" data-tab=\"1\" role=\"region\" aria-labelledby=\"elementor-tab-title-1321\"><div><ul><li><b>Objetivo:\u00a0<\/b>Promover atualiza\u00e7\u00e3o conceitual e ferramentas para o planejamento e autoavalia\u00e7\u00e3o dos Programas de P\u00f3s-Gradua\u00e7\u00e3o da UFSM.<\/li><li><b>Carga Hor\u00e1ria: <\/b>20h<\/li><li><b>Periodicidade<\/b>: Anual<\/li><li><b>Modalidade: <\/b>A dist\u00e2ncia (autoinstrucional)<\/li><li><b>Temas Abordados:<\/b> Planejamento Estrat\u00e9gico dos Cursos de P\u00f3s-Gradua\u00e7\u00e3o; Plano de Desenvolvimento Institucional; Avalia\u00e7\u00e3o de Cursos pela CAPES; Ficha de Avalia\u00e7\u00e3o Geral da CAPES; Processo de Autoavalia\u00e7\u00e3o; Sistema nacional de p\u00f3s-gradua\u00e7\u00e3o: pol\u00edtica de p\u00f3s-gradua\u00e7\u00e3o do Brasil<\/li><\/ul><\/div><\/div>\n\t\t\t\t<\/div>\n\t\t\t\t\t\t\t\t<\/div>\n\t\t\t\t<\/div>\n\t\t\t\t<\/div>\n\t\t\t\t\t<\/div>\n\t\t<\/div>\n\t\t\t\t\t<\/div>\n\t\t<\/section>\n\t\t\t\t<section class=\"elementor-section elementor-top-section elementor-element elementor-element-cf781b6 elementor-section-boxed elementor-section-height-default elementor-section-height-default\" data-id=\"cf781b6\" data-element_type=\"section\">\n\t\t\t\t\t\t<div class=\"elementor-container elementor-column-gap-default\">\n\t\t\t\t\t<div class=\"elementor-column elementor-col-100 elementor-top-column elementor-element elementor-element-03636a9\" data-id=\"03636a9\" data-element_type=\"column\">\n\t\t\t<div class=\"elementor-widget-wrap elementor-element-populated\">\n\t\t\t\t\t\t<div class=\"elementor-element elementor-element-96e440b elementor-widget elementor-widget-text-editor\" data-id=\"96e440b\" data-element_type=\"widget\" data-widget_type=\"text-editor.default\">\n\t\t\t\t<div class=\"elementor-widget-container\">\n\t\t\t\t\t\t\t<h5>\u270d Inscri\u00e7\u00f5es<\/h5>\t\t\t\t\t\t<\/div>\n\t\t\t\t<\/div>\n\t\t\t\t<div class=\"elementor-element elementor-element-4962536 elementor-widget elementor-widget-text-editor\" data-id=\"4962536\" data-element_type=\"widget\" data-widget_type=\"text-editor.default\">\n\t\t\t\t<div class=\"elementor-widget-container\">\n\t\t\t\t\t\t\t<ul><li>As capacita\u00e7\u00f5es ofertadas pela PROGEP ter\u00e3o as inscri\u00e7\u00f5es divulgadas ao longo do ano por meio dos canais de comunica\u00e7\u00e3o da PROGEP, elencados abaixo, sendo que as inscri\u00e7\u00f5es poder\u00e3o ser realizadas no <a href=\"https:\/\/portal.ufsm.br\/capacitacao\"><b>Portal de Capacita\u00e7\u00e3o<\/b><\/a>.<\/li><li>Mais informa\u00e7\u00f5es podem ser obtidas com o N\u00facleo de Educa\u00e7\u00e3o e Desenvolvimento pelo e-mail ned@ufsm.br.<\/li><\/ul>\t\t\t\t\t\t<\/div>\n\t\t\t\t<\/div>\n\t\t\t\t\t<\/div>\n\t\t<\/div>\n\t\t\t\t\t<\/div>\n\t\t<\/section>\n\t\t\t\t<section class=\"elementor-section elementor-top-section elementor-element elementor-element-3ff0163 elementor-section-boxed elementor-section-height-default elementor-section-height-default\" data-id=\"3ff0163\" data-element_type=\"section\">\n\t\t\t\t\t\t<div class=\"elementor-container elementor-column-gap-default\">\n\t\t\t\t\t<div class=\"elementor-column elementor-col-100 elementor-top-column elementor-element elementor-element-df23051\" data-id=\"df23051\" data-element_type=\"column\">\n\t\t\t<div class=\"elementor-widget-wrap elementor-element-populated\">\n\t\t\t\t\t\t<div class=\"elementor-element elementor-element-c541324 elementor-widget elementor-widget-text-editor\" data-id=\"c541324\" data-element_type=\"widget\" data-widget_type=\"text-editor.default\">\n\t\t\t\t<div class=\"elementor-widget-container\">\n\t\t\t\t\t\t\t<h5>\ud83d\udd17 Acompanhe a PROGEP nas redes sociais<\/h5>\t\t\t\t\t\t<\/div>\n\t\t\t\t<\/div>\n\t\t\t\t<div class=\"elementor-element elementor-element-58b02dc elementor-shape-rounded elementor-grid-0 e-grid-align-center elementor-widget elementor-widget-social-icons\" data-id=\"58b02dc\" data-element_type=\"widget\" data-widget_type=\"social-icons.default\">\n\t\t\t\t<div class=\"elementor-widget-container\">\n\t\t\t\t\t<div class=\"elementor-social-icons-wrapper elementor-grid\">\n\t\t\t\t\t\t\t<span class=\"elementor-grid-item\">\n\t\t\t\t\t<a class=\"elementor-icon elementor-social-icon elementor-social-icon-instagram elementor-repeater-item-9e43b90\" href=\"https:\/\/www.instagram.com\/progepufsm\/\" target=\"_blank\">\n\t\t\t\t\t\t<span class=\"elementor-screen-only\">Instagram<\/span>\n\t\t\t\t\t\t<i class=\"fab fa-instagram\"><\/i>\t\t\t\t\t<\/a>\n\t\t\t\t<\/span>\n\t\t\t\t\t\t\t<span class=\"elementor-grid-item\">\n\t\t\t\t\t<a class=\"elementor-icon elementor-social-icon elementor-social-icon-facebook elementor-repeater-item-7d34dbf\" href=\"https:\/\/www.facebook.com\/progep\" target=\"_blank\">\n\t\t\t\t\t\t<span class=\"elementor-screen-only\">Facebook<\/span>\n\t\t\t\t\t\t<i class=\"fab fa-facebook\"><\/i>\t\t\t\t\t<\/a>\n\t\t\t\t<\/span>\n\t\t\t\t\t\t\t<span class=\"elementor-grid-item\">\n\t\t\t\t\t<a class=\"elementor-icon elementor-social-icon elementor-social-icon-whatsapp elementor-repeater-item-6318e70\" href=\"https:\/\/chat.whatsapp.com\/EzvjRXwjer00Kdhw6rEZq5\" target=\"_blank\">\n\t\t\t\t\t\t<span class=\"elementor-screen-only\">Whatsapp<\/span>\n\t\t\t\t\t\t<i class=\"fab fa-whatsapp\"><\/i>\t\t\t\t\t<\/a>\n\t\t\t\t<\/span>\n\t\t\t\t\t\t\t<span class=\"elementor-grid-item\">\n\t\t\t\t\t<a class=\"elementor-icon elementor-social-icon elementor-social-icon-google elementor-repeater-item-e0b38cc\" href=\"https:\/\/chat.google.com\/room\/AAAA141yFRw?cls=7\" target=\"_blank\">\n\t\t\t\t\t\t<span class=\"elementor-screen-only\">Google<\/span>\n\t\t\t\t\t\t<i class=\"fab fa-google\"><\/i>\t\t\t\t\t<\/a>\n\t\t\t\t<\/span>\n\t\t\t\t\t<\/div>\n\t\t\t\t<\/div>\n\t\t\t\t<\/div>\n\t\t\t\t\t<\/div>\n\t\t<\/div>\n\t\t\t\t\t<\/div>\n\t\t<\/section>\n\t\t\t\t<\/div>\n\t\t","protected":false},"excerpt":{"rendered":"<p>\ud83d\udcc3 Sobre a Trilha A Trilha de Gest\u00e3o de Cursos de P\u00f3s-Gradua\u00e7\u00e3o tem como objetivo fornecer uma forma\u00e7\u00e3o b\u00e1sica para atua\u00e7\u00e3o nas fun\u00e7\u00f5es de Coordenador e de Secret\u00e1rio de Curso de P\u00f3s-Gradua\u00e7\u00e3o na Universidade Federal de Santa Maria. As a\u00e7\u00f5es desta trilha s\u00e3o complementares \u00e0 Trilha de Desenvolvimento de Gestores. Dessa forma, Coordenadores e Secret\u00e1rios [&hellip;]<\/p>\n","protected":false},"author":145,"featured_media":0,"parent":0,"menu_order":0,"comment_status":"closed","ping_status":"closed","template":"","meta":{"footnotes":""},"categories":[],"tags":[],"class_list":["post-42084","page","type-page","status-publish","hentry"],"acf":[],"_links":{"self":[{"href":"https:\/\/www.ufsm.br\/pro-reitorias\/progep\/wp-json\/wp\/v2\/pages\/42084","targetHints":{"allow":["GET"]}}],"collection":[{"href":"https:\/\/www.ufsm.br\/pro-reitorias\/progep\/wp-json\/wp\/v2\/pages"}],"about":[{"href":"https:\/\/www.ufsm.br\/pro-reitorias\/progep\/wp-json\/wp\/v2\/types\/page"}],"author":[{"embeddable":true,"href":"https:\/\/www.ufsm.br\/pro-reitorias\/progep\/wp-json\/wp\/v2\/users\/145"}],"replies":[{"embeddable":true,"href":"https:\/\/www.ufsm.br\/pro-reitorias\/progep\/wp-json\/wp\/v2\/comments?post=42084"}],"version-history":[{"count":0,"href":"https:\/\/www.ufsm.br\/pro-reitorias\/progep\/wp-json\/wp\/v2\/pages\/42084\/revisions"}],"wp:attachment":[{"href":"https:\/\/www.ufsm.br\/pro-reitorias\/progep\/wp-json\/wp\/v2\/media?parent=42084"}],"wp:term":[{"taxonomy":"category","embeddable":true,"href":"https:\/\/www.ufsm.br\/pro-reitorias\/progep\/wp-json\/wp\/v2\/categories?post=42084"},{"taxonomy":"post_tag","embeddable":true,"href":"https:\/\/www.ufsm.br\/pro-reitorias\/progep\/wp-json\/wp\/v2\/tags?post=42084"}],"curies":[{"name":"wp","href":"https:\/\/api.w.org\/{rel}","templated":true}]}}