{"id":42090,"date":"2025-02-18T09:58:23","date_gmt":"2025-02-18T12:58:23","guid":{"rendered":"https:\/\/www.ufsm.br\/pro-reitorias\/progep\/?page_id=42090"},"modified":"2025-06-05T14:32:13","modified_gmt":"2025-06-05T17:32:13","slug":"trilha-de-gestao-de-cursos-de-graduacao","status":"publish","type":"page","link":"https:\/\/www.ufsm.br\/pro-reitorias\/progep\/trilha-de-gestao-de-cursos-de-graduacao","title":{"rendered":"Trilha de Gest\u00e3o de Cursos de Gradua\u00e7\u00e3o"},"content":{"rendered":"\t\t<div data-elementor-type=\"wp-page\" data-elementor-id=\"42090\" class=\"elementor elementor-42090\">\n\t\t\t\t\t\t<section class=\"elementor-section elementor-top-section elementor-element elementor-element-621590d6 elementor-section-boxed elementor-section-height-default elementor-section-height-default\" data-id=\"621590d6\" data-element_type=\"section\">\n\t\t\t\t\t\t<div class=\"elementor-container elementor-column-gap-default\">\n\t\t\t\t\t<div class=\"elementor-column elementor-col-100 elementor-top-column elementor-element elementor-element-16e7f6bf\" data-id=\"16e7f6bf\" data-element_type=\"column\">\n\t\t\t<div class=\"elementor-widget-wrap elementor-element-populated\">\n\t\t\t\t\t\t<div class=\"elementor-element elementor-element-5fcb04f4 elementor-widget elementor-widget-text-editor\" data-id=\"5fcb04f4\" data-element_type=\"widget\" data-widget_type=\"text-editor.default\">\n\t\t\t\t<div class=\"elementor-widget-container\">\n\t\t\t\t\t\t\t<!-- wp:tadv\/classic-paragraph \/-->\t\t\t\t\t\t<\/div>\n\t\t\t\t<\/div>\n\t\t\t\t\t<\/div>\n\t\t<\/div>\n\t\t\t\t\t<\/div>\n\t\t<\/section>\n\t\t\t\t<section class=\"elementor-section elementor-top-section elementor-element elementor-element-83b3781 elementor-section-boxed elementor-section-height-default elementor-section-height-default\" data-id=\"83b3781\" data-element_type=\"section\">\n\t\t\t\t\t\t<div class=\"elementor-container elementor-column-gap-default\">\n\t\t\t\t\t<div class=\"elementor-column elementor-col-100 elementor-top-column elementor-element elementor-element-5eaef51\" data-id=\"5eaef51\" data-element_type=\"column\">\n\t\t\t<div class=\"elementor-widget-wrap elementor-element-populated\">\n\t\t\t\t\t\t<div class=\"elementor-element elementor-element-3c147dc elementor-widget elementor-widget-text-editor\" data-id=\"3c147dc\" data-element_type=\"widget\" data-widget_type=\"text-editor.default\">\n\t\t\t\t<div class=\"elementor-widget-container\">\n\t\t\t\t\t\t\t<h5>\ud83d\udcc3 Sobre a Trilha<\/h5>\t\t\t\t\t\t<\/div>\n\t\t\t\t<\/div>\n\t\t\t\t<div class=\"elementor-element elementor-element-916c980 elementor-widget elementor-widget-text-editor\" data-id=\"916c980\" data-element_type=\"widget\" data-widget_type=\"text-editor.default\">\n\t\t\t\t<div class=\"elementor-widget-container\">\n\t\t\t\t\t\t\t<p>A <strong>Trilha de Gest\u00e3o de Cursos de Gradua\u00e7\u00e3o<\/strong> tem como objetivo fornecer uma forma\u00e7\u00e3o b\u00e1sica para atua\u00e7\u00e3o nas fun\u00e7\u00f5es de Coordenador e de Secret\u00e1rio de Curso de Gradua\u00e7\u00e3o na Universidade Federal de Santa Maria.<\/p>\n<p>As a\u00e7\u00f5es desta trilha s\u00e3o complementares \u00e0 <a href=\"https:\/\/www.ufsm.br\/pro-reitorias\/progep\/trilha-de-desenvolvimento-de-gestores\">Trilha de Desenvolvimento de Gestores<\/a>. Dessa forma, Coordenadores e Secret\u00e1rios de Cursos de Gradua\u00e7\u00e3o devem realizar ambas, desenvolvendo compet\u00eancias espec\u00edficas de suas fun\u00e7\u00f5es e compet\u00eancias gerenciais comuns a todos os gestores da UFSM.<\/p>\n<p><!-- wp:tadv\/classic-paragraph \/--><\/p>\t\t\t\t\t\t<\/div>\n\t\t\t\t<\/div>\n\t\t\t\t\t<\/div>\n\t\t<\/div>\n\t\t\t\t\t<\/div>\n\t\t<\/section>\n\t\t\t\t<section class=\"elementor-section elementor-top-section elementor-element elementor-element-4f05a51 elementor-section-boxed elementor-section-height-default elementor-section-height-default\" data-id=\"4f05a51\" data-element_type=\"section\">\n\t\t\t\t\t\t<div class=\"elementor-container elementor-column-gap-default\">\n\t\t\t\t\t<div class=\"elementor-column elementor-col-100 elementor-top-column elementor-element elementor-element-93d05cd\" data-id=\"93d05cd\" data-element_type=\"column\">\n\t\t\t<div class=\"elementor-widget-wrap elementor-element-populated\">\n\t\t\t\t\t\t<div class=\"elementor-element elementor-element-b49abcd elementor-widget elementor-widget-text-editor\" data-id=\"b49abcd\" data-element_type=\"widget\" data-widget_type=\"text-editor.default\">\n\t\t\t\t<div class=\"elementor-widget-container\">\n\t\t\t\t\t\t\t<h5>\ud83d\udcda A\u00e7\u00f5es de Desenvolvimento<\/h5>\t\t\t\t\t\t<\/div>\n\t\t\t\t<\/div>\n\t\t\t\t\t<\/div>\n\t\t<\/div>\n\t\t\t\t\t<\/div>\n\t\t<\/section>\n\t\t\t\t<section class=\"elementor-section elementor-top-section elementor-element elementor-element-983a230 elementor-section-boxed elementor-section-height-default elementor-section-height-default\" data-id=\"983a230\" data-element_type=\"section\">\n\t\t\t\t\t\t<div class=\"elementor-container elementor-column-gap-default\">\n\t\t\t\t\t<div class=\"elementor-column elementor-col-50 elementor-top-column elementor-element elementor-element-afa1153\" data-id=\"afa1153\" data-element_type=\"column\">\n\t\t\t<div class=\"elementor-widget-wrap elementor-element-populated\">\n\t\t\t\t\t\t<div class=\"elementor-element elementor-element-566404c elementor-invisible elementor-widget elementor-widget-image\" data-id=\"566404c\" data-element_type=\"widget\" data-settings=\"{&quot;_animation&quot;:&quot;fadeIn&quot;}\" data-widget_type=\"image.default\">\n\t\t\t\t<div class=\"elementor-widget-container\">\n\t\t\t\t\t\t\t\t\t\t\t\t\t<img decoding=\"async\" src=\"https:\/\/www.ufsm.br\/app\/uploads\/sites\/341\/elementor\/thumbs\/ped-r1ovucab53sy0rl08zss5li327uhvs0ct694g11yvw.jpg\" title=\"ped\" alt=\"ped\" loading=\"lazy\" \/>\t\t\t\t\t\t\t\t\t\t\t\t\t<\/div>\n\t\t\t\t<\/div>\n\t\t\t\t\t<\/div>\n\t\t<\/div>\n\t\t\t\t<div class=\"elementor-column elementor-col-50 elementor-top-column elementor-element elementor-element-4cfb736\" data-id=\"4cfb736\" data-element_type=\"column\">\n\t\t\t<div class=\"elementor-widget-wrap elementor-element-populated\">\n\t\t\t\t\t\t<div class=\"elementor-element elementor-element-4d749ea elementor-widget elementor-widget-toggle\" data-id=\"4d749ea\" data-element_type=\"widget\" data-widget_type=\"toggle.default\">\n\t\t\t\t<div class=\"elementor-widget-container\">\n\t\t\t\t\t<div class=\"elementor-toggle\">\n\t\t\t\t\t\t\t<div class=\"elementor-toggle-item\">\n\t\t\t\t\t<div id=\"elementor-tab-title-8121\" class=\"elementor-tab-title\" data-tab=\"1\" role=\"button\" aria-controls=\"elementor-tab-content-8121\" aria-expanded=\"false\">\n\t\t\t\t\t\t\t\t\t\t\t\t<span class=\"elementor-toggle-icon elementor-toggle-icon-left\" aria-hidden=\"true\">\n\t\t\t\t\t\t\t\t\t\t\t\t\t\t\t<span class=\"elementor-toggle-icon-closed\"><i class=\"fas fa-caret-right\"><\/i><\/span>\n\t\t\t\t\t\t\t\t<span class=\"elementor-toggle-icon-opened\"><i class=\"elementor-toggle-icon-opened fas fa-caret-up\"><\/i><\/span>\n\t\t\t\t\t\t\t\t\t\t\t\t\t<\/span>\n\t\t\t\t\t\t\t\t\t\t\t\t<a class=\"elementor-toggle-title\" tabindex=\"0\">Curso Gest\u00e3o Pedag\u00f3gica dos Cursos de Gradua\u00e7\u00e3o<\/a>\n\t\t\t\t\t<\/div>\n\n\t\t\t\t\t<div id=\"elementor-tab-content-8121\" class=\"elementor-tab-content elementor-clearfix\" data-tab=\"1\" role=\"region\" aria-labelledby=\"elementor-tab-title-8121\"><div>\n<ul>\n<li><b>Objetivo:\u00a0<\/b>Capacitar os(as) servidores(as) da Institui\u00e7\u00e3o para a gest\u00e3o pedag\u00f3gica dos cursos de gradua\u00e7\u00e3o, no que tange \u00e0s normativas, documentos, processos e fluxos.<\/li>\n<li><b>Carga Hor\u00e1ria: <\/b>20h<\/li>\n<li><b>Periodicidade<\/b>: Anual<\/li>\n<li><b>Modalidade: <\/b>A dist\u00e2ncia (autoinstrucional)\u00a0<\/li>\n<li><b>Temas Abordados:<\/b>\u00a0Projeto Pedag\u00f3gico de Curso, Planos de Ensino, Est\u00e1gios de Gradua\u00e7\u00e3o<\/li>\n<\/ul>\n<\/div><\/div>\n\t\t\t\t<\/div>\n\t\t\t\t\t\t\t\t<\/div>\n\t\t\t\t<\/div>\n\t\t\t\t<\/div>\n\t\t\t\t\t<\/div>\n\t\t<\/div>\n\t\t\t\t\t<\/div>\n\t\t<\/section>\n\t\t\t\t<section class=\"elementor-section elementor-top-section elementor-element elementor-element-e62314e elementor-section-boxed elementor-section-height-default elementor-section-height-default\" data-id=\"e62314e\" data-element_type=\"section\">\n\t\t\t\t\t\t<div class=\"elementor-container elementor-column-gap-default\">\n\t\t\t\t\t<div class=\"elementor-column elementor-col-50 elementor-top-column elementor-element elementor-element-3970bc1\" data-id=\"3970bc1\" data-element_type=\"column\">\n\t\t\t<div class=\"elementor-widget-wrap elementor-element-populated\">\n\t\t\t\t\t\t<div class=\"elementor-element elementor-element-cd7ed02 elementor-invisible elementor-widget elementor-widget-image\" data-id=\"cd7ed02\" data-element_type=\"widget\" data-settings=\"{&quot;_animation&quot;:&quot;fadeIn&quot;}\" data-widget_type=\"image.default\">\n\t\t\t\t<div class=\"elementor-widget-container\">\n\t\t\t\t\t\t\t\t\t\t\t\t\t<img decoding=\"async\" src=\"https:\/\/www.ufsm.br\/app\/uploads\/sites\/341\/elementor\/thumbs\/top-view-young-successful-businessman-white-shirt-working-wooden-table-r1ovuaemrfqddjnqjyzj0lz5vg3rgdsw4wy5hh4r8c.jpg\" title=\"Top view of young successful businessman in white shirt working on wooden table\" alt=\"SSUCv3H4sIAAAAAAAAE22NOw7DMAiG78LsobOvEmUgDk0sIVsCPFSW716oMnb7+F9MOFBrgTyBzmpdKjLkV4LKPNQErfbmwkpQ0OjyAGmk8aJWPk7uPBPbjAxkgAQ6joCV\/mi7V7rdJLEj1M6gN7KSG0JMqPFj271iaON3zbW+\/Ph+vKwAAAA=\" loading=\"lazy\" \/>\t\t\t\t\t\t\t\t\t\t\t\t\t<\/div>\n\t\t\t\t<\/div>\n\t\t\t\t\t<\/div>\n\t\t<\/div>\n\t\t\t\t<div class=\"elementor-column elementor-col-50 elementor-top-column elementor-element elementor-element-bb3e3e9\" data-id=\"bb3e3e9\" data-element_type=\"column\">\n\t\t\t<div class=\"elementor-widget-wrap elementor-element-populated\">\n\t\t\t\t\t\t<div class=\"elementor-element elementor-element-229080a elementor-widget elementor-widget-toggle\" data-id=\"229080a\" data-element_type=\"widget\" data-widget_type=\"toggle.default\">\n\t\t\t\t<div class=\"elementor-widget-container\">\n\t\t\t\t\t<div class=\"elementor-toggle\">\n\t\t\t\t\t\t\t<div class=\"elementor-toggle-item\">\n\t\t\t\t\t<div id=\"elementor-tab-title-3621\" class=\"elementor-tab-title\" data-tab=\"1\" role=\"button\" aria-controls=\"elementor-tab-content-3621\" aria-expanded=\"false\">\n\t\t\t\t\t\t\t\t\t\t\t\t<span class=\"elementor-toggle-icon elementor-toggle-icon-left\" aria-hidden=\"true\">\n\t\t\t\t\t\t\t\t\t\t\t\t\t\t\t<span class=\"elementor-toggle-icon-closed\"><i class=\"fas fa-caret-right\"><\/i><\/span>\n\t\t\t\t\t\t\t\t<span class=\"elementor-toggle-icon-opened\"><i class=\"elementor-toggle-icon-opened fas fa-caret-up\"><\/i><\/span>\n\t\t\t\t\t\t\t\t\t\t\t\t\t<\/span>\n\t\t\t\t\t\t\t\t\t\t\t\t<a class=\"elementor-toggle-title\" tabindex=\"0\">Curso Sistemas de Avalia\u00e7\u00e3o Interna e Externa dos Cursos de Gradua\u00e7\u00e3o<\/a>\n\t\t\t\t\t<\/div>\n\n\t\t\t\t\t<div id=\"elementor-tab-content-3621\" class=\"elementor-tab-content elementor-clearfix\" data-tab=\"1\" role=\"region\" aria-labelledby=\"elementor-tab-title-3621\"><div>\n<ul>\n<li><b>Objetivo: <\/b>capacitar, de uma maneira geral, os(as) servidores(as) da Institui\u00e7\u00e3o para os processos de Avalia\u00e7\u00e3o Institucional que pautam o planejamento e o desenvolvimento das a\u00e7\u00f5es administrativas, acad\u00eamicas e pedag\u00f3gicas na UFSM.<\/li>\n<li><b>Carga Hor\u00e1ria: <\/b>20h<\/li>\n<li><b>Periodicidade<\/b>: Anual<\/li>\n<li><b>Modalidade: <\/b>A dist\u00e2ncia (autoinstrucional)\u00a0<\/li>\n<li><b>Temas Abordados:<\/b>\u00a0Sistema Nacional de Avalia\u00e7\u00e3o da Educa\u00e7\u00e3o Superior; Regula\u00e7\u00e3o e Avalia\u00e7\u00e3o Externa dos Cursos e IES; Exame Nacional de Desempenho dos Estudantes; Avalia\u00e7\u00f5es Internas<\/li>\n<\/ul>\n<\/div><\/div>\n\t\t\t\t<\/div>\n\t\t\t\t\t\t\t\t<\/div>\n\t\t\t\t<\/div>\n\t\t\t\t<\/div>\n\t\t\t\t\t<\/div>\n\t\t<\/div>\n\t\t\t\t\t<\/div>\n\t\t<\/section>\n\t\t\t\t<section class=\"elementor-section elementor-top-section elementor-element elementor-element-6238ea5 elementor-section-boxed elementor-section-height-default elementor-section-height-default\" data-id=\"6238ea5\" data-element_type=\"section\">\n\t\t\t\t\t\t<div class=\"elementor-container elementor-column-gap-default\">\n\t\t\t\t\t<div class=\"elementor-column elementor-col-100 elementor-top-column elementor-element elementor-element-2d0bce1\" data-id=\"2d0bce1\" data-element_type=\"column\">\n\t\t\t<div class=\"elementor-widget-wrap elementor-element-populated\">\n\t\t\t\t\t\t<div class=\"elementor-element elementor-element-58fdaa2 elementor-widget elementor-widget-text-editor\" data-id=\"58fdaa2\" data-element_type=\"widget\" data-widget_type=\"text-editor.default\">\n\t\t\t\t<div class=\"elementor-widget-container\">\n\t\t\t\t\t\t\t<h5>\u270d Inscri\u00e7\u00f5es<\/h5>\t\t\t\t\t\t<\/div>\n\t\t\t\t<\/div>\n\t\t\t\t<div class=\"elementor-element elementor-element-5ca8757 elementor-widget elementor-widget-text-editor\" data-id=\"5ca8757\" data-element_type=\"widget\" data-widget_type=\"text-editor.default\">\n\t\t\t\t<div class=\"elementor-widget-container\">\n\t\t\t\t\t\t\t<ul>\n<li>As capacita\u00e7\u00f5es ofertadas pela PROGEP ter\u00e3o as inscri\u00e7\u00f5es divulgadas ao longo do ano por meio dos canais de comunica\u00e7\u00e3o da PROGEP, elencados abaixo, sendo que as inscri\u00e7\u00f5es poder\u00e3o ser realizadas no <a href=\"https:\/\/portal.ufsm.br\/capacitacao\"><b>Portal de Capacita\u00e7\u00e3o<\/b><\/a>.<\/li>\n<li>Mais informa\u00e7\u00f5es podem ser obtidas com o N\u00facleo de Educa\u00e7\u00e3o e Desenvolvimento pelo e-mail ned@ufsm.br.<\/li>\n<\/ul>\t\t\t\t\t\t<\/div>\n\t\t\t\t<\/div>\n\t\t\t\t\t<\/div>\n\t\t<\/div>\n\t\t\t\t\t<\/div>\n\t\t<\/section>\n\t\t\t\t<section class=\"elementor-section elementor-top-section elementor-element elementor-element-c47034d elementor-section-boxed elementor-section-height-default elementor-section-height-default\" data-id=\"c47034d\" data-element_type=\"section\">\n\t\t\t\t\t\t<div class=\"elementor-container elementor-column-gap-default\">\n\t\t\t\t\t<div class=\"elementor-column elementor-col-100 elementor-top-column elementor-element elementor-element-cdb2adf\" data-id=\"cdb2adf\" data-element_type=\"column\">\n\t\t\t<div class=\"elementor-widget-wrap elementor-element-populated\">\n\t\t\t\t\t\t<div class=\"elementor-element elementor-element-5a5d60a elementor-widget elementor-widget-text-editor\" data-id=\"5a5d60a\" data-element_type=\"widget\" data-widget_type=\"text-editor.default\">\n\t\t\t\t<div class=\"elementor-widget-container\">\n\t\t\t\t\t\t\t<h5>\ud83d\udd17 Acompanhe a PROGEP nas redes sociais<\/h5>\t\t\t\t\t\t<\/div>\n\t\t\t\t<\/div>\n\t\t\t\t<div class=\"elementor-element elementor-element-3e1335c elementor-shape-rounded elementor-grid-0 e-grid-align-center elementor-widget elementor-widget-social-icons\" data-id=\"3e1335c\" data-element_type=\"widget\" data-widget_type=\"social-icons.default\">\n\t\t\t\t<div class=\"elementor-widget-container\">\n\t\t\t\t\t<div class=\"elementor-social-icons-wrapper elementor-grid\">\n\t\t\t\t\t\t\t<span class=\"elementor-grid-item\">\n\t\t\t\t\t<a class=\"elementor-icon elementor-social-icon elementor-social-icon-instagram elementor-repeater-item-9e43b90\" href=\"https:\/\/www.instagram.com\/progepufsm\/\" target=\"_blank\">\n\t\t\t\t\t\t<span class=\"elementor-screen-only\">Instagram<\/span>\n\t\t\t\t\t\t<i class=\"fab fa-instagram\"><\/i>\t\t\t\t\t<\/a>\n\t\t\t\t<\/span>\n\t\t\t\t\t\t\t<span class=\"elementor-grid-item\">\n\t\t\t\t\t<a class=\"elementor-icon elementor-social-icon elementor-social-icon-facebook elementor-repeater-item-7d34dbf\" href=\"https:\/\/www.facebook.com\/progep\" target=\"_blank\">\n\t\t\t\t\t\t<span class=\"elementor-screen-only\">Facebook<\/span>\n\t\t\t\t\t\t<i class=\"fab fa-facebook\"><\/i>\t\t\t\t\t<\/a>\n\t\t\t\t<\/span>\n\t\t\t\t\t\t\t<span class=\"elementor-grid-item\">\n\t\t\t\t\t<a class=\"elementor-icon elementor-social-icon elementor-social-icon-whatsapp elementor-repeater-item-6318e70\" href=\"https:\/\/chat.whatsapp.com\/EzvjRXwjer00Kdhw6rEZq5\" target=\"_blank\">\n\t\t\t\t\t\t<span class=\"elementor-screen-only\">Whatsapp<\/span>\n\t\t\t\t\t\t<i class=\"fab fa-whatsapp\"><\/i>\t\t\t\t\t<\/a>\n\t\t\t\t<\/span>\n\t\t\t\t\t\t\t<span class=\"elementor-grid-item\">\n\t\t\t\t\t<a class=\"elementor-icon elementor-social-icon elementor-social-icon-google elementor-repeater-item-e0b38cc\" href=\"https:\/\/chat.google.com\/room\/AAAA141yFRw?cls=7\" target=\"_blank\">\n\t\t\t\t\t\t<span class=\"elementor-screen-only\">Google<\/span>\n\t\t\t\t\t\t<i class=\"fab fa-google\"><\/i>\t\t\t\t\t<\/a>\n\t\t\t\t<\/span>\n\t\t\t\t\t<\/div>\n\t\t\t\t<\/div>\n\t\t\t\t<\/div>\n\t\t\t\t\t<\/div>\n\t\t<\/div>\n\t\t\t\t\t<\/div>\n\t\t<\/section>\n\t\t\t\t<\/div>\n\t\t","protected":false},"excerpt":{"rendered":"<p>\ud83d\udcc3 Sobre a Trilha A Trilha de Gest\u00e3o de Cursos de Gradua\u00e7\u00e3o tem como objetivo fornecer uma forma\u00e7\u00e3o b\u00e1sica para atua\u00e7\u00e3o nas fun\u00e7\u00f5es de Coordenador e de Secret\u00e1rio de Curso de Gradua\u00e7\u00e3o na Universidade Federal de Santa Maria. As a\u00e7\u00f5es desta trilha s\u00e3o complementares \u00e0 Trilha de Desenvolvimento de Gestores. Dessa forma, Coordenadores e Secret\u00e1rios [&hellip;]<\/p>\n","protected":false},"author":145,"featured_media":0,"parent":0,"menu_order":0,"comment_status":"closed","ping_status":"closed","template":"","meta":{"footnotes":""},"categories":[],"tags":[],"class_list":["post-42090","page","type-page","status-publish","hentry"],"acf":[],"_links":{"self":[{"href":"https:\/\/www.ufsm.br\/pro-reitorias\/progep\/wp-json\/wp\/v2\/pages\/42090","targetHints":{"allow":["GET"]}}],"collection":[{"href":"https:\/\/www.ufsm.br\/pro-reitorias\/progep\/wp-json\/wp\/v2\/pages"}],"about":[{"href":"https:\/\/www.ufsm.br\/pro-reitorias\/progep\/wp-json\/wp\/v2\/types\/page"}],"author":[{"embeddable":true,"href":"https:\/\/www.ufsm.br\/pro-reitorias\/progep\/wp-json\/wp\/v2\/users\/145"}],"replies":[{"embeddable":true,"href":"https:\/\/www.ufsm.br\/pro-reitorias\/progep\/wp-json\/wp\/v2\/comments?post=42090"}],"version-history":[{"count":0,"href":"https:\/\/www.ufsm.br\/pro-reitorias\/progep\/wp-json\/wp\/v2\/pages\/42090\/revisions"}],"wp:attachment":[{"href":"https:\/\/www.ufsm.br\/pro-reitorias\/progep\/wp-json\/wp\/v2\/media?parent=42090"}],"wp:term":[{"taxonomy":"category","embeddable":true,"href":"https:\/\/www.ufsm.br\/pro-reitorias\/progep\/wp-json\/wp\/v2\/categories?post=42090"},{"taxonomy":"post_tag","embeddable":true,"href":"https:\/\/www.ufsm.br\/pro-reitorias\/progep\/wp-json\/wp\/v2\/tags?post=42090"}],"curies":[{"name":"wp","href":"https:\/\/api.w.org\/{rel}","templated":true}]}}