{"id":42635,"date":"2025-04-02T09:18:57","date_gmt":"2025-04-02T12:18:57","guid":{"rendered":"https:\/\/www.ufsm.br\/pro-reitorias\/progep\/?page_id=42635"},"modified":"2025-05-30T11:51:11","modified_gmt":"2025-05-30T14:51:11","slug":"inovacao-na-gestao-publica","status":"publish","type":"page","link":"https:\/\/www.ufsm.br\/pro-reitorias\/progep\/inovacao-na-gestao-publica","title":{"rendered":"Inova\u00e7\u00e3o na Gest\u00e3o P\u00fablica"},"content":{"rendered":"\t\t<div data-elementor-type=\"wp-page\" data-elementor-id=\"42635\" class=\"elementor elementor-42635\">\n\t\t\t\t\t\t<section class=\"elementor-section elementor-top-section elementor-element elementor-element-1867030 elementor-section-boxed elementor-section-height-default elementor-section-height-default\" data-id=\"1867030\" data-element_type=\"section\">\n\t\t\t\t\t\t<div class=\"elementor-container elementor-column-gap-default\">\n\t\t\t\t\t<div class=\"elementor-column elementor-col-33 elementor-top-column elementor-element elementor-element-dba0f6f\" data-id=\"dba0f6f\" data-element_type=\"column\">\n\t\t\t<div class=\"elementor-widget-wrap elementor-element-populated\">\n\t\t\t\t\t\t<div class=\"elementor-element elementor-element-2e1e3ba elementor-widget elementor-widget-image\" data-id=\"2e1e3ba\" data-element_type=\"widget\" data-widget_type=\"image.default\">\n\t\t\t\t<div class=\"elementor-widget-container\">\n\t\t\t\t\t\t\t\t\t\t\t\t\t\t<a href=\"https:\/\/www.ufsm.br\/pro-reitorias\/progep\/inspire-se-repositorio-de-inovacao-na-gestao-publica\" target=\"_blank\">\n\t\t\t\t\t\t\t<img fetchpriority=\"high\" decoding=\"async\" width=\"1024\" height=\"1024\" src=\"https:\/\/www.ufsm.br\/app\/uploads\/sites\/341\/2025\/04\/Imagens-site-Inovacao-na-Gestao-Publica-1-1024x1024.jpg\" class=\"attachment-large size-large wp-image-42646\" alt=\"\" srcset=\"https:\/\/www.ufsm.br\/app\/uploads\/sites\/341\/2025\/04\/Imagens-site-Inovacao-na-Gestao-Publica-1-1024x1024.jpg 1024w, https:\/\/www.ufsm.br\/app\/uploads\/sites\/341\/2025\/04\/Imagens-site-Inovacao-na-Gestao-Publica-1-300x300.jpg 300w, https:\/\/www.ufsm.br\/app\/uploads\/sites\/341\/2025\/04\/Imagens-site-Inovacao-na-Gestao-Publica-1-150x150.jpg 150w, https:\/\/www.ufsm.br\/app\/uploads\/sites\/341\/2025\/04\/Imagens-site-Inovacao-na-Gestao-Publica-1-768x768.jpg 768w, https:\/\/www.ufsm.br\/app\/uploads\/sites\/341\/2025\/04\/Imagens-site-Inovacao-na-Gestao-Publica-1.jpg 1080w\" sizes=\"(max-width: 1024px) 100vw, 1024px\" \/>\t\t\t\t\t\t\t\t<\/a>\n\t\t\t\t\t\t\t\t\t\t\t\t\t<\/div>\n\t\t\t\t<\/div>\n\t\t\t\t<div class=\"elementor-element elementor-element-f6293a0 elementor-widget elementor-widget-heading\" data-id=\"f6293a0\" data-element_type=\"widget\" data-widget_type=\"heading.default\">\n\t\t\t\t<div class=\"elementor-widget-container\">\n\t\t\t<h5 class=\"elementor-heading-title elementor-size-default\"><a href=\"https:\/\/www.ufsm.br\/pro-reitorias\/progep\/inspire-se-repositorio-de-inovacao-na-gestao-publica\" target=\"_blank\">Inspire-se <\/a><\/h5>\t\t<\/div>\n\t\t\t\t<\/div>\n\t\t\t\t\t<\/div>\n\t\t<\/div>\n\t\t\t\t<div class=\"elementor-column elementor-col-33 elementor-top-column elementor-element elementor-element-806f51a\" data-id=\"806f51a\" data-element_type=\"column\">\n\t\t\t<div class=\"elementor-widget-wrap elementor-element-populated\">\n\t\t\t\t\t\t<div class=\"elementor-element elementor-element-c86c3f3 elementor-widget elementor-widget-image\" data-id=\"c86c3f3\" data-element_type=\"widget\" data-widget_type=\"image.default\">\n\t\t\t\t<div class=\"elementor-widget-container\">\n\t\t\t\t\t\t\t\t\t\t\t\t\t\t<a href=\"https:\/\/www.ufsm.br\/pro-reitorias\/progep\/eventos\/2a-semana-de-inovacao-na-gestao-publica-da-ufsm\" target=\"_blank\">\n\t\t\t\t\t\t\t<img decoding=\"async\" width=\"1024\" height=\"1024\" src=\"https:\/\/www.ufsm.br\/app\/uploads\/sites\/341\/2025\/04\/4-1024x1024.jpg\" class=\"attachment-large size-large wp-image-42639\" alt=\"\" srcset=\"https:\/\/www.ufsm.br\/app\/uploads\/sites\/341\/2025\/04\/4-1024x1024.jpg 1024w, https:\/\/www.ufsm.br\/app\/uploads\/sites\/341\/2025\/04\/4-300x300.jpg 300w, https:\/\/www.ufsm.br\/app\/uploads\/sites\/341\/2025\/04\/4-150x150.jpg 150w, https:\/\/www.ufsm.br\/app\/uploads\/sites\/341\/2025\/04\/4-768x768.jpg 768w, https:\/\/www.ufsm.br\/app\/uploads\/sites\/341\/2025\/04\/4.jpg 1080w\" sizes=\"(max-width: 1024px) 100vw, 1024px\" \/>\t\t\t\t\t\t\t\t<\/a>\n\t\t\t\t\t\t\t\t\t\t\t\t\t<\/div>\n\t\t\t\t<\/div>\n\t\t\t\t<div class=\"elementor-element elementor-element-20cae2d elementor-widget elementor-widget-heading\" data-id=\"20cae2d\" data-element_type=\"widget\" data-widget_type=\"heading.default\">\n\t\t\t\t<div class=\"elementor-widget-container\">\n\t\t\t<h5 class=\"elementor-heading-title elementor-size-default\"><a href=\"https:\/\/www.ufsm.br\/pro-reitorias\/progep\/eventos\/2a-semana-de-inovacao-na-gestao-publica-da-ufsm\" target=\"_blank\">2\u00aa Semana de Inova\u00e7\u00e3o na Gest\u00e3o P\u00fablica da UFSM<br>De 27 a 29\/05\/2025\n<br><\/a><\/h5>\t\t<\/div>\n\t\t\t\t<\/div>\n\t\t\t\t\t<\/div>\n\t\t<\/div>\n\t\t\t\t<div class=\"elementor-column elementor-col-33 elementor-top-column elementor-element elementor-element-bb602be\" data-id=\"bb602be\" data-element_type=\"column\">\n\t\t\t<div class=\"elementor-widget-wrap elementor-element-populated\">\n\t\t\t\t\t\t<div class=\"elementor-element elementor-element-c5bc622 elementor-widget elementor-widget-image\" data-id=\"c5bc622\" data-element_type=\"widget\" data-widget_type=\"image.default\">\n\t\t\t\t<div class=\"elementor-widget-container\">\n\t\t\t\t\t\t\t\t\t\t\t\t\t\t<a href=\"https:\/\/www.ufsm.br\/pro-reitorias\/progep\/programa-inovagente-ufsm\" target=\"_blank\">\n\t\t\t\t\t\t\t<img decoding=\"async\" width=\"1024\" height=\"1024\" src=\"https:\/\/www.ufsm.br\/app\/uploads\/sites\/341\/2025\/04\/3-1024x1024.jpg\" class=\"attachment-large size-large wp-image-42642\" alt=\"\" srcset=\"https:\/\/www.ufsm.br\/app\/uploads\/sites\/341\/2025\/04\/3-1024x1024.jpg 1024w, https:\/\/www.ufsm.br\/app\/uploads\/sites\/341\/2025\/04\/3-300x300.jpg 300w, https:\/\/www.ufsm.br\/app\/uploads\/sites\/341\/2025\/04\/3-150x150.jpg 150w, https:\/\/www.ufsm.br\/app\/uploads\/sites\/341\/2025\/04\/3-768x768.jpg 768w, https:\/\/www.ufsm.br\/app\/uploads\/sites\/341\/2025\/04\/3.jpg 1080w\" sizes=\"(max-width: 1024px) 100vw, 1024px\" \/>\t\t\t\t\t\t\t\t<\/a>\n\t\t\t\t\t\t\t\t\t\t\t\t\t<\/div>\n\t\t\t\t<\/div>\n\t\t\t\t<div class=\"elementor-element elementor-element-a09c29b elementor-widget elementor-widget-heading\" data-id=\"a09c29b\" data-element_type=\"widget\" data-widget_type=\"heading.default\">\n\t\t\t\t<div class=\"elementor-widget-container\">\n\t\t\t<h5 class=\"elementor-heading-title elementor-size-default\"><a href=\"https:\/\/www.ufsm.br\/pro-reitorias\/progep\/programa-inovagente-ufsm\" target=\"_blank\">INOVAGENTE UFSM - 2025<\/a><\/h5>\t\t<\/div>\n\t\t\t\t<\/div>\n\t\t\t\t\t<\/div>\n\t\t<\/div>\n\t\t\t\t\t<\/div>\n\t\t<\/section>\n\t\t\t\t<section class=\"elementor-section elementor-top-section elementor-element elementor-element-cfe3cc3 elementor-section-boxed elementor-section-height-default elementor-section-height-default\" data-id=\"cfe3cc3\" data-element_type=\"section\">\n\t\t\t\t\t\t<div class=\"elementor-container elementor-column-gap-default\">\n\t\t\t\t\t<div class=\"elementor-column elementor-col-33 elementor-top-column elementor-element elementor-element-00c9a05\" data-id=\"00c9a05\" data-element_type=\"column\">\n\t\t\t<div class=\"elementor-widget-wrap elementor-element-populated\">\n\t\t\t\t\t\t<div class=\"elementor-element elementor-element-6cc7d6d elementor-widget elementor-widget-image\" data-id=\"6cc7d6d\" data-element_type=\"widget\" data-widget_type=\"image.default\">\n\t\t\t\t<div class=\"elementor-widget-container\">\n\t\t\t\t\t\t\t\t\t\t\t\t\t\t<a href=\"https:\/\/www.ufsm.br\/pro-reitorias\/progep\/eventos\/semana-de-inovacao-na-gestao-publica-da-ufsm\" target=\"_blank\">\n\t\t\t\t\t\t\t<img loading=\"lazy\" decoding=\"async\" width=\"1024\" height=\"1024\" src=\"https:\/\/www.ufsm.br\/app\/uploads\/sites\/341\/2025\/04\/1-1024x1024.jpg\" class=\"attachment-large size-large wp-image-42640\" alt=\"\" srcset=\"https:\/\/www.ufsm.br\/app\/uploads\/sites\/341\/2025\/04\/1-1024x1024.jpg 1024w, https:\/\/www.ufsm.br\/app\/uploads\/sites\/341\/2025\/04\/1-300x300.jpg 300w, https:\/\/www.ufsm.br\/app\/uploads\/sites\/341\/2025\/04\/1-150x150.jpg 150w, https:\/\/www.ufsm.br\/app\/uploads\/sites\/341\/2025\/04\/1-768x768.jpg 768w, https:\/\/www.ufsm.br\/app\/uploads\/sites\/341\/2025\/04\/1.jpg 1080w\" sizes=\"(max-width: 1024px) 100vw, 1024px\" \/>\t\t\t\t\t\t\t\t<\/a>\n\t\t\t\t\t\t\t\t\t\t\t\t\t<\/div>\n\t\t\t\t<\/div>\n\t\t\t\t<div class=\"elementor-element elementor-element-a8b0658 elementor-widget elementor-widget-heading\" data-id=\"a8b0658\" data-element_type=\"widget\" data-widget_type=\"heading.default\">\n\t\t\t\t<div class=\"elementor-widget-container\">\n\t\t\t<h5 class=\"elementor-heading-title elementor-size-default\"><a href=\"https:\/\/www.ufsm.br\/pro-reitorias\/progep\/eventos\/semana-de-inovacao-na-gestao-publica-da-ufsm\" target=\"_blank\">1\u00aa Semana de Inova\u00e7\u00e3o na Gest\u00e3o P\u00fablica da UFSM<\/a><\/h5>\t\t<\/div>\n\t\t\t\t<\/div>\n\t\t\t\t\t<\/div>\n\t\t<\/div>\n\t\t\t\t<div class=\"elementor-column elementor-col-33 elementor-top-column elementor-element elementor-element-2c1c979\" data-id=\"2c1c979\" data-element_type=\"column\">\n\t\t\t<div class=\"elementor-widget-wrap elementor-element-populated\">\n\t\t\t\t\t\t<div class=\"elementor-element elementor-element-c190449 elementor-widget elementor-widget-image\" data-id=\"c190449\" data-element_type=\"widget\" data-widget_type=\"image.default\">\n\t\t\t\t<div class=\"elementor-widget-container\">\n\t\t\t\t\t\t\t\t\t\t\t\t\t\t<a href=\"https:\/\/www.ufsm.br\/pro-reitorias\/progep\/eventos\/concurso-de-inovacao-na-ufsm\" target=\"_blank\">\n\t\t\t\t\t\t\t<img loading=\"lazy\" decoding=\"async\" width=\"1024\" height=\"1024\" src=\"https:\/\/www.ufsm.br\/app\/uploads\/sites\/341\/2025\/04\/1-1024x1024.jpg\" class=\"attachment-large size-large wp-image-42640\" alt=\"\" srcset=\"https:\/\/www.ufsm.br\/app\/uploads\/sites\/341\/2025\/04\/1-1024x1024.jpg 1024w, https:\/\/www.ufsm.br\/app\/uploads\/sites\/341\/2025\/04\/1-300x300.jpg 300w, https:\/\/www.ufsm.br\/app\/uploads\/sites\/341\/2025\/04\/1-150x150.jpg 150w, https:\/\/www.ufsm.br\/app\/uploads\/sites\/341\/2025\/04\/1-768x768.jpg 768w, https:\/\/www.ufsm.br\/app\/uploads\/sites\/341\/2025\/04\/1.jpg 1080w\" sizes=\"(max-width: 1024px) 100vw, 1024px\" \/>\t\t\t\t\t\t\t\t<\/a>\n\t\t\t\t\t\t\t\t\t\t\t\t\t<\/div>\n\t\t\t\t<\/div>\n\t\t\t\t<div class=\"elementor-element elementor-element-e7ec2c3 elementor-widget elementor-widget-heading\" data-id=\"e7ec2c3\" data-element_type=\"widget\" data-widget_type=\"heading.default\">\n\t\t\t\t<div class=\"elementor-widget-container\">\n\t\t\t<h5 class=\"elementor-heading-title elementor-size-default\"><a href=\"https:\/\/www.ufsm.br\/pro-reitorias\/progep\/eventos\/concurso-de-inovacao-na-ufsm\" target=\"_blank\">Concurso de Inova\u00e7\u00e3o na UFSM - 2024<\/a><\/h5>\t\t<\/div>\n\t\t\t\t<\/div>\n\t\t\t\t\t<\/div>\n\t\t<\/div>\n\t\t\t\t<div class=\"elementor-column elementor-col-33 elementor-top-column elementor-element elementor-element-bcfbb97\" data-id=\"bcfbb97\" data-element_type=\"column\">\n\t\t\t<div class=\"elementor-widget-wrap elementor-element-populated\">\n\t\t\t\t\t\t<div class=\"elementor-element elementor-element-67a6e8e elementor-widget elementor-widget-image\" data-id=\"67a6e8e\" data-element_type=\"widget\" data-widget_type=\"image.default\">\n\t\t\t\t<div class=\"elementor-widget-container\">\n\t\t\t\t\t\t\t\t\t\t\t\t\t\t<a href=\"https:\/\/www.ufsm.br\/app\/uploads\/sites\/341\/2025\/04\/E-book_Iniciativas-do-concurso-de-inovacao-PROGEP-UFSM-1.pdf\" target=\"_blank\">\n\t\t\t\t\t\t\t<img loading=\"lazy\" decoding=\"async\" width=\"1024\" height=\"1024\" src=\"https:\/\/www.ufsm.br\/app\/uploads\/sites\/341\/2025\/04\/2-1024x1024.jpg\" class=\"attachment-large size-large wp-image-42641\" alt=\"\" srcset=\"https:\/\/www.ufsm.br\/app\/uploads\/sites\/341\/2025\/04\/2-1024x1024.jpg 1024w, https:\/\/www.ufsm.br\/app\/uploads\/sites\/341\/2025\/04\/2-300x300.jpg 300w, https:\/\/www.ufsm.br\/app\/uploads\/sites\/341\/2025\/04\/2-150x150.jpg 150w, https:\/\/www.ufsm.br\/app\/uploads\/sites\/341\/2025\/04\/2-768x768.jpg 768w, https:\/\/www.ufsm.br\/app\/uploads\/sites\/341\/2025\/04\/2.jpg 1080w\" sizes=\"(max-width: 1024px) 100vw, 1024px\" \/>\t\t\t\t\t\t\t\t<\/a>\n\t\t\t\t\t\t\t\t\t\t\t\t\t<\/div>\n\t\t\t\t<\/div>\n\t\t\t\t<div class=\"elementor-element elementor-element-caecec2 elementor-widget elementor-widget-heading\" data-id=\"caecec2\" data-element_type=\"widget\" data-widget_type=\"heading.default\">\n\t\t\t\t<div class=\"elementor-widget-container\">\n\t\t\t<h5 class=\"elementor-heading-title elementor-size-default\"><a href=\"https:\/\/www.ufsm.br\/app\/uploads\/sites\/341\/2025\/04\/E-book_Iniciativas-do-concurso-de-inovacao-PROGEP-UFSM-1.pdf\" target=\"_blank\">E-book das iniciativas do Concurso de Inova\u00e7\u00e3o na UFSM<\/a><\/h5>\t\t<\/div>\n\t\t\t\t<\/div>\n\t\t\t\t\t<\/div>\n\t\t<\/div>\n\t\t\t\t\t<\/div>\n\t\t<\/section>\n\t\t\t\t<\/div>\n\t\t","protected":false},"excerpt":{"rendered":"<p>Inspire-se 2\u00aa Semana de Inova\u00e7\u00e3o na Gest\u00e3o P\u00fablica da UFSMDe 27 a 29\/05\/2025 INOVAGENTE UFSM &#8211; 2025 1\u00aa Semana de Inova\u00e7\u00e3o na Gest\u00e3o P\u00fablica da UFSM Concurso de Inova\u00e7\u00e3o na UFSM &#8211; 2024 E-book das iniciativas do Concurso de Inova\u00e7\u00e3o na UFSM<\/p>\n","protected":false},"author":145,"featured_media":0,"parent":0,"menu_order":0,"comment_status":"closed","ping_status":"closed","template":"","meta":{"footnotes":""},"categories":[],"tags":[],"class_list":["post-42635","page","type-page","status-publish","hentry"],"acf":[],"_links":{"self":[{"href":"https:\/\/www.ufsm.br\/pro-reitorias\/progep\/wp-json\/wp\/v2\/pages\/42635","targetHints":{"allow":["GET"]}}],"collection":[{"href":"https:\/\/www.ufsm.br\/pro-reitorias\/progep\/wp-json\/wp\/v2\/pages"}],"about":[{"href":"https:\/\/www.ufsm.br\/pro-reitorias\/progep\/wp-json\/wp\/v2\/types\/page"}],"author":[{"embeddable":true,"href":"https:\/\/www.ufsm.br\/pro-reitorias\/progep\/wp-json\/wp\/v2\/users\/145"}],"replies":[{"embeddable":true,"href":"https:\/\/www.ufsm.br\/pro-reitorias\/progep\/wp-json\/wp\/v2\/comments?post=42635"}],"version-history":[{"count":0,"href":"https:\/\/www.ufsm.br\/pro-reitorias\/progep\/wp-json\/wp\/v2\/pages\/42635\/revisions"}],"wp:attachment":[{"href":"https:\/\/www.ufsm.br\/pro-reitorias\/progep\/wp-json\/wp\/v2\/media?parent=42635"}],"wp:term":[{"taxonomy":"category","embeddable":true,"href":"https:\/\/www.ufsm.br\/pro-reitorias\/progep\/wp-json\/wp\/v2\/categories?post=42635"},{"taxonomy":"post_tag","embeddable":true,"href":"https:\/\/www.ufsm.br\/pro-reitorias\/progep\/wp-json\/wp\/v2\/tags?post=42635"}],"curies":[{"name":"wp","href":"https:\/\/api.w.org\/{rel}","templated":true}]}}