{"id":42944,"date":"2025-04-30T13:58:10","date_gmt":"2025-04-30T16:58:10","guid":{"rendered":"https:\/\/www.ufsm.br\/pro-reitorias\/progep\/?page_id=42944"},"modified":"2025-05-19T14:58:21","modified_gmt":"2025-05-19T17:58:21","slug":"trilha-de-planejamento-ensino","status":"publish","type":"page","link":"https:\/\/www.ufsm.br\/pro-reitorias\/progep\/trilha-de-planejamento-ensino","title":{"rendered":"Trilha de Planejamento dos Processos de Ensino e Aprendizagem"},"content":{"rendered":"\t\t<div data-elementor-type=\"wp-page\" data-elementor-id=\"42944\" class=\"elementor elementor-42944\">\n\t\t\t\t\t\t<section class=\"elementor-section elementor-top-section elementor-element elementor-element-ae782e6 elementor-section-boxed elementor-section-height-default elementor-section-height-default\" data-id=\"ae782e6\" data-element_type=\"section\">\n\t\t\t\t\t\t<div class=\"elementor-container elementor-column-gap-default\">\n\t\t\t\t\t<div class=\"elementor-column elementor-col-100 elementor-top-column elementor-element elementor-element-2827f45\" data-id=\"2827f45\" data-element_type=\"column\">\n\t\t\t<div class=\"elementor-widget-wrap elementor-element-populated\">\n\t\t\t\t\t\t<div class=\"elementor-element elementor-element-5011fda elementor-widget elementor-widget-text-editor\" data-id=\"5011fda\" data-element_type=\"widget\" data-widget_type=\"text-editor.default\">\n\t\t\t\t<div class=\"elementor-widget-container\">\n\t\t\t\t\t\t\t<h5>\ud83d\udcc3 Sobre a Trilha<\/h5>\t\t\t\t\t\t<\/div>\n\t\t\t\t<\/div>\n\t\t\t\t<div class=\"elementor-element elementor-element-663dc03 elementor-widget elementor-widget-text-editor\" data-id=\"663dc03\" data-element_type=\"widget\" data-widget_type=\"text-editor.default\">\n\t\t\t\t<div class=\"elementor-widget-container\">\n\t\t\t\t\t\t\t<p>A <strong>Trilha de Planejamento dos Processos de Ensino e Aprendizagem<\/strong> tem como objetivo\u00a0<span style=\"color: #1c1c1c;font-size: 16px\">fortalecer\u00a0 a forma\u00e7\u00e3o continuada dos docentes da UFSM, incentivando\u00a0 ado\u00e7\u00e3o de pr\u00e1ticas pedag\u00f3gicas inovadoras, alinhadas \u00e0s metodologias ativas, tecnologias educacionais, inclus\u00e3o e processos avaliativos.<\/span><\/p>\n<p><!-- wp:tadv\/classic-paragraph \/--><\/p>\t\t\t\t\t\t<\/div>\n\t\t\t\t<\/div>\n\t\t\t\t\t<\/div>\n\t\t<\/div>\n\t\t\t\t\t<\/div>\n\t\t<\/section>\n\t\t\t\t<section class=\"elementor-section elementor-top-section elementor-element elementor-element-370d127 elementor-section-boxed elementor-section-height-default elementor-section-height-default\" data-id=\"370d127\" data-element_type=\"section\">\n\t\t\t\t\t\t<div class=\"elementor-container elementor-column-gap-default\">\n\t\t\t\t\t<div class=\"elementor-column elementor-col-100 elementor-top-column elementor-element elementor-element-2947ca6\" data-id=\"2947ca6\" data-element_type=\"column\">\n\t\t\t<div class=\"elementor-widget-wrap elementor-element-populated\">\n\t\t\t\t\t\t<div class=\"elementor-element elementor-element-74b508d elementor-widget elementor-widget-text-editor\" data-id=\"74b508d\" data-element_type=\"widget\" data-widget_type=\"text-editor.default\">\n\t\t\t\t<div class=\"elementor-widget-container\">\n\t\t\t\t\t\t\t<h5>\ud83d\udcda A\u00e7\u00f5es de Desenvolvimento<\/h5>\t\t\t\t\t\t<\/div>\n\t\t\t\t<\/div>\n\t\t\t\t\t<\/div>\n\t\t<\/div>\n\t\t\t\t\t<\/div>\n\t\t<\/section>\n\t\t\t\t<section class=\"elementor-section elementor-top-section elementor-element elementor-element-98cfd5c elementor-section-boxed elementor-section-height-default elementor-section-height-default\" data-id=\"98cfd5c\" data-element_type=\"section\">\n\t\t\t\t\t\t<div class=\"elementor-container elementor-column-gap-default\">\n\t\t\t\t\t<div class=\"elementor-column elementor-col-50 elementor-top-column elementor-element elementor-element-acdd7a7\" data-id=\"acdd7a7\" data-element_type=\"column\">\n\t\t\t<div class=\"elementor-widget-wrap elementor-element-populated\">\n\t\t\t\t\t\t<div class=\"elementor-element elementor-element-53a1bac elementor-invisible elementor-widget elementor-widget-image\" data-id=\"53a1bac\" data-element_type=\"widget\" data-settings=\"{&quot;_animation&quot;:&quot;fadeIn&quot;}\" data-widget_type=\"image.default\">\n\t\t\t\t<div class=\"elementor-widget-container\">\n\t\t\t\t\t\t\t\t\t\t\t\t\t<img fetchpriority=\"high\" decoding=\"async\" width=\"859\" height=\"687\" src=\"https:\/\/www.ufsm.br\/app\/uploads\/sites\/341\/2025\/05\/metodologias.jpg\" class=\"attachment-full size-full wp-image-43093\" alt=\"\" srcset=\"https:\/\/www.ufsm.br\/app\/uploads\/sites\/341\/2025\/05\/metodologias.jpg 859w, https:\/\/www.ufsm.br\/app\/uploads\/sites\/341\/2025\/05\/metodologias-300x240.jpg 300w, https:\/\/www.ufsm.br\/app\/uploads\/sites\/341\/2025\/05\/metodologias-768x614.jpg 768w\" sizes=\"(max-width: 859px) 100vw, 859px\" \/>\t\t\t\t\t\t\t\t\t\t\t\t\t<\/div>\n\t\t\t\t<\/div>\n\t\t\t\t\t<\/div>\n\t\t<\/div>\n\t\t\t\t<div class=\"elementor-column elementor-col-50 elementor-top-column elementor-element elementor-element-607fed3\" data-id=\"607fed3\" data-element_type=\"column\">\n\t\t\t<div class=\"elementor-widget-wrap elementor-element-populated\">\n\t\t\t\t\t\t<div class=\"elementor-element elementor-element-938caf4 elementor-widget elementor-widget-toggle\" data-id=\"938caf4\" data-element_type=\"widget\" data-widget_type=\"toggle.default\">\n\t\t\t\t<div class=\"elementor-widget-container\">\n\t\t\t\t\t<div class=\"elementor-toggle\">\n\t\t\t\t\t\t\t<div class=\"elementor-toggle-item\">\n\t\t\t\t\t<div id=\"elementor-tab-title-1541\" class=\"elementor-tab-title\" data-tab=\"1\" role=\"button\" aria-controls=\"elementor-tab-content-1541\" aria-expanded=\"false\">\n\t\t\t\t\t\t\t\t\t\t\t\t<span class=\"elementor-toggle-icon elementor-toggle-icon-left\" aria-hidden=\"true\">\n\t\t\t\t\t\t\t\t\t\t\t\t\t\t\t<span class=\"elementor-toggle-icon-closed\"><i class=\"fas fa-caret-right\"><\/i><\/span>\n\t\t\t\t\t\t\t\t<span class=\"elementor-toggle-icon-opened\"><i class=\"elementor-toggle-icon-opened fas fa-caret-up\"><\/i><\/span>\n\t\t\t\t\t\t\t\t\t\t\t\t\t<\/span>\n\t\t\t\t\t\t\t\t\t\t\t\t<a class=\"elementor-toggle-title\" tabindex=\"0\">Metodologias Ativas e Tecnologias Educacionais<\/a>\n\t\t\t\t\t<\/div>\n\n\t\t\t\t\t<div id=\"elementor-tab-content-1541\" class=\"elementor-tab-content elementor-clearfix\" data-tab=\"1\" role=\"region\" aria-labelledby=\"elementor-tab-title-1541\"><div>\n<ul>\n<li><b>Objetivo: <\/b>apoiar a forma\u00e7\u00e3o de educadores, por meio da apresenta\u00e7\u00e3o de<br \/>conceitos e pr\u00e1ticas sobre metodologias de aprendizagem ativa, integrando<br \/>tecnologias educacionais para promover a inova\u00e7\u00e3o no ensino.<\/li>\n<li><b>Carga Hor\u00e1ria: <\/b>60h<\/li>\n<li><b>Periodicidade<\/b>: Semestral<\/li>\n<li><b>Modalidade: <\/b>A dist\u00e2ncia (autoinstrucional)\u00a0<\/li>\n<li><b>Temas Abordados:<\/b> Introdu\u00e7\u00e3o e Conceitos sobre Metodologias de Aprendizagem Ativas e Tecnologias Educacionais; Sala de Aula Invertida; Mapas conceituais; Resolu\u00e7\u00e3o de Problemas e Ensino por Investiga\u00e7\u00e3o; Design Thinking; Jogos Educacionais; Estrat\u00e9gias de Gamifica\u00e7\u00e3o; Aprendizagem entre Pares; Estudo de Caso; Aprendizagem Maker; e Storytelling.<\/li>\n<li>Acesso pelo\u00a0<a style=\"font-size: 16px;color: #204c90;font-style: italic\" href=\"https:\/\/portal.ufsm.br\/capacitacao\">Portal de Capacita\u00e7\u00e3o<\/a>\u00a0<\/li>\n<\/ul>\n<\/div><\/div>\n\t\t\t\t<\/div>\n\t\t\t\t\t\t\t\t<\/div>\n\t\t\t\t<\/div>\n\t\t\t\t<\/div>\n\t\t\t\t\t<\/div>\n\t\t<\/div>\n\t\t\t\t\t<\/div>\n\t\t<\/section>\n\t\t\t\t<section class=\"elementor-section elementor-top-section elementor-element elementor-element-c93d881 elementor-section-boxed elementor-section-height-default elementor-section-height-default\" data-id=\"c93d881\" data-element_type=\"section\">\n\t\t\t\t\t\t<div class=\"elementor-container elementor-column-gap-default\">\n\t\t\t\t\t<div class=\"elementor-column elementor-col-50 elementor-top-column elementor-element elementor-element-a85200d\" data-id=\"a85200d\" data-element_type=\"column\">\n\t\t\t<div class=\"elementor-widget-wrap elementor-element-populated\">\n\t\t\t\t\t\t<div class=\"elementor-element elementor-element-990093f elementor-invisible elementor-widget elementor-widget-image\" data-id=\"990093f\" data-element_type=\"widget\" data-settings=\"{&quot;_animation&quot;:&quot;fadeIn&quot;}\" data-widget_type=\"image.default\">\n\t\t\t\t<div class=\"elementor-widget-container\">\n\t\t\t\t\t\t\t\t\t\t\t\t\t<img decoding=\"async\" width=\"1920\" height=\"1536\" src=\"https:\/\/www.ufsm.br\/app\/uploads\/sites\/341\/2025\/05\/avaliacao.jpg\" class=\"attachment-full size-full wp-image-43092\" alt=\"\" srcset=\"https:\/\/www.ufsm.br\/app\/uploads\/sites\/341\/2025\/05\/avaliacao.jpg 1920w, https:\/\/www.ufsm.br\/app\/uploads\/sites\/341\/2025\/05\/avaliacao-300x240.jpg 300w, https:\/\/www.ufsm.br\/app\/uploads\/sites\/341\/2025\/05\/avaliacao-1024x819.jpg 1024w, https:\/\/www.ufsm.br\/app\/uploads\/sites\/341\/2025\/05\/avaliacao-768x614.jpg 768w, https:\/\/www.ufsm.br\/app\/uploads\/sites\/341\/2025\/05\/avaliacao-1536x1229.jpg 1536w\" sizes=\"(max-width: 1920px) 100vw, 1920px\" \/>\t\t\t\t\t\t\t\t\t\t\t\t\t<\/div>\n\t\t\t\t<\/div>\n\t\t\t\t\t<\/div>\n\t\t<\/div>\n\t\t\t\t<div class=\"elementor-column elementor-col-50 elementor-top-column elementor-element elementor-element-f1aca18\" data-id=\"f1aca18\" data-element_type=\"column\">\n\t\t\t<div class=\"elementor-widget-wrap elementor-element-populated\">\n\t\t\t\t\t\t<div class=\"elementor-element elementor-element-d13d957 elementor-widget elementor-widget-toggle\" data-id=\"d13d957\" data-element_type=\"widget\" data-widget_type=\"toggle.default\">\n\t\t\t\t<div class=\"elementor-widget-container\">\n\t\t\t\t\t<div class=\"elementor-toggle\">\n\t\t\t\t\t\t\t<div class=\"elementor-toggle-item\">\n\t\t\t\t\t<div id=\"elementor-tab-title-2191\" class=\"elementor-tab-title\" data-tab=\"1\" role=\"button\" aria-controls=\"elementor-tab-content-2191\" aria-expanded=\"false\">\n\t\t\t\t\t\t\t\t\t\t\t\t<span class=\"elementor-toggle-icon elementor-toggle-icon-left\" aria-hidden=\"true\">\n\t\t\t\t\t\t\t\t\t\t\t\t\t\t\t<span class=\"elementor-toggle-icon-closed\"><i class=\"fas fa-caret-right\"><\/i><\/span>\n\t\t\t\t\t\t\t\t<span class=\"elementor-toggle-icon-opened\"><i class=\"elementor-toggle-icon-opened fas fa-caret-up\"><\/i><\/span>\n\t\t\t\t\t\t\t\t\t\t\t\t\t<\/span>\n\t\t\t\t\t\t\t\t\t\t\t\t<a class=\"elementor-toggle-title\" tabindex=\"0\">Avalia\u00e7\u00e3o Educacional no Processo de Ensino e Aprendizagem - Em breve!<\/a>\n\t\t\t\t\t<\/div>\n\n\t\t\t\t\t<div id=\"elementor-tab-content-2191\" class=\"elementor-tab-content elementor-clearfix\" data-tab=\"1\" role=\"region\" aria-labelledby=\"elementor-tab-title-2191\"><\/div>\n\t\t\t\t<\/div>\n\t\t\t\t\t\t\t\t<\/div>\n\t\t\t\t<\/div>\n\t\t\t\t<\/div>\n\t\t\t\t\t<\/div>\n\t\t<\/div>\n\t\t\t\t\t<\/div>\n\t\t<\/section>\n\t\t\t\t<section class=\"elementor-section elementor-top-section elementor-element elementor-element-a435248 elementor-section-boxed elementor-section-height-default elementor-section-height-default\" data-id=\"a435248\" data-element_type=\"section\">\n\t\t\t\t\t\t<div class=\"elementor-container elementor-column-gap-default\">\n\t\t\t\t\t<div class=\"elementor-column elementor-col-50 elementor-top-column elementor-element elementor-element-9950b19\" data-id=\"9950b19\" data-element_type=\"column\">\n\t\t\t<div class=\"elementor-widget-wrap elementor-element-populated\">\n\t\t\t\t\t\t<div class=\"elementor-element elementor-element-7b834e8 elementor-invisible elementor-widget elementor-widget-image\" data-id=\"7b834e8\" data-element_type=\"widget\" data-settings=\"{&quot;_animation&quot;:&quot;fadeIn&quot;}\" data-widget_type=\"image.default\">\n\t\t\t\t<div class=\"elementor-widget-container\">\n\t\t\t\t\t\t\t\t\t\t\t\t\t<img decoding=\"async\" width=\"822\" height=\"657\" src=\"https:\/\/www.ufsm.br\/app\/uploads\/sites\/341\/2025\/05\/educacao-inclusiva.jpg\" class=\"attachment-full size-full wp-image-43094\" alt=\"\" srcset=\"https:\/\/www.ufsm.br\/app\/uploads\/sites\/341\/2025\/05\/educacao-inclusiva.jpg 822w, https:\/\/www.ufsm.br\/app\/uploads\/sites\/341\/2025\/05\/educacao-inclusiva-300x240.jpg 300w, https:\/\/www.ufsm.br\/app\/uploads\/sites\/341\/2025\/05\/educacao-inclusiva-768x614.jpg 768w\" sizes=\"(max-width: 822px) 100vw, 822px\" \/>\t\t\t\t\t\t\t\t\t\t\t\t\t<\/div>\n\t\t\t\t<\/div>\n\t\t\t\t\t<\/div>\n\t\t<\/div>\n\t\t\t\t<div class=\"elementor-column elementor-col-50 elementor-top-column elementor-element elementor-element-19335df\" data-id=\"19335df\" data-element_type=\"column\">\n\t\t\t<div class=\"elementor-widget-wrap elementor-element-populated\">\n\t\t\t\t\t\t<div class=\"elementor-element elementor-element-6ba3561 elementor-widget elementor-widget-toggle\" data-id=\"6ba3561\" data-element_type=\"widget\" data-widget_type=\"toggle.default\">\n\t\t\t\t<div class=\"elementor-widget-container\">\n\t\t\t\t\t<div class=\"elementor-toggle\">\n\t\t\t\t\t\t\t<div class=\"elementor-toggle-item\">\n\t\t\t\t\t<div id=\"elementor-tab-title-1121\" class=\"elementor-tab-title\" data-tab=\"1\" role=\"button\" aria-controls=\"elementor-tab-content-1121\" aria-expanded=\"false\">\n\t\t\t\t\t\t\t\t\t\t\t\t<span class=\"elementor-toggle-icon elementor-toggle-icon-left\" aria-hidden=\"true\">\n\t\t\t\t\t\t\t\t\t\t\t\t\t\t\t<span class=\"elementor-toggle-icon-closed\"><i class=\"fas fa-caret-right\"><\/i><\/span>\n\t\t\t\t\t\t\t\t<span class=\"elementor-toggle-icon-opened\"><i class=\"elementor-toggle-icon-opened fas fa-caret-up\"><\/i><\/span>\n\t\t\t\t\t\t\t\t\t\t\t\t\t<\/span>\n\t\t\t\t\t\t\t\t\t\t\t\t<a class=\"elementor-toggle-title\" tabindex=\"0\">Inclus\u00e3o Educacional - Em breve!<\/a>\n\t\t\t\t\t<\/div>\n\n\t\t\t\t\t<div id=\"elementor-tab-content-1121\" class=\"elementor-tab-content elementor-clearfix\" data-tab=\"1\" role=\"region\" aria-labelledby=\"elementor-tab-title-1121\"><\/div>\n\t\t\t\t<\/div>\n\t\t\t\t\t\t\t\t<\/div>\n\t\t\t\t<\/div>\n\t\t\t\t<\/div>\n\t\t\t\t\t<\/div>\n\t\t<\/div>\n\t\t\t\t\t<\/div>\n\t\t<\/section>\n\t\t\t\t<section class=\"elementor-section elementor-top-section elementor-element elementor-element-61533e5 elementor-section-boxed elementor-section-height-default elementor-section-height-default\" data-id=\"61533e5\" data-element_type=\"section\">\n\t\t\t\t\t\t<div class=\"elementor-container elementor-column-gap-default\">\n\t\t\t\t\t<div class=\"elementor-column elementor-col-100 elementor-top-column elementor-element elementor-element-fe9c7e1\" data-id=\"fe9c7e1\" data-element_type=\"column\">\n\t\t\t<div class=\"elementor-widget-wrap elementor-element-populated\">\n\t\t\t\t\t\t<div class=\"elementor-element elementor-element-42d9cbb elementor-widget elementor-widget-text-editor\" data-id=\"42d9cbb\" data-element_type=\"widget\" data-widget_type=\"text-editor.default\">\n\t\t\t\t<div class=\"elementor-widget-container\">\n\t\t\t\t\t\t\t<h5>\u270d Inscri\u00e7\u00f5es<\/h5>\t\t\t\t\t\t<\/div>\n\t\t\t\t<\/div>\n\t\t\t\t<div class=\"elementor-element elementor-element-654a83b elementor-widget elementor-widget-text-editor\" data-id=\"654a83b\" data-element_type=\"widget\" data-widget_type=\"text-editor.default\">\n\t\t\t\t<div class=\"elementor-widget-container\">\n\t\t\t\t\t\t\t<ul><li>As capacita\u00e7\u00f5es ofertadas pela PROGEP ter\u00e3o as inscri\u00e7\u00f5es divulgadas ao longo do ano por meio dos canais de comunica\u00e7\u00e3o da PROGEP, elencados abaixo, sendo que as inscri\u00e7\u00f5es poder\u00e3o ser realizadas no <a href=\"https:\/\/portal.ufsm.br\/capacitacao\"><b>Portal de Capacita\u00e7\u00e3o<\/b><\/a>.<\/li><li>Mais informa\u00e7\u00f5es podem ser obtidas com o N\u00facleo de Educa\u00e7\u00e3o e Desenvolvimento pelo e-mail ned@ufsm.br.<\/li><\/ul>\t\t\t\t\t\t<\/div>\n\t\t\t\t<\/div>\n\t\t\t\t\t<\/div>\n\t\t<\/div>\n\t\t\t\t\t<\/div>\n\t\t<\/section>\n\t\t\t\t<section class=\"elementor-section elementor-top-section elementor-element elementor-element-4473319 elementor-section-boxed elementor-section-height-default elementor-section-height-default\" data-id=\"4473319\" data-element_type=\"section\">\n\t\t\t\t\t\t<div class=\"elementor-container elementor-column-gap-default\">\n\t\t\t\t\t<div class=\"elementor-column elementor-col-100 elementor-top-column elementor-element elementor-element-5e18f7e\" data-id=\"5e18f7e\" data-element_type=\"column\">\n\t\t\t<div class=\"elementor-widget-wrap elementor-element-populated\">\n\t\t\t\t\t\t<div class=\"elementor-element elementor-element-2623a47 elementor-widget elementor-widget-text-editor\" data-id=\"2623a47\" data-element_type=\"widget\" data-widget_type=\"text-editor.default\">\n\t\t\t\t<div class=\"elementor-widget-container\">\n\t\t\t\t\t\t\t<h5>\ud83d\udd17 Acompanhe a PROGEP nas redes sociais<\/h5>\t\t\t\t\t\t<\/div>\n\t\t\t\t<\/div>\n\t\t\t\t<div class=\"elementor-element elementor-element-822917f elementor-shape-rounded elementor-grid-0 e-grid-align-center elementor-widget elementor-widget-social-icons\" data-id=\"822917f\" data-element_type=\"widget\" data-widget_type=\"social-icons.default\">\n\t\t\t\t<div class=\"elementor-widget-container\">\n\t\t\t\t\t<div class=\"elementor-social-icons-wrapper elementor-grid\">\n\t\t\t\t\t\t\t<span class=\"elementor-grid-item\">\n\t\t\t\t\t<a class=\"elementor-icon elementor-social-icon elementor-social-icon-instagram elementor-repeater-item-9e43b90\" href=\"https:\/\/www.instagram.com\/progepufsm\/\" target=\"_blank\">\n\t\t\t\t\t\t<span class=\"elementor-screen-only\">Instagram<\/span>\n\t\t\t\t\t\t<i class=\"fab fa-instagram\"><\/i>\t\t\t\t\t<\/a>\n\t\t\t\t<\/span>\n\t\t\t\t\t\t\t<span class=\"elementor-grid-item\">\n\t\t\t\t\t<a class=\"elementor-icon elementor-social-icon elementor-social-icon-facebook elementor-repeater-item-7d34dbf\" href=\"https:\/\/www.facebook.com\/progep\" target=\"_blank\">\n\t\t\t\t\t\t<span class=\"elementor-screen-only\">Facebook<\/span>\n\t\t\t\t\t\t<i class=\"fab fa-facebook\"><\/i>\t\t\t\t\t<\/a>\n\t\t\t\t<\/span>\n\t\t\t\t\t\t\t<span class=\"elementor-grid-item\">\n\t\t\t\t\t<a class=\"elementor-icon elementor-social-icon elementor-social-icon-whatsapp elementor-repeater-item-6318e70\" href=\"https:\/\/chat.whatsapp.com\/EzvjRXwjer00Kdhw6rEZq5\" target=\"_blank\">\n\t\t\t\t\t\t<span class=\"elementor-screen-only\">Whatsapp<\/span>\n\t\t\t\t\t\t<i class=\"fab fa-whatsapp\"><\/i>\t\t\t\t\t<\/a>\n\t\t\t\t<\/span>\n\t\t\t\t\t\t\t<span class=\"elementor-grid-item\">\n\t\t\t\t\t<a class=\"elementor-icon elementor-social-icon elementor-social-icon-google elementor-repeater-item-e0b38cc\" href=\"https:\/\/chat.google.com\/room\/AAAA141yFRw?cls=7\" target=\"_blank\">\n\t\t\t\t\t\t<span class=\"elementor-screen-only\">Google<\/span>\n\t\t\t\t\t\t<i class=\"fab fa-google\"><\/i>\t\t\t\t\t<\/a>\n\t\t\t\t<\/span>\n\t\t\t\t\t<\/div>\n\t\t\t\t<\/div>\n\t\t\t\t<\/div>\n\t\t\t\t\t<\/div>\n\t\t<\/div>\n\t\t\t\t\t<\/div>\n\t\t<\/section>\n\t\t\t\t<\/div>\n\t\t","protected":false},"excerpt":{"rendered":"<p>\ud83d\udcc3 Sobre a Trilha A Trilha de Planejamento dos Processos de Ensino e Aprendizagem tem como objetivo\u00a0fortalecer\u00a0 a forma\u00e7\u00e3o continuada dos docentes da UFSM, incentivando\u00a0 ado\u00e7\u00e3o de pr\u00e1ticas pedag\u00f3gicas inovadoras, alinhadas \u00e0s metodologias ativas, tecnologias educacionais, inclus\u00e3o e processos avaliativos. \ud83d\udcda A\u00e7\u00f5es de Desenvolvimento Metodologias Ativas e Tecnologias Educacionais Objetivo: apoiar a forma\u00e7\u00e3o de educadores, [&hellip;]<\/p>\n","protected":false},"author":8192,"featured_media":0,"parent":0,"menu_order":0,"comment_status":"closed","ping_status":"closed","template":"","meta":{"footnotes":""},"categories":[],"tags":[],"class_list":["post-42944","page","type-page","status-publish","hentry"],"acf":[],"_links":{"self":[{"href":"https:\/\/www.ufsm.br\/pro-reitorias\/progep\/wp-json\/wp\/v2\/pages\/42944","targetHints":{"allow":["GET"]}}],"collection":[{"href":"https:\/\/www.ufsm.br\/pro-reitorias\/progep\/wp-json\/wp\/v2\/pages"}],"about":[{"href":"https:\/\/www.ufsm.br\/pro-reitorias\/progep\/wp-json\/wp\/v2\/types\/page"}],"author":[{"embeddable":true,"href":"https:\/\/www.ufsm.br\/pro-reitorias\/progep\/wp-json\/wp\/v2\/users\/8192"}],"replies":[{"embeddable":true,"href":"https:\/\/www.ufsm.br\/pro-reitorias\/progep\/wp-json\/wp\/v2\/comments?post=42944"}],"version-history":[{"count":0,"href":"https:\/\/www.ufsm.br\/pro-reitorias\/progep\/wp-json\/wp\/v2\/pages\/42944\/revisions"}],"wp:attachment":[{"href":"https:\/\/www.ufsm.br\/pro-reitorias\/progep\/wp-json\/wp\/v2\/media?parent=42944"}],"wp:term":[{"taxonomy":"category","embeddable":true,"href":"https:\/\/www.ufsm.br\/pro-reitorias\/progep\/wp-json\/wp\/v2\/categories?post=42944"},{"taxonomy":"post_tag","embeddable":true,"href":"https:\/\/www.ufsm.br\/pro-reitorias\/progep\/wp-json\/wp\/v2\/tags?post=42944"}],"curies":[{"name":"wp","href":"https:\/\/api.w.org\/{rel}","templated":true}]}}