{"id":43733,"date":"2025-07-08T12:14:09","date_gmt":"2025-07-08T15:14:09","guid":{"rendered":"https:\/\/www.ufsm.br\/pro-reitorias\/progep\/?page_id=43733"},"modified":"2025-07-08T17:08:29","modified_gmt":"2025-07-08T20:08:29","slug":"distribuicao-de-vagas-de-assistente-em-administracao-2023-2025","status":"publish","type":"page","link":"https:\/\/www.ufsm.br\/pro-reitorias\/progep\/distribuicao-de-vagas-de-assistente-em-administracao-2023-2025","title":{"rendered":"Distribui\u00e7\u00e3o de vagas de assistente em administra\u00e7\u00e3o 2023-2025 \u200b"},"content":{"rendered":"\t\t<div data-elementor-type=\"wp-page\" data-elementor-id=\"43733\" class=\"elementor elementor-43733\">\n\t\t\t\t\t\t<section class=\"elementor-section elementor-top-section elementor-element elementor-element-ccc6388 elementor-section-boxed elementor-section-height-default elementor-section-height-default\" data-id=\"ccc6388\" data-element_type=\"section\">\n\t\t\t\t\t\t<div class=\"elementor-container elementor-column-gap-default\">\n\t\t\t\t\t<div class=\"elementor-column elementor-col-100 elementor-top-column elementor-element elementor-element-4c67e87\" data-id=\"4c67e87\" data-element_type=\"column\">\n\t\t\t<div class=\"elementor-widget-wrap elementor-element-populated\">\n\t\t\t\t\t\t<div class=\"elementor-element elementor-element-9dc6435 elementor-widget elementor-widget-heading\" data-id=\"9dc6435\" data-element_type=\"widget\" data-widget_type=\"heading.default\">\n\t\t\t\t<div class=\"elementor-widget-container\">\n\t\t\t<h2 class=\"elementor-heading-title elementor-size-default\">Acompanhe as nomea\u00e7\u00f5es e distribui\u00e7\u00f5es<\/h2>\t\t<\/div>\n\t\t\t\t<\/div>\n\t\t\t\t\t<\/div>\n\t\t<\/div>\n\t\t\t\t\t<\/div>\n\t\t<\/section>\n\t\t\t\t<section class=\"elementor-section elementor-top-section elementor-element elementor-element-457fe06 elementor-section-boxed elementor-section-height-default elementor-section-height-default\" data-id=\"457fe06\" data-element_type=\"section\">\n\t\t\t\t\t\t<div class=\"elementor-container elementor-column-gap-default\">\n\t\t\t\t\t<div class=\"elementor-column elementor-col-100 elementor-top-column elementor-element elementor-element-cc0be63\" data-id=\"cc0be63\" data-element_type=\"column\">\n\t\t\t<div class=\"elementor-widget-wrap elementor-element-populated\">\n\t\t\t\t\t\t<div class=\"elementor-element elementor-element-4762760 elementor-view-default elementor-position-top elementor-mobile-position-top elementor-widget elementor-widget-icon-box\" data-id=\"4762760\" data-element_type=\"widget\" data-widget_type=\"icon-box.default\">\n\t\t\t\t<div class=\"elementor-widget-container\">\n\t\t\t\t\t<div class=\"elementor-icon-box-wrapper\">\n\n\t\t\t\t\t\t<div class=\"elementor-icon-box-icon\">\n\t\t\t\t<a href=\"https:\/\/docs.google.com\/spreadsheets\/d\/15qPSO7OSB-2U5EJL-6kmdkmoW0zAr6HT\/edit?usp=sharing&#038;ouid=109741188100571730236&#038;rtpof=true&#038;sd=true\" target=\"_blank\" class=\"elementor-icon elementor-animation-\" tabindex=\"-1\">\n\t\t\t\t<i aria-hidden=\"true\" class=\"far fa-file-excel\"><\/i>\t\t\t\t<\/a>\n\t\t\t<\/div>\n\t\t\t\n\t\t\t\t\t\t<div class=\"elementor-icon-box-content\">\n\n\t\t\t\t\t\t\t\t\t<h3 class=\"elementor-icon-box-title\">\n\t\t\t\t\t\t<a href=\"https:\/\/docs.google.com\/spreadsheets\/d\/15qPSO7OSB-2U5EJL-6kmdkmoW0zAr6HT\/edit?usp=sharing&#038;ouid=109741188100571730236&#038;rtpof=true&#038;sd=true\" target=\"_blank\" >\n\t\t\t\t\t\t\tPlanilha de distribui\u00e7\u00e3o vagas assistente adm\t\t\t\t\t\t<\/a>\n\t\t\t\t\t<\/h3>\n\t\t\t\t\n\t\t\t\t\t\t\t\t\t<p class=\"elementor-icon-box-description\">\n\t\t\t\t\t\tPlanilha elaborada pela equipe do NCT\t\t\t\t\t<\/p>\n\t\t\t\t\n\t\t\t<\/div>\n\t\t\t\n\t\t<\/div>\n\t\t\t\t<\/div>\n\t\t\t\t<\/div>\n\t\t\t\t\t<\/div>\n\t\t<\/div>\n\t\t\t\t\t<\/div>\n\t\t<\/section>\n\t\t\t\t<section class=\"elementor-section elementor-top-section elementor-element elementor-element-4888a94 elementor-section-boxed elementor-section-height-default elementor-section-height-default\" data-id=\"4888a94\" data-element_type=\"section\">\n\t\t\t\t\t\t<div class=\"elementor-container elementor-column-gap-default\">\n\t\t\t\t\t<div class=\"elementor-column elementor-col-100 elementor-top-column elementor-element elementor-element-2948f40\" data-id=\"2948f40\" data-element_type=\"column\">\n\t\t\t<div class=\"elementor-widget-wrap elementor-element-populated\">\n\t\t\t\t\t\t<div class=\"elementor-element elementor-element-92bd9d0 elementor-widget elementor-widget-text-editor\" data-id=\"92bd9d0\" data-element_type=\"widget\" data-widget_type=\"text-editor.default\">\n\t\t\t\t<div class=\"elementor-widget-container\">\n\t\t\t\t\t\t\t<p><span style=\"color: #000000;font-size: 16px\">Os resultados da distribui\u00e7\u00e3o abaixo foram utilizadas para a distribui\u00e7\u00e3o das vagas na segunda distribui\u00e7\u00e3o, conforme aba da\u00a0<\/span><a style=\"font-size: 20px;font-weight: 600;text-align: center\" href=\"https:\/\/docs.google.com\/spreadsheets\/d\/15qPSO7OSB-2U5EJL-6kmdkmoW0zAr6HT\/edit?usp=sharing&amp;ouid=109741188100571730236&amp;rtpof=true&amp;sd=true\" target=\"_blank\" rel=\"noopener\" data-elementor-setting-key=\"title_text\" data-elementor-inline-editing-toolbar=\"none\" data-pen-placeholder=\"Type Here...\">Planilha de distribui\u00e7\u00e3o vagas assistente adm<\/a><span style=\"color: #000000;font-size: 16px\">. A terceira distribui\u00e7\u00e3o foi realizada com base nas vagas n\u00e3o preenchidas na segunda distribui\u00e7\u00e3o.<\/span><\/p>\t\t\t\t\t\t<\/div>\n\t\t\t\t<\/div>\n\t\t\t\t\t<\/div>\n\t\t<\/div>\n\t\t\t\t\t<\/div>\n\t\t<\/section>\n\t\t\t\t<section class=\"elementor-section elementor-top-section elementor-element elementor-element-1142307 elementor-section-boxed elementor-section-height-default elementor-section-height-default\" data-id=\"1142307\" data-element_type=\"section\">\n\t\t\t\t\t\t<div class=\"elementor-container elementor-column-gap-default\">\n\t\t\t\t\t<div class=\"elementor-column elementor-col-100 elementor-top-column elementor-element elementor-element-4aa8fee\" data-id=\"4aa8fee\" data-element_type=\"column\">\n\t\t\t<div class=\"elementor-widget-wrap elementor-element-populated\">\n\t\t\t\t\t\t<div class=\"elementor-element elementor-element-7b80fa4 elementor-widget elementor-widget-heading\" data-id=\"7b80fa4\" data-element_type=\"widget\" data-widget_type=\"heading.default\">\n\t\t\t\t<div class=\"elementor-widget-container\">\n\t\t\t<h2 class=\"elementor-heading-title elementor-size-default\">Aplica\u00e7\u00e3o da metodologia - Reitoria<\/h2>\t\t<\/div>\n\t\t\t\t<\/div>\n\t\t\t\t\t<\/div>\n\t\t<\/div>\n\t\t\t\t\t<\/div>\n\t\t<\/section>\n\t\t\t\t<section class=\"elementor-section elementor-top-section elementor-element elementor-element-cee6982 elementor-section-boxed elementor-section-height-default elementor-section-height-default\" data-id=\"cee6982\" data-element_type=\"section\">\n\t\t\t\t\t\t<div class=\"elementor-container elementor-column-gap-default\">\n\t\t\t\t\t<div class=\"elementor-column elementor-col-100 elementor-top-column elementor-element elementor-element-9caa9d1\" data-id=\"9caa9d1\" data-element_type=\"column\">\n\t\t\t<div class=\"elementor-widget-wrap elementor-element-populated\">\n\t\t\t\t\t\t<div class=\"elementor-element elementor-element-2f07521 elementor-widget elementor-widget-accordion\" data-id=\"2f07521\" data-element_type=\"widget\" data-widget_type=\"accordion.default\">\n\t\t\t\t<div class=\"elementor-widget-container\">\n\t\t\t\t\t<div class=\"elementor-accordion\">\n\t\t\t\t\t\t\t<div class=\"elementor-accordion-item\">\n\t\t\t\t\t<h5 id=\"elementor-tab-title-4931\" class=\"elementor-tab-title\" data-tab=\"1\" role=\"button\" aria-controls=\"elementor-tab-content-4931\" aria-expanded=\"false\">\n\t\t\t\t\t\t\t\t\t\t\t\t\t<span class=\"elementor-accordion-icon elementor-accordion-icon-left\" aria-hidden=\"true\">\n\t\t\t\t\t\t\t\t\t\t\t\t\t\t\t<span class=\"elementor-accordion-icon-closed\"><i class=\"far fa-file-excel\"><\/i><\/span>\n\t\t\t\t\t\t\t\t<span class=\"elementor-accordion-icon-opened\"><i class=\"fas fa-minus\"><\/i><\/span>\n\t\t\t\t\t\t\t\t\t\t\t\t\t\t<\/span>\n\t\t\t\t\t\t\t\t\t\t\t\t<a class=\"elementor-accordion-title\" tabindex=\"0\">Tabela Multicrit\u00e9rio<\/a>\n\t\t\t\t\t<\/h5>\n\t\t\t\t\t<div id=\"elementor-tab-content-4931\" class=\"elementor-tab-content elementor-clearfix\" data-tab=\"1\" role=\"region\" aria-labelledby=\"elementor-tab-title-4931\"><p><img fetchpriority=\"high\" decoding=\"async\" class=\"alignnone size-full wp-image-43737\" src=\"https:\/\/www.ufsm.br\/app\/uploads\/sites\/341\/2025\/07\/multicriterio.jpg\" alt=\"\" width=\"648\" height=\"720\" srcset=\"https:\/\/www.ufsm.br\/app\/uploads\/sites\/341\/2025\/07\/multicriterio.jpg 648w, https:\/\/www.ufsm.br\/app\/uploads\/sites\/341\/2025\/07\/multicriterio-270x300.jpg 270w\" sizes=\"(max-width: 648px) 100vw, 648px\" \/><\/p><\/div>\n\t\t\t\t<\/div>\n\t\t\t\t\t\t\t<div class=\"elementor-accordion-item\">\n\t\t\t\t\t<h5 id=\"elementor-tab-title-4932\" class=\"elementor-tab-title\" data-tab=\"2\" role=\"button\" aria-controls=\"elementor-tab-content-4932\" aria-expanded=\"false\">\n\t\t\t\t\t\t\t\t\t\t\t\t\t<span class=\"elementor-accordion-icon elementor-accordion-icon-left\" aria-hidden=\"true\">\n\t\t\t\t\t\t\t\t\t\t\t\t\t\t\t<span class=\"elementor-accordion-icon-closed\"><i class=\"far fa-file-excel\"><\/i><\/span>\n\t\t\t\t\t\t\t\t<span class=\"elementor-accordion-icon-opened\"><i class=\"fas fa-minus\"><\/i><\/span>\n\t\t\t\t\t\t\t\t\t\t\t\t\t\t<\/span>\n\t\t\t\t\t\t\t\t\t\t\t\t<a class=\"elementor-accordion-title\" tabindex=\"0\">Resultado<\/a>\n\t\t\t\t\t<\/h5>\n\t\t\t\t\t<div id=\"elementor-tab-content-4932\" class=\"elementor-tab-content elementor-clearfix\" data-tab=\"2\" role=\"region\" aria-labelledby=\"elementor-tab-title-4932\"><p style=\"color: #1c1c1c;font-size: 16px\">Resultado da aplica\u00e7\u00e3o do question\u00e1rio sobre e a avalia\u00e7\u00e3o qualitativa dos resultados. Os valores em percentual revelam a ordem de atendimento \u00e1s demandas das pr\u00f3-reitorias e suas subunidades.<\/p><div><img decoding=\"async\" class=\"alignnone wp-image-43748 size-full\" src=\"https:\/\/www.ufsm.br\/app\/uploads\/sites\/341\/2025\/07\/resultado-reitoria-1.jpg\" alt=\"\" width=\"238\" height=\"335\" srcset=\"https:\/\/www.ufsm.br\/app\/uploads\/sites\/341\/2025\/07\/resultado-reitoria-1.jpg 238w, https:\/\/www.ufsm.br\/app\/uploads\/sites\/341\/2025\/07\/resultado-reitoria-1-213x300.jpg 213w\" sizes=\"(max-width: 238px) 100vw, 238px\" \/><\/div><\/div>\n\t\t\t\t<\/div>\n\t\t\t\t\t\t\t\t<\/div>\n\t\t\t\t<\/div>\n\t\t\t\t<\/div>\n\t\t\t\t\t<\/div>\n\t\t<\/div>\n\t\t\t\t\t<\/div>\n\t\t<\/section>\n\t\t\t\t<section class=\"elementor-section elementor-top-section elementor-element elementor-element-b303449 elementor-section-boxed elementor-section-height-default elementor-section-height-default\" data-id=\"b303449\" data-element_type=\"section\">\n\t\t\t\t\t\t<div class=\"elementor-container elementor-column-gap-default\">\n\t\t\t\t\t<div class=\"elementor-column elementor-col-100 elementor-top-column elementor-element elementor-element-2eea41d\" data-id=\"2eea41d\" data-element_type=\"column\">\n\t\t\t<div class=\"elementor-widget-wrap elementor-element-populated\">\n\t\t\t\t\t\t<div class=\"elementor-element elementor-element-25d0c57 elementor-widget elementor-widget-heading\" data-id=\"25d0c57\" data-element_type=\"widget\" data-widget_type=\"heading.default\">\n\t\t\t\t<div class=\"elementor-widget-container\">\n\t\t\t<h2 class=\"elementor-heading-title elementor-size-default\">Aplica\u00e7\u00e3o da metodologia - Unidades de Ensino<\/h2>\t\t<\/div>\n\t\t\t\t<\/div>\n\t\t\t\t\t<\/div>\n\t\t<\/div>\n\t\t\t\t\t<\/div>\n\t\t<\/section>\n\t\t\t\t<section class=\"elementor-section elementor-top-section elementor-element elementor-element-59afaf2 elementor-section-boxed elementor-section-height-default elementor-section-height-default\" data-id=\"59afaf2\" data-element_type=\"section\">\n\t\t\t\t\t\t<div class=\"elementor-container elementor-column-gap-default\">\n\t\t\t\t\t<div class=\"elementor-column elementor-col-100 elementor-top-column elementor-element elementor-element-db641d9\" data-id=\"db641d9\" data-element_type=\"column\">\n\t\t\t<div class=\"elementor-widget-wrap elementor-element-populated\">\n\t\t\t\t\t\t<div class=\"elementor-element elementor-element-3fd4ab7 elementor-widget elementor-widget-accordion\" data-id=\"3fd4ab7\" data-element_type=\"widget\" data-widget_type=\"accordion.default\">\n\t\t\t\t<div class=\"elementor-widget-container\">\n\t\t\t\t\t<div class=\"elementor-accordion\">\n\t\t\t\t\t\t\t<div class=\"elementor-accordion-item\">\n\t\t\t\t\t<h5 id=\"elementor-tab-title-6691\" class=\"elementor-tab-title\" data-tab=\"1\" role=\"button\" aria-controls=\"elementor-tab-content-6691\" aria-expanded=\"false\">\n\t\t\t\t\t\t\t\t\t\t\t\t\t<span class=\"elementor-accordion-icon elementor-accordion-icon-left\" aria-hidden=\"true\">\n\t\t\t\t\t\t\t\t\t\t\t\t\t\t\t<span class=\"elementor-accordion-icon-closed\"><i class=\"far fa-file-excel\"><\/i><\/span>\n\t\t\t\t\t\t\t\t<span class=\"elementor-accordion-icon-opened\"><i class=\"fas fa-minus\"><\/i><\/span>\n\t\t\t\t\t\t\t\t\t\t\t\t\t\t<\/span>\n\t\t\t\t\t\t\t\t\t\t\t\t<a class=\"elementor-accordion-title\" tabindex=\"0\">Considera\u00e7\u00f5es importantes<\/a>\n\t\t\t\t\t<\/h5>\n\t\t\t\t\t<div id=\"elementor-tab-content-6691\" class=\"elementor-tab-content elementor-clearfix\" data-tab=\"1\" role=\"region\" aria-labelledby=\"elementor-tab-title-6691\"><div style=\"line-height: 150%;margin-top: 0pt;margin-bottom: 0pt;margin-left: 0.38in;text-indent: -0.38in;direction: ltr\"><span style=\"font-size: 20.0pt\">\u2022<\/span><span style=\"font-size: 20.0pt;font-family: Abadi;color: #44546a\">Memorando Circular n\u00ba 009\/2023 PROGEP \u2013 vagas de assistente em vac\u00e2ncia est\u00e3o sendo repostos<\/span><\/div><div style=\"line-height: 150%;margin-top: 0pt;margin-bottom: 0pt;margin-left: 0.38in;text-indent: -0.38in;direction: ltr\"><span style=\"font-size: 20.0pt\">\u2022<\/span><span style=\"font-size: 20.0pt;font-family: Abadi;color: #44546a\">Indicadores n\u00e3o refletem a total realidade \u2013 necessidade de trabalho <\/span><span style=\"font-size: 20.0pt;font-family: Abadi;color: #44546a\">quali<\/span><\/div><div style=\"line-height: 150%;margin-top: 0pt;margin-bottom: 0pt;margin-left: 0.38in;text-indent: -0.38in;direction: ltr\"><span style=\"font-size: 20.0pt\">\u2022<\/span><span style=\"font-size: 20.0pt;font-family: Abadi;color: #44546a\">Indicadores como trabalho inicial que deve ser aperfei\u00e7oado<\/span><\/div><div style=\"line-height: 150%;margin-top: 0pt;margin-bottom: 0pt;margin-left: 0.38in;text-indent: -0.38in;direction: ltr\"><span style=\"font-size: 20.0pt\">\u2022<\/span><span style=\"font-size: 20.0pt;font-family: Abadi;color: #44546a\">Necessidade de regulariza\u00e7\u00e3o dos servidores nas estruturas\u00a0 SIE<\/span><\/div><div style=\"line-height: 150%;margin-top: 0pt;margin-bottom: 0pt;margin-left: 0.38in;text-indent: -0.38in;direction: ltr\"><span style=\"font-size: 20.0pt\">\u2022<\/span><span style=\"font-size: 20.0pt;font-family: Abadi;color: #44546a\">Necessidade de padroniza\u00e7\u00e3o dos processos<\/span><\/div><\/div>\n\t\t\t\t<\/div>\n\t\t\t\t\t\t\t<div class=\"elementor-accordion-item\">\n\t\t\t\t\t<h5 id=\"elementor-tab-title-6692\" class=\"elementor-tab-title\" data-tab=\"2\" role=\"button\" aria-controls=\"elementor-tab-content-6692\" aria-expanded=\"false\">\n\t\t\t\t\t\t\t\t\t\t\t\t\t<span class=\"elementor-accordion-icon elementor-accordion-icon-left\" aria-hidden=\"true\">\n\t\t\t\t\t\t\t\t\t\t\t\t\t\t\t<span class=\"elementor-accordion-icon-closed\"><i class=\"far fa-file-excel\"><\/i><\/span>\n\t\t\t\t\t\t\t\t<span class=\"elementor-accordion-icon-opened\"><i class=\"fas fa-minus\"><\/i><\/span>\n\t\t\t\t\t\t\t\t\t\t\t\t\t\t<\/span>\n\t\t\t\t\t\t\t\t\t\t\t\t<a class=\"elementor-accordion-title\" tabindex=\"0\">Resultado<\/a>\n\t\t\t\t\t<\/h5>\n\t\t\t\t\t<div id=\"elementor-tab-content-6692\" class=\"elementor-tab-content elementor-clearfix\" data-tab=\"2\" role=\"region\" aria-labelledby=\"elementor-tab-title-6692\"><p>Aplica\u00e7\u00e3o da metodologia e distribui\u00e7\u00e3o das vagas utilizando redutor de impacto.<\/p><p><img decoding=\"async\" class=\"alignnone size-full wp-image-43746\" src=\"https:\/\/www.ufsm.br\/app\/uploads\/sites\/341\/2025\/07\/resultado-1.jpg\" alt=\"\" width=\"827\" height=\"634\" srcset=\"https:\/\/www.ufsm.br\/app\/uploads\/sites\/341\/2025\/07\/resultado-1.jpg 827w, https:\/\/www.ufsm.br\/app\/uploads\/sites\/341\/2025\/07\/resultado-1-300x230.jpg 300w, https:\/\/www.ufsm.br\/app\/uploads\/sites\/341\/2025\/07\/resultado-1-768x589.jpg 768w\" sizes=\"(max-width: 827px) 100vw, 827px\" \/><\/p><\/div>\n\t\t\t\t<\/div>\n\t\t\t\t\t\t\t\t<\/div>\n\t\t\t\t<\/div>\n\t\t\t\t<\/div>\n\t\t\t\t\t<\/div>\n\t\t<\/div>\n\t\t\t\t\t<\/div>\n\t\t<\/section>\n\t\t\t\t<\/div>\n\t\t","protected":false},"excerpt":{"rendered":"<p>Acompanhe as nomea\u00e7\u00f5es e distribui\u00e7\u00f5es Planilha de distribui\u00e7\u00e3o vagas assistente adm Planilha elaborada pela equipe do NCT Os resultados da distribui\u00e7\u00e3o abaixo foram utilizadas para a distribui\u00e7\u00e3o das vagas na segunda distribui\u00e7\u00e3o, conforme aba da\u00a0Planilha de distribui\u00e7\u00e3o vagas assistente adm. A terceira distribui\u00e7\u00e3o foi realizada com base nas vagas n\u00e3o preenchidas na segunda distribui\u00e7\u00e3o. Aplica\u00e7\u00e3o [&hellip;]<\/p>\n","protected":false},"author":204,"featured_media":0,"parent":0,"menu_order":0,"comment_status":"closed","ping_status":"closed","template":"","meta":{"footnotes":""},"categories":[],"tags":[],"class_list":["post-43733","page","type-page","status-publish","hentry"],"acf":[],"_links":{"self":[{"href":"https:\/\/www.ufsm.br\/pro-reitorias\/progep\/wp-json\/wp\/v2\/pages\/43733","targetHints":{"allow":["GET"]}}],"collection":[{"href":"https:\/\/www.ufsm.br\/pro-reitorias\/progep\/wp-json\/wp\/v2\/pages"}],"about":[{"href":"https:\/\/www.ufsm.br\/pro-reitorias\/progep\/wp-json\/wp\/v2\/types\/page"}],"author":[{"embeddable":true,"href":"https:\/\/www.ufsm.br\/pro-reitorias\/progep\/wp-json\/wp\/v2\/users\/204"}],"replies":[{"embeddable":true,"href":"https:\/\/www.ufsm.br\/pro-reitorias\/progep\/wp-json\/wp\/v2\/comments?post=43733"}],"version-history":[{"count":0,"href":"https:\/\/www.ufsm.br\/pro-reitorias\/progep\/wp-json\/wp\/v2\/pages\/43733\/revisions"}],"wp:attachment":[{"href":"https:\/\/www.ufsm.br\/pro-reitorias\/progep\/wp-json\/wp\/v2\/media?parent=43733"}],"wp:term":[{"taxonomy":"category","embeddable":true,"href":"https:\/\/www.ufsm.br\/pro-reitorias\/progep\/wp-json\/wp\/v2\/categories?post=43733"},{"taxonomy":"post_tag","embeddable":true,"href":"https:\/\/www.ufsm.br\/pro-reitorias\/progep\/wp-json\/wp\/v2\/tags?post=43733"}],"curies":[{"name":"wp","href":"https:\/\/api.w.org\/{rel}","templated":true}]}}