{"id":44993,"date":"2025-10-16T16:42:20","date_gmt":"2025-10-16T19:42:20","guid":{"rendered":"https:\/\/www.ufsm.br\/pro-reitorias\/progep\/?page_id=44993"},"modified":"2025-10-22T16:22:58","modified_gmt":"2025-10-22T19:22:58","slug":"seminario-de-avaliacao-do-programa-de-gestao-e-desempenho-da-ufsm","status":"publish","type":"page","link":"https:\/\/www.ufsm.br\/pro-reitorias\/progep\/seminario-de-avaliacao-do-programa-de-gestao-e-desempenho-da-ufsm","title":{"rendered":"Semin\u00e1rio de Avalia\u00e7\u00e3o do Programa de Gest\u00e3o e Desempenho da UFSM"},"content":{"rendered":"\t\t<div data-elementor-type=\"wp-page\" data-elementor-id=\"44993\" class=\"elementor elementor-44993\">\n\t\t\t\t\t\t<section class=\"elementor-section elementor-top-section elementor-element elementor-element-62ad95e7 elementor-section-boxed elementor-section-height-default elementor-section-height-default\" data-id=\"62ad95e7\" data-element_type=\"section\">\n\t\t\t\t\t\t<div class=\"elementor-container elementor-column-gap-default\">\n\t\t\t\t\t<div class=\"elementor-column elementor-col-100 elementor-top-column elementor-element elementor-element-521714c1\" data-id=\"521714c1\" data-element_type=\"column\">\n\t\t\t<div class=\"elementor-widget-wrap elementor-element-populated\">\n\t\t\t\t\t\t<div class=\"elementor-element elementor-element-4ff3b08b elementor-widget elementor-widget-text-editor\" data-id=\"4ff3b08b\" data-element_type=\"widget\" data-widget_type=\"text-editor.default\">\n\t\t\t\t<div class=\"elementor-widget-container\">\n\t\t\t\t\t\t\t<!-- wp:tadv\/classic-paragraph \/-->\t\t\t\t\t\t<\/div>\n\t\t\t\t<\/div>\n\t\t\t\t\t<\/div>\n\t\t<\/div>\n\t\t\t\t\t<\/div>\n\t\t<\/section>\n\t\t\t\t<section class=\"elementor-section elementor-top-section elementor-element elementor-element-e65aee6 elementor-section-boxed elementor-section-height-default elementor-section-height-default\" data-id=\"e65aee6\" data-element_type=\"section\">\n\t\t\t\t\t\t<div class=\"elementor-container elementor-column-gap-default\">\n\t\t\t\t\t<div class=\"elementor-column elementor-col-50 elementor-top-column elementor-element elementor-element-c93322f\" data-id=\"c93322f\" data-element_type=\"column\">\n\t\t\t<div class=\"elementor-widget-wrap elementor-element-populated\">\n\t\t\t\t\t\t<div class=\"elementor-element elementor-element-8b99f93 elementor-view-default elementor-position-top elementor-mobile-position-top elementor-widget elementor-widget-icon-box\" data-id=\"8b99f93\" data-element_type=\"widget\" data-widget_type=\"icon-box.default\">\n\t\t\t\t<div class=\"elementor-widget-container\">\n\t\t\t\t\t<div class=\"elementor-icon-box-wrapper\">\n\n\t\t\t\t\t\t<div class=\"elementor-icon-box-icon\">\n\t\t\t\t<span  class=\"elementor-icon elementor-animation-\">\n\t\t\t\t<i aria-hidden=\"true\" class=\"fas fa-calendar\"><\/i>\t\t\t\t<\/span>\n\t\t\t<\/div>\n\t\t\t\n\t\t\t\t\t\t<div class=\"elementor-icon-box-content\">\n\n\t\t\t\t\t\t\t\t\t<h3 class=\"elementor-icon-box-title\">\n\t\t\t\t\t\t<span  >\n\t\t\t\t\t\t\tSobre o Evento\t\t\t\t\t\t<\/span>\n\t\t\t\t\t<\/h3>\n\t\t\t\t\n\t\t\t\t\n\t\t\t<\/div>\n\t\t\t\n\t\t<\/div>\n\t\t\t\t<\/div>\n\t\t\t\t<\/div>\n\t\t\t\t\t<\/div>\n\t\t<\/div>\n\t\t\t\t<div class=\"elementor-column elementor-col-50 elementor-top-column elementor-element elementor-element-0565653\" data-id=\"0565653\" data-element_type=\"column\">\n\t\t\t<div class=\"elementor-widget-wrap elementor-element-populated\">\n\t\t\t\t\t\t<div class=\"elementor-element elementor-element-18f814b elementor-widget elementor-widget-text-editor\" data-id=\"18f814b\" data-element_type=\"widget\" data-widget_type=\"text-editor.default\">\n\t\t\t\t<div class=\"elementor-widget-container\">\n\t\t\t\t\t\t\t<p><a href=\"https:\/\/www.ufsm.br\/pro-reitorias\/progep\/eventos\/seminariopgd2025\">\ud83d\udd17<\/a><a href=\"https:\/\/www.ufsm.br\/pro-reitorias\/progep\/eventos\/seminariopgd2025\">Site do Semin\u00e1rio de Avalia\u00e7\u00e3o do Programa de Gest\u00e3o e Desempenho da UFSM<\/a><\/p>\n<p>\u00a0<\/p>\t\t\t\t\t\t<\/div>\n\t\t\t\t<\/div>\n\t\t\t\t\t<\/div>\n\t\t<\/div>\n\t\t\t\t\t<\/div>\n\t\t<\/section>\n\t\t\t\t<section class=\"elementor-section elementor-top-section elementor-element elementor-element-5a44c49 elementor-section-boxed elementor-section-height-default elementor-section-height-default\" data-id=\"5a44c49\" data-element_type=\"section\">\n\t\t\t\t\t\t<div class=\"elementor-container elementor-column-gap-default\">\n\t\t\t\t\t<div class=\"elementor-column elementor-col-50 elementor-top-column elementor-element elementor-element-fa97def\" data-id=\"fa97def\" data-element_type=\"column\">\n\t\t\t<div class=\"elementor-widget-wrap elementor-element-populated\">\n\t\t\t\t\t\t<div class=\"elementor-element elementor-element-efa026f elementor-view-default elementor-position-top elementor-mobile-position-top elementor-widget elementor-widget-icon-box\" data-id=\"efa026f\" data-element_type=\"widget\" data-widget_type=\"icon-box.default\">\n\t\t\t\t<div class=\"elementor-widget-container\">\n\t\t\t\t\t<div class=\"elementor-icon-box-wrapper\">\n\n\t\t\t\t\t\t<div class=\"elementor-icon-box-icon\">\n\t\t\t\t<span  class=\"elementor-icon elementor-animation-\">\n\t\t\t\t<i aria-hidden=\"true\" class=\"fas fa-video\"><\/i>\t\t\t\t<\/span>\n\t\t\t<\/div>\n\t\t\t\n\t\t\t\t\t\t<div class=\"elementor-icon-box-content\">\n\n\t\t\t\t\t\t\t\t\t<h3 class=\"elementor-icon-box-title\">\n\t\t\t\t\t\t<span  >\n\t\t\t\t\t\t\tV\u00eddeos\t\t\t\t\t\t<\/span>\n\t\t\t\t\t<\/h3>\n\t\t\t\t\n\t\t\t\t\n\t\t\t<\/div>\n\t\t\t\n\t\t<\/div>\n\t\t\t\t<\/div>\n\t\t\t\t<\/div>\n\t\t\t\t\t<\/div>\n\t\t<\/div>\n\t\t\t\t<div class=\"elementor-column elementor-col-50 elementor-top-column elementor-element elementor-element-b9d3457\" data-id=\"b9d3457\" data-element_type=\"column\">\n\t\t\t<div class=\"elementor-widget-wrap elementor-element-populated\">\n\t\t\t\t\t\t<div class=\"elementor-element elementor-element-38da620 elementor-widget elementor-widget-text-editor\" data-id=\"38da620\" data-element_type=\"widget\" data-widget_type=\"text-editor.default\">\n\t\t\t\t<div class=\"elementor-widget-container\">\n\t\t\t\t\t\t\t<p>\ud83d\udd17<a href=\"https:\/\/drive.google.com\/file\/d\/1MO65we6iWkP-bByLKYl08f6-7ddvSPDq\/view?usp=sharing\">Apresenta\u00e7\u00e3o da pesquisa sobre o PGD na UFSM e Palestra: Experi\u00eancia da UFAM com a utiliza\u00e7\u00e3o do Google Workspace no PGD<\/a><br \/><a style=\"font-size: 1rem\" href=\"https:\/\/drive.google.com\/file\/d\/1xi_IiuW2QvnCZ1w5kLYfZarGXcgnhCTc\/view?usp=sharing\">\ud83d\udd17Palestra: PGD e Polare: a experi\u00eancia da UFRN<\/a><\/p>\t\t\t\t\t\t<\/div>\n\t\t\t\t<\/div>\n\t\t\t\t\t<\/div>\n\t\t<\/div>\n\t\t\t\t\t<\/div>\n\t\t<\/section>\n\t\t\t\t<section class=\"elementor-section elementor-top-section elementor-element elementor-element-9e44366 elementor-section-boxed elementor-section-height-default elementor-section-height-default\" data-id=\"9e44366\" data-element_type=\"section\">\n\t\t\t\t\t\t<div class=\"elementor-container elementor-column-gap-default\">\n\t\t\t\t\t<div class=\"elementor-column elementor-col-50 elementor-top-column elementor-element elementor-element-d12a84f\" data-id=\"d12a84f\" data-element_type=\"column\">\n\t\t\t<div class=\"elementor-widget-wrap elementor-element-populated\">\n\t\t\t\t\t\t<div class=\"elementor-element elementor-element-4903872 elementor-view-default elementor-position-top elementor-mobile-position-top elementor-widget elementor-widget-icon-box\" data-id=\"4903872\" data-element_type=\"widget\" data-widget_type=\"icon-box.default\">\n\t\t\t\t<div class=\"elementor-widget-container\">\n\t\t\t\t\t<div class=\"elementor-icon-box-wrapper\">\n\n\t\t\t\t\t\t<div class=\"elementor-icon-box-icon\">\n\t\t\t\t<span  class=\"elementor-icon elementor-animation-\">\n\t\t\t\t<i aria-hidden=\"true\" class=\"far fa-file-pdf\"><\/i>\t\t\t\t<\/span>\n\t\t\t<\/div>\n\t\t\t\n\t\t\t\t\t\t<div class=\"elementor-icon-box-content\">\n\n\t\t\t\t\t\t\t\t\t<h3 class=\"elementor-icon-box-title\">\n\t\t\t\t\t\t<span  >\n\t\t\t\t\t\t\tMateriais\t\t\t\t\t\t<\/span>\n\t\t\t\t\t<\/h3>\n\t\t\t\t\n\t\t\t\t\n\t\t\t<\/div>\n\t\t\t\n\t\t<\/div>\n\t\t\t\t<\/div>\n\t\t\t\t<\/div>\n\t\t\t\t\t<\/div>\n\t\t<\/div>\n\t\t\t\t<div class=\"elementor-column elementor-col-50 elementor-top-column elementor-element elementor-element-7a16a49\" data-id=\"7a16a49\" data-element_type=\"column\">\n\t\t\t<div class=\"elementor-widget-wrap elementor-element-populated\">\n\t\t\t\t\t\t<div class=\"elementor-element elementor-element-781fbae elementor-widget__width-initial elementor-widget elementor-widget-text-editor\" data-id=\"781fbae\" data-element_type=\"widget\" data-widget_type=\"text-editor.default\">\n\t\t\t\t<div class=\"elementor-widget-container\">\n\t\t\t\t\t\t\t<p><a href=\"https:\/\/www.ufsm.br\/app\/uploads\/sites\/341\/2025\/10\/UFSM_Comunicacao_compressed.pdf\">\ud83d\udd17Palestra: Experi\u00eancia da UFAM com a utiliza\u00e7\u00e3o do Google Workspace no PGD<\/a><br \/><a href=\"https:\/\/www.ufsm.br\/app\/uploads\/sites\/341\/2025\/10\/PGD-e-Polare_-a-experiencia-da-UFRN.pdf\">\ud83d\udd17Palestra: PGD e Polare: a experi\u00eancia da UFRN<\/a><\/p>\n<p>Pesquisa &#8220;Percep\u00e7\u00f5es sobre a Implementa\u00e7\u00e3o do PGD e do Teletrabalho na UFSM&#8221;:<br \/>\ud83d\udd17<a href=\"https:\/\/www.ufsm.br\/app\/uploads\/sites\/341\/2025\/10\/Relatorio-Pesquisa-PGD_final.pdf\">Relat\u00f3rio da Pesquisa<\/a><br \/>\ud83d\udd17<a href=\"https:\/\/claude.ai\/public\/artifacts\/0ce1d458-34b2-4f13-b980-886ff0d5f4a8?fullscreen=true\">Resumo &#8211; Percep\u00e7\u00e3o dos TAEs<\/a><br \/>\ud83d\udd17<a href=\"https:\/\/claude.ai\/public\/artifacts\/332959c2-8a3c-4863-be86-b50be2666ec0?fullscreen=true\">Resumo &#8211; Percep\u00e7\u00e3o das Chefias Imediatas<\/a> <br \/>\ud83d\udd17<a href=\"https:\/\/claude.ai\/public\/artifacts\/706f6a64-d87e-4d29-b32b-6a21e69873a5?fullscreen=false\">Resumo &#8211; Percep\u00e7\u00e3o dos Gestores de Unidades de Ensino e Unidades Administrativas<\/a><br \/><br \/><\/p>\t\t\t\t\t\t<\/div>\n\t\t\t\t<\/div>\n\t\t\t\t\t<\/div>\n\t\t<\/div>\n\t\t\t\t\t<\/div>\n\t\t<\/section>\n\t\t\t\t<\/div>\n\t\t","protected":false},"excerpt":{"rendered":"<p>Sobre o Evento \ud83d\udd17Site do Semin\u00e1rio de Avalia\u00e7\u00e3o do Programa de Gest\u00e3o e Desempenho da UFSM \u00a0 V\u00eddeos \ud83d\udd17Apresenta\u00e7\u00e3o da pesquisa sobre o PGD na UFSM e Palestra: Experi\u00eancia da UFAM com a utiliza\u00e7\u00e3o do Google Workspace no PGD\ud83d\udd17Palestra: PGD e Polare: a experi\u00eancia da UFRN Materiais \ud83d\udd17Palestra: Experi\u00eancia da UFAM com a utiliza\u00e7\u00e3o do [&hellip;]<\/p>\n","protected":false},"author":145,"featured_media":0,"parent":0,"menu_order":0,"comment_status":"closed","ping_status":"closed","template":"","meta":{"footnotes":""},"categories":[],"tags":[],"class_list":["post-44993","page","type-page","status-publish","hentry"],"acf":[],"_links":{"self":[{"href":"https:\/\/www.ufsm.br\/pro-reitorias\/progep\/wp-json\/wp\/v2\/pages\/44993","targetHints":{"allow":["GET"]}}],"collection":[{"href":"https:\/\/www.ufsm.br\/pro-reitorias\/progep\/wp-json\/wp\/v2\/pages"}],"about":[{"href":"https:\/\/www.ufsm.br\/pro-reitorias\/progep\/wp-json\/wp\/v2\/types\/page"}],"author":[{"embeddable":true,"href":"https:\/\/www.ufsm.br\/pro-reitorias\/progep\/wp-json\/wp\/v2\/users\/145"}],"replies":[{"embeddable":true,"href":"https:\/\/www.ufsm.br\/pro-reitorias\/progep\/wp-json\/wp\/v2\/comments?post=44993"}],"version-history":[{"count":0,"href":"https:\/\/www.ufsm.br\/pro-reitorias\/progep\/wp-json\/wp\/v2\/pages\/44993\/revisions"}],"wp:attachment":[{"href":"https:\/\/www.ufsm.br\/pro-reitorias\/progep\/wp-json\/wp\/v2\/media?parent=44993"}],"wp:term":[{"taxonomy":"category","embeddable":true,"href":"https:\/\/www.ufsm.br\/pro-reitorias\/progep\/wp-json\/wp\/v2\/categories?post=44993"},{"taxonomy":"post_tag","embeddable":true,"href":"https:\/\/www.ufsm.br\/pro-reitorias\/progep\/wp-json\/wp\/v2\/tags?post=44993"}],"curies":[{"name":"wp","href":"https:\/\/api.w.org\/{rel}","templated":true}]}}