{"id":44995,"date":"2025-10-16T16:51:47","date_gmt":"2025-10-16T19:51:47","guid":{"rendered":"https:\/\/www.ufsm.br\/pro-reitorias\/progep\/?page_id=44995"},"modified":"2025-10-17T10:23:13","modified_gmt":"2025-10-17T13:23:13","slug":"orientacoes-e-tutoriais-pgd-e-polare","status":"publish","type":"page","link":"https:\/\/www.ufsm.br\/pro-reitorias\/progep\/orientacoes-e-tutoriais-pgd-e-polare","title":{"rendered":"Orienta\u00e7\u00f5es e Tutoriais &#8211; PGD e Polare"},"content":{"rendered":"\t\t<div data-elementor-type=\"wp-page\" data-elementor-id=\"44995\" class=\"elementor elementor-44995\">\n\t\t\t\t\t\t<section class=\"elementor-section elementor-top-section elementor-element elementor-element-4dffd43 elementor-section-boxed elementor-section-height-default elementor-section-height-default\" data-id=\"4dffd43\" data-element_type=\"section\">\n\t\t\t\t\t\t<div class=\"elementor-container elementor-column-gap-default\">\n\t\t\t\t\t<div class=\"elementor-column elementor-col-50 elementor-top-column elementor-element elementor-element-8a229ee\" data-id=\"8a229ee\" data-element_type=\"column\">\n\t\t\t<div class=\"elementor-widget-wrap elementor-element-populated\">\n\t\t\t\t\t\t<div class=\"elementor-element elementor-element-d5bf128 elementor-view-default elementor-position-top elementor-mobile-position-top elementor-widget elementor-widget-icon-box\" data-id=\"d5bf128\" data-element_type=\"widget\" data-widget_type=\"icon-box.default\">\n\t\t\t\t<div class=\"elementor-widget-container\">\n\t\t\t\t\t<div class=\"elementor-icon-box-wrapper\">\n\n\t\t\t\t\t\t<div class=\"elementor-icon-box-icon\">\n\t\t\t\t<span  class=\"elementor-icon elementor-animation-\">\n\t\t\t\t<i aria-hidden=\"true\" class=\"far fa-list-alt\"><\/i>\t\t\t\t<\/span>\n\t\t\t<\/div>\n\t\t\t\n\t\t\t\t\t\t<div class=\"elementor-icon-box-content\">\n\n\t\t\t\t\t\t\t\t\t<h3 class=\"elementor-icon-box-title\">\n\t\t\t\t\t\t<span  >\n\t\t\t\t\t\t\tOrienta\u00e7\u00f5es\t\t\t\t\t\t<\/span>\n\t\t\t\t\t<\/h3>\n\t\t\t\t\n\t\t\t\t\n\t\t\t<\/div>\n\t\t\t\n\t\t<\/div>\n\t\t\t\t<\/div>\n\t\t\t\t<\/div>\n\t\t\t\t\t<\/div>\n\t\t<\/div>\n\t\t\t\t<div class=\"elementor-column elementor-col-50 elementor-top-column elementor-element elementor-element-951c336\" data-id=\"951c336\" data-element_type=\"column\">\n\t\t\t<div class=\"elementor-widget-wrap elementor-element-populated\">\n\t\t\t\t\t\t<div class=\"elementor-element elementor-element-089fe42 elementor-widget elementor-widget-text-editor\" data-id=\"089fe42\" data-element_type=\"widget\" data-widget_type=\"text-editor.default\">\n\t\t\t\t<div class=\"elementor-widget-container\">\n\t\t\t\t\t\t\t<ul><li><a href=\"https:\/\/www.ufsm.br\/pro-reitorias\/progep\/relatorio-implementacao-do-pgd\">Orienta\u00e7\u00f5es do Relat\u00f3rio de Avalia\u00e7\u00e3o 2024<\/a> &#8211; Orienta\u00e7\u00f5es para preenchimento e envio<\/li><li><a href=\"https:\/\/www.ufsm.br\/app\/uploads\/sites\/341\/2024\/09\/Orientacoes-sobre-os-registros-no-sistema-POLARE-1.pdf\">Orienta\u00e7\u00f5es sobre os registros no sistema Polare<\/a><\/li><li><a href=\"https:\/\/www.ufsm.br\/app\/uploads\/sites\/341\/2024\/09\/Orientacoes-gestores-1.pdf\">Orienta\u00e7\u00f5es gerais para as unidades executoras do PGD<\/a><\/li><\/ul>\t\t\t\t\t\t<\/div>\n\t\t\t\t<\/div>\n\t\t\t\t\t<\/div>\n\t\t<\/div>\n\t\t\t\t\t<\/div>\n\t\t<\/section>\n\t\t\t\t<section class=\"elementor-section elementor-top-section elementor-element elementor-element-bf2075e elementor-section-boxed elementor-section-height-default elementor-section-height-default\" data-id=\"bf2075e\" data-element_type=\"section\">\n\t\t\t\t\t\t<div class=\"elementor-container elementor-column-gap-default\">\n\t\t\t\t\t<div class=\"elementor-column elementor-col-50 elementor-top-column elementor-element elementor-element-96d8dcc\" data-id=\"96d8dcc\" data-element_type=\"column\">\n\t\t\t<div class=\"elementor-widget-wrap elementor-element-populated\">\n\t\t\t\t\t\t<div class=\"elementor-element elementor-element-0e19ea4 elementor-view-default elementor-position-top elementor-mobile-position-top elementor-widget elementor-widget-icon-box\" data-id=\"0e19ea4\" data-element_type=\"widget\" data-widget_type=\"icon-box.default\">\n\t\t\t\t<div class=\"elementor-widget-container\">\n\t\t\t\t\t<div class=\"elementor-icon-box-wrapper\">\n\n\t\t\t\t\t\t<div class=\"elementor-icon-box-icon\">\n\t\t\t\t<span  class=\"elementor-icon elementor-animation-\">\n\t\t\t\t<i aria-hidden=\"true\" class=\"far fa-file\"><\/i>\t\t\t\t<\/span>\n\t\t\t<\/div>\n\t\t\t\n\t\t\t\t\t\t<div class=\"elementor-icon-box-content\">\n\n\t\t\t\t\t\t\t\t\t<h3 class=\"elementor-icon-box-title\">\n\t\t\t\t\t\t<span  >\n\t\t\t\t\t\t\tTutoriais e Manuais\t\t\t\t\t\t<\/span>\n\t\t\t\t\t<\/h3>\n\t\t\t\t\n\t\t\t\t\n\t\t\t<\/div>\n\t\t\t\n\t\t<\/div>\n\t\t\t\t<\/div>\n\t\t\t\t<\/div>\n\t\t\t\t\t<\/div>\n\t\t<\/div>\n\t\t\t\t<div class=\"elementor-column elementor-col-50 elementor-top-column elementor-element elementor-element-e45610f\" data-id=\"e45610f\" data-element_type=\"column\">\n\t\t\t<div class=\"elementor-widget-wrap elementor-element-populated\">\n\t\t\t\t\t\t<div class=\"elementor-element elementor-element-e5889a1 elementor-widget elementor-widget-text-editor\" data-id=\"e5889a1\" data-element_type=\"widget\" data-widget_type=\"text-editor.default\">\n\t\t\t\t<div class=\"elementor-widget-container\">\n\t\t\t\t\t\t\t<ul><li><a href=\"https:\/\/www.ufsm.br\/app\/uploads\/sites\/341\/2025\/10\/POLARE_Manual_de_uso_do_sistema.pdf\">Manual Polare &#8211; UFRN &#8211; 2024<\/a>\u00a0<\/li><li><a href=\"https:\/\/www.ufsm.br\/app\/uploads\/sites\/341\/2025\/05\/Plano-Gerencial_V2_revisado-1.pdf\">Tutorial Plano Gerencial &#8211; Polare &#8211; UFSM &#8211; 2025<\/a><\/li><li><a href=\"https:\/\/www.ufsm.br\/app\/uploads\/sites\/341\/2025\/05\/Plano-Individual_V2_revisado-1.pdf\">Tutorial Plano Individual &#8211; Polare &#8211; UFSM &#8211; 2025<\/a><\/li><li><a href=\"https:\/\/www.ufsm.br\/app\/uploads\/sites\/341\/2025\/05\/Entregas_V2_revisado.pdf\">Tutorial Entregas &#8211; Polare &#8211; UFSM &#8211; 2025<\/a><\/li><\/ul>\t\t\t\t\t\t<\/div>\n\t\t\t\t<\/div>\n\t\t\t\t\t<\/div>\n\t\t<\/div>\n\t\t\t\t\t<\/div>\n\t\t<\/section>\n\t\t\t\t<section class=\"elementor-section elementor-top-section elementor-element elementor-element-316816c elementor-section-boxed elementor-section-height-default elementor-section-height-default\" data-id=\"316816c\" data-element_type=\"section\">\n\t\t\t\t\t\t<div class=\"elementor-container elementor-column-gap-default\">\n\t\t\t\t\t<div class=\"elementor-column elementor-col-50 elementor-top-column elementor-element elementor-element-d0cc66a\" data-id=\"d0cc66a\" data-element_type=\"column\">\n\t\t\t<div class=\"elementor-widget-wrap elementor-element-populated\">\n\t\t\t\t\t\t<div class=\"elementor-element elementor-element-ca05105 elementor-view-default elementor-position-top elementor-mobile-position-top elementor-widget elementor-widget-icon-box\" data-id=\"ca05105\" data-element_type=\"widget\" data-widget_type=\"icon-box.default\">\n\t\t\t\t<div class=\"elementor-widget-container\">\n\t\t\t\t\t<div class=\"elementor-icon-box-wrapper\">\n\n\t\t\t\t\t\t<div class=\"elementor-icon-box-icon\">\n\t\t\t\t<span  class=\"elementor-icon elementor-animation-\">\n\t\t\t\t<i aria-hidden=\"true\" class=\"fas fa-video\"><\/i>\t\t\t\t<\/span>\n\t\t\t<\/div>\n\t\t\t\n\t\t\t\t\t\t<div class=\"elementor-icon-box-content\">\n\n\t\t\t\t\t\t\t\t\t<h3 class=\"elementor-icon-box-title\">\n\t\t\t\t\t\t<span  >\n\t\t\t\t\t\t\tV\u00eddeos\t\t\t\t\t\t<\/span>\n\t\t\t\t\t<\/h3>\n\t\t\t\t\n\t\t\t\t\n\t\t\t<\/div>\n\t\t\t\n\t\t<\/div>\n\t\t\t\t<\/div>\n\t\t\t\t<\/div>\n\t\t\t\t\t<\/div>\n\t\t<\/div>\n\t\t\t\t<div class=\"elementor-column elementor-col-50 elementor-top-column elementor-element elementor-element-c9781ba\" data-id=\"c9781ba\" data-element_type=\"column\">\n\t\t\t<div class=\"elementor-widget-wrap elementor-element-populated\">\n\t\t\t\t\t\t<div class=\"elementor-element elementor-element-770666e elementor-widget elementor-widget-text-editor\" data-id=\"770666e\" data-element_type=\"widget\" data-widget_type=\"text-editor.default\">\n\t\t\t\t<div class=\"elementor-widget-container\">\n\t\t\t\t\t\t\t<ul><li><a href=\"https:\/\/www.youtube.com\/playlist?list=PL40pn0eg_dT6j9DT82kQROZH470xmfgQB\">Playlist Polare &#8211; UFRN &#8211; 2024<\/a><\/li><li><a href=\"https:\/\/youtube.com\/playlist?list=PL6IdfgJBI41n24am73VpkdvYIW3_7t1ys&amp;si=VOVFGhhQ68jAO9Mi\">Playlist do Curso Uso do Polare no Programa de Gest\u00e3o e Desempenho &#8211; UFSM &#8211; 2025<\/a><\/li><\/ul>\t\t\t\t\t\t<\/div>\n\t\t\t\t<\/div>\n\t\t\t\t\t<\/div>\n\t\t<\/div>\n\t\t\t\t\t<\/div>\n\t\t<\/section>\n\t\t\t\t<\/div>\n\t\t","protected":false},"excerpt":{"rendered":"<p>Orienta\u00e7\u00f5es Orienta\u00e7\u00f5es do Relat\u00f3rio de Avalia\u00e7\u00e3o 2024 &#8211; Orienta\u00e7\u00f5es para preenchimento e envio Orienta\u00e7\u00f5es sobre os registros no sistema Polare Orienta\u00e7\u00f5es gerais para as unidades executoras do PGD Tutoriais e Manuais Manual Polare &#8211; UFRN &#8211; 2024\u00a0 Tutorial Plano Gerencial &#8211; Polare &#8211; UFSM &#8211; 2025 Tutorial Plano Individual &#8211; Polare &#8211; UFSM &#8211; 2025 [&hellip;]<\/p>\n","protected":false},"author":145,"featured_media":0,"parent":0,"menu_order":0,"comment_status":"closed","ping_status":"closed","template":"","meta":{"footnotes":""},"categories":[],"tags":[],"class_list":["post-44995","page","type-page","status-publish","hentry"],"acf":[],"_links":{"self":[{"href":"https:\/\/www.ufsm.br\/pro-reitorias\/progep\/wp-json\/wp\/v2\/pages\/44995","targetHints":{"allow":["GET"]}}],"collection":[{"href":"https:\/\/www.ufsm.br\/pro-reitorias\/progep\/wp-json\/wp\/v2\/pages"}],"about":[{"href":"https:\/\/www.ufsm.br\/pro-reitorias\/progep\/wp-json\/wp\/v2\/types\/page"}],"author":[{"embeddable":true,"href":"https:\/\/www.ufsm.br\/pro-reitorias\/progep\/wp-json\/wp\/v2\/users\/145"}],"replies":[{"embeddable":true,"href":"https:\/\/www.ufsm.br\/pro-reitorias\/progep\/wp-json\/wp\/v2\/comments?post=44995"}],"version-history":[{"count":0,"href":"https:\/\/www.ufsm.br\/pro-reitorias\/progep\/wp-json\/wp\/v2\/pages\/44995\/revisions"}],"wp:attachment":[{"href":"https:\/\/www.ufsm.br\/pro-reitorias\/progep\/wp-json\/wp\/v2\/media?parent=44995"}],"wp:term":[{"taxonomy":"category","embeddable":true,"href":"https:\/\/www.ufsm.br\/pro-reitorias\/progep\/wp-json\/wp\/v2\/categories?post=44995"},{"taxonomy":"post_tag","embeddable":true,"href":"https:\/\/www.ufsm.br\/pro-reitorias\/progep\/wp-json\/wp\/v2\/tags?post=44995"}],"curies":[{"name":"wp","href":"https:\/\/api.w.org\/{rel}","templated":true}]}}