{"id":6,"date":"2018-03-16T16:16:23","date_gmt":"2018-03-16T19:16:23","guid":{"rendered":"https:\/\/www.ufsm.br\/pro-reitorias\/progep\/?page_id=6"},"modified":"2020-09-17T08:58:28","modified_gmt":"2020-09-17T11:58:28","slug":"pro-reitoria-de-gestao-de-pessoas","status":"publish","type":"page","link":"https:\/\/www.ufsm.br\/pro-reitorias\/progep\/pro-reitoria-de-gestao-de-pessoas","title":{"rendered":"Pr\u00f3-Reitoria de Gest\u00e3o de Pessoas"},"content":{"rendered":"<p style=\"text-align: left\">A Pr\u00f3-Reitoria de Gest\u00e3o de Pessoas (PROGEP) \u00e9 a unidade competente pelo planejamento, implementa\u00e7\u00e3o, coordena\u00e7\u00e3o e avalia\u00e7\u00e3o das atividades que envolvem os servidores docentes e t\u00e9cnico-administrativos em educa\u00e7\u00e3o da Universidade Federal de Santa Maria.<\/p>\n<p style=\"text-align: left\">A PROGEP \u00e9 composta pelo Gabinete da Pr\u00f3-Reitoria, Secretaria Administrativa (SEADM), Per\u00edcia Oficial em Sa\u00fade (PEOF), Comiss\u00e3o Permanente de Pessoal Docente (CPPD) e pela Coordenadoria de Concess\u00f5es e Registros (CCRE), Coordenadoria do Sistema de Pagamentos (CPAG), Coordenadoria de Concursos (CCON), Coordenadoria de Ingresso, Mobilidade e Desenvolvimento (CIMDE) e Coordenadoria de Sa\u00fade e Qualidade de Vida do Servidor (CQVS).&nbsp;<\/p>\n<p style=\"text-align: left\">A Pr\u00f3-Reitoria de Gest\u00e3o de Pessoas est\u00e1 situada no 4\u00ba andar do pr\u00e9dio da Administra\u00e7\u00e3o Central e no Pr\u00e9dio da Unidade de Aten\u00e7\u00e3o \u00e0 Sa\u00fade do Servidor, localizado ao lado da Coperves.<\/p>\n","protected":false},"excerpt":{"rendered":"<p>A Pr\u00f3-Reitoria de Gest\u00e3o de Pessoas (PROGEP) \u00e9 a unidade competente pelo planejamento, implementa\u00e7\u00e3o, coordena\u00e7\u00e3o e avalia\u00e7\u00e3o das atividades que envolvem os servidores docentes e t\u00e9cnico-administrativos em educa\u00e7\u00e3o da Universidade Federal de Santa Maria. A PROGEP \u00e9 composta pelo Gabinete da Pr\u00f3-Reitoria, Secretaria Administrativa (SEADM), Per\u00edcia Oficial em Sa\u00fade (PEOF), Comiss\u00e3o Permanente de Pessoal Docente [&hellip;]<\/p>\n","protected":false},"author":27,"featured_media":0,"parent":0,"menu_order":0,"comment_status":"closed","ping_status":"closed","template":"","meta":{"footnotes":""},"categories":[],"tags":[],"class_list":["post-6","page","type-page","status-publish","hentry"],"acf":[],"_links":{"self":[{"href":"https:\/\/www.ufsm.br\/pro-reitorias\/progep\/wp-json\/wp\/v2\/pages\/6","targetHints":{"allow":["GET"]}}],"collection":[{"href":"https:\/\/www.ufsm.br\/pro-reitorias\/progep\/wp-json\/wp\/v2\/pages"}],"about":[{"href":"https:\/\/www.ufsm.br\/pro-reitorias\/progep\/wp-json\/wp\/v2\/types\/page"}],"author":[{"embeddable":true,"href":"https:\/\/www.ufsm.br\/pro-reitorias\/progep\/wp-json\/wp\/v2\/users\/27"}],"replies":[{"embeddable":true,"href":"https:\/\/www.ufsm.br\/pro-reitorias\/progep\/wp-json\/wp\/v2\/comments?post=6"}],"version-history":[{"count":0,"href":"https:\/\/www.ufsm.br\/pro-reitorias\/progep\/wp-json\/wp\/v2\/pages\/6\/revisions"}],"wp:attachment":[{"href":"https:\/\/www.ufsm.br\/pro-reitorias\/progep\/wp-json\/wp\/v2\/media?parent=6"}],"wp:term":[{"taxonomy":"category","embeddable":true,"href":"https:\/\/www.ufsm.br\/pro-reitorias\/progep\/wp-json\/wp\/v2\/categories?post=6"},{"taxonomy":"post_tag","embeddable":true,"href":"https:\/\/www.ufsm.br\/pro-reitorias\/progep\/wp-json\/wp\/v2\/tags?post=6"}],"curies":[{"name":"wp","href":"https:\/\/api.w.org\/{rel}","templated":true}]}}