{"id":204,"date":"2018-07-09T14:35:10","date_gmt":"2018-07-09T17:35:10","guid":{"rendered":"https:\/\/www.ufsm.br\/orgaos-executivos\/caed\/?page_id=204"},"modified":"2026-02-12T10:15:25","modified_gmt":"2026-02-12T13:15:25","slug":"equipe","status":"publish","type":"page","link":"https:\/\/www.ufsm.br\/pro-reitorias\/prograd\/caed\/equipe","title":{"rendered":"Equipe"},"content":{"rendered":"\t\t<div data-elementor-type=\"wp-post\" data-elementor-id=\"204\" class=\"elementor elementor-204\">\n\t\t\t\t\t\t<section class=\"elementor-section elementor-top-section elementor-element elementor-element-38c1c95 elementor-section-boxed elementor-section-height-default elementor-section-height-default\" data-id=\"38c1c95\" data-element_type=\"section\">\n\t\t\t\t\t\t<div class=\"elementor-container elementor-column-gap-default\">\n\t\t\t\t\t<div class=\"elementor-column elementor-col-100 elementor-top-column elementor-element elementor-element-38283c9\" data-id=\"38283c9\" data-element_type=\"column\">\n\t\t\t<div class=\"elementor-widget-wrap elementor-element-populated\">\n\t\t\t\t\t\t<div class=\"elementor-element elementor-element-fc58dcf elementor-widget elementor-widget-heading\" data-id=\"fc58dcf\" data-element_type=\"widget\" data-widget_type=\"heading.default\">\n\t\t\t\t<div class=\"elementor-widget-container\">\n\t\t\t<h5 class=\"elementor-heading-title elementor-size-medium\">Coordenadoria de A\u00e7\u00f5es Educacionais<\/h5>\t\t<\/div>\n\t\t\t\t<\/div>\n\t\t\t\t<div class=\"elementor-element elementor-element-8825401 elementor-widget elementor-widget-text-editor\" data-id=\"8825401\" data-element_type=\"widget\" data-widget_type=\"text-editor.default\">\n\t\t\t\t<div class=\"elementor-widget-container\">\n\t\t\t\t\t\t\t<p><span style=\"color: #000000;font-size: 10pt;font-family: verdana, geneva, sans-serif\">S\u00edlvia Maria de Oliveira Pav\u00e3o<span style=\"font-family: 'times new roman', times, serif;font-size: 10pt\"> &#8211; <\/span>Coordenadora da Coordenadoria de A\u00e7\u00f5es Educacionais (CAEd)<\/span><\/p><p>Contato: caed@ufsm.br<\/p>\t\t\t\t\t\t<\/div>\n\t\t\t\t<\/div>\n\t\t\t\t<div class=\"elementor-element elementor-element-bc0c2de elementor-widget elementor-widget-heading\" data-id=\"bc0c2de\" data-element_type=\"widget\" data-widget_type=\"heading.default\">\n\t\t\t\t<div class=\"elementor-widget-container\">\n\t\t\t<h5 class=\"elementor-heading-title elementor-size-medium\"><span>Acessibilidade<\/span><span><\/span><\/h5>\t\t<\/div>\n\t\t\t\t<\/div>\n\t\t\t\t<div class=\"elementor-element elementor-element-92b48ea elementor-widget elementor-widget-text-editor\" data-id=\"92b48ea\" data-element_type=\"widget\" data-widget_type=\"text-editor.default\">\n\t\t\t\t<div class=\"elementor-widget-container\">\n\t\t\t\t\t\t\t<p><span style=\"font-family: 'times new roman', times, serif;font-size: 10pt\">Sabrina Fernandes de Castro &#8211; Chefe<\/span><\/p><p>Contato: caed.acessibilidade@ufsm.br<\/p>\t\t\t\t\t\t<\/div>\n\t\t\t\t<\/div>\n\t\t\t\t<div class=\"elementor-element elementor-element-bc70057 elementor-widget elementor-widget-heading\" data-id=\"bc70057\" data-element_type=\"widget\" data-widget_type=\"heading.default\">\n\t\t\t\t<div class=\"elementor-widget-container\">\n\t\t\t<h5 class=\"elementor-heading-title elementor-size-default\">Apoio \u00e0 Aprendizagem<\/h5>\t\t<\/div>\n\t\t\t\t<\/div>\n\t\t\t\t<div class=\"elementor-element elementor-element-2c16010 elementor-widget elementor-widget-text-editor\" data-id=\"2c16010\" data-element_type=\"widget\" data-widget_type=\"text-editor.default\">\n\t\t\t\t<div class=\"elementor-widget-container\">\n\t\t\t\t\t\t\t<p><span style=\"color: #000000;font-size: 16px\"><span style=\"font-family: arial, helvetica, sans-serif;font-size: 10pt\">Bruna<\/span><span style=\"font-family: arial, helvetica, sans-serif;font-size: 10pt\">\u00a0Pereira Alves Fiorin &#8211;\u00a0\u00a0Chefe<\/span><\/span><\/p><p>Contato: caed.aprendizagem@ufsm.br<\/p>\t\t\t\t\t\t<\/div>\n\t\t\t\t<\/div>\n\t\t\t\t<div class=\"elementor-element elementor-element-a5ce747 elementor-widget elementor-widget-heading\" data-id=\"a5ce747\" data-element_type=\"widget\" data-widget_type=\"heading.default\">\n\t\t\t\t<div class=\"elementor-widget-container\">\n\t\t\t<h5 class=\"elementor-heading-title elementor-size-default\">A\u00e7\u00f5es Afirmativas Sociais, \u00c9tnico-Raciais e Ind\u00edgenas<span><\/span><\/h5>\t\t<\/div>\n\t\t\t\t<\/div>\n\t\t\t\t<div class=\"elementor-element elementor-element-f418d3d elementor-widget elementor-widget-text-editor\" data-id=\"f418d3d\" data-element_type=\"widget\" data-widget_type=\"text-editor.default\">\n\t\t\t\t<div class=\"elementor-widget-container\">\n\t\t\t\t\t\t\t<p><span style=\"font-size: 13.3333px\">Rosane Brum Mello &#8211; Chefe<\/span><\/p><p>Contato: caed.acoesafirmativas@ufsm.br<\/p>\t\t\t\t\t\t<\/div>\n\t\t\t\t<\/div>\n\t\t\t\t<div class=\"elementor-element elementor-element-150059d elementor-widget elementor-widget-heading\" data-id=\"150059d\" data-element_type=\"widget\" data-widget_type=\"heading.default\">\n\t\t\t\t<div class=\"elementor-widget-container\">\n\t\t\t<h5 class=\"elementor-heading-title elementor-size-default\">Observat\u00f3rio de A\u00e7\u00f5es de Inclus\u00e3o<\/h5>\t\t<\/div>\n\t\t\t\t<\/div>\n\t\t\t\t<div class=\"elementor-element elementor-element-5c11aec elementor-widget elementor-widget-text-editor\" data-id=\"5c11aec\" data-element_type=\"widget\" data-widget_type=\"text-editor.default\">\n\t\t\t\t<div class=\"elementor-widget-container\">\n\t\t\t\t\t\t\t<p><span style=\"font-size: 10pt\">Coordena\u00e7\u00e3o geral da CAEd e Subdivis\u00f5es<\/span><\/p>\t\t\t\t\t\t<\/div>\n\t\t\t\t<\/div>\n\t\t\t\t<div class=\"elementor-element elementor-element-02baf58 elementor-widget elementor-widget-heading\" data-id=\"02baf58\" data-element_type=\"widget\" data-widget_type=\"heading.default\">\n\t\t\t\t<div class=\"elementor-widget-container\">\n\t\t\t<h5 class=\"elementor-heading-title elementor-size-default\">Equipe multiprofissional<\/h5>\t\t<\/div>\n\t\t\t\t<\/div>\n\t\t\t\t\t<\/div>\n\t\t<\/div>\n\t\t\t\t\t<\/div>\n\t\t<\/section>\n\t\t\t\t<section class=\"elementor-section elementor-top-section elementor-element elementor-element-4de0d3b elementor-section-boxed elementor-section-height-default elementor-section-height-default\" data-id=\"4de0d3b\" data-element_type=\"section\">\n\t\t\t\t\t\t<div class=\"elementor-container elementor-column-gap-default\">\n\t\t\t\t\t<div class=\"elementor-column elementor-col-50 elementor-top-column elementor-element elementor-element-9535d43\" data-id=\"9535d43\" data-element_type=\"column\">\n\t\t\t<div class=\"elementor-widget-wrap elementor-element-populated\">\n\t\t\t\t\t\t<div class=\"elementor-element elementor-element-a2c7362 elementor-widget elementor-widget-text-editor\" data-id=\"a2c7362\" data-element_type=\"widget\" data-widget_type=\"text-editor.default\">\n\t\t\t\t<div class=\"elementor-widget-container\">\n\t\t\t\t\t\t\t<p><strong><span style=\"font-family: Arial;font-size: small\">SERVIDORES DA CAEd<\/span><\/strong><\/p><p><span style=\"font-family: arial, helvetica, sans-serif\"><span style=\"font-size: small\">Adriana Mon<\/span><span style=\"font-size: small\">fardini \u2013 T\u00e9cnica em Assuntos Educacionais<\/span><\/span><\/p><p><span style=\"font-family: arial, helvetica, sans-serif\"><span style=\"font-size: small\">Aline Bedin Jord\u00e3o \u2013 Psic\u00f3loga<\/span><\/span><\/p><p><span style=\"font-size: small;font-family: Arial\">Ana Cl\u00e1udia Oliveira Pav\u00e3o<span style=\"font-size: small\"><span style=\"font-family: Arial\"> \u2013 Professora do Magist\u00e9rio Superior<\/span><\/span><\/span><\/p><p><span style=\"font-size: small\"><span style=\"font-family: Arial\">Ana Julia Vicentini \u2013 Psic\u00f3loga<\/span><\/span><\/p><p><span style=\"font-family: Arial;font-size: small\">Ana Paula Silva da Silva \u2013 Fonoaudi\u00f3loga<\/span><\/p><p><span style=\"font-size: small;font-family: Arial\">\u00c2ngela Quatrin Campagnolo<\/span>\u00a0<span style=\"font-size: small\"><span style=\"font-family: Arial\">\u2013 <\/span><\/span><span style=\"font-family: Arial;font-size: small\">M\u00e9dica Cl\u00ednica Geral<\/span><\/p><p><span style=\"font-family: Arial;font-size: small\">Bruna Pereira Alves Fiorin \u2013 <\/span><span style=\"font-family: Arial;font-size: small\">Pedagoga<\/span><\/p><p><span style=\"font-size: small\"><span style=\"font-family: Arial\">Carine Martins Barcellos \u2013 Tradutora Int\u00e9rprete de Libras<\/span><\/span><\/p><p><span style=\"font-size: small\"><span style=\"font-family: Arial\">Carine Viegas Cavalheiro \u2013 Psic\u00f3loga<\/span><\/span><\/p><p><span style=\"font-size: small\"><span style=\"font-family: Arial\">Cassia Engres Mocelin Ceolin \u2013 Assistente Social<\/span><\/span><\/p><p><span style=\"font-size: small\"><span style=\"font-family: Arial\">Christina Chitolina Schetinger \u2013 M\u00e9dica Psiquiatra<\/span><\/span><\/p><p><span style=\"font-size: small\"><span style=\"font-family: Arial\">Clarita Souza Baroni Silveira \u2013 Assistente Social<\/span><\/span><\/p><p><span style=\"font-family: Arial;font-size: small\">Damaris Casarotto \u2013 Secret\u00e1ria Executiva<\/span><\/p><p><span style=\"font-size: small\"><span style=\"font-family: Arial\">Di\u00e9ssica Zacarias Vargas Lopes \u2013 Tradutora Int\u00e9rprete de Libras<\/span><\/span><\/p><p><span style=\"font-size: small\"><span style=\"font-family: Arial\">Eduardo Leote de Lima \u2013 Assistente em Administra\u00e7\u00e3o<\/span><\/span><\/p><p><span style=\"font-size: small\"><span style=\"font-family: Arial\">Eliane Medianeira Lenarth \u2013 T\u00e9cnica em Enfermagem\u00a0<\/span><\/span><\/p><p><span style=\"font-size: small\"><span style=\"font-family: Arial\">Enzo Rosito Machado \u2013 Arquivista<\/span><\/span><\/p><p><span style=\"font-family: Arial;font-size: small\">Fabiane Vanessa Breitenbach \u2013 T\u00e9cnica em Assuntos Educacionais<\/span><\/p><p><span style=\"font-family: Arial;font-size: small\">H\u00e1baly Silvana Garcia Lopes Vaz \u2013 M\u00e9dica Psiquiatra<\/span><\/p><p><span style=\"font-size: small\"><span style=\"font-family: Arial\">Juliana Corr\u00eaa de Lima \u2013 Tradutora Int\u00e9rprete de Libras<\/span><\/span><\/p><p><span style=\"font-size: small\"><span style=\"font-family: Arial\">Jussara Maite Moraes Esmerio \u2013 Tradutora Int\u00e9rprete de Libras<\/span><\/span><\/p><p><span style=\"font-size: small\"><span style=\"font-family: Arial\">Mara Lucia Bortoluzzi Londero \u2013 Assistente Social<\/span><\/span><\/p><p><span style=\"font-size: small\"><span style=\"font-family: Arial\">Mariela Francisca Penna Miranda \u2013 Tradutora Int\u00e9rprete de Libras<\/span><\/span><\/p><p><span style=\"font-size: small\"><span style=\"font-family: Arial\">Maril\u00e9ia L\u00facia Stolz \u2013 Tradutora Int\u00e9rprete de Libras<\/span><\/span><\/p><p><span style=\"font-size: small\"><span style=\"font-family: Arial\">Maur\u00edcio Machado Royer \u2013 Administrador<\/span><\/span><\/p><p><span style=\"font-size: small\"><span style=\"font-family: Arial\">Nelson Rodrigues Cezar \u2013 Tradutor Int\u00e9rprete de Libras<\/span><\/span><\/p><p><span style=\"font-size: small\"><span style=\"font-family: Arial\">Raquel Santos Pereira Job \u2013 Tradutora Int\u00e9rprete de Libras<\/span><\/span><\/p><p><span style=\"font-size: small\"><span style=\"font-family: Arial\">Renata Cassol da Rosa da Silva \u2013 Tradutora Int\u00e9rprete de Libras<\/span><\/span><\/p><p><span style=\"font-family: Arial;font-size: small\">Renato Favarin dos Santos \u2013 Psic\u00f3logo<\/span><\/p><p><span style=\"font-size: small\"><span style=\"font-family: Arial\">Rosana Roso Rocha Cezar \u2013 Tradutora Int\u00e9rprete de Libras<\/span><\/span><\/p><p><span style=\"font-family: Arial;font-size: small\">Rosane Brum Mello \u2013 T\u00e9cnica em Assuntos Educacionais<\/span><\/p><p><span style=\"font-family: Arial;font-size: small\">Sabrina Fernandes de Castro \u2013 Professora do Magist\u00e9rio Superior<\/span><\/p><p><span style=\"font-family: Arial;font-size: small\">S\u00edlvia Maria de Oliveira Pav\u00e3o \u2013 Professora do Magist\u00e9rio Superior<\/span><\/p><p><span style=\"font-family: Arial;font-size: small\">Ta\u00eds Foletto \u2013 T\u00e9cnica em Enfermagem<\/span><\/p><p><span style=\"font-family: Arial;font-size: small\">Tamires Regina Silva da Silva \u2013 Auxiliar em Sa\u00fade<\/span><\/p><p><span style=\"font-size: small;font-family: Arial\">Tatiane Negrini<\/span>\u00a0<span style=\"font-size: small\"><span style=\"font-family: Arial\">\u2013 <\/span><\/span><span style=\"font-family: Arial;font-size: small\">Professora do Magist\u00e9rio Superior<\/span><\/p><p><span style=\"font-family: Arial;font-size: small\">Vivian Claudy \u2013 Tradutora Int\u00e9rprete de Libras<\/span><\/p>\t\t\t\t\t\t<\/div>\n\t\t\t\t<\/div>\n\t\t\t\t\t<\/div>\n\t\t<\/div>\n\t\t\t\t<div class=\"elementor-column elementor-col-50 elementor-top-column elementor-element elementor-element-9d9f35b\" data-id=\"9d9f35b\" data-element_type=\"column\">\n\t\t\t<div class=\"elementor-widget-wrap\">\n\t\t\t\t\t\t\t<\/div>\n\t\t<\/div>\n\t\t\t\t\t<\/div>\n\t\t<\/section>\n\t\t\t\t<\/div>\n\t\t","protected":false},"excerpt":{"rendered":"<p>Coordenadoria de A\u00e7\u00f5es Educacionais S\u00edlvia Maria de Oliveira Pav\u00e3o &#8211; Coordenadora da Coordenadoria de A\u00e7\u00f5es Educacionais (CAEd) Contato: caed@ufsm.br Acessibilidade Sabrina Fernandes de Castro &#8211; Chefe Contato: caed.acessibilidade@ufsm.br Apoio \u00e0 Aprendizagem Bruna\u00a0Pereira Alves Fiorin &#8211;\u00a0\u00a0Chefe Contato: caed.aprendizagem@ufsm.br A\u00e7\u00f5es Afirmativas Sociais, \u00c9tnico-Raciais e Ind\u00edgenas Rosane Brum Mello &#8211; Chefe Contato: caed.acoesafirmativas@ufsm.br Observat\u00f3rio de A\u00e7\u00f5es de Inclus\u00e3o [&hellip;]<\/p>\n","protected":false},"author":47,"featured_media":0,"parent":0,"menu_order":0,"comment_status":"closed","ping_status":"closed","template":"","meta":{"footnotes":""},"categories":[],"tags":[122],"class_list":["post-204","page","type-page","status-publish","hentry","tag-caed"],"acf":[],"_links":{"self":[{"href":"https:\/\/www.ufsm.br\/pro-reitorias\/prograd\/caed\/wp-json\/wp\/v2\/pages\/204","targetHints":{"allow":["GET"]}}],"collection":[{"href":"https:\/\/www.ufsm.br\/pro-reitorias\/prograd\/caed\/wp-json\/wp\/v2\/pages"}],"about":[{"href":"https:\/\/www.ufsm.br\/pro-reitorias\/prograd\/caed\/wp-json\/wp\/v2\/types\/page"}],"author":[{"embeddable":true,"href":"https:\/\/www.ufsm.br\/pro-reitorias\/prograd\/caed\/wp-json\/wp\/v2\/users\/47"}],"replies":[{"embeddable":true,"href":"https:\/\/www.ufsm.br\/pro-reitorias\/prograd\/caed\/wp-json\/wp\/v2\/comments?post=204"}],"version-history":[{"count":0,"href":"https:\/\/www.ufsm.br\/pro-reitorias\/prograd\/caed\/wp-json\/wp\/v2\/pages\/204\/revisions"}],"wp:attachment":[{"href":"https:\/\/www.ufsm.br\/pro-reitorias\/prograd\/caed\/wp-json\/wp\/v2\/media?parent=204"}],"wp:term":[{"taxonomy":"category","embeddable":true,"href":"https:\/\/www.ufsm.br\/pro-reitorias\/prograd\/caed\/wp-json\/wp\/v2\/categories?post=204"},{"taxonomy":"post_tag","embeddable":true,"href":"https:\/\/www.ufsm.br\/pro-reitorias\/prograd\/caed\/wp-json\/wp\/v2\/tags?post=204"}],"curies":[{"name":"wp","href":"https:\/\/api.w.org\/{rel}","templated":true}]}}