{"id":272,"date":"2018-08-27T10:25:18","date_gmt":"2018-08-27T13:25:18","guid":{"rendered":"https:\/\/www.ufsm.br\/orgaos-executivos\/caed\/?page_id=272"},"modified":"2025-11-10T11:33:21","modified_gmt":"2025-11-10T14:33:21","slug":"contatos","status":"publish","type":"page","link":"https:\/\/www.ufsm.br\/pro-reitorias\/prograd\/caed\/contatos","title":{"rendered":"Contatos"},"content":{"rendered":"\t\t<div data-elementor-type=\"wp-post\" data-elementor-id=\"272\" class=\"elementor elementor-272\">\n\t\t\t\t\t\t<section class=\"elementor-section elementor-top-section elementor-element elementor-element-94c2fb1 elementor-section-boxed elementor-section-height-default elementor-section-height-default\" data-id=\"94c2fb1\" data-element_type=\"section\">\n\t\t\t\t\t\t<div class=\"elementor-container elementor-column-gap-default\">\n\t\t\t\t\t<div class=\"elementor-column elementor-col-100 elementor-top-column elementor-element elementor-element-9f6e2d8\" data-id=\"9f6e2d8\" data-element_type=\"column\">\n\t\t\t<div class=\"elementor-widget-wrap elementor-element-populated\">\n\t\t\t\t\t\t<div class=\"elementor-element elementor-element-4aa7007 elementor-align-center elementor-widget elementor-widget-button\" data-id=\"4aa7007\" data-element_type=\"widget\" data-widget_type=\"button.default\">\n\t\t\t\t<div class=\"elementor-widget-container\">\n\t\t\t\t\t\t\t<div class=\"elementor-button-wrapper\">\n\t\t\t\t\t<a class=\"elementor-button elementor-button-link elementor-size-sm\" href=\"https:\/\/www.ufsm.br\/pro-reitorias\/prograd\/caed\/equipe\">\n\t\t\t\t\t\t<span class=\"elementor-button-content-wrapper\">\n\t\t\t\t\t\t\t\t\t<span class=\"elementor-button-text\">Conhe\u00e7a a equipe<\/span>\n\t\t\t\t\t<\/span>\n\t\t\t\t\t<\/a>\n\t\t\t\t<\/div>\n\t\t\t\t\t\t<\/div>\n\t\t\t\t<\/div>\n\t\t\t\t<div class=\"elementor-element elementor-element-e468a9d elementor-widget elementor-widget-spacer\" data-id=\"e468a9d\" data-element_type=\"widget\" data-widget_type=\"spacer.default\">\n\t\t\t\t<div class=\"elementor-widget-container\">\n\t\t\t\t\t<div class=\"elementor-spacer\">\n\t\t\t<div class=\"elementor-spacer-inner\"><\/div>\n\t\t<\/div>\n\t\t\t\t<\/div>\n\t\t\t\t<\/div>\n\t\t\t\t<div class=\"elementor-element elementor-element-daa5a04 elementor-widget elementor-widget-text-editor\" data-id=\"daa5a04\" data-element_type=\"widget\" data-widget_type=\"text-editor.default\">\n\t\t\t\t<div class=\"elementor-widget-container\">\n\t\t\t\t\t\t\t<table style=\"border-collapse: collapse;width: 100%;height: 92px\" border=\"1\"><tbody><tr style=\"height: 24px\"><td style=\"width: 26.9699%;height: 24px\"><strong>CAED<\/strong><\/td><td style=\"width: 24.423%;height: 24px\"><strong><span style=\"color: #000000\">E-mail<\/span><\/strong><\/td><td style=\"width: 25%;height: 24px\"><strong><span style=\"color: #000000\">Telefone<\/span><\/strong><\/td><td style=\"width: 25%;height: 24px\"><strong><span style=\"color: #000000\">Localiza\u00e7\u00e3o<\/span><\/strong><\/td><\/tr><tr style=\"height: 192px\"><td style=\"width: 26.9699%;height: 10px\"><span style=\"color: #000000\">Dire\u00e7\u00e3o<\/span><\/td><td style=\"width: 24.423%;height: 10px\"><p>caed@ufsm.br<\/p><p><a href=\"http:\/\/www.facebook.com\/caedufsm\">Facebook<\/a><\/p><\/td><td style=\"width: 25%;height: 10px\"><p><span style=\"color: #000000\">(55) 3220 9622<\/span><\/p><p><span style=\"color: #000000\">Pessoas com Defici\u00eancia Auditiva\/ Fala &#8211; (55) 9151 0327<\/span><\/p><\/td><td style=\"width: 25%;height: 10px\"><span style=\"color: #000000\">Pr\u00e9dio 67, sala 1111<\/span><\/td><\/tr><tr style=\"height: 304px\"><td style=\"width: 26.9699%;height: 10px\"><span style=\"color: #000000\">Subdivis\u00e3o de Acessibilidade<\/span><\/td><td style=\"width: 24.423%;height: 10px\"><p><span id=\"cloak87087\"><a href=\"mailto:nucleodeacessibilidade@ufsm.br\">caed.acessibilidade@ufsm.br<\/a><\/span><span id=\"cloak1814\"><a href=\"mailto:nucleodeacessibilidade@ufsm.br\">\u00a0<\/a><\/span><\/p><\/td><td style=\"width: 25%;height: 10px\"><p>\u00a0<\/p><\/td><td style=\"width: 25%;height: 10px\"><span style=\"color: #000000\">Pr\u00e9dio 67, sala 1116<\/span><\/td><\/tr><tr style=\"height: 24px\"><td style=\"width: 26.9699%;height: 24px\"><span style=\"color: #000000\">Subdivis\u00e3o de Apoio \u00e0 Aprendizagem\u00a0<\/span><\/td><td style=\"width: 24.423%;height: 24px\"><p><a href=\"mailto:caed.aprendizagem@ufsm.br\">caed.aprendizagem@ufsm.br<\/a><\/p><\/td><td style=\"width: 25%;height: 24px\">\u00a0<\/td><td style=\"width: 25%;height: 24px\"><p><span style=\"color: #000000\">Pr\u00e9dio 67, sala 11109<\/span><\/p><\/td><\/tr><tr style=\"height: 24px\"><td style=\"width: 26.9699%;height: 24px\"><span style=\"color: #000000\">Subdivis\u00e3o de A\u00e7\u00f5es Afirmativas<\/span><\/td><td style=\"width: 24.423%;height: 24px\"><a href=\"mailto:caed.acoesafirmativas@ufsm.br\">caed.acoesafirmativas@ufsm.br <\/a><\/td><td style=\"width: 25%;height: 24px\">\u00a0<\/td><td style=\"width: 25%;height: 24px\"><span style=\"color: #000000\">Pr\u00e9dio 67, sala 1112<\/span><\/td><\/tr><tr><td style=\"width: 26.9699%\"><span style=\"color: #000000\">Educa\u00e7\u00e3o-Sa\u00fade<\/span><\/td><td style=\"width: 24.423%\"><a href=\"mailto:caedsaude@ufsm.br\">caedsaude@ufsm.br\u00a0<\/a><\/td><td style=\"width: 25%\">\u00a0<\/td><td style=\"width: 25%\"><span style=\"color: #000000\">Pr\u00e9dio 67, sala 1303<\/span><\/td><\/tr><\/tbody><\/table>\t\t\t\t\t\t<\/div>\n\t\t\t\t<\/div>\n\t\t\t\t\t<\/div>\n\t\t<\/div>\n\t\t\t\t\t<\/div>\n\t\t<\/section>\n\t\t\t\t<\/div>\n\t\t","protected":false},"excerpt":{"rendered":"<p>Conhe\u00e7a a equipe CAED E-mail Telefone Localiza\u00e7\u00e3o Dire\u00e7\u00e3o caed@ufsm.br Facebook (55) 3220 9622 Pessoas com Defici\u00eancia Auditiva\/ Fala &#8211; (55) 9151 0327 Pr\u00e9dio 67, sala 1111 Subdivis\u00e3o de Acessibilidade caed.acessibilidade@ufsm.br\u00a0 \u00a0 Pr\u00e9dio 67, sala 1116 Subdivis\u00e3o de Apoio \u00e0 Aprendizagem\u00a0 caed.aprendizagem@ufsm.br \u00a0 Pr\u00e9dio 67, sala 11109 Subdivis\u00e3o de A\u00e7\u00f5es Afirmativas caed.acoesafirmativas@ufsm.br \u00a0 Pr\u00e9dio 67, sala [&hellip;]<\/p>\n","protected":false},"author":115,"featured_media":0,"parent":0,"menu_order":0,"comment_status":"closed","ping_status":"closed","template":"","meta":{"footnotes":""},"categories":[],"tags":[122],"class_list":["post-272","page","type-page","status-publish","hentry","tag-caed"],"acf":[],"_links":{"self":[{"href":"https:\/\/www.ufsm.br\/pro-reitorias\/prograd\/caed\/wp-json\/wp\/v2\/pages\/272","targetHints":{"allow":["GET"]}}],"collection":[{"href":"https:\/\/www.ufsm.br\/pro-reitorias\/prograd\/caed\/wp-json\/wp\/v2\/pages"}],"about":[{"href":"https:\/\/www.ufsm.br\/pro-reitorias\/prograd\/caed\/wp-json\/wp\/v2\/types\/page"}],"author":[{"embeddable":true,"href":"https:\/\/www.ufsm.br\/pro-reitorias\/prograd\/caed\/wp-json\/wp\/v2\/users\/115"}],"replies":[{"embeddable":true,"href":"https:\/\/www.ufsm.br\/pro-reitorias\/prograd\/caed\/wp-json\/wp\/v2\/comments?post=272"}],"version-history":[{"count":0,"href":"https:\/\/www.ufsm.br\/pro-reitorias\/prograd\/caed\/wp-json\/wp\/v2\/pages\/272\/revisions"}],"wp:attachment":[{"href":"https:\/\/www.ufsm.br\/pro-reitorias\/prograd\/caed\/wp-json\/wp\/v2\/media?parent=272"}],"wp:term":[{"taxonomy":"category","embeddable":true,"href":"https:\/\/www.ufsm.br\/pro-reitorias\/prograd\/caed\/wp-json\/wp\/v2\/categories?post=272"},{"taxonomy":"post_tag","embeddable":true,"href":"https:\/\/www.ufsm.br\/pro-reitorias\/prograd\/caed\/wp-json\/wp\/v2\/tags?post=272"}],"curies":[{"name":"wp","href":"https:\/\/api.w.org\/{rel}","templated":true}]}}