{"id":361,"date":"2018-09-10T10:24:17","date_gmt":"2018-09-10T13:24:17","guid":{"rendered":"https:\/\/www.ufsm.br\/orgaos-executivos\/caed\/?page_id=361"},"modified":"2023-03-02T12:30:41","modified_gmt":"2023-03-02T15:30:41","slug":"programa-institucional-libras-on","status":"publish","type":"page","link":"https:\/\/www.ufsm.br\/pro-reitorias\/prograd\/caed\/projetos\/programa-institucional-libras-on","title":{"rendered":"Programa Institucional Libras ON"},"content":{"rendered":"\t\t<div data-elementor-type=\"wp-post\" data-elementor-id=\"361\" class=\"elementor elementor-361 elementor-bc-flex-widget\">\n\t\t\t\t\t\t<section class=\"elementor-section elementor-top-section elementor-element elementor-element-3e6388f elementor-section-boxed elementor-section-height-default elementor-section-height-default\" data-id=\"3e6388f\" data-element_type=\"section\">\n\t\t\t\t\t\t<div class=\"elementor-container elementor-column-gap-default\">\n\t\t\t\t\t<div class=\"elementor-column elementor-col-100 elementor-top-column elementor-element elementor-element-6414ecf\" data-id=\"6414ecf\" data-element_type=\"column\">\n\t\t\t<div class=\"elementor-widget-wrap elementor-element-populated\">\n\t\t\t\t\t\t<div class=\"elementor-element elementor-element-5021851 elementor-widget elementor-widget-text-editor\" data-id=\"5021851\" data-element_type=\"widget\" data-widget_type=\"text-editor.default\">\n\t\t\t\t<div class=\"elementor-widget-container\">\n\t\t\t\t\t\t\t<ul style=\"list-style-type: disc;\"><li><span style=\"color: #000000; font-family: verdana, geneva, sans-serif;\"><strong>N\u00famero de registro no SIE:<\/strong>\u00a0040558<\/span><\/li><li><span style=\"color: #000000; font-family: verdana, geneva, sans-serif;\"><strong>Status:<\/strong>\u00a0em andamento<\/span><\/li><li><span style=\"color: #000000; font-family: verdana, geneva, sans-serif;\"><strong>P\u00fablico alvo:\u00a0<\/strong>acad\u00eamicos da UFSM e comunidade em geral.<\/span><\/li><li><span style=\"color: #000000; font-family: verdana, geneva, sans-serif;\"><strong>Coordenadora:<\/strong>\u00a0Maril\u00e9ia L\u00facia Stolz<\/span><\/li><li><span style=\"color: #000000; font-family: verdana, geneva, sans-serif;\"><strong>Co-orientadores:<\/strong><\/span><\/li><li><ul style=\"list-style-type: disc;\"><li><span style=\"color: #000000; font-family: verdana, geneva, sans-serif;\">Nelson Rodrigues Cezar,<\/span><\/li><\/ul><\/li><\/ul><ul style=\"list-style-type: disc;\"><li style=\"list-style-type: none;\"><ul style=\"list-style-type: disc;\"><li><span style=\"color: #000000; font-family: verdana, geneva, sans-serif;\">Ravele Bueno Goularte,<\/span><\/li><\/ul><\/li><\/ul><ul style=\"list-style-type: disc;\"><li style=\"list-style-type: none;\"><ul style=\"list-style-type: disc;\"><li><span style=\"color: #000000; font-family: verdana, geneva, sans-serif;\">Renata Cassol da Rosa da Silva<\/span><\/li><\/ul><\/li><\/ul>\t\t\t\t\t\t<\/div>\n\t\t\t\t<\/div>\n\t\t\t\t<div class=\"elementor-element elementor-element-efd0014 elementor-widget elementor-widget-toggle\" data-id=\"efd0014\" data-element_type=\"widget\" data-widget_type=\"toggle.default\">\n\t\t\t\t<div class=\"elementor-widget-container\">\n\t\t\t\t\t<div class=\"elementor-toggle\">\n\t\t\t\t\t\t\t<div class=\"elementor-toggle-item\">\n\t\t\t\t\t<h5 id=\"elementor-tab-title-2511\" class=\"elementor-tab-title\" data-tab=\"1\" role=\"button\" aria-controls=\"elementor-tab-content-2511\" aria-expanded=\"false\">\n\t\t\t\t\t\t\t\t\t\t\t\t<span class=\"elementor-toggle-icon elementor-toggle-icon-left\" aria-hidden=\"true\">\n\t\t\t\t\t\t\t\t\t\t\t\t\t\t\t<span class=\"elementor-toggle-icon-closed\"><i class=\"fas fa-caret-right\"><\/i><\/span>\n\t\t\t\t\t\t\t\t<span class=\"elementor-toggle-icon-opened\"><i class=\"elementor-toggle-icon-opened fas fa-caret-up\"><\/i><\/span>\n\t\t\t\t\t\t\t\t\t\t\t\t\t<\/span>\n\t\t\t\t\t\t\t\t\t\t\t\t<a class=\"elementor-toggle-title\" tabindex=\"0\">Participantes<\/a>\n\t\t\t\t\t<\/h5>\n\n\t\t\t\t\t<div id=\"elementor-tab-content-2511\" class=\"elementor-tab-content elementor-clearfix\" data-tab=\"1\" role=\"region\" aria-labelledby=\"elementor-tab-title-2511\"><ul style=\"list-style-type: disc;\"><li><span style=\"color: #000000; font-family: verdana, geneva, sans-serif;\">Carine Martins Barcellos,<\/span><\/li><li><span style=\"color: #000000; font-family: verdana, geneva, sans-serif;\">Juliana Corr\u00eaa de Lima,<\/span><\/li><li><span style=\"color: #000000; font-family: verdana, geneva, sans-serif;\">Jussara Mait\u00ea Moraes Esm\u00e9rio,<\/span><\/li><li><span style=\"color: #000000; font-family: verdana, geneva, sans-serif;\">Raisa de Matos Elsner,<\/span><\/li><li><span style=\"color: #000000; font-family: verdana, geneva, sans-serif;\">Silvia Nara Fagundes Domingues.<\/span><\/li><\/ul><\/div>\n\t\t\t\t<\/div>\n\t\t\t\t\t\t\t<div class=\"elementor-toggle-item\">\n\t\t\t\t\t<h5 id=\"elementor-tab-title-2512\" class=\"elementor-tab-title\" data-tab=\"2\" role=\"button\" aria-controls=\"elementor-tab-content-2512\" aria-expanded=\"false\">\n\t\t\t\t\t\t\t\t\t\t\t\t<span class=\"elementor-toggle-icon elementor-toggle-icon-left\" aria-hidden=\"true\">\n\t\t\t\t\t\t\t\t\t\t\t\t\t\t\t<span class=\"elementor-toggle-icon-closed\"><i class=\"fas fa-caret-right\"><\/i><\/span>\n\t\t\t\t\t\t\t\t<span class=\"elementor-toggle-icon-opened\"><i class=\"elementor-toggle-icon-opened fas fa-caret-up\"><\/i><\/span>\n\t\t\t\t\t\t\t\t\t\t\t\t\t<\/span>\n\t\t\t\t\t\t\t\t\t\t\t\t<a class=\"elementor-toggle-title\" tabindex=\"0\">Acad\u00eamicos Participantes<\/a>\n\t\t\t\t\t<\/h5>\n\n\t\t\t\t\t<div id=\"elementor-tab-content-2512\" class=\"elementor-tab-content elementor-clearfix\" data-tab=\"2\" role=\"region\" aria-labelledby=\"elementor-tab-title-2512\"><ul style=\"list-style-type: disc;\"><li><span style=\"font-family: verdana, geneva, sans-serif; color: #000000;\">Lucas Eduardo Carlos Cravo,\u00a0<\/span><\/li><li><span style=\"font-family: verdana, geneva, sans-serif; color: #000000;\">Keila Cavalheiro de Oliveira,\u00a0<\/span><\/li><\/ul><\/div>\n\t\t\t\t<\/div>\n\t\t\t\t\t\t\t\t<\/div>\n\t\t\t\t<\/div>\n\t\t\t\t<\/div>\n\t\t\t\t\t<\/div>\n\t\t<\/div>\n\t\t\t\t\t<\/div>\n\t\t<\/section>\n\t\t\t\t<section class=\"elementor-section elementor-top-section elementor-element elementor-element-4bd1cdb elementor-section-boxed elementor-section-height-default elementor-section-height-default\" data-id=\"4bd1cdb\" data-element_type=\"section\">\n\t\t\t\t\t\t<div class=\"elementor-container elementor-column-gap-default\">\n\t\t\t\t\t<div class=\"elementor-column elementor-col-100 elementor-top-column elementor-element elementor-element-375b922\" data-id=\"375b922\" data-element_type=\"column\">\n\t\t\t<div class=\"elementor-widget-wrap elementor-element-populated\">\n\t\t\t\t\t\t<div class=\"elementor-element elementor-element-2c55920 elementor-widget elementor-widget-heading\" data-id=\"2c55920\" data-element_type=\"widget\" data-widget_type=\"heading.default\">\n\t\t\t\t<div class=\"elementor-widget-container\">\n\t\t\t<h5 class=\"elementor-heading-title elementor-size-default\">Objetivos<\/h5>\t\t<\/div>\n\t\t\t\t<\/div>\n\t\t\t\t<div class=\"elementor-element elementor-element-9446bd4 elementor-widget elementor-widget-text-editor\" data-id=\"9446bd4\" data-element_type=\"widget\" data-widget_type=\"text-editor.default\">\n\t\t\t\t<div class=\"elementor-widget-container\">\n\t\t\t\t\t\t\t<p><span style=\"font-family: verdana, geneva, sans-serif; color: #000000;\">Ofertar Curso de Libras em tr\u00eas (3) n\u00edveis: b\u00e1sico, intermedi\u00e1rio e avan\u00e7ado.<\/span><\/p>\t\t\t\t\t\t<\/div>\n\t\t\t\t<\/div>\n\t\t\t\t<div class=\"elementor-element elementor-element-1b85d1b elementor-widget elementor-widget-heading\" data-id=\"1b85d1b\" data-element_type=\"widget\" data-widget_type=\"heading.default\">\n\t\t\t\t<div class=\"elementor-widget-container\">\n\t\t\t<h5 class=\"elementor-heading-title elementor-size-default\">Resumo do projeto <\/h5>\t\t<\/div>\n\t\t\t\t<\/div>\n\t\t\t\t<div class=\"elementor-element elementor-element-b564b0f elementor-widget elementor-widget-text-editor\" data-id=\"b564b0f\" data-element_type=\"widget\" data-widget_type=\"text-editor.default\">\n\t\t\t\t<div class=\"elementor-widget-container\">\n\t\t\t\t\t\t\t<p><span style=\"font-family: verdana, geneva, sans-serif; color: #000000;\">O povo surdo h\u00e1 anos vem lutando para conquistar seus direitos, um deles \u00e9 o de utilizar a L\u00edngua Brasileira de Sinais (Libras) para comunica\u00e7\u00e3o plena do sujeito surdo. Essas conquistas possibilitam a efetiva participa\u00e7\u00e3o dos surdos em sociedade. Uma das formas de efetivar essa participa\u00e7\u00e3o \u00e9 a constante difus\u00e3o da L\u00edngua de Sinais atrav\u00e9s de cursos oferecidos pelo Programa Institucional Libras ON, que vem ao encontro da comunidade surda e a busca por uma sociedade igualit\u00e1ria. Sendo assim, o projeto ofertado pela Universidade Federal de Santa Maria (UFSM), atrav\u00e9s do N\u00facleo de Acessibilidade, oportuniza cursos em tr\u00eas n\u00edveis (b\u00e1sico, intermedi\u00e1rio e avan\u00e7ado) com o intuito de promover a intera\u00e7\u00e3o entre ouvintes e surdos que se comunicam em Libras. Cursos como este, s\u00e3o importantes para que a pessoa surda tenha acesso \u00e0 diversos contextos sociais.<\/span><\/p>\t\t\t\t\t\t<\/div>\n\t\t\t\t<\/div>\n\t\t\t\t<div class=\"elementor-element elementor-element-52a7dc6 elementor-widget elementor-widget-heading\" data-id=\"52a7dc6\" data-element_type=\"widget\" data-widget_type=\"heading.default\">\n\t\t\t\t<div class=\"elementor-widget-container\">\n\t\t\t<h5 class=\"elementor-heading-title elementor-size-default\">Atividades desenvolvidas<\/h5>\t\t<\/div>\n\t\t\t\t<\/div>\n\t\t\t\t<div class=\"elementor-element elementor-element-4cdcac8 elementor-widget elementor-widget-text-editor\" data-id=\"4cdcac8\" data-element_type=\"widget\" data-widget_type=\"text-editor.default\">\n\t\t\t\t<div class=\"elementor-widget-container\">\n\t\t\t\t\t\t\t<p><span style=\"font-family: verdana, geneva, sans-serif; color: #000000;\">planejar e ministrar as aulas, grava\u00e7\u00e3o de material did\u00e1tico, uso e organiza\u00e7\u00e3o do ambiente virtual de aprendizagem (moodle).<\/span><\/p>\t\t\t\t\t\t<\/div>\n\t\t\t\t<\/div>\n\t\t\t\t<div class=\"elementor-element elementor-element-4953dd7 elementor-widget elementor-widget-heading\" data-id=\"4953dd7\" data-element_type=\"widget\" data-widget_type=\"heading.default\">\n\t\t\t\t<div class=\"elementor-widget-container\">\n\t\t\t<h5 class=\"elementor-heading-title elementor-size-default\">Principais Resultados <\/h5>\t\t<\/div>\n\t\t\t\t<\/div>\n\t\t\t\t<div class=\"elementor-element elementor-element-ff96c70 elementor-widget elementor-widget-text-editor\" data-id=\"ff96c70\" data-element_type=\"widget\" data-widget_type=\"text-editor.default\">\n\t\t\t\t<div class=\"elementor-widget-container\">\n\t\t\t\t\t\t\t<p><span style=\"font-family: verdana, geneva, sans-serif; color: #000000;\">Uso e difus\u00e3o da L\u00edngua Brasileira de Sinais enquanto l\u00edngua oficial do pa\u00eds, capacitar pessoas para se comunicar com sujeitos surdos.<\/span><\/p>\t\t\t\t\t\t<\/div>\n\t\t\t\t<\/div>\n\t\t\t\t\t<\/div>\n\t\t<\/div>\n\t\t\t\t\t<\/div>\n\t\t<\/section>\n\t\t\t\t<section class=\"elementor-section elementor-top-section elementor-element elementor-element-31fa11f elementor-section-boxed elementor-section-height-default elementor-section-height-default\" data-id=\"31fa11f\" data-element_type=\"section\">\n\t\t\t\t\t\t<div class=\"elementor-container elementor-column-gap-default\">\n\t\t\t\t\t<div class=\"elementor-column elementor-col-100 elementor-top-column elementor-element elementor-element-dce4f86\" data-id=\"dce4f86\" data-element_type=\"column\">\n\t\t\t<div class=\"elementor-widget-wrap elementor-element-populated\">\n\t\t\t\t\t\t<div class=\"elementor-element elementor-element-54e435f elementor-widget elementor-widget-image\" data-id=\"54e435f\" data-element_type=\"widget\" data-widget_type=\"image.default\">\n\t\t\t\t<div class=\"elementor-widget-container\">\n\t\t\t\t\t\t\t\t\t\t\t\t\t<img fetchpriority=\"high\" decoding=\"async\" width=\"960\" height=\"422\" src=\"https:\/\/www.ufsm.br\/app\/uploads\/sites\/391\/2018\/09\/libras_1.jpg\" class=\"attachment-large size-large wp-image-368\" alt=\"\" srcset=\"https:\/\/www.ufsm.br\/app\/uploads\/sites\/391\/2018\/09\/libras_1.jpg 960w, https:\/\/www.ufsm.br\/app\/uploads\/sites\/391\/2018\/09\/libras_1-300x132.jpg 300w, https:\/\/www.ufsm.br\/app\/uploads\/sites\/391\/2018\/09\/libras_1-768x338.jpg 768w\" sizes=\"(max-width: 960px) 100vw, 960px\" \/>\t\t\t\t\t\t\t\t\t\t\t\t\t<\/div>\n\t\t\t\t<\/div>\n\t\t\t\t\t<\/div>\n\t\t<\/div>\n\t\t\t\t\t<\/div>\n\t\t<\/section>\n\t\t\t\t<section class=\"elementor-section elementor-top-section elementor-element elementor-element-3ee27d8 elementor-section-boxed elementor-section-height-default elementor-section-height-default\" data-id=\"3ee27d8\" data-element_type=\"section\">\n\t\t\t\t\t\t<div class=\"elementor-container elementor-column-gap-default\">\n\t\t\t\t\t<div class=\"elementor-column elementor-col-100 elementor-top-column elementor-element elementor-element-b8933e8\" data-id=\"b8933e8\" data-element_type=\"column\">\n\t\t\t<div class=\"elementor-widget-wrap elementor-element-populated\">\n\t\t\t\t\t\t<div class=\"elementor-element elementor-element-7b0b9d7 elementor-widget elementor-widget-image\" data-id=\"7b0b9d7\" data-element_type=\"widget\" data-widget_type=\"image.default\">\n\t\t\t\t<div class=\"elementor-widget-container\">\n\t\t\t\t\t\t\t\t\t\t\t\t\t<img decoding=\"async\" width=\"538\" height=\"734\" src=\"https:\/\/www.ufsm.br\/app\/uploads\/sites\/391\/2018\/09\/libras_2.jpg\" class=\"attachment-large size-large wp-image-369\" alt=\"\" srcset=\"https:\/\/www.ufsm.br\/app\/uploads\/sites\/391\/2018\/09\/libras_2.jpg 538w, https:\/\/www.ufsm.br\/app\/uploads\/sites\/391\/2018\/09\/libras_2-220x300.jpg 220w\" sizes=\"(max-width: 538px) 100vw, 538px\" \/>\t\t\t\t\t\t\t\t\t\t\t\t\t<\/div>\n\t\t\t\t<\/div>\n\t\t\t\t\t<\/div>\n\t\t<\/div>\n\t\t\t\t\t<\/div>\n\t\t<\/section>\n\t\t\t\t<\/div>\n\t\t","protected":false},"excerpt":{"rendered":"<p>N\u00famero de registro no SIE:\u00a0040558 Status:\u00a0em andamento P\u00fablico alvo:\u00a0acad\u00eamicos da UFSM e comunidade em geral. Coordenadora:\u00a0Maril\u00e9ia L\u00facia Stolz Co-orientadores: Nelson Rodrigues Cezar, Ravele Bueno Goularte, Renata Cassol da Rosa da Silva Participantes Carine Martins Barcellos, Juliana Corr\u00eaa de Lima, Jussara Mait\u00ea Moraes Esm\u00e9rio, Raisa de Matos Elsner, Silvia Nara Fagundes Domingues. Acad\u00eamicos Participantes Lucas Eduardo [&hellip;]<\/p>\n","protected":false},"author":115,"featured_media":0,"parent":5870,"menu_order":0,"comment_status":"closed","ping_status":"closed","template":"","meta":{"footnotes":""},"categories":[],"tags":[126],"class_list":["post-361","page","type-page","status-publish","hentry","tag-projeto"],"acf":[],"_links":{"self":[{"href":"https:\/\/www.ufsm.br\/pro-reitorias\/prograd\/caed\/wp-json\/wp\/v2\/pages\/361","targetHints":{"allow":["GET"]}}],"collection":[{"href":"https:\/\/www.ufsm.br\/pro-reitorias\/prograd\/caed\/wp-json\/wp\/v2\/pages"}],"about":[{"href":"https:\/\/www.ufsm.br\/pro-reitorias\/prograd\/caed\/wp-json\/wp\/v2\/types\/page"}],"author":[{"embeddable":true,"href":"https:\/\/www.ufsm.br\/pro-reitorias\/prograd\/caed\/wp-json\/wp\/v2\/users\/115"}],"replies":[{"embeddable":true,"href":"https:\/\/www.ufsm.br\/pro-reitorias\/prograd\/caed\/wp-json\/wp\/v2\/comments?post=361"}],"version-history":[{"count":0,"href":"https:\/\/www.ufsm.br\/pro-reitorias\/prograd\/caed\/wp-json\/wp\/v2\/pages\/361\/revisions"}],"up":[{"embeddable":true,"href":"https:\/\/www.ufsm.br\/pro-reitorias\/prograd\/caed\/wp-json\/wp\/v2\/pages\/5870"}],"wp:attachment":[{"href":"https:\/\/www.ufsm.br\/pro-reitorias\/prograd\/caed\/wp-json\/wp\/v2\/media?parent=361"}],"wp:term":[{"taxonomy":"category","embeddable":true,"href":"https:\/\/www.ufsm.br\/pro-reitorias\/prograd\/caed\/wp-json\/wp\/v2\/categories?post=361"},{"taxonomy":"post_tag","embeddable":true,"href":"https:\/\/www.ufsm.br\/pro-reitorias\/prograd\/caed\/wp-json\/wp\/v2\/tags?post=361"}],"curies":[{"name":"wp","href":"https:\/\/api.w.org\/{rel}","templated":true}]}}