{"id":372,"date":"2018-09-10T11:23:53","date_gmt":"2018-09-10T14:23:53","guid":{"rendered":"https:\/\/www.ufsm.br\/orgaos-executivos\/caed\/?page_id=372"},"modified":"2023-03-02T12:29:48","modified_gmt":"2023-03-02T15:29:48","slug":"inclusao-e-acessibilidade-producao-de-audiotextos-para-educacao-de-cegos-de-santa-maria","status":"publish","type":"page","link":"https:\/\/www.ufsm.br\/pro-reitorias\/prograd\/caed\/projetos\/inclusao-e-acessibilidade-producao-de-audiotextos-para-educacao-de-cegos-de-santa-maria","title":{"rendered":"Inclus\u00e3o e Acessibilidade: Produ\u00e7\u00e3o de Audiotextos para Educa\u00e7\u00e3o de Cegos de Santa Maria"},"content":{"rendered":"\t\t<div data-elementor-type=\"wp-post\" data-elementor-id=\"372\" class=\"elementor elementor-372 elementor-bc-flex-widget\">\n\t\t\t\t\t\t<section class=\"elementor-section elementor-top-section elementor-element elementor-element-58193b3 elementor-section-boxed elementor-section-height-default elementor-section-height-default\" data-id=\"58193b3\" data-element_type=\"section\">\n\t\t\t\t\t\t<div class=\"elementor-container elementor-column-gap-default\">\n\t\t\t\t\t<div class=\"elementor-column elementor-col-100 elementor-top-column elementor-element elementor-element-b74b1b4\" data-id=\"b74b1b4\" data-element_type=\"column\">\n\t\t\t<div class=\"elementor-widget-wrap elementor-element-populated\">\n\t\t\t\t\t\t<div class=\"elementor-element elementor-element-4b37ddc elementor-widget elementor-widget-text-editor\" data-id=\"4b37ddc\" data-element_type=\"widget\" data-widget_type=\"text-editor.default\">\n\t\t\t\t<div class=\"elementor-widget-container\">\n\t\t\t\t\t\t\t<ul style=\"list-style-type: disc;\"><li><span style=\"font-family: verdana, geneva, sans-serif; color: #000000;\"><strong>N\u00famero de registro no SIE:\u00a0<\/strong>039507<\/span><\/li><\/ul><ul style=\"list-style-type: disc;\"><li><span style=\"font-family: verdana, geneva, sans-serif; color: #000000;\"><strong>Status:<\/strong>em andamento<\/span><\/li><\/ul><ul style=\"list-style-type: disc;\"><li><span style=\"font-family: verdana, geneva, sans-serif; color: #000000;\"><strong>Coordenadora:\u00a0<\/strong>Prof\u00aa\u00a0Elisane Maria Rampelotto (Depto. Educa\u00e7\u00e3o Especial &#8211; EDE)\u00a0<\/span><\/li><\/ul><ul style=\"list-style-type: disc;\"><li><span style=\"font-family: verdana, geneva, sans-serif; color: #000000;\"><strong>Co-orientadores:\u00a0<\/strong>Prof.\u00a0Josefa Lidia Costa Pereira\u00a0(Depto. Educa\u00e7\u00e3o Especial &#8211; EDE)<\/span><\/li><\/ul>\t\t\t\t\t\t<\/div>\n\t\t\t\t<\/div>\n\t\t\t\t<div class=\"elementor-element elementor-element-75c0383 elementor-widget elementor-widget-toggle\" data-id=\"75c0383\" data-element_type=\"widget\" data-widget_type=\"toggle.default\">\n\t\t\t\t<div class=\"elementor-widget-container\">\n\t\t\t\t\t<div class=\"elementor-toggle\">\n\t\t\t\t\t\t\t<div class=\"elementor-toggle-item\">\n\t\t\t\t\t<h5 id=\"elementor-tab-title-1231\" class=\"elementor-tab-title\" data-tab=\"1\" role=\"button\" aria-controls=\"elementor-tab-content-1231\" aria-expanded=\"false\">\n\t\t\t\t\t\t\t\t\t\t\t\t<span class=\"elementor-toggle-icon elementor-toggle-icon-left\" aria-hidden=\"true\">\n\t\t\t\t\t\t\t\t\t\t\t\t\t\t\t<span class=\"elementor-toggle-icon-closed\"><i class=\"fas fa-caret-right\"><\/i><\/span>\n\t\t\t\t\t\t\t\t<span class=\"elementor-toggle-icon-opened\"><i class=\"elementor-toggle-icon-opened fas fa-caret-up\"><\/i><\/span>\n\t\t\t\t\t\t\t\t\t\t\t\t\t<\/span>\n\t\t\t\t\t\t\t\t\t\t\t\t<a class=\"elementor-toggle-title\" tabindex=\"0\">Participantes <\/a>\n\t\t\t\t\t<\/h5>\n\n\t\t\t\t\t<div id=\"elementor-tab-content-1231\" class=\"elementor-tab-content elementor-clearfix\" data-tab=\"1\" role=\"region\" aria-labelledby=\"elementor-tab-title-1231\"><ul style=\"list-style-type: disc;\"><li><span style=\"font-family: verdana, geneva, sans-serif; color: #000000;\">Prof. Paulo de Tarso Aukar (Depto. de Administra\u00e7\u00e3o Escolar\u00a0&#8211; ADE);<\/span><\/li><li><span style=\"font-family: verdana, geneva, sans-serif; color: #000000;\">Assistente em Administra\u00e7\u00e3o Everton Weber Bocca (Laborat\u00f3rio de Inform\u00e1tica do CE &#8211; LINCE)<\/span><\/li><\/ul><\/div>\n\t\t\t\t<\/div>\n\t\t\t\t\t\t\t<div class=\"elementor-toggle-item\">\n\t\t\t\t\t<h5 id=\"elementor-tab-title-1232\" class=\"elementor-tab-title\" data-tab=\"2\" role=\"button\" aria-controls=\"elementor-tab-content-1232\" aria-expanded=\"false\">\n\t\t\t\t\t\t\t\t\t\t\t\t<span class=\"elementor-toggle-icon elementor-toggle-icon-left\" aria-hidden=\"true\">\n\t\t\t\t\t\t\t\t\t\t\t\t\t\t\t<span class=\"elementor-toggle-icon-closed\"><i class=\"fas fa-caret-right\"><\/i><\/span>\n\t\t\t\t\t\t\t\t<span class=\"elementor-toggle-icon-opened\"><i class=\"elementor-toggle-icon-opened fas fa-caret-up\"><\/i><\/span>\n\t\t\t\t\t\t\t\t\t\t\t\t\t<\/span>\n\t\t\t\t\t\t\t\t\t\t\t\t<a class=\"elementor-toggle-title\" tabindex=\"0\">Acad\u00eamicos participantes <\/a>\n\t\t\t\t\t<\/h5>\n\n\t\t\t\t\t<div id=\"elementor-tab-content-1232\" class=\"elementor-tab-content elementor-clearfix\" data-tab=\"2\" role=\"region\" aria-labelledby=\"elementor-tab-title-1232\"><ul style=\"list-style-type: disc;\"><li><span style=\"color: #000000; font-family: verdana, geneva, sans-serif;\">Ledores Volunt\u00e1rios dos Cursos de gradua\u00e7\u00e3o e p\u00f3s gradua\u00e7\u00e3o da UFSM.<\/span><\/li><li><span style=\"color: #000000; font-family: verdana, geneva, sans-serif;\">Inscritos para o ano de 2016 at\u00e9 o momento:<\/span><\/li><li><p><span style=\"color: #000000; font-family: verdana, geneva, sans-serif;\">Nat\u00e1lis Santos Holkem<\/span><\/p><\/li><li><p><span style=\"color: #000000; font-family: verdana, geneva, sans-serif;\">Alessandra Alberici Gontan<\/span><\/p><\/li><li><p><span style=\"color: #000000; font-family: verdana, geneva, sans-serif;\">P\u00e2mela Lemes Flores<\/span><\/p><\/li><li><p><span style=\"color: #000000; font-family: verdana, geneva, sans-serif;\">Emanuel Broll da Silva<\/span><\/p><\/li><li><p><span style=\"color: #000000; font-family: verdana, geneva, sans-serif;\">Karen Barbosa Santos<\/span><\/p><\/li><li><p><span style=\"color: #000000; font-family: verdana, geneva, sans-serif;\">Tarci\u00e9li da Costa Martins<\/span><\/p><\/li><li><p><span style=\"color: #000000; font-family: verdana, geneva, sans-serif;\">Katiani do Carmo Lazzarotto<\/span><\/p><\/li><li><p><span style=\"color: #000000; font-family: verdana, geneva, sans-serif;\">Amanda Brenner Rodrigues<\/span><\/p><\/li><li><p><span style=\"color: #000000; font-family: verdana, geneva, sans-serif;\">Daniela da Rosa Siqueira Marques<\/span><\/p><\/li><li><p><span style=\"color: #000000; font-family: verdana, geneva, sans-serif;\">Geovana da Rocha Silveira<\/span><\/p><\/li><li><p><span style=\"color: #000000; font-family: verdana, geneva, sans-serif;\">Roberta Filipini Rampelotto<\/span><\/p><\/li><\/ul><\/div>\n\t\t\t\t<\/div>\n\t\t\t\t\t\t\t\t<\/div>\n\t\t\t\t<\/div>\n\t\t\t\t<\/div>\n\t\t\t\t\t<\/div>\n\t\t<\/div>\n\t\t\t\t\t<\/div>\n\t\t<\/section>\n\t\t\t\t<section class=\"elementor-section elementor-top-section elementor-element elementor-element-846c0f0 elementor-section-boxed elementor-section-height-default elementor-section-height-default\" data-id=\"846c0f0\" data-element_type=\"section\">\n\t\t\t\t\t\t<div class=\"elementor-container elementor-column-gap-default\">\n\t\t\t\t\t<div class=\"elementor-column elementor-col-100 elementor-top-column elementor-element elementor-element-e5b24c7\" data-id=\"e5b24c7\" data-element_type=\"column\">\n\t\t\t<div class=\"elementor-widget-wrap elementor-element-populated\">\n\t\t\t\t\t\t<div class=\"elementor-element elementor-element-4eccdcd elementor-widget elementor-widget-heading\" data-id=\"4eccdcd\" data-element_type=\"widget\" data-widget_type=\"heading.default\">\n\t\t\t\t<div class=\"elementor-widget-container\">\n\t\t\t<h5 class=\"elementor-heading-title elementor-size-default\">Objetivo Geral<\/h5>\t\t<\/div>\n\t\t\t\t<\/div>\n\t\t\t\t<div class=\"elementor-element elementor-element-60dbcc7 elementor-widget elementor-widget-text-editor\" data-id=\"60dbcc7\" data-element_type=\"widget\" data-widget_type=\"text-editor.default\">\n\t\t\t\t<div class=\"elementor-widget-container\">\n\t\t\t\t\t\t\t<p><span style=\"font-family: verdana, geneva, sans-serif; color: #000000;\">Implementar uma pol\u00edtica de acessibilidade aos sujeitos com baixa vis\u00e3o e cegos \u00e0 educa\u00e7\u00e3o superior e Associa\u00e7\u00e3o de Cegos de Santa Maria por meio da produ\u00e7\u00e3o de audiotextos oferecendo apoio no uso de recursos tecnol\u00f3gicos, de informa\u00e7\u00e3o e de comunica\u00e7\u00e3o, facilitando assim os materiais de ensino necess\u00e1rios para aprendizagem desses sujeitos.<\/span><\/p>\t\t\t\t\t\t<\/div>\n\t\t\t\t<\/div>\n\t\t\t\t<div class=\"elementor-element elementor-element-b786b80 elementor-widget elementor-widget-heading\" data-id=\"b786b80\" data-element_type=\"widget\" data-widget_type=\"heading.default\">\n\t\t\t\t<div class=\"elementor-widget-container\">\n\t\t\t<h5 class=\"elementor-heading-title elementor-size-default\">Objetivos espec\u00edficos <\/h5>\t\t<\/div>\n\t\t\t\t<\/div>\n\t\t\t\t<div class=\"elementor-element elementor-element-b4c5ba2 elementor-widget elementor-widget-text-editor\" data-id=\"b4c5ba2\" data-element_type=\"widget\" data-widget_type=\"text-editor.default\">\n\t\t\t\t<div class=\"elementor-widget-container\">\n\t\t\t\t\t\t\t<ul style=\"list-style-type: disc;\"><li><p><span style=\"color: #000000; font-family: verdana, geneva, sans-serif;\">Possibilitar a constru\u00e7\u00e3o de uma pol\u00edtica de acesso e perman\u00eancia dos alunos com baixa vis\u00e3o e cegos matriculados na UFSM,<\/span><\/p><\/li><li><p><span style=\"color: #000000; font-family: verdana, geneva, sans-serif;\">Viabilizar adequa\u00e7\u00f5es tecnol\u00f3gicas e pedag\u00f3gicas permitindo o acesso e perman\u00eancia dos sujeitos com baixa vis\u00e3o e cegos no ensino superior,\u00a0<\/span><\/p><\/li><li><p><span style=\"color: #000000; font-family: verdana, geneva, sans-serif;\">Ampliar a possibilidade de acesso, somada \u00e0 tecnologia de informa\u00e7\u00e3o, aos materiais did\u00e1ticos de apoio ao ensino e \u00e0 pesquisa necess\u00e1rios para a forma\u00e7\u00e3o dos sujeitos com baixa vis\u00e3o e cegos no ensino superior,<\/span><\/p><\/li><li><p><span style=\"color: #000000; font-family: verdana, geneva, sans-serif;\">Atender ao p\u00fablico com baixa vis\u00e3o e cegos da comunidade universit\u00e1ria da UFSM e da Associa\u00e7\u00e3o de Cegos e Deficientes Visuais de Santa Maria<\/span><\/p><\/li><li><p><span style=\"color: #000000; font-family: verdana, geneva, sans-serif;\">Criar a rotina da t\u00e9cnica de grava\u00e7\u00e3o de audiotextos, proporcionando \u00e0 Associa\u00e7\u00e3o de Cegos e Deficientes Visuais de Santa Maria e aos acad\u00eamicos com baixa vis\u00e3o, cegos e ouvintes acesso a materiais de qualidade,<\/span><\/p><\/li><li><p><span style=\"color: #000000; font-family: verdana, geneva, sans-serif;\">Produzir audiotextos para a inser\u00e7\u00e3o do sujeito com baixa vis\u00e3o e do cego no mundo da leitura, viabilizando o acesso a cultura, lazer, entretenimento e educa\u00e7\u00e3o,<\/span><\/p><\/li><\/ul>\t\t\t\t\t\t<\/div>\n\t\t\t\t<\/div>\n\t\t\t\t<div class=\"elementor-element elementor-element-4707565 elementor-widget elementor-widget-heading\" data-id=\"4707565\" data-element_type=\"widget\" data-widget_type=\"heading.default\">\n\t\t\t\t<div class=\"elementor-widget-container\">\n\t\t\t<h5 class=\"elementor-heading-title elementor-size-default\">Resumo do projeto <\/h5>\t\t<\/div>\n\t\t\t\t<\/div>\n\t\t\t\t<div class=\"elementor-element elementor-element-773edea elementor-widget elementor-widget-text-editor\" data-id=\"773edea\" data-element_type=\"widget\" data-widget_type=\"text-editor.default\">\n\t\t\t\t<div class=\"elementor-widget-container\">\n\t\t\t\t\t\t\t<p><span style=\"color: #000000; font-family: verdana, geneva, sans-serif;\">Com a proposta de atingir o p\u00fablico de pessoas com defici\u00eancia visual, o projeto de produ\u00e7\u00e3o de audiotextos vem sendo realizado na Universidade Federal de Santa Maria, onde um dos focos \u00e9 proporcionar a inclus\u00e3o e melhoria do atendimento e intera\u00e7\u00e3o escolar e social aos sujeitos com defici\u00eancia visual, cegos da comunidade universit\u00e1ria e sujeitos ligados a Associa\u00e7\u00e3o de Cegos e Deficientes Visuais de Santa Maria (ACDV). A Universidade Federal de Santa Maria-RS, atrav\u00e9s do Projeto \u201cInclus\u00e3o e Acessibilidade: Produ\u00e7\u00e3o de Audiotextos para Educa\u00e7\u00e3o de Cegos de Santa Maria&#8221;, implementa uma pol\u00edtica de acessibilidade aos sujeitos com baixa vis\u00e3o e cegos \u00e0 educa\u00e7\u00e3o por meio da produ\u00e7\u00e3o de audiotextos. Para isso, utilizamos o programa multifuncional para edi\u00e7\u00e3o de arquivos de \u00e1udio \u201cAudacity\u201d obtido junto aos reposit\u00f3rios de softwares livres. O Projeto adv\u00e9m da possibilidade que t\u00eam as pessoas com baixa vis\u00e3o e cegas de receberem as informa\u00e7\u00f5es, a constru\u00e7\u00e3o do conhecimento e aprendizagens atrav\u00e9s da audi\u00e7\u00e3o. Acreditamos que a produ\u00e7\u00e3o de audiotextos para a educa\u00e7\u00e3o inclusiva, traz impactos em rela\u00e7\u00e3o \u00e0s possibilidades de intera\u00e7\u00e3o, comunica\u00e7\u00e3o e constru\u00e7\u00e3o de conhecimentos por parte dos cegos. Justifica-se assim, a relev\u00e2ncia em desenvolver este projeto para sistematizar o acesso aos materiais did\u00e1ticos de apoio ao ensino necess\u00e1rios para a forma\u00e7\u00e3o acad\u00eamica dos sujeitos com baixa vis\u00e3o e cegos no ensino superior.<\/span><\/p>\t\t\t\t\t\t<\/div>\n\t\t\t\t<\/div>\n\t\t\t\t<div class=\"elementor-element elementor-element-e9977c7 elementor-widget elementor-widget-heading\" data-id=\"e9977c7\" data-element_type=\"widget\" data-widget_type=\"heading.default\">\n\t\t\t\t<div class=\"elementor-widget-container\">\n\t\t\t<h5 class=\"elementor-heading-title elementor-size-default\">Atividades desenvolvidas <\/h5>\t\t<\/div>\n\t\t\t\t<\/div>\n\t\t\t\t<div class=\"elementor-element elementor-element-611adaf elementor-widget elementor-widget-text-editor\" data-id=\"611adaf\" data-element_type=\"widget\" data-widget_type=\"text-editor.default\">\n\t\t\t\t<div class=\"elementor-widget-container\">\n\t\t\t\t\t\t\t<ul style=\"list-style-type: disc;\"><li><p><span style=\"font-family: verdana, geneva, sans-serif; color: #000000;\">Possibilitou a constru\u00e7\u00e3o de uma pol\u00edtica de acesso e perman\u00eancia dos alunos com baixa vis\u00e3o e cegos matriculados na UFSM,<\/span><\/p><\/li><li><p><span style=\"font-family: verdana, geneva, sans-serif; color: #000000;\">\u00a0Viabiliza\u00e7\u00e3o e adequa\u00e7\u00f5es tecnol\u00f3gicas e pedag\u00f3gicas permitindo o acesso e perman\u00eancia dos sujeitos com baixa vis\u00e3o e cegos no ensino superior,<\/span><\/p><\/li><li><p><span style=\"font-family: verdana, geneva, sans-serif; color: #000000;\">\u00a0Amplia\u00e7\u00e3o da possibilidade de acesso, somada \u00e0 tecnologia de informa\u00e7\u00e3o, aos materiais did\u00e1ticos de apoio ao ensino e \u00e0 pesquisa necess\u00e1rios para a forma\u00e7\u00e3o dos sujeitos com baixa vis\u00e3o e cegos no ensino superior,<\/span><\/p><\/li><li><p><span style=\"font-family: verdana, geneva, sans-serif; color: #000000;\">\u00a0Atendendimento ao p\u00fablico com baixa vis\u00e3o e cegos da comunidade universit\u00e1ria da UFSM e da Associa\u00e7\u00e3o de Cegos e Deficientes Visuais de Santa Maria<\/span><\/p><\/li><li><p><span style=\"font-family: verdana, geneva, sans-serif; color: #000000;\">\u00a0Criamos uma rotina da t\u00e9cnica de grava\u00e7\u00e3o de audiotextos, proporcionando \u00e0 Associa\u00e7\u00e3o de Cegos e Deficientes Visuais de Santa Maria e aos acad\u00eamicos com baixa vis\u00e3o, cegos e ouvintes acesso a materiais de qualidade,<\/span><\/p><\/li><li><p><span style=\"font-family: verdana, geneva, sans-serif; color: #000000;\">\u00a0Produ\u00e7\u00e3o de audiotextos para a inser\u00e7\u00e3o do sujeito com baixa vis\u00e3o e do cego no mundo da leitura, viabilizando o acesso a cultura, lazer, entretenimento e educa\u00e7\u00e3o.<\/span><\/p><\/li><\/ul>\t\t\t\t\t\t<\/div>\n\t\t\t\t<\/div>\n\t\t\t\t<div class=\"elementor-element elementor-element-8b2447d elementor-widget elementor-widget-heading\" data-id=\"8b2447d\" data-element_type=\"widget\" data-widget_type=\"heading.default\">\n\t\t\t\t<div class=\"elementor-widget-container\">\n\t\t\t<h5 class=\"elementor-heading-title elementor-size-default\">Principais Resultados<\/h5>\t\t<\/div>\n\t\t\t\t<\/div>\n\t\t\t\t<div class=\"elementor-element elementor-element-c95f025 elementor-widget elementor-widget-text-editor\" data-id=\"c95f025\" data-element_type=\"widget\" data-widget_type=\"text-editor.default\">\n\t\t\t\t<div class=\"elementor-widget-container\">\n\t\t\t\t\t\t\t<p>\u00a0<span style=\"font-family: verdana, geneva, sans-serif; color: #000000;\">A educa\u00e7\u00e3o Inclusiva abrange muito mais do que o aluno com necessidades especiais, ela \u00e9 um processo macro, que envolve tamb\u00e9m a fam\u00edlia, a escola, a universidade e toda a sociedade.<\/span><\/p><p><span style=\"font-family: verdana, geneva, sans-serif; color: #000000;\">Desta forma, enfatiza-se que \u00e9 fundamental compreender o outro na sua diferen\u00e7a, pois, entende-se que todo o individuo independente de sua diferen\u00e7a, tem capacidades e limita\u00e7\u00f5es. Al\u00e9m disso, entende-se que a sociedade em sua grande maioria, ainda n\u00e3o est\u00e1 preparada para lidar com as diferen\u00e7as, limita\u00e7\u00f5es e as individualidades.<\/span><\/p><p><span style=\"font-family: verdana, geneva, sans-serif; color: #000000;\">Assim, acreditamos que a produ\u00e7\u00e3o de audiotextos para a educa\u00e7\u00e3o inclusiva traz impactos em rela\u00e7\u00e3o \u00e0s possibilidades de intera\u00e7\u00e3o, comunica\u00e7\u00e3o e constru\u00e7\u00e3o de conhecimentos por parte dos cegos, pois a audi\u00e7\u00e3o como bem se tem conhecimento, \u00e9 ferramenta fundamental no processo de aprendizagem e de vida de quem n\u00e3o tem a capacidade de enxergar.<\/span><\/p><p><span style=\"font-family: verdana, geneva, sans-serif; color: #000000;\">Neste sentido, o projeto buscou proporcionar a inclus\u00e3o e melhoria do atendimento e intera\u00e7\u00e3o escolar e social aos sujeitos com defici\u00eancia visual e cegos da comunidade universit\u00e1ria da UFSM e da Associa\u00e7\u00e3o de Cegos e Deficientes Visuais de Santa Maria\/RS. A fim de oferecer condi\u00e7\u00f5es para que professores, alunos, t\u00e9cnico-administrativos e comunidade, tenham a oportunidade de superar as barreiras em rela\u00e7\u00e3o aos cegos, a cegueira, bem como no que se refere ao processo inclusivo como um todo.<\/span><\/p>\t\t\t\t\t\t<\/div>\n\t\t\t\t<\/div>\n\t\t\t\t\t<\/div>\n\t\t<\/div>\n\t\t\t\t\t<\/div>\n\t\t<\/section>\n\t\t\t\t<\/div>\n\t\t","protected":false},"excerpt":{"rendered":"<p>N\u00famero de registro no SIE:\u00a0039507 Status:em andamento Coordenadora:\u00a0Prof\u00aa\u00a0Elisane Maria Rampelotto (Depto. Educa\u00e7\u00e3o Especial &#8211; EDE)\u00a0 Co-orientadores:\u00a0Prof.\u00a0Josefa Lidia Costa Pereira\u00a0(Depto. Educa\u00e7\u00e3o Especial &#8211; EDE) Participantes Prof. Paulo de Tarso Aukar (Depto. de Administra\u00e7\u00e3o Escolar\u00a0&#8211; ADE); Assistente em Administra\u00e7\u00e3o Everton Weber Bocca (Laborat\u00f3rio de Inform\u00e1tica do CE &#8211; LINCE) Acad\u00eamicos participantes Ledores Volunt\u00e1rios dos Cursos de gradua\u00e7\u00e3o [&hellip;]<\/p>\n","protected":false},"author":115,"featured_media":0,"parent":5870,"menu_order":0,"comment_status":"closed","ping_status":"closed","template":"","meta":{"footnotes":""},"categories":[],"tags":[126],"class_list":["post-372","page","type-page","status-publish","hentry","tag-projeto"],"acf":[],"_links":{"self":[{"href":"https:\/\/www.ufsm.br\/pro-reitorias\/prograd\/caed\/wp-json\/wp\/v2\/pages\/372","targetHints":{"allow":["GET"]}}],"collection":[{"href":"https:\/\/www.ufsm.br\/pro-reitorias\/prograd\/caed\/wp-json\/wp\/v2\/pages"}],"about":[{"href":"https:\/\/www.ufsm.br\/pro-reitorias\/prograd\/caed\/wp-json\/wp\/v2\/types\/page"}],"author":[{"embeddable":true,"href":"https:\/\/www.ufsm.br\/pro-reitorias\/prograd\/caed\/wp-json\/wp\/v2\/users\/115"}],"replies":[{"embeddable":true,"href":"https:\/\/www.ufsm.br\/pro-reitorias\/prograd\/caed\/wp-json\/wp\/v2\/comments?post=372"}],"version-history":[{"count":0,"href":"https:\/\/www.ufsm.br\/pro-reitorias\/prograd\/caed\/wp-json\/wp\/v2\/pages\/372\/revisions"}],"up":[{"embeddable":true,"href":"https:\/\/www.ufsm.br\/pro-reitorias\/prograd\/caed\/wp-json\/wp\/v2\/pages\/5870"}],"wp:attachment":[{"href":"https:\/\/www.ufsm.br\/pro-reitorias\/prograd\/caed\/wp-json\/wp\/v2\/media?parent=372"}],"wp:term":[{"taxonomy":"category","embeddable":true,"href":"https:\/\/www.ufsm.br\/pro-reitorias\/prograd\/caed\/wp-json\/wp\/v2\/categories?post=372"},{"taxonomy":"post_tag","embeddable":true,"href":"https:\/\/www.ufsm.br\/pro-reitorias\/prograd\/caed\/wp-json\/wp\/v2\/tags?post=372"}],"curies":[{"name":"wp","href":"https:\/\/api.w.org\/{rel}","templated":true}]}}