{"id":373,"date":"2018-09-10T11:25:18","date_gmt":"2018-09-10T14:25:18","guid":{"rendered":"https:\/\/www.ufsm.br\/orgaos-executivos\/caed\/?page_id=373"},"modified":"2023-03-02T12:29:48","modified_gmt":"2023-03-02T15:29:48","slug":"o-uso-de-tecnologias-moveis-tablets-no-processo-de-ensino-aprendizagem-com-criancas-e-adolescente-em-tratamento-oncologico","status":"publish","type":"page","link":"https:\/\/www.ufsm.br\/pro-reitorias\/prograd\/caed\/projetos\/o-uso-de-tecnologias-moveis-tablets-no-processo-de-ensino-aprendizagem-com-criancas-e-adolescente-em-tratamento-oncologico","title":{"rendered":"O Uso de Tecnologias M\u00f3veis (Tablets), no Processo de Ensino-Aprendizagem Com Crian\u00e7as e Adolescente em Tratamento Oncol\u00f3gico"},"content":{"rendered":"\t\t<div data-elementor-type=\"wp-post\" data-elementor-id=\"373\" class=\"elementor elementor-373 elementor-bc-flex-widget\">\n\t\t\t\t\t\t<section class=\"elementor-section elementor-top-section elementor-element elementor-element-934e631 elementor-section-boxed elementor-section-height-default elementor-section-height-default\" data-id=\"934e631\" data-element_type=\"section\">\n\t\t\t\t\t\t<div class=\"elementor-container elementor-column-gap-default\">\n\t\t\t\t\t<div class=\"elementor-column elementor-col-100 elementor-top-column elementor-element elementor-element-07d47d4\" data-id=\"07d47d4\" data-element_type=\"column\">\n\t\t\t<div class=\"elementor-widget-wrap elementor-element-populated\">\n\t\t\t\t\t\t<div class=\"elementor-element elementor-element-211714d elementor-widget elementor-widget-text-editor\" data-id=\"211714d\" data-element_type=\"widget\" data-widget_type=\"text-editor.default\">\n\t\t\t\t<div class=\"elementor-widget-container\">\n\t\t\t\t\t\t\t<ul style=\"color: #666666; font-family: Helvetica, Arial, sans-serif; font-size: 12.16px; line-height: 15.808px; list-style-type: disc;\"><li style=\"text-align: justify;\"><span style=\"font-family: verdana, geneva, sans-serif; font-size: 12pt; color: #000000;\"><span style=\"font-weight: bold;\">N\u00famero de registro no SIE:\u00a0<\/span>036324<br \/><\/span><\/li><\/ul><ul style=\"color: #666666; font-family: Helvetica, Arial, sans-serif; font-size: 12.16px; line-height: 15.808px; list-style-type: disc;\"><li style=\"text-align: justify;\"><span style=\"font-family: verdana, geneva, sans-serif; font-size: 12pt; color: #000000;\"><span style=\"font-weight: bold;\">Status:<\/span>\u00a0em andamento<\/span><\/li><\/ul><ul style=\"color: #666666; font-family: Helvetica, Arial, sans-serif; font-size: 12.16px; line-height: 15.808px; list-style-type: disc;\"><li style=\"text-align: justify;\"><span style=\"font-family: verdana, geneva, sans-serif; font-size: 12pt; color: #000000;\"><span style=\"font-weight: bold;\">Coordenadora:\u00a0<\/span>Prof\u00aa.\u00a0Karla Marques da Rocha (Depto de Metodologia de Ensino &#8211; MEN)<\/span><\/li><\/ul><ul style=\"color: #666666; font-family: Helvetica, Arial, sans-serif; font-size: 12.16px; line-height: 15.808px; list-style-type: disc;\"><li style=\"text-align: justify;\"><span style=\"font-family: verdana, geneva, sans-serif; font-size: 12pt; color: #000000;\"><span style=\"font-weight: bold;\">Co-orientadores:<\/span><\/span><\/li><\/ul>\t\t\t\t\t\t<\/div>\n\t\t\t\t<\/div>\n\t\t\t\t<div class=\"elementor-element elementor-element-bf8f6e4 elementor-widget elementor-widget-toggle\" data-id=\"bf8f6e4\" data-element_type=\"widget\" data-widget_type=\"toggle.default\">\n\t\t\t\t<div class=\"elementor-widget-container\">\n\t\t\t\t\t<div class=\"elementor-toggle\">\n\t\t\t\t\t\t\t<div class=\"elementor-toggle-item\">\n\t\t\t\t\t<h5 id=\"elementor-tab-title-2001\" class=\"elementor-tab-title\" data-tab=\"1\" role=\"button\" aria-controls=\"elementor-tab-content-2001\" aria-expanded=\"false\">\n\t\t\t\t\t\t\t\t\t\t\t\t<span class=\"elementor-toggle-icon elementor-toggle-icon-left\" aria-hidden=\"true\">\n\t\t\t\t\t\t\t\t\t\t\t\t\t\t\t<span class=\"elementor-toggle-icon-closed\"><i class=\"fas fa-caret-right\"><\/i><\/span>\n\t\t\t\t\t\t\t\t<span class=\"elementor-toggle-icon-opened\"><i class=\"elementor-toggle-icon-opened fas fa-caret-up\"><\/i><\/span>\n\t\t\t\t\t\t\t\t\t\t\t\t\t<\/span>\n\t\t\t\t\t\t\t\t\t\t\t\t<a class=\"elementor-toggle-title\" tabindex=\"0\">Participantes<\/a>\n\t\t\t\t\t<\/h5>\n\n\t\t\t\t\t<div id=\"elementor-tab-content-2001\" class=\"elementor-tab-content elementor-clearfix\" data-tab=\"1\" role=\"region\" aria-labelledby=\"elementor-tab-title-2001\"><ul style=\"list-style-type: disc;\"><li><span style=\"color: #000000; font-family: verdana, geneva, sans-serif;\">Cl\u00e1udia Fumaco Vitali,<\/span><\/li><li><span style=\"color: #000000; font-family: verdana, geneva, sans-serif;\">Carlos Eduardo Weizenmann,<\/span><\/li><li><span style=\"color: #000000; font-family: verdana, geneva, sans-serif;\">Jaqueline M\u00fcller<\/span><\/li><\/ul><\/div>\n\t\t\t\t<\/div>\n\t\t\t\t\t\t\t\t<\/div>\n\t\t\t\t<\/div>\n\t\t\t\t<\/div>\n\t\t\t\t\t<\/div>\n\t\t<\/div>\n\t\t\t\t\t<\/div>\n\t\t<\/section>\n\t\t\t\t<section class=\"elementor-section elementor-top-section elementor-element elementor-element-b72b379 elementor-section-boxed elementor-section-height-default elementor-section-height-default\" data-id=\"b72b379\" data-element_type=\"section\">\n\t\t\t\t\t\t<div class=\"elementor-container elementor-column-gap-default\">\n\t\t\t\t\t<div class=\"elementor-column elementor-col-100 elementor-top-column elementor-element elementor-element-b54f576\" data-id=\"b54f576\" data-element_type=\"column\">\n\t\t\t<div class=\"elementor-widget-wrap elementor-element-populated\">\n\t\t\t\t\t\t<div class=\"elementor-element elementor-element-70ea34e elementor-widget elementor-widget-heading\" data-id=\"70ea34e\" data-element_type=\"widget\" data-widget_type=\"heading.default\">\n\t\t\t\t<div class=\"elementor-widget-container\">\n\t\t\t<h5 class=\"elementor-heading-title elementor-size-default\">Objetivo Geral <\/h5>\t\t<\/div>\n\t\t\t\t<\/div>\n\t\t\t\t<div class=\"elementor-element elementor-element-822eb49 elementor-widget elementor-widget-text-editor\" data-id=\"822eb49\" data-element_type=\"widget\" data-widget_type=\"text-editor.default\">\n\t\t\t\t<div class=\"elementor-widget-container\">\n\t\t\t\t\t\t\t<p><span style=\"color: #000000; font-family: verdana, geneva, sans-serif;\">Estudar as contribui\u00e7\u00f5es do uso de tecnologias m\u00f3veis, especialmente os tablets, no processo de ensino aprendizagem com crian\u00e7as e adolescente em tratamento oncol\u00f3gico.<\/span><\/p>\t\t\t\t\t\t<\/div>\n\t\t\t\t<\/div>\n\t\t\t\t<div class=\"elementor-element elementor-element-d7e18d9 elementor-widget elementor-widget-heading\" data-id=\"d7e18d9\" data-element_type=\"widget\" data-widget_type=\"heading.default\">\n\t\t\t\t<div class=\"elementor-widget-container\">\n\t\t\t<h5 class=\"elementor-heading-title elementor-size-default\">Resumo do projeto<\/h5>\t\t<\/div>\n\t\t\t\t<\/div>\n\t\t\t\t<div class=\"elementor-element elementor-element-cd33284 elementor-widget elementor-widget-text-editor\" data-id=\"cd33284\" data-element_type=\"widget\" data-widget_type=\"text-editor.default\">\n\t\t\t\t<div class=\"elementor-widget-container\">\n\t\t\t\t\t\t\t<p><span style=\"font-family: verdana, geneva, sans-serif; color: #000000;\">O uso de tecnologias m\u00f3veis \u00e9 cada vez mais presente na nossa vida, tanto para atividades rotineiras como para atividades relacionadas a educa\u00e7\u00e3o. Sob esse enfoque, o projeto tem o objetivo de estudar as contribui\u00e7\u00f5es do uso de tecnologias m\u00f3veis, especialmente os tablets, como recurso que possibilita novas metodol\u00f3gias para proporcionar a alfabetiza\u00e7\u00e3o digital e sensibiliza\u00e7\u00e3o da l\u00edngua espanhola, com crian\u00e7as e adolescente em tratamento oncol\u00f3gico. Dentro dessa perspectiva, ser\u00e3o desenvolvidas oficinas, com inser\u00e7\u00e3o e inicia\u00e7\u00e3o \u00e0s tecnologias, alfabetiza\u00e7\u00e3o digital e sensibiliza\u00e7\u00e3o da l\u00edngua espanhola. Constituir-se-\u00e1 um Ambiente de Ensino aprendizagem, para auxiliar a intera\u00e7\u00e3o e colabora\u00e7\u00e3o entre o grupo. O produto final, portanto, ser\u00e1 um reposit\u00f3rio com materiais did\u00e1ticos para que as crian\u00e7as e adolescentes, externos ao grupo focal, possam utilizar os recurso trabalhados. Um livro digital tamb\u00e9m ser\u00e1 organizado, visando dar \u201cvida\u201d a vida que est\u00e1 sob condi\u00e7\u00f5es especiais.<\/span><\/p>\t\t\t\t\t\t<\/div>\n\t\t\t\t<\/div>\n\t\t\t\t<div class=\"elementor-element elementor-element-6ad5600 elementor-widget elementor-widget-heading\" data-id=\"6ad5600\" data-element_type=\"widget\" data-widget_type=\"heading.default\">\n\t\t\t\t<div class=\"elementor-widget-container\">\n\t\t\t<h5 class=\"elementor-heading-title elementor-size-default\">Atividades desenvolvidas<\/h5>\t\t<\/div>\n\t\t\t\t<\/div>\n\t\t\t\t<div class=\"elementor-element elementor-element-1c4a591 elementor-widget elementor-widget-text-editor\" data-id=\"1c4a591\" data-element_type=\"widget\" data-widget_type=\"text-editor.default\">\n\t\t\t\t<div class=\"elementor-widget-container\">\n\t\t\t\t\t\t\t<p><span style=\"font-family: verdana, geneva, sans-serif; color: #000000;\">Oficinas pedag\u00f3gicas, entrevistas, elabora\u00e7\u00e3o de uma revista digital, elabora\u00e7\u00e3o de um reposit\u00f3rio virtual, blog pedag\u00f3gico.<\/span><\/p>\t\t\t\t\t\t<\/div>\n\t\t\t\t<\/div>\n\t\t\t\t<div class=\"elementor-element elementor-element-c280a2c elementor-widget elementor-widget-heading\" data-id=\"c280a2c\" data-element_type=\"widget\" data-widget_type=\"heading.default\">\n\t\t\t\t<div class=\"elementor-widget-container\">\n\t\t\t<h5 class=\"elementor-heading-title elementor-size-default\">Principais Resultados<\/h5>\t\t<\/div>\n\t\t\t\t<\/div>\n\t\t\t\t<div class=\"elementor-element elementor-element-3bd4d63 elementor-widget elementor-widget-text-editor\" data-id=\"3bd4d63\" data-element_type=\"widget\" data-widget_type=\"text-editor.default\">\n\t\t\t\t<div class=\"elementor-widget-container\">\n\t\t\t\t\t\t\t<p><span style=\"font-family: verdana, geneva, sans-serif; color: #000000;\">Levar os tablets para um ambiente hospitalar, com crian\u00e7as que est\u00e3o em tratamento oncol\u00f3gico \u00e9 uma maneira de analisar em que medida os dispositivos m\u00f3veis contribuem para o processo educacional, bem como se a mobilidade pode auxiliar e aproximar essas crian\u00e7as \u00e0s atividades pr\u00f3prias da etapa de desenvolvimento que se encontram e que muitas vezes foram \u201cafastadas\u201d. O Tablet, como pode-se perceber, auxilia as metodologias de ensino-aprendizagem, tornando-se um artefato tecnol\u00f3gico de grande import\u00e2ncia, pois est\u00e1 inovando a maneira como essas crian\u00e7as acessam \u00e0s informa\u00e7\u00f5es.<\/span><\/p>\t\t\t\t\t\t<\/div>\n\t\t\t\t<\/div>\n\t\t\t\t\t<\/div>\n\t\t<\/div>\n\t\t\t\t\t<\/div>\n\t\t<\/section>\n\t\t\t\t<\/div>\n\t\t","protected":false},"excerpt":{"rendered":"<p>N\u00famero de registro no SIE:\u00a0036324 Status:\u00a0em andamento Coordenadora:\u00a0Prof\u00aa.\u00a0Karla Marques da Rocha (Depto de Metodologia de Ensino &#8211; MEN) Co-orientadores: Participantes Cl\u00e1udia Fumaco Vitali, Carlos Eduardo Weizenmann, Jaqueline M\u00fcller Objetivo Geral Estudar as contribui\u00e7\u00f5es do uso de tecnologias m\u00f3veis, especialmente os tablets, no processo de ensino aprendizagem com crian\u00e7as e adolescente em tratamento oncol\u00f3gico. Resumo do [&hellip;]<\/p>\n","protected":false},"author":115,"featured_media":0,"parent":5870,"menu_order":0,"comment_status":"closed","ping_status":"closed","template":"","meta":{"footnotes":""},"categories":[],"tags":[126],"class_list":["post-373","page","type-page","status-publish","hentry","tag-projeto"],"acf":[],"_links":{"self":[{"href":"https:\/\/www.ufsm.br\/pro-reitorias\/prograd\/caed\/wp-json\/wp\/v2\/pages\/373","targetHints":{"allow":["GET"]}}],"collection":[{"href":"https:\/\/www.ufsm.br\/pro-reitorias\/prograd\/caed\/wp-json\/wp\/v2\/pages"}],"about":[{"href":"https:\/\/www.ufsm.br\/pro-reitorias\/prograd\/caed\/wp-json\/wp\/v2\/types\/page"}],"author":[{"embeddable":true,"href":"https:\/\/www.ufsm.br\/pro-reitorias\/prograd\/caed\/wp-json\/wp\/v2\/users\/115"}],"replies":[{"embeddable":true,"href":"https:\/\/www.ufsm.br\/pro-reitorias\/prograd\/caed\/wp-json\/wp\/v2\/comments?post=373"}],"version-history":[{"count":0,"href":"https:\/\/www.ufsm.br\/pro-reitorias\/prograd\/caed\/wp-json\/wp\/v2\/pages\/373\/revisions"}],"up":[{"embeddable":true,"href":"https:\/\/www.ufsm.br\/pro-reitorias\/prograd\/caed\/wp-json\/wp\/v2\/pages\/5870"}],"wp:attachment":[{"href":"https:\/\/www.ufsm.br\/pro-reitorias\/prograd\/caed\/wp-json\/wp\/v2\/media?parent=373"}],"wp:term":[{"taxonomy":"category","embeddable":true,"href":"https:\/\/www.ufsm.br\/pro-reitorias\/prograd\/caed\/wp-json\/wp\/v2\/categories?post=373"},{"taxonomy":"post_tag","embeddable":true,"href":"https:\/\/www.ufsm.br\/pro-reitorias\/prograd\/caed\/wp-json\/wp\/v2\/tags?post=373"}],"curies":[{"name":"wp","href":"https:\/\/api.w.org\/{rel}","templated":true}]}}