{"id":398,"date":"2018-10-05T11:01:54","date_gmt":"2018-10-05T14:01:54","guid":{"rendered":"https:\/\/www.ufsm.br\/orgaos-executivos\/caed\/?page_id=398"},"modified":"2023-03-02T12:27:14","modified_gmt":"2023-03-02T15:27:14","slug":"links-uteis","status":"publish","type":"page","link":"https:\/\/www.ufsm.br\/pro-reitorias\/prograd\/caed\/links-uteis","title":{"rendered":"Links \u00dateis"},"content":{"rendered":"\t\t<div data-elementor-type=\"wp-post\" data-elementor-id=\"398\" class=\"elementor elementor-398\">\n\t\t\t\t\t\t<section class=\"elementor-section elementor-top-section elementor-element elementor-element-832539f elementor-section-boxed elementor-section-height-default elementor-section-height-default\" data-id=\"832539f\" data-element_type=\"section\">\n\t\t\t\t\t\t<div class=\"elementor-container elementor-column-gap-default\">\n\t\t\t\t\t<div class=\"elementor-column elementor-col-50 elementor-top-column elementor-element elementor-element-1b382e3\" data-id=\"1b382e3\" data-element_type=\"column\">\n\t\t\t<div class=\"elementor-widget-wrap elementor-element-populated\">\n\t\t\t\t\t\t<div class=\"elementor-element elementor-element-3dfb2a1 elementor-widget elementor-widget-heading\" data-id=\"3dfb2a1\" data-element_type=\"widget\" data-widget_type=\"heading.default\">\n\t\t\t\t<div class=\"elementor-widget-container\">\n\t\t\t<h5 class=\"elementor-heading-title elementor-size-default\">Acessibilidade<\/h5>\t\t<\/div>\n\t\t\t\t<\/div>\n\t\t\t\t<div class=\"elementor-element elementor-element-394c473 elementor-widget elementor-widget-text-editor\" data-id=\"394c473\" data-element_type=\"widget\" data-widget_type=\"text-editor.default\">\n\t\t\t\t<div class=\"elementor-widget-container\">\n\t\t\t\t\t\t\t<p><a href=\"http:\/\/www.acessobrasil.org.br\/\">Acessibilidade Brasil<\/a><\/p>\n<p><a href=\"http:\/\/www.audioteca.com.br\/\">Audioteca Sal e Luz<\/a><\/p><p><a href=\"https:\/\/www.ufsm.br\/orgaos-executivos\/caed\/2020\/03\/30\/auditorios-da-ufsm-com-ad\/\">Audit\u00f3rios da UFSM com AD<\/a><br><\/p>\n<p><a href=\"https:\/\/www.ufsm.br\/orgaos-executivos\/caed\/wp-content\/uploads\/sites\/391\/2018\/10\/1309442549Cartilha_Dicas_de_Convivencia_PCD_Faders_e_AL_RS.pdf\">Dicas de conviv\u00eancia com pessoas com defici\u00eancia<\/a><\/p>\n<p><a href=\"http:\/\/www.acessobrasil.org.br\/libras\/\">Dicion\u00e1rio da L\u00edngua Brasileira de Sinais<\/a><\/p>\n<p><a href=\"https:\/\/www.ufsm.br\/orgaos-executivos\/caed\/wp-content\/uploads\/sites\/391\/2018\/10\/Dicionario_Libras_CAS_FADERS1.pdf\">Dicion\u00e1rio Ga\u00facho de Libras<\/a><\/p>\n<p><a href=\"https:\/\/www.ufsm.br\/\">Site UFSM<\/a><\/p>\n<p><a href=\"http:\/\/www.blogdaaudiodescricao.com.br\/\">Blog da Audiodescri\u00e7\u00e3o<\/a><\/p>\n<p><a href=\"http:\/\/scala.ufrgs.br\/\">Projeto Scala<\/a><\/p>\n<p><a href=\"http:\/\/www.juntadeandalucia.es\/educacion\/portals\/web\/ced\">Manual de at\u00e9ncion al alumnado con necesidades espec\u00edficas de apoyo educativo derivadas de discapacidad visual y sordoceguera&nbsp;<\/a><\/p>\t\t\t\t\t\t<\/div>\n\t\t\t\t<\/div>\n\t\t\t\t\t<\/div>\n\t\t<\/div>\n\t\t\t\t<div class=\"elementor-column elementor-col-50 elementor-top-column elementor-element elementor-element-79e207f\" data-id=\"79e207f\" data-element_type=\"column\">\n\t\t\t<div class=\"elementor-widget-wrap elementor-element-populated\">\n\t\t\t\t\t\t<div class=\"elementor-element elementor-element-572161c elementor-widget elementor-widget-heading\" data-id=\"572161c\" data-element_type=\"widget\" data-widget_type=\"heading.default\">\n\t\t\t\t<div class=\"elementor-widget-container\">\n\t\t\t<h5 class=\"elementor-heading-title elementor-size-default\">A\u00e7\u00f5es Afirmativas<\/h5>\t\t<\/div>\n\t\t\t\t<\/div>\n\t\t\t\t<div class=\"elementor-element elementor-element-71161a9 elementor-widget elementor-widget-text-editor\" data-id=\"71161a9\" data-element_type=\"widget\" data-widget_type=\"text-editor.default\">\n\t\t\t\t<div class=\"elementor-widget-container\">\n\t\t\t\t\t\t\t<p><a href=\"http:\/\/www.funai.gov.br\/\">FUNAI<\/a><\/p>\t\t\t\t\t\t<\/div>\n\t\t\t\t<\/div>\n\t\t\t\t<div class=\"elementor-element elementor-element-432ca19 elementor-widget elementor-widget-heading\" data-id=\"432ca19\" data-element_type=\"widget\" data-widget_type=\"heading.default\">\n\t\t\t\t<div class=\"elementor-widget-container\">\n\t\t\t<h5 class=\"elementor-heading-title elementor-size-default\">Dicas de Leitura<\/h5>\t\t<\/div>\n\t\t\t\t<\/div>\n\t\t\t\t<div class=\"elementor-element elementor-element-d05cdc7 elementor-widget elementor-widget-text-editor\" data-id=\"d05cdc7\" data-element_type=\"widget\" data-widget_type=\"text-editor.default\">\n\t\t\t\t<div class=\"elementor-widget-container\">\n\t\t\t\t\t\t\t<p><a href=\"https:\/\/www.ufsm.br\/orgaos-executivos\/caed\/wp-content\/uploads\/sites\/391\/2018\/07\/artigo-pista-multiuso.pdf\" target=\"_blank\" rel=\"noopener\">\u00a0Pista Multiuso do Campus da UFSM: M\u00e9todos de an\u00e1lise de uso e percep\u00e7\u00e3o do espa\u00e7o.<\/a><\/p><p><a href=\"https:\/\/www.ufsm.br\/orgaos-executivos\/caed\/wp-content\/uploads\/sites\/391\/2018\/07\/Normativa-grfica-1.pdf\" target=\"_blank\" rel=\"noopener\">Normatiza\u00e7\u00e3o e Atua\u00e7\u00e3o do Tradutor\/Int\u00e9rprete de Libras (TILS) na UFSM<\/a><\/p>\t\t\t\t\t\t<\/div>\n\t\t\t\t<\/div>\n\t\t\t\t<div class=\"elementor-element elementor-element-9beac80 elementor-widget elementor-widget-heading\" data-id=\"9beac80\" data-element_type=\"widget\" data-widget_type=\"heading.default\">\n\t\t\t\t<div class=\"elementor-widget-container\">\n\t\t\t<h5 class=\"elementor-heading-title elementor-size-default\">Apoio \u00e0 Aprendizagem<\/h5>\t\t<\/div>\n\t\t\t\t<\/div>\n\t\t\t\t<div class=\"elementor-element elementor-element-c6ada91 elementor-widget elementor-widget-text-editor\" data-id=\"c6ada91\" data-element_type=\"widget\" data-widget_type=\"text-editor.default\">\n\t\t\t\t<div class=\"elementor-widget-container\">\n\t\t\t\t\t\t\t<p><a href=\"https:\/\/www.ufsm.br\/pro-reitorias\/prae\/\">PRAE \u2013 Pr\u00f3-Reitoria de Assuntos Estudantis<\/a><\/p><p><a href=\"https:\/\/www.ufsm.br\/pro-reitorias\/prograd\/\">PROGRAD \u2013 Pr\u00f3-Reitoria de Gradua\u00e7\u00e3o<\/a><\/p><p><a href=\"http:\/\/www.youtube.com\/matemathiago1\">&#8220;MateMATHiago&#8221; &#8211; Canal de v\u00eddeo-aulas de Matem\u00e1tica &#8211; Professor Tiago Filipe da Silva (DMAT\/UFES)<\/a><\/p>\t\t\t\t\t\t<\/div>\n\t\t\t\t<\/div>\n\t\t\t\t\t<\/div>\n\t\t<\/div>\n\t\t\t\t\t<\/div>\n\t\t<\/section>\n\t\t\t\t<\/div>\n\t\t","protected":false},"excerpt":{"rendered":"<p>Acessibilidade Acessibilidade Brasil Audioteca Sal e Luz Audit\u00f3rios da UFSM com AD Dicas de conviv\u00eancia com pessoas com defici\u00eancia Dicion\u00e1rio da L\u00edngua Brasileira de Sinais Dicion\u00e1rio Ga\u00facho de Libras Site UFSM Blog da Audiodescri\u00e7\u00e3o Projeto Scala Manual de at\u00e9ncion al alumnado con necesidades espec\u00edficas de apoyo educativo derivadas de discapacidad visual y sordoceguera&nbsp; A\u00e7\u00f5es Afirmativas [&hellip;]<\/p>\n","protected":false},"author":115,"featured_media":0,"parent":0,"menu_order":0,"comment_status":"closed","ping_status":"closed","template":"","meta":{"footnotes":""},"categories":[],"tags":[122],"class_list":["post-398","page","type-page","status-publish","hentry","tag-caed"],"acf":[],"_links":{"self":[{"href":"https:\/\/www.ufsm.br\/pro-reitorias\/prograd\/caed\/wp-json\/wp\/v2\/pages\/398","targetHints":{"allow":["GET"]}}],"collection":[{"href":"https:\/\/www.ufsm.br\/pro-reitorias\/prograd\/caed\/wp-json\/wp\/v2\/pages"}],"about":[{"href":"https:\/\/www.ufsm.br\/pro-reitorias\/prograd\/caed\/wp-json\/wp\/v2\/types\/page"}],"author":[{"embeddable":true,"href":"https:\/\/www.ufsm.br\/pro-reitorias\/prograd\/caed\/wp-json\/wp\/v2\/users\/115"}],"replies":[{"embeddable":true,"href":"https:\/\/www.ufsm.br\/pro-reitorias\/prograd\/caed\/wp-json\/wp\/v2\/comments?post=398"}],"version-history":[{"count":0,"href":"https:\/\/www.ufsm.br\/pro-reitorias\/prograd\/caed\/wp-json\/wp\/v2\/pages\/398\/revisions"}],"wp:attachment":[{"href":"https:\/\/www.ufsm.br\/pro-reitorias\/prograd\/caed\/wp-json\/wp\/v2\/media?parent=398"}],"wp:term":[{"taxonomy":"category","embeddable":true,"href":"https:\/\/www.ufsm.br\/pro-reitorias\/prograd\/caed\/wp-json\/wp\/v2\/categories?post=398"},{"taxonomy":"post_tag","embeddable":true,"href":"https:\/\/www.ufsm.br\/pro-reitorias\/prograd\/caed\/wp-json\/wp\/v2\/tags?post=398"}],"curies":[{"name":"wp","href":"https:\/\/api.w.org\/{rel}","templated":true}]}}